{"id":1067,"date":"2016-08-18T10:55:12","date_gmt":"2016-08-18T16:55:12","guid":{"rendered":"http:\/\/www.soulmexico.com\/marata\/de\/?page_id=1067"},"modified":"2016-08-31T00:10:24","modified_gmt":"2016-08-31T06:10:24","slug":"home","status":"publish","type":"page","link":"https:\/\/marataonline.com\/de\/","title":{"rendered":"Startseite"},"content":{"rendered":"<div class=\"wpb-content-wrapper\"><p>[vc_row type=&#8220;full-width-content&#8220; css=&#8220;.vc_custom_1470324061345{margin-top: 0px !important;margin-bottom: 0px !important;border-top-width: 0px !important;border-bottom-width: 0px !important;padding-top: 2px !important;padding-bottom: 2px !important;background-color: #ffda8a !important;}&#8220;][vc_column][\/vc_column][\/vc_row][vc_row type=&#8220;full-width-content&#8220; css=&#8220;.vc_custom_1470587752507{margin-top: 0px !important;margin-bottom: 0px !important;border-top-width: 0px !important;border-bottom-width: 0px !important;}&#8220;][vc_column width=&#8220;1\/4&#8243; css=&#8220;.vc_custom_1470501332294{margin-top: 0px !important;margin-right: 5px !important;margin-bottom: 5px !important;margin-left: 5px !important;border-top-width: 0px !important;background-image: url(https:\/\/www.marataonline.com\/wp-content\/uploads\/2016\/08\/FWChilis.jpg?id=353) !important;background-position: center !important;background-repeat: no-repeat !important;background-size: cover !important;}&#8220;][vc_custom_heading text=&#8220;CHILI&#8220; font_container=&#8220;tag:h3|text_align:center|color:%23ffffff&#8220; google_fonts=&#8220;font_family:Signika%3A300%2Cregular%2C600%2C700|font_style:300%20light%20regular%3A300%3Anormal&#8220; link=&#8220;url:http%3A%2F%2Fwww.marataonline.com%2Fde%2Fchilies%2F|||&#8220; css=&#8220;.vc_custom_1470673407183{margin-right: 0px !important;margin-left: 0px !important;border-right-width: 0px !important;border-left-width: 0px !important;background-color: rgba(10,10,10,0.4) !important;*background-color: rgb(10,10,10) !important;border-radius: 4px !important;}&#8220; el_class=&#8220;titulito&#8220;][\/vc_column][vc_column width=&#8220;1\/4&#8243; css=&#8220;.vc_custom_1470501346424{margin-top: 0px !important;margin-right: 5px !important;margin-bottom: 5px !important;margin-left: 5px !important;border-top-width: 0px !important;background-image: url(https:\/\/www.marataonline.com\/wp-content\/uploads\/2016\/08\/FWSaltNPepper.jpg?id=356) !important;background-position: center !important;background-repeat: no-repeat !important;background-size: cover !important;}&#8220;][vc_custom_heading text=&#8220;MEERSALZ\u00a0UND PFEFFER&#8220; font_container=&#8220;tag:h3|text_align:center|color:%23ffffff&#8220; google_fonts=&#8220;font_family:Signika%3A300%2Cregular%2C600%2C700|font_style:300%20light%20regular%3A300%3Anormal&#8220; link=&#8220;url:http%3A%2F%2Fwww.marataonline.com%2Fde%2Fsaltandpepper%2F|||&#8220; css=&#8220;.vc_custom_1470684987724{margin-right: 0px !important;margin-left: 0px !important;border-right-width: 0px !important;border-left-width: 0px !important;background-color: rgba(10,10,10,0.4) !important;*background-color: rgb(10,10,10) !important;border-radius: 4px !important;}&#8220; el_class=&#8220;titulito&#8220;][\/vc_column][vc_column width=&#8220;1\/4&#8243; css=&#8220;.vc_custom_1470501359438{margin-top: 0px !important;margin-right: 5px !important;margin-bottom: 5px !important;margin-left: 5px !important;border-top-width: 0px !important;background-image: url(https:\/\/www.marataonline.com\/wp-content\/uploads\/2016\/08\/FWOregano.jpg?id=354) !important;background-position: center !important;background-repeat: no-repeat !important;background-size: cover !important;}&#8220;][vc_custom_heading text=&#8220;OREGANO&#8220; font_container=&#8220;tag:h3|text_align:center|color:%23ffffff&#8220; google_fonts=&#8220;font_family:Signika%3A300%2Cregular%2C600%2C700|font_style:300%20light%20regular%3A300%3Anormal&#8220; link=&#8220;url:http%3A%2F%2Fwww.marataonline.com%2Fde%2Foregano%2F|||&#8220; css=&#8220;.vc_custom_1470673494521{margin-right: 0px !important;margin-left: 0px !important;border-right-width: 0px !important;border-left-width: 0px !important;background-color: rgba(10,10,10,0.4) !important;*background-color: rgb(10,10,10) !important;border-radius: 4px !important;}&#8220; el_class=&#8220;titulito&#8220;][\/vc_column][vc_column width=&#8220;1\/4&#8243; css=&#8220;.vc_custom_1470501212708{margin-top: 0px !important;margin-right: 5px !important;margin-bottom: 5px !important;margin-left: 5px !important;border-top-width: 0px !important;background-image: url(https:\/\/www.marataonline.com\/wp-content\/uploads\/2016\/08\/FWVegetables.jpg?id=341) !important;background-position: center !important;background-repeat: no-repeat !important;background-size: cover !important;}&#8220;][vc_custom_heading text=&#8220;GEM\u00dcSE&#8220; font_container=&#8220;tag:h3|text_align:center|color:%23ffffff&#8220; google_fonts=&#8220;font_family:Signika%3A300%2Cregular%2C600%2C700|font_style:300%20light%20regular%3A300%3Anormal&#8220; link=&#8220;url:http%3A%2F%2Fwww.marataonline.com%2Fde%2Fvegetables%2F|||&#8220; css=&#8220;.vc_custom_1470673506947{margin-right: 0px !important;margin-left: 0px !important;border-right-width: 0px !important;border-left-width: 0px !important;background-color: rgba(10,10,10,0.4) !important;*background-color: rgb(10,10,10) !important;border-radius: 4px !important;}&#8220; el_class=&#8220;titulito&#8220;][\/vc_column][\/vc_row][vc_row type=&#8220;full-width-content&#8220; css=&#8220;.vc_custom_1470501708810{margin-top: 0px !important;margin-bottom: 0px !important;border-top-width: 0px !important;border-bottom-width: 0px !important;}&#8220;][vc_column width=&#8220;1\/4&#8243; css=&#8220;.vc_custom_1470501873144{margin-top: 5px !important;margin-right: 5px !important;margin-bottom: 0px !important;margin-left: 5px !important;border-bottom-width: 0px !important;background-image: url(https:\/\/www.marataonline.com\/wp-content\/uploads\/2016\/08\/FWSpices.jpg?id=358) !important;background-position: center !important;background-repeat: no-repeat !important;background-size: cover !important;}&#8220;][vc_custom_heading text=&#8220;GEW\u00dcRZE&#8220; font_container=&#8220;tag:h3|text_align:center|color:%23ffffff&#8220; google_fonts=&#8220;font_family:Signika%3A300%2Cregular%2C600%2C700|font_style:300%20light%20regular%3A300%3Anormal&#8220; link=&#8220;url:http%3A%2F%2Fwww.marataonline.com%2Fde%2Fspices%2F|||&#8220; css=&#8220;.vc_custom_1470673514574{margin-right: 0px !important;margin-left: 0px !important;border-right-width: 0px !important;border-left-width: 0px !important;background-color: rgba(10,10,10,0.4) !important;*background-color: rgb(10,10,10) !important;border-radius: 4px !important;}&#8220; el_class=&#8220;titulito&#8220;][\/vc_column][vc_column width=&#8220;1\/4&#8243; css=&#8220;.vc_custom_1470501915698{margin-top: 5px !important;margin-right: 5px !important;margin-bottom: 0px !important;margin-left: 5px !important;border-bottom-width: 0px !important;background-image: url(https:\/\/www.marataonline.com\/wp-content\/uploads\/2016\/08\/FWBlends.jpg?id=352) !important;background-position: center !important;background-repeat: no-repeat !important;background-size: cover !important;}&#8220;][vc_custom_heading text=&#8220;MISCHUNGEN&#8220; font_container=&#8220;tag:h3|text_align:center|color:%23ffffff&#8220; google_fonts=&#8220;font_family:Signika%3A300%2Cregular%2C600%2C700|font_style:300%20light%20regular%3A300%3Anormal&#8220; link=&#8220;url:http%3A%2F%2Fwww.marataonline.com%2Fde%2Fblends%2F|||&#8220; css=&#8220;.vc_custom_1470673524077{margin-right: 0px !important;margin-left: 0px !important;border-right-width: 0px !important;border-left-width: 0px !important;background-color: rgba(10,10,10,0.4) !important;*background-color: rgb(10,10,10) !important;border-radius: 4px !important;}&#8220; el_class=&#8220;titulito&#8220;][\/vc_column][vc_column width=&#8220;1\/4&#8243; css=&#8220;.vc_custom_1470501968518{margin-top: 5px !important;margin-right: 5px !important;margin-bottom: 0px !important;margin-left: 5px !important;border-bottom-width: 0px !important;background-image: url(https:\/\/www.marataonline.com\/wp-content\/uploads\/2016\/08\/FWPecans.jpg?id=355) !important;background-position: center !important;background-repeat: no-repeat !important;background-size: cover !important;}&#8220;][vc_custom_heading text=&#8220;PEKANN\u00dcSSE&#8220; font_container=&#8220;tag:h3|text_align:center|color:%23ffffff&#8220; google_fonts=&#8220;font_family:Signika%3A300%2Cregular%2C600%2C700|font_style:300%20light%20regular%3A300%3Anormal&#8220; link=&#8220;url:http%3A%2F%2Fwww.marataonline.com%2Fde%2Fpecans%2F|||&#8220; css=&#8220;.vc_custom_1470673530378{margin-right: 0px !important;margin-left: 0px !important;border-right-width: 0px !important;border-left-width: 0px !important;background-color: rgba(10,10,10,0.4) !important;*background-color: rgb(10,10,10) !important;border-radius: 4px !important;}&#8220; el_class=&#8220;titulito&#8220;][\/vc_column][vc_column width=&#8220;1\/4&#8243; css=&#8220;.vc_custom_1470501997100{margin-top: 5px !important;margin-right: 5px !important;margin-bottom: 0px !important;margin-left: 5px !important;border-bottom-width: 0px !important;background-image: url(https:\/\/www.marataonline.com\/wp-content\/uploads\/2016\/08\/FWSpecial.jpg?id=357) !important;background-position: center !important;background-repeat: no-repeat !important;background-size: cover !important;}&#8220;][vc_custom_heading text=&#8220;SPEZIELLE PROJEKTE&#8220; font_container=&#8220;tag:h3|text_align:center|color:%23ffffff&#8220; google_fonts=&#8220;font_family:Signika%3A300%2Cregular%2C600%2C700|font_style:300%20light%20regular%3A300%3Anormal&#8220; link=&#8220;url:http%3A%2F%2Fwww.marataonline.com%2Fde%2Fspecialprojects%2F|||&#8220; css=&#8220;.vc_custom_1470673538404{margin-right: 0px !important;margin-left: 0px !important;border-right-width: 0px !important;border-left-width: 0px !important;background-color: rgba(10,10,10,0.4) !important;*background-color: rgb(10,10,10) !important;border-radius: 4px !important;}&#8220; el_class=&#8220;titulito&#8220;][\/vc_column][\/vc_row][vc_row type=&#8220;full-width-content&#8220; css=&#8220;.vc_custom_1470674974447{margin-top: 0px !important;margin-bottom: 0px !important;border-top-width: 0px !important;border-bottom-width: 0px !important;padding-top: 2px !important;padding-bottom: 2px !important;background-color: #ffda8a !important;}&#8220;][vc_column css=&#8220;.vc_custom_1470674841045{margin-bottom: 0px !important;border-bottom-width: 0px !important;}&#8220;][\/vc_column][\/vc_row][vc_row type=&#8220;full-width-content&#8220; css=&#8220;.vc_custom_1470674776734{margin-top: 0px !important;margin-bottom: 0px !important;border-top-width: 0px !important;border-bottom-width: 0px !important;padding-top: 0px !important;}&#8220;][vc_column css=&#8220;.vc_custom_1470674674097{margin-top: 0px !important;border-top-width: 0px !important;padding-top: 0px !important;}&#8220;][rev_slider_vc alias=&#8220;HomeDE&#8220;][\/vc_column][\/vc_row][vc_row type=&#8220;full-width-section&#8220; css=&#8220;.vc_custom_1470587951473{margin-top: 0px !important;margin-bottom: 0px !important;border-top-width: 0px !important;border-bottom-width: 0px !important;padding-top: 40px !important;padding-bottom: 40px !important;background-color: #efefef !important;}&#8220;][vc_column][vc_custom_heading text=&#8220;Zufriedenheit Ist Garantiert&#8220; font_container=&#8220;tag:h2|text_align:center|color:%23414141&#8243; use_theme_fonts=&#8220;yes&#8220; css=&#8220;.vc_custom_1472598921448{margin-bottom: 0px !important;border-bottom-width: 0px !important;}&#8220;][vc_column_text]<\/p>\n<p style=\"text-align: center;\"><span style=\"color: #414141;\">Alle Marata Produkte werden mit einer Kontinuit\u00e4tsgew\u00e4hrleistung, einem Analysenzertifikat und Sanitisierungszertifikat geliefert. Wir bieten Festpreise auf Ganzjahresbasis f\u00fcr geschlossene Vertr\u00e4ge und Auftragsbest\u00e4nde f\u00fcr die meisten der verarbeiteten Produkte.<\/span><\/p>\n<p>[\/vc_column_text][button size=&#8220;medium_rd_bt&#8220; t_color=&#8220;#ffffff&#8220; b_color=&#8220;#34a9c6&#8243; t_hover_color=&#8220;#414141&#8243; b_hover_color=&#8220;#ffda8a&#8220; radius=&#8220;3&#8243; font_weight=&#8220;500&#8243; url=&#8220;https:\/\/www.marataonline.com\/de\/about\/&#8220; position=&#8220;ta_center&#8220;]\u00dcber uns[\/button][\/vc_column][\/vc_row][vc_row type=&#8220;full-width-section&#8220; css=&#8220;.vc_custom_1470587998873{margin-top: 0px !important;margin-bottom: 0px !important;border-top-width: 0px !important;border-bottom-width: 0px !important;padding-top: 60px !important;padding-bottom: 60px !important;background-image: url(https:\/\/www.marataonline.com\/wp-content\/uploads\/2016\/08\/spices_chili_peppers_2560x1600fw-1.jpg?id=288) !important;}&#8220;][vc_column css=&#8220;.vc_custom_1470253957865{margin-right: 0px !important;border-right-width: 0px !important;}&#8220;][vc_custom_heading text=&#8220;Qualit\u00e4tsprodukte direkt zu ihnen&#8220; font_container=&#8220;tag:h2|text_align:center|color:%23ffffff&#8220; use_theme_fonts=&#8220;yes&#8220; css=&#8220;.vc_custom_1472598998016{margin-bottom: 0px !important;border-bottom-width: 0px !important;}&#8220;][vc_custom_heading text=&#8220;Wir haben viele Jahren von Erfahrungen und Hunderte von zufriedenen Kunden weltweit. &#8220; font_container=&#8220;tag:h4|text_align:center|color:%23ffffff&#8220; use_theme_fonts=&#8220;yes&#8220; css=&#8220;.vc_custom_1472599052328{margin-top: 0px !important;border-top-width: 0px !important;}&#8220;][vc_column_text]<\/p>\n<p style=\"text-align: center;\"><span style=\"color: #ffffff;\">Qualit\u00e4t ist die Grundlage f\u00fcr alles, was wir machen. Wir beginnen damit, dass wir hochwertige Inhaltsstoffe ausw\u00e4hlen, mit unseren Partnern und ihren Rohstofflagern eng zusammenarbeiten. Verwaltete finanzielle und \u00f6kologische Kosten garantieren frische und qualitativ hochwertige Produkte:<\/span><\/p>\n<p style=\"text-align: center;\"><span style=\"color: #ffffff;\">Angefangen mit der Anpflanzung kontrolliert unser Qualit\u00e4tskontrollteam alle Landwirtschaftsverfahren sorgf\u00e4ltig: Anwendungsger\u00e4te f\u00fcr Pestizide, Unkrautbek\u00e4mpfung, D\u00fcngemittel und Mechanisierung der Kulturarbeiten einschlie\u00dflich, um den strengen Qualit\u00e4tsanforderungen zu entsprechen.<\/span><\/p>\n<p>[\/vc_column_text][button size=&#8220;medium_rd_bt&#8220; t_color=&#8220;#ffffff&#8220; b_color=&#8220;#34a9c6&#8243; t_hover_color=&#8220;#414141&#8243; b_hover_color=&#8220;#ffda8a&#8220; radius=&#8220;3&#8243; font_weight=&#8220;500&#8243; url=&#8220;https:\/\/www.marataonline.com\/de\/products&#8220; position=&#8220;ta_center&#8220;]Produkte[\/button][\/vc_column][\/vc_row][vc_row type=&#8220;full-width-section&#8220; css=&#8220;.vc_custom_1470269844463{margin-top: 0px !important;margin-bottom: 0px !important;border-top-width: 0px !important;border-bottom-width: 0px !important;padding-top: 0px !important;padding-bottom: 0px !important;}&#8220;][vc_column css=&#8220;.vc_custom_1470588082865{margin-top: 0px !important;border-top-width: 0px !important;padding-top: 0px !important;}&#8220;][vc_custom_heading text=&#8220;Alle Unsere Produkte Sind Zertifizeirt Und\/Oder Genehmigt&#8220; font_container=&#8220;tag:h2|text_align:center|color:%23414141&#8243; use_theme_fonts=&#8220;yes&#8220; css=&#8220;.vc_custom_1472599104140{margin-bottom: 0px !important;border-bottom-width: 0px !important;padding-top: 25px !important;}&#8220;][vc_row_inner css=&#8220;.vc_custom_1470497000925{margin-bottom: 0px !important;border-bottom-width: 0px !important;padding-top: 15px !important;padding-bottom: 10px !important;}&#8220;][vc_column_inner width=&#8220;1\/12&#8243;][vc_empty_space height=&#8220;1px&#8220;][\/vc_column_inner][vc_column_inner width=&#8220;2\/12&#8243;][vc_single_image image=&#8220;293&#8243; img_size=&#8220;80&#215;80&#8243; alignment=&#8220;center&#8220;][\/vc_column_inner][vc_column_inner width=&#8220;2\/12&#8243;][vc_single_image image=&#8220;294&#8243; img_size=&#8220;80&#215;80&#8243; alignment=&#8220;center&#8220;][\/vc_column_inner][vc_column_inner width=&#8220;2\/12&#8243;][vc_single_image image=&#8220;338&#8243; img_size=&#8220;80&#215;80&#8243; alignment=&#8220;center&#8220;][\/vc_column_inner][vc_column_inner width=&#8220;2\/12&#8243;][vc_single_image image=&#8220;292&#8243; img_size=&#8220;80&#215;80&#8243; alignment=&#8220;center&#8220;][\/vc_column_inner][vc_column_inner width=&#8220;2\/12&#8243;][vc_single_image image=&#8220;291&#8243; img_size=&#8220;80&#215;80&#8243; alignment=&#8220;center&#8220;][\/vc_column_inner][vc_column_inner width=&#8220;1\/12&#8243;][vc_empty_space height=&#8220;1px&#8220;][\/vc_column_inner][\/vc_row_inner][\/vc_column][\/vc_row][vc_row][vc_column][vc_column_text]<\/p>\n<p>[\/vc_column_text][\/vc_column][\/vc_row]<\/p>\n<\/div>","protected":false},"excerpt":{"rendered":"<p>[vc_row type=&#8220;full-width-content&#8220; css=&#8220;.vc_custom_1470324061345{margin-top: 0px !important;margin-bottom: 0px !important;border-top-width: 0px !important;border-bottom-width: 0px !important;padding-top: 2px !important;padding-bottom: 2px !important;background-color: #ffda8a !important;}&#8220;][vc_column][\/vc_column][\/vc_row][vc_row type=&#8220;full-width-content&#8220; css=&#8220;.vc_custom_1470587752507{margin-top: 0px !important;margin-bottom: 0px !important;border-top-width: 0px !important;border-bottom-width: 0px !important;}&#8220;][vc_column width=&#8220;1\/4&#8243; css=&#8220;.vc_custom_1470501332294{margin-top: 0px !important;margin-right: 5px !important;margin-bottom: 5px !important;margin-left: 5px !important;border-top-width: 0px !important;background-image: url(https:\/\/www.marataonline.com\/wp-content\/uploads\/2016\/08\/FWChilis.jpg?id=353) !important;background-position: center !important;background-repeat: no-repeat !important;background-size: cover !important;}&#8220;][vc_custom_heading text=&#8220;CHILI&#8220; font_container=&#8220;tag:h3|text_align:center|color:%23ffffff&#8220; google_fonts=&#8220;font_family:Signika%3A300%2Cregular%2C600%2C700|font_style:300%20light%20regular%3A300%3Anormal&#8220; link=&#8220;url:http%3A%2F%2Fwww.marataonline.com%2Fde%2Fchilies%2F|||&#8220; css=&#8220;.vc_custom_1470673407183{margin-right: 0px !important;margin-left: 0px&hellip; <a class=\"more-link\" href=\"https:\/\/marataonline.com\/de\/\">Continue reading <span class=\"screen-reader-text\">Startseite<\/span><\/a><\/p>\n","protected":false},"author":1,"featured_media":0,"parent":0,"menu_order":0,"comment_status":"closed","ping_status":"closed","template":"","meta":{"footnotes":""},"class_list":["post-1067","page","type-page","status-publish","hentry","entry"],"aioseo_notices":[],"_links":{"self":[{"href":"https:\/\/marataonline.com\/de\/wp-json\/wp\/v2\/pages\/1067","targetHints":{"allow":["GET"]}}],"collection":[{"href":"https:\/\/marataonline.com\/de\/wp-json\/wp\/v2\/pages"}],"about":[{"href":"https:\/\/marataonline.com\/de\/wp-json\/wp\/v2\/types\/page"}],"author":[{"embeddable":true,"href":"https:\/\/marataonline.com\/de\/wp-json\/wp\/v2\/users\/1"}],"replies":[{"embeddable":true,"href":"https:\/\/marataonline.com\/de\/wp-json\/wp\/v2\/comments?post=1067"}],"version-history":[{"count":0,"href":"https:\/\/marataonline.com\/de\/wp-json\/wp\/v2\/pages\/1067\/revisions"}],"wp:attachment":[{"href":"https:\/\/marataonline.com\/de\/wp-json\/wp\/v2\/media?parent=1067"}],"curies":[{"name":"wp","href":"https:\/\/api.w.org\/{rel}","templated":true}]}}