{"id":1619,"date":"2016-08-30T17:33:52","date_gmt":"2016-08-30T23:33:52","guid":{"rendered":"https:\/\/marataonline.com\/de\/?page_id=1619"},"modified":"2016-08-31T00:11:43","modified_gmt":"2016-08-31T06:11:43","slug":"chilies","status":"publish","type":"page","link":"https:\/\/marataonline.com\/de\/products\/chilies\/","title":{"rendered":"Chili"},"content":{"rendered":"<div class=\"wpb-content-wrapper\"><p>[vc_row type=&#8220;full-width-content&#8220; css=&#8220;.vc_custom_1470677687954{margin-top: 0px !important;margin-bottom: 0px !important;border-top-width: 0px !important;border-bottom-width: 0px !important;padding-top: 25px !important;padding-bottom: 25px !important;background-image: url(https:\/\/www.marataonline.com\/wp-content\/uploads\/2016\/08\/FW-Peppers.jpg) !important;background-position: center !important;background-repeat: no-repeat !important;background-size: cover !important;}&#8220;][vc_column css=&#8220;.vc_custom_1470677250820{margin-top: 0px !important;margin-bottom: 0px !important;border-top-width: 0px !important;border-bottom-width: 0px !important;padding-top: 0px !important;padding-bottom: 0px !important;}&#8220;][vc_custom_heading text=&#8220;Trockene Chili \/ Paprika-Specialtys&#8220; font_container=&#8220;tag:h1|text_align:center|color:%23ffffff&#8220; google_fonts=&#8220;font_family:Signika%3A300%2Cregular%2C600%2C700|font_style:300%20light%20regular%3A300%3Anormal&#8220; css=&#8220;.vc_custom_1472600224213{margin-right: 0px !important;margin-bottom: 10px !important;margin-left: 0px !important;border-right-width: 0px !important;border-bottom-width: 10px !important;border-left-width: 0px !important;padding-top: 15px !important;padding-bottom: 15px !important;background-color: rgba(10,10,10,0.5) !important;*background-color: rgb(10,10,10) !important;}&#8220;][button size=&#8220;medium_rd_bt&#8220; icon_color=&#8220;#ffffff&#8220; t_color=&#8220;#ffffff&#8220; b_color=&#8220;#414141&#8243; t_hover_color=&#8220;#414141&#8243; b_hover_color=&#8220;#ffffff&#8220; radius=&#8220;5&#8243; font_weight=&#8220;300&#8243; url=&#8220;https:\/\/www.marataonline.com\/de\/chili-flavor-profile\/&#8220; position=&#8220;ta_center&#8220; ml=&#8220;&#8220; mr=&#8220;&#8220;]CHILI-AROMA-PROFIL[\/button][\/vc_column][\/vc_row][vc_row type=&#8220;full-width-section&#8220; css=&#8220;.vc_custom_1470678888025{margin-top: 0px !important;margin-bottom: 0px !important;border-top-width: 0px !important;border-bottom-width: 0px !important;padding-top: 25px !important;padding-bottom: 25px !important;background-color: #efefef !important;}&#8220;][vc_column][vc_column_text css=&#8220;.vc_custom_1472606825044{margin-top: 0px !important;border-top-width: 0px !important;}&#8220;]<\/p>\n<p style=\"text-align: center;\"><span style=\"color: #666666;\">Marata Spezialit\u00e4ten, LCC bietet eine gro\u00dfe Vielfalt von Chili Produkten in verschiedenen Aufmachungen an: ganze, stengellose, einzelne W\u00fcrfel, auch Granulate und Pulver. Unter vielen anderen bieten wir dabei auch solche Produkte wie chipotle, habanero, guajillo, serrano, arbol, mulato, ancho, pasilla, anaheim, und jalapeno. <\/span><\/p>\n<p style=\"text-align: center;\"><span style=\"color: #666666;\">Bitte nutzen Sie unsere Angaben und MSDS Datei um mehr zu einem einzelnen Produkt zu erfahren. <\/span><\/p>\n<p style=\"text-align: center;\"><span style=\"color: #666666;\">Alle Marata Produkte werden mit einer Kontinuit\u00e4tsgew\u00e4hrleistung, einem Analysenzertifikat und Sanitisierungszertifikat geliefert. Wir bieten Festpreise auf Ganzjahresbasis f\u00fcr geschlossene Vertr\u00e4ge und Auftragsbest\u00e4nde f\u00fcr die meisten der verarbeiteten Produkte.<\/span><\/p>\n<p>[\/vc_column_text][\/vc_column][\/vc_row][vc_row type=&#8220;full-width-section&#8220; css=&#8220;.vc_custom_1471584510920{margin-top: 0px !important;margin-bottom: 0px !important;border-top-width: 0px !important;border-bottom-width: 0px !important;padding-top: 20px !important;padding-bottom: 20px !important;background-color: #666666 !important;}&#8220;][vc_column][vc_column_text css=&#8220;.vc_custom_1472601572822{margin-top: 0px !important;border-top-width: 0px !important;}&#8220;]<\/p>\n<h3 style=\"text-align: center;\"><span style=\"color: #ffffff;\"><strong>Unsere Chipotle Paprikas<\/strong><\/span><\/h3>\n<p style=\"text-align: center;\"><span style=\"color: #ffffff;\"><strong>Unseres einzigartige zum Patent angemeldeten Verfahren garantiert die Einhaltung von neuen EU-Regularien f\u00fcr Anthrachinon.<\/strong><\/span><\/p>\n<p>[\/vc_column_text][\/vc_column][\/vc_row][vc_row css=&#8220;.vc_custom_1470679151820{margin-top: 0px !important;margin-bottom: 0px !important;border-top-width: 0px !important;border-bottom-width: 0px !important;padding-top: 25px !important;padding-bottom: 10px !important;}&#8220;][vc_column][vc_custom_heading text=&#8220;Chili&#8220; font_container=&#8220;tag:h1|text_align:center|color:%23414141&#8243; google_fonts=&#8220;font_family:Signika%3A300%2Cregular%2C600%2C700|font_style:300%20light%20regular%3A300%3Anormal&#8220; css=&#8220;.vc_custom_1472600428771{margin-right: 0px !important;margin-bottom: 10px !important;margin-left: 0px !important;border-right-width: 0px !important;border-bottom-width: 10px !important;border-left-width: 0px !important;padding-top: 15px !important;padding-bottom: 15px !important;}&#8220;][\/vc_column][\/vc_row][vc_row css=&#8220;.vc_custom_1470679501339{margin-top: 0px !important;border-top-width: 0px !important;padding-top: 5px !important;}&#8220;][vc_column width=&#8220;1\/6&#8243;][vc_single_image image=&#8220;445&#8243; img_size=&#8220;150&#215;150&#8243; alignment=&#8220;center&#8220; css=&#8220;.vc_custom_1470681108506{margin-bottom: 0px !important;border-bottom-width: 0px !important;}&#8220;][vc_custom_heading text=&#8220;Chipotle Mora&#8220; font_container=&#8220;tag:h4|text_align:center|color:%23414141&#8243; use_theme_fonts=&#8220;yes&#8220; css=&#8220;.vc_custom_1470679613061{margin-top: 0px !important;margin-bottom: 5px !important;border-top-width: 0px !important;border-bottom-width: 0px !important;padding-top: 0px !important;}&#8220;][button icon_color=&#8220;#ffffff&#8220; t_color=&#8220;#ffffff&#8220; b_color=&#8220;#666666&#8243; t_hover_color=&#8220;#414141&#8243; b_hover_color=&#8220;#ffda8a&#8220; radius=&#8220;5&#8243; font_weight=&#8220;300&#8243; url=&#8220;https:\/\/www.marataonline.com\/de\/chilies\/chipotle-mora\/&#8220; position=&#8220;ta_center&#8220;]Einzelheiten[\/button][\/vc_column][vc_column width=&#8220;1\/6&#8243;][vc_single_image image=&#8220;446&#8243; img_size=&#8220;150&#215;150&#8243; alignment=&#8220;center&#8220; css=&#8220;.vc_custom_1470681115547{margin-bottom: 0px !important;border-bottom-width: 0px !important;}&#8220;][vc_custom_heading text=&#8220;Poblano&#8220; font_container=&#8220;tag:h4|text_align:center|color:%23414141&#8243; use_theme_fonts=&#8220;yes&#8220; css=&#8220;.vc_custom_1470679565572{margin-top: 0px !important;margin-bottom: 5px !important;border-top-width: 0px !important;border-bottom-width: 0px !important;padding-top: 0px !important;}&#8220;][button icon_color=&#8220;#ffffff&#8220; t_color=&#8220;#ffffff&#8220; b_color=&#8220;#666666&#8243; t_hover_color=&#8220;#414141&#8243; b_hover_color=&#8220;#ffda8a&#8220; radius=&#8220;5&#8243; font_weight=&#8220;300&#8243; url=&#8220;https:\/\/www.marataonline.com\/de\/chilies\/poblano\/&#8220; position=&#8220;ta_center&#8220;]Einzelheiten[\/button][\/vc_column][vc_column width=&#8220;1\/6&#8243;][vc_single_image image=&#8220;447&#8243; img_size=&#8220;150&#215;150&#8243; alignment=&#8220;center&#8220; css=&#8220;.vc_custom_1470681121721{margin-bottom: 0px !important;border-bottom-width: 0px !important;}&#8220;][vc_custom_heading text=&#8220;Pasilla&#8220; font_container=&#8220;tag:h4|text_align:center|color:%23414141&#8243; use_theme_fonts=&#8220;yes&#8220; css=&#8220;.vc_custom_1470679576117{margin-top: 0px !important;margin-bottom: 5px !important;border-top-width: 0px !important;border-bottom-width: 0px !important;padding-top: 0px !important;}&#8220;][button icon_color=&#8220;#ffffff&#8220; t_color=&#8220;#ffffff&#8220; b_color=&#8220;#666666&#8243; t_hover_color=&#8220;#414141&#8243; b_hover_color=&#8220;#ffda8a&#8220; radius=&#8220;5&#8243; font_weight=&#8220;300&#8243; url=&#8220;https:\/\/www.marataonline.com\/de\/chilies\/pasilla\/&#8220; position=&#8220;ta_center&#8220;]Einzelheiten[\/button][\/vc_column][vc_column width=&#8220;1\/6&#8243;][vc_single_image image=&#8220;448&#8243; img_size=&#8220;150&#215;150&#8243; alignment=&#8220;center&#8220; css=&#8220;.vc_custom_1470681127717{margin-bottom: 0px !important;border-bottom-width: 0px !important;}&#8220;][vc_custom_heading text=&#8220;Mulato&#8220; font_container=&#8220;tag:h4|text_align:center|color:%23414141&#8243; use_theme_fonts=&#8220;yes&#8220; css=&#8220;.vc_custom_1470679583292{margin-top: 0px !important;margin-bottom: 5px !important;border-top-width: 0px !important;border-bottom-width: 0px !important;padding-top: 0px !important;}&#8220;][button icon_color=&#8220;#ffffff&#8220; t_color=&#8220;#ffffff&#8220; b_color=&#8220;#666666&#8243; t_hover_color=&#8220;#414141&#8243; b_hover_color=&#8220;#ffda8a&#8220; radius=&#8220;5&#8243; font_weight=&#8220;300&#8243; url=&#8220;https:\/\/www.marataonline.com\/de\/chilies\/mulato\/&#8220; position=&#8220;ta_center&#8220;]Einzelheiten[\/button][\/vc_column][vc_column width=&#8220;1\/6&#8243;][vc_single_image image=&#8220;449&#8243; img_size=&#8220;150&#215;150&#8243; alignment=&#8220;center&#8220; css=&#8220;.vc_custom_1470681133751{margin-bottom: 0px !important;border-bottom-width: 0px !important;}&#8220;][vc_custom_heading text=&#8220;Chipotle Morita&#8220; font_container=&#8220;tag:h4|text_align:center|color:%23414141&#8243; use_theme_fonts=&#8220;yes&#8220; css=&#8220;.vc_custom_1470679594003{margin-top: 0px !important;margin-bottom: 5px !important;border-top-width: 0px !important;border-bottom-width: 0px !important;padding-top: 0px !important;}&#8220;][button icon_color=&#8220;#ffffff&#8220; t_color=&#8220;#ffffff&#8220; b_color=&#8220;#666666&#8243; t_hover_color=&#8220;#414141&#8243; b_hover_color=&#8220;#ffda8a&#8220; radius=&#8220;5&#8243; font_weight=&#8220;300&#8243; url=&#8220;https:\/\/www.marataonline.com\/de\/chilies\/chipotle-morita\/&#8220; position=&#8220;ta_center&#8220;]Einzelheiten[\/button][\/vc_column][vc_column width=&#8220;1\/6&#8243;][vc_single_image image=&#8220;450&#8243; img_size=&#8220;150&#215;150&#8243; alignment=&#8220;center&#8220; css=&#8220;.vc_custom_1470681140209{margin-bottom: 0px !important;border-bottom-width: 0px !important;}&#8220;][vc_custom_heading text=&#8220;Jalapeno&#8220; font_container=&#8220;tag:h4|text_align:center|color:%23414141&#8243; use_theme_fonts=&#8220;yes&#8220; css=&#8220;.vc_custom_1470679607932{margin-top: 0px !important;margin-bottom: 5px !important;border-top-width: 0px !important;border-bottom-width: 0px !important;padding-top: 0px !important;}&#8220;][button icon_color=&#8220;#ffffff&#8220; t_color=&#8220;#ffffff&#8220; b_color=&#8220;#666666&#8243; t_hover_color=&#8220;#414141&#8243; b_hover_color=&#8220;#ffda8a&#8220; radius=&#8220;5&#8243; font_weight=&#8220;300&#8243; url=&#8220;https:\/\/www.marataonline.com\/de\/chilies\/jalapeno\/&#8220; position=&#8220;ta_center&#8220;]Einzelheiten[\/button][\/vc_column][\/vc_row][vc_row css=&#8220;.vc_custom_1470680186498{margin-top: 0px !important;border-top-width: 0px !important;padding-top: 25px !important;}&#8220;][vc_column width=&#8220;1\/6&#8243;][vc_single_image image=&#8220;465&#8243; img_size=&#8220;150&#215;150&#8243; alignment=&#8220;center&#8220; css=&#8220;.vc_custom_1470681148636{margin-bottom: 0px !important;border-bottom-width: 0px !important;}&#8220;][vc_custom_heading text=&#8220;Paprika&#8220; font_container=&#8220;tag:h4|text_align:center|color:%23414141&#8243; use_theme_fonts=&#8220;yes&#8220; css=&#8220;.vc_custom_1470680103801{margin-top: 0px !important;margin-bottom: 5px !important;border-top-width: 0px !important;border-bottom-width: 0px !important;padding-top: 0px !important;}&#8220;][button icon_color=&#8220;#ffffff&#8220; t_color=&#8220;#ffffff&#8220; b_color=&#8220;#666666&#8243; t_hover_color=&#8220;#414141&#8243; b_hover_color=&#8220;#ffda8a&#8220; radius=&#8220;5&#8243; font_weight=&#8220;300&#8243; url=&#8220;https:\/\/www.marataonline.com\/de\/chilies\/paprika&#8220; position=&#8220;ta_center&#8220;]Einzelheiten[\/button][\/vc_column][vc_column width=&#8220;1\/6&#8243;][vc_single_image image=&#8220;466&#8243; img_size=&#8220;150&#215;150&#8243; alignment=&#8220;center&#8220; css=&#8220;.vc_custom_1470681158188{margin-bottom: 0px !important;border-bottom-width: 0px !important;}&#8220;][vc_custom_heading text=&#8220;Anaheim&#8220; font_container=&#8220;tag:h4|text_align:center|color:%23414141&#8243; use_theme_fonts=&#8220;yes&#8220; css=&#8220;.vc_custom_1470680109896{margin-top: 0px !important;margin-bottom: 5px !important;border-top-width: 0px !important;border-bottom-width: 0px !important;padding-top: 0px !important;}&#8220;][button icon_color=&#8220;#ffffff&#8220; t_color=&#8220;#ffffff&#8220; b_color=&#8220;#666666&#8243; t_hover_color=&#8220;#414141&#8243; b_hover_color=&#8220;#ffda8a&#8220; radius=&#8220;5&#8243; font_weight=&#8220;300&#8243; url=&#8220;https:\/\/www.marataonline.com\/de\/chilies\/anaheim&#8220; position=&#8220;ta_center&#8220;]Einzelheiten[\/button][\/vc_column][vc_column width=&#8220;1\/6&#8243;][vc_single_image image=&#8220;467&#8243; img_size=&#8220;150&#215;150&#8243; alignment=&#8220;center&#8220; css=&#8220;.vc_custom_1470681167008{margin-bottom: 0px !important;border-bottom-width: 0px !important;}&#8220;][vc_custom_heading text=&#8220;Ancho&#8220; font_container=&#8220;tag:h4|text_align:center|color:%23414141&#8243; use_theme_fonts=&#8220;yes&#8220; css=&#8220;.vc_custom_1470680117937{margin-top: 0px !important;margin-bottom: 5px !important;border-top-width: 0px !important;border-bottom-width: 0px !important;padding-top: 0px !important;}&#8220;][button icon_color=&#8220;#ffffff&#8220; t_color=&#8220;#ffffff&#8220; b_color=&#8220;#666666&#8243; t_hover_color=&#8220;#414141&#8243; b_hover_color=&#8220;#ffda8a&#8220; radius=&#8220;5&#8243; font_weight=&#8220;300&#8243; url=&#8220;https:\/\/www.marataonline.com\/de\/chilies\/ancho&#8220; position=&#8220;ta_center&#8220;]Einzelheiten[\/button][\/vc_column][vc_column width=&#8220;1\/6&#8243;][vc_single_image image=&#8220;468&#8243; img_size=&#8220;150&#215;150&#8243; alignment=&#8220;center&#8220; css=&#8220;.vc_custom_1470681173844{margin-bottom: 0px !important;border-bottom-width: 0px !important;}&#8220;][vc_custom_heading text=&#8220;Arbol&#8220; font_container=&#8220;tag:h4|text_align:center|color:%23414141&#8243; use_theme_fonts=&#8220;yes&#8220; css=&#8220;.vc_custom_1470680123983{margin-top: 0px !important;margin-bottom: 5px !important;border-top-width: 0px !important;border-bottom-width: 0px !important;padding-top: 0px !important;}&#8220;][button icon_color=&#8220;#ffffff&#8220; t_color=&#8220;#ffffff&#8220; b_color=&#8220;#666666&#8243; t_hover_color=&#8220;#414141&#8243; b_hover_color=&#8220;#ffda8a&#8220; radius=&#8220;5&#8243; font_weight=&#8220;300&#8243; url=&#8220;https:\/\/www.marataonline.com\/de\/chilies\/arbol&#8220; position=&#8220;ta_center&#8220;]Einzelheiten[\/button][\/vc_column][vc_column width=&#8220;1\/6&#8243;][vc_single_image image=&#8220;469&#8243; img_size=&#8220;150&#215;150&#8243; alignment=&#8220;center&#8220; css=&#8220;.vc_custom_1470681180976{margin-bottom: 0px !important;border-bottom-width: 0px !important;}&#8220;][vc_custom_heading text=&#8220;Guajillo&#8220; font_container=&#8220;tag:h4|text_align:center|color:%23414141&#8243; use_theme_fonts=&#8220;yes&#8220; css=&#8220;.vc_custom_1470680130671{margin-top: 0px !important;margin-bottom: 5px !important;border-top-width: 0px !important;border-bottom-width: 0px !important;padding-top: 0px !important;}&#8220;][button icon_color=&#8220;#ffffff&#8220; t_color=&#8220;#ffffff&#8220; b_color=&#8220;#666666&#8243; t_hover_color=&#8220;#414141&#8243; b_hover_color=&#8220;#ffda8a&#8220; radius=&#8220;5&#8243; font_weight=&#8220;300&#8243; url=&#8220;https:\/\/www.marataonline.com\/de\/chilies\/guajillo&#8220; position=&#8220;ta_center&#8220;]Einzelheiten[\/button][\/vc_column][vc_column width=&#8220;1\/6&#8243;][vc_single_image image=&#8220;470&#8243; img_size=&#8220;150&#215;150&#8243; alignment=&#8220;center&#8220; css=&#8220;.vc_custom_1470681186526{margin-bottom: 0px !important;border-bottom-width: 0px !important;}&#8220;][vc_custom_heading text=&#8220;Habanero&#8220; font_container=&#8220;tag:h4|text_align:center|color:%23414141&#8243; use_theme_fonts=&#8220;yes&#8220; css=&#8220;.vc_custom_1470680136635{margin-top: 0px !important;margin-bottom: 5px !important;border-top-width: 0px !important;border-bottom-width: 0px !important;padding-top: 0px !important;}&#8220;][button icon_color=&#8220;#ffffff&#8220; t_color=&#8220;#ffffff&#8220; b_color=&#8220;#666666&#8243; t_hover_color=&#8220;#414141&#8243; b_hover_color=&#8220;#ffda8a&#8220; radius=&#8220;5&#8243; font_weight=&#8220;300&#8243; url=&#8220;https:\/\/www.marataonline.com\/de\/chilies\/habanero&#8220; position=&#8220;ta_center&#8220;]Einzelheiten[\/button][\/vc_column][\/vc_row][vc_row css=&#8220;.vc_custom_1470680186498{margin-top: 0px !important;border-top-width: 0px !important;padding-top: 25px !important;}&#8220;][vc_column width=&#8220;1\/6&#8243;][vc_single_image image=&#8220;473&#8243; img_size=&#8220;150&#215;150&#8243; alignment=&#8220;center&#8220; css=&#8220;.vc_custom_1470681195109{margin-bottom: 0px !important;border-bottom-width: 0px !important;}&#8220;][vc_custom_heading text=&#8220;Cayenne&#8220; font_container=&#8220;tag:h4|text_align:center|color:%23414141&#8243; use_theme_fonts=&#8220;yes&#8220; css=&#8220;.vc_custom_1470680824397{margin-top: 0px !important;margin-bottom: 5px !important;border-top-width: 0px !important;border-bottom-width: 0px !important;padding-top: 0px !important;}&#8220;][button icon_color=&#8220;#ffffff&#8220; t_color=&#8220;#ffffff&#8220; b_color=&#8220;#666666&#8243; t_hover_color=&#8220;#414141&#8243; b_hover_color=&#8220;#ffda8a&#8220; radius=&#8220;5&#8243; font_weight=&#8220;300&#8243; url=&#8220;https:\/\/www.marataonline.com\/de\/chilies\/cayenne&#8220; position=&#8220;ta_center&#8220;]Einzelheiten[\/button][\/vc_column][vc_column width=&#8220;1\/6&#8243;][vc_single_image image=&#8220;474&#8243; img_size=&#8220;150&#215;150&#8243; alignment=&#8220;center&#8220; css=&#8220;.vc_custom_1470681204385{margin-bottom: 0px !important;border-bottom-width: 0px !important;}&#8220;][vc_custom_heading text=&#8220;Puya&#8220; font_container=&#8220;tag:h4|text_align:center|color:%23414141&#8243; use_theme_fonts=&#8220;yes&#8220; css=&#8220;.vc_custom_1470680831588{margin-top: 0px !important;margin-bottom: 5px !important;border-top-width: 0px !important;border-bottom-width: 0px !important;padding-top: 0px !important;}&#8220;][button icon_color=&#8220;#ffffff&#8220; t_color=&#8220;#ffffff&#8220; b_color=&#8220;#666666&#8243; t_hover_color=&#8220;#414141&#8243; b_hover_color=&#8220;#ffda8a&#8220; radius=&#8220;5&#8243; font_weight=&#8220;300&#8243; url=&#8220;https:\/\/www.marataonline.com\/de\/chilies\/puya&#8220; position=&#8220;ta_center&#8220;]Einzelheiten[\/button][\/vc_column][vc_column width=&#8220;1\/6&#8243;][vc_single_image image=&#8220;475&#8243; img_size=&#8220;150&#215;150&#8243; alignment=&#8220;center&#8220; css=&#8220;.vc_custom_1470681220871{margin-bottom: 0px !important;border-bottom-width: 0px !important;}&#8220;][vc_custom_heading text=&#8220;Birds Eye&#8220; font_container=&#8220;tag:h4|text_align:center|color:%23414141&#8243; use_theme_fonts=&#8220;yes&#8220; css=&#8220;.vc_custom_1470680838527{margin-top: 0px !important;margin-bottom: 5px !important;border-top-width: 0px !important;border-bottom-width: 0px !important;padding-top: 0px !important;}&#8220;][button icon_color=&#8220;#ffffff&#8220; t_color=&#8220;#ffffff&#8220; b_color=&#8220;#666666&#8243; t_hover_color=&#8220;#414141&#8243; b_hover_color=&#8220;#ffda8a&#8220; radius=&#8220;5&#8243; font_weight=&#8220;300&#8243; url=&#8220;https:\/\/www.marataonline.com\/de\/chilies\/birds-eye&#8220; position=&#8220;ta_center&#8220;]Einzelheiten[\/button][\/vc_column][vc_column width=&#8220;1\/6&#8243;][vc_single_image image=&#8220;476&#8243; img_size=&#8220;150&#215;150&#8243; alignment=&#8220;center&#8220; css=&#8220;.vc_custom_1470681226473{margin-bottom: 0px !important;border-bottom-width: 0px !important;}&#8220;][vc_custom_heading text=&#8220;Naga Jolokia&#8220; font_container=&#8220;tag:h4|text_align:center|color:%23414141&#8243; use_theme_fonts=&#8220;yes&#8220; css=&#8220;.vc_custom_1470680849993{margin-top: 0px !important;margin-bottom: 5px !important;border-top-width: 0px !important;border-bottom-width: 0px !important;padding-top: 0px !important;}&#8220;][button icon_color=&#8220;#ffffff&#8220; t_color=&#8220;#ffffff&#8220; b_color=&#8220;#666666&#8243; t_hover_color=&#8220;#414141&#8243; b_hover_color=&#8220;#ffda8a&#8220; radius=&#8220;5&#8243; font_weight=&#8220;300&#8243; url=&#8220;https:\/\/www.marataonline.com\/de\/chilies\/naga-jolokia&#8220; position=&#8220;ta_center&#8220;]Einzelheiten[\/button][\/vc_column][vc_column width=&#8220;1\/6&#8243;][vc_single_image image=&#8220;477&#8243; img_size=&#8220;150&#215;150&#8243; alignment=&#8220;center&#8220; css=&#8220;.vc_custom_1470681232451{margin-bottom: 0px !important;border-bottom-width: 0px !important;}&#8220;][vc_custom_heading text=&#8220;Tabasco&#8220; font_container=&#8220;tag:h4|text_align:center|color:%23414141&#8243; use_theme_fonts=&#8220;yes&#8220; css=&#8220;.vc_custom_1470680858107{margin-top: 0px !important;margin-bottom: 5px !important;border-top-width: 0px !important;border-bottom-width: 0px !important;padding-top: 0px !important;}&#8220;][button icon_color=&#8220;#ffffff&#8220; t_color=&#8220;#ffffff&#8220; b_color=&#8220;#666666&#8243; t_hover_color=&#8220;#414141&#8243; b_hover_color=&#8220;#ffda8a&#8220; radius=&#8220;5&#8243; font_weight=&#8220;300&#8243; url=&#8220;https:\/\/www.marataonline.com\/de\/chilies\/tabasco&#8220; position=&#8220;ta_center&#8220;]Einzelheiten[\/button][\/vc_column][vc_column width=&#8220;1\/6&#8243;][vc_single_image image=&#8220;478&#8243; img_size=&#8220;150&#215;150&#8243; alignment=&#8220;center&#8220; css=&#8220;.vc_custom_1470681238510{margin-bottom: 0px !important;border-bottom-width: 0px !important;}&#8220;][vc_custom_heading text=&#8220;Cascabel&#8220; font_container=&#8220;tag:h4|text_align:center|color:%23414141&#8243; use_theme_fonts=&#8220;yes&#8220; css=&#8220;.vc_custom_1470680864439{margin-top: 0px !important;margin-bottom: 5px !important;border-top-width: 0px !important;border-bottom-width: 0px !important;padding-top: 0px !important;}&#8220;][button icon_color=&#8220;#ffffff&#8220; t_color=&#8220;#ffffff&#8220; b_color=&#8220;#666666&#8243; t_hover_color=&#8220;#414141&#8243; b_hover_color=&#8220;#ffda8a&#8220; radius=&#8220;5&#8243; font_weight=&#8220;300&#8243; url=&#8220;https:\/\/www.marataonline.com\/de\/chilies\/cascabel&#8220; position=&#8220;ta_center&#8220;]Einzelheiten[\/button][\/vc_column][\/vc_row][vc_row][vc_column][vc_column_text]<\/p>\n<p>[\/vc_column_text][\/vc_column][\/vc_row]<\/p>\n<\/div>","protected":false},"excerpt":{"rendered":"<p>[vc_row type=&#8220;full-width-content&#8220; css=&#8220;.vc_custom_1470677687954{margin-top: 0px !important;margin-bottom: 0px !important;border-top-width: 0px !important;border-bottom-width: 0px !important;padding-top: 25px !important;padding-bottom: 25px !important;background-image: url(https:\/\/www.marataonline.com\/wp-content\/uploads\/2016\/08\/FW-Peppers.jpg) !important;background-position: center !important;background-repeat: no-repeat !important;background-size: cover !important;}&#8220;][vc_column css=&#8220;.vc_custom_1470677250820{margin-top: 0px !important;margin-bottom: 0px !important;border-top-width: 0px !important;border-bottom-width: 0px !important;padding-top: 0px !important;padding-bottom: 0px !important;}&#8220;][vc_custom_heading text=&#8220;Trockene Chili \/ Paprika-Specialtys&#8220; font_container=&#8220;tag:h1|text_align:center|color:%23ffffff&#8220; google_fonts=&#8220;font_family:Signika%3A300%2Cregular%2C600%2C700|font_style:300%20light%20regular%3A300%3Anormal&#8220; css=&#8220;.vc_custom_1472600224213{margin-right: 0px !important;margin-bottom: 10px !important;margin-left: 0px !important;border-right-width: 0px !important;border-bottom-width: 10px !important;border-left-width: 0px !important;padding-top:&hellip; <a class=\"more-link\" href=\"https:\/\/marataonline.com\/de\/products\/chilies\/\">Continue reading <span class=\"screen-reader-text\">Chili<\/span><\/a><\/p>\n","protected":false},"author":1,"featured_media":0,"parent":1692,"menu_order":0,"comment_status":"closed","ping_status":"closed","template":"","meta":{"footnotes":""},"class_list":["post-1619","page","type-page","status-publish","hentry","entry"],"aioseo_notices":[],"_links":{"self":[{"href":"https:\/\/marataonline.com\/de\/wp-json\/wp\/v2\/pages\/1619","targetHints":{"allow":["GET"]}}],"collection":[{"href":"https:\/\/marataonline.com\/de\/wp-json\/wp\/v2\/pages"}],"about":[{"href":"https:\/\/marataonline.com\/de\/wp-json\/wp\/v2\/types\/page"}],"author":[{"embeddable":true,"href":"https:\/\/marataonline.com\/de\/wp-json\/wp\/v2\/users\/1"}],"replies":[{"embeddable":true,"href":"https:\/\/marataonline.com\/de\/wp-json\/wp\/v2\/comments?post=1619"}],"version-history":[{"count":0,"href":"https:\/\/marataonline.com\/de\/wp-json\/wp\/v2\/pages\/1619\/revisions"}],"up":[{"embeddable":true,"href":"https:\/\/marataonline.com\/de\/wp-json\/wp\/v2\/pages\/1692"}],"wp:attachment":[{"href":"https:\/\/marataonline.com\/de\/wp-json\/wp\/v2\/media?parent=1619"}],"curies":[{"name":"wp","href":"https:\/\/api.w.org\/{rel}","templated":true}]}}