{"id":1620,"date":"2016-08-30T17:52:56","date_gmt":"2016-08-30T23:52:56","guid":{"rendered":"https:\/\/marataonline.com\/de\/?page_id=1620"},"modified":"2016-08-30T17:53:32","modified_gmt":"2016-08-30T23:53:32","slug":"anaheim","status":"publish","type":"page","link":"https:\/\/marataonline.com\/de\/products\/chilies\/anaheim\/","title":{"rendered":"Anaheim"},"content":{"rendered":"<div class=\"wpb-content-wrapper\"><p>[vc_row css=&#8220;.vc_custom_1470700463250{margin-top: 0px !important;margin-bottom: 0px !important;border-top-width: 0px !important;border-bottom-width: 0px !important;padding-top: 25px !important;padding-bottom: 10px !important;}&#8220;][vc_column][vc_single_image image=&#8220;466&#8243; img_size=&#8220;170&#215;170&#8243; alignment=&#8220;center&#8220;][\/vc_column][\/vc_row][vc_row css=&#8220;.vc_custom_1470700589617{margin-bottom: 0px !important;border-bottom-width: 0px !important;padding-top: 20px !important;padding-bottom: 20px !important;}&#8220;][vc_column css=&#8220;.vc_custom_1470700607924{margin-bottom: 0px !important;border-bottom-width: 0px !important;padding-bottom: 0px !important;}&#8220;][vc_custom_heading text=&#8220;Anaheim (New Mexico)&#8220; font_container=&#8220;tag:h2|text_align:center|color:%23ffffff&#8220; use_theme_fonts=&#8220;yes&#8220; css=&#8220;.vc_custom_1470785757102{margin-right: 0px !important;margin-bottom: 0px !important;margin-left: 0px !important;border-right-width: 0px !important;border-bottom-width: 0px !important;border-left-width: 0px !important;background-color: rgba(10,10,10,0.5) !important;*background-color: rgb(10,10,10) !important;}&#8220;][\/vc_column][\/vc_row][vc_row css=&#8220;.vc_custom_1470702561349{margin-top: 0px !important;margin-bottom: 0px !important;border-top-width: 0px !important;border-bottom-width: 0px !important;padding-top: 0px !important;padding-bottom: 25px !important;}&#8220;][vc_column css=&#8220;.vc_custom_1470700708882{margin-top: 0px !important;margin-bottom: 0px !important;border-top-width: 0px !important;border-bottom-width: 0px !important;padding-top: 0px !important;}&#8220;][vc_column_text css=&#8220;.vc_custom_1472600991479{margin-top: 0px !important;border-top-width: 0px !important;padding-top: 10px !important;}&#8220;]<\/p>\n<p style=\"text-align: justify;\"><span style=\"color: #666666;\">Ist eines der beliebtesten Chilis in Tex-Mex-K\u00fcche des S\u00fcdens. Angebaut haupts\u00e4chlich im S\u00fcden der USA und n\u00f6rdlich von Mexiko ist Teil der &#8222;Capsicum Annuum&#8220; Familie und ist ein mehrst\u00e4mmiger Pflanze. Eine Anaheim Pfeffer ist mild verschiedener Chili-Pfeffer. Sie sind auch California Chili oder Magdalena genannt und als &#8222;Chile Seco del Norte&#8220; getrocknet. Da Anaheim Paprika aus New Mexico entstanden, sind sie manchmal auch als New Mexico Paprika bekannt. Dar\u00fcber hinaus werden in New Mexiko sie oft einfach als Chilis bezeichnet weil sie so viele Sorten von Paprika in New Mexico angebaut, und sie neigen dazu, hei\u00dfer als die in Kalifornien angebaut werden. Das Chili, die &#8222;heat&#8220; von den Anaheim in der Regel von 500 bis 2.500 auf der Scoville-Skala jedoch viele Sorten in New Mexiko reicht erreichen 4.500 bis 5.000 Scoville-Einheiten. Die Gr\u00f6\u00dfe und Form des regelm\u00e4\u00dfigen Anaheim-Chili-Schoten ist 7 bis 10 Zoll lang und 1 bis 2 Zoll breit. Die Chili Peppers einsetzbar in gr\u00fcne und rote Farbe, mit verschiedenen Geschmacksprofil und W\u00e4rme, die von niedrigen bis hin zu mild. Dieser Chili ist in vielen mexikanischen und neuen mexikanischen Gerichten verwendet.<\/span><\/p>\n<p>[\/vc_column_text][rd_line type=&#8220;rd_line_dashed&#8220; color=&#8220;#666666&#8243; line_pos=&#8220;center&#8220;][vc_custom_heading text=&#8220;Sterilisierte sind auf Anfrage&#8220; font_container=&#8220;tag:h3|text_align:left&#8220; use_theme_fonts=&#8220;yes&#8220; css=&#8220;.vc_custom_1472601023056{margin-top: 0px !important;margin-bottom: 0px !important;border-top-width: 0px !important;border-bottom-width: 0px !important;padding-top: 20px !important;padding-bottom: 20px !important;}&#8220;][vc_row_inner][vc_column_inner width=&#8220;1\/2&#8243;][vc_column_text]<strong>Nordamerika<\/strong><br \/>\n&#8211; Ged\u00e4mpfte (Kalifornien &amp; Mittelwesten)<br \/>\n-ETO behandelt<br \/>\n-Gamma behandelt[\/vc_column_text][\/vc_column_inner][vc_column_inner width=&#8220;1\/2&#8243;][vc_column_text]<strong>Europa<\/strong><br \/>\n&#8211; Ged\u00e4mpfte (Hamburg)[\/vc_column_text][\/vc_column_inner][\/vc_row_inner][rd_line type=&#8220;rd_line_dashed&#8220; color=&#8220;#666666&#8243; line_pos=&#8220;center&#8220;][\/vc_column][\/vc_row][vc_row css=&#8220;.vc_custom_1470701737131{margin-top: 0px !important;margin-bottom: 0px !important;border-top-width: 0px !important;border-bottom-width: 0px !important;padding-bottom: 40px !important;}&#8220;][vc_column width=&#8220;1\/6&#8243;][vc_single_image image=&#8220;648&#8243; img_size=&#8220;80X80&#8243; alignment=&#8220;center&#8220; style=&#8220;vc_box_rounded&#8220; css=&#8220;.vc_custom_1470785797271{margin-top: 20px !important;margin-bottom: 10px !important;border-bottom-width: 0px !important;}&#8220;][vc_custom_heading text=&#8220;Ganze&#8220; font_container=&#8220;tag:h5|text_align:center|color:%23414141&#8243; google_fonts=&#8220;font_family:Signika%3A300%2Cregular%2C600%2C700|font_style:400%20regular%3A400%3Anormal&#8220; css=&#8220;.vc_custom_1472601049310{margin-top: 0px !important;margin-bottom: 10px !important;border-top-width: 0px !important;border-bottom-width: 0px !important;}&#8220;][button t_color=&#8220;#ffffff&#8220; b_color=&#8220;#34a9c6&#8243; t_hover_color=&#8220;#414141&#8243; b_hover_color=&#8220;#ffda8a&#8220; radius=&#8220;5&#8243; font_weight=&#8220;300&#8243; url=&#8220;https:\/\/marataonline.com\/pdfs\/anaheim\/anaheimrwholespecs.pdf&#8220; target=&#8220;yes&#8220; position=&#8220;ta_center&#8220; mb=&#8220;5&#8243;]Specs[\/button][button t_color=&#8220;#ffffff&#8220; b_color=&#8220;#34a9c6&#8243; t_hover_color=&#8220;#414141&#8243; b_hover_color=&#8220;#ffda8a&#8220; radius=&#8220;5&#8243; font_weight=&#8220;300&#8243; url=&#8220;https:\/\/marataonline.com\/pdfs\/anaheim\/anaheimrwholemsds.pdf&#8220; target=&#8220;yes&#8220; position=&#8220;ta_center&#8220;]MSDS[\/button][\/vc_column][vc_column width=&#8220;1\/6&#8243;][vc_single_image image=&#8220;649&#8243; img_size=&#8220;80X80&#8243; alignment=&#8220;center&#8220; style=&#8220;vc_box_rounded&#8220; css=&#8220;.vc_custom_1470785808848{margin-top: 20px !important;margin-bottom: 10px !important;border-bottom-width: 0px !important;}&#8220;][vc_custom_heading text=&#8220;Ganze stengellose&#8220; font_container=&#8220;tag:h5|text_align:center|color:%23414141&#8243; google_fonts=&#8220;font_family:Signika%3A300%2Cregular%2C600%2C700|font_style:400%20regular%3A400%3Anormal&#8220; css=&#8220;.vc_custom_1472601062795{margin-top: 0px !important;margin-bottom: 10px !important;border-top-width: 0px !important;border-bottom-width: 0px !important;}&#8220;][button t_color=&#8220;#ffffff&#8220; b_color=&#8220;#34a9c6&#8243; t_hover_color=&#8220;#414141&#8243; b_hover_color=&#8220;#ffda8a&#8220; radius=&#8220;5&#8243; font_weight=&#8220;300&#8243; url=&#8220;https:\/\/marataonline.com\/pdfs\/anaheim\/anaheimrstemlessspecs.pdf&#8220; target=&#8220;yes&#8220; position=&#8220;ta_center&#8220; mb=&#8220;5&#8243;]Specs[\/button][button t_color=&#8220;#ffffff&#8220; b_color=&#8220;#34a9c6&#8243; t_hover_color=&#8220;#414141&#8243; b_hover_color=&#8220;#ffda8a&#8220; radius=&#8220;5&#8243; font_weight=&#8220;300&#8243; url=&#8220;https:\/\/marataonline.com\/pdfs\/anaheim\/anaheimrstemlessmsds.pdf&#8220; target=&#8220;yes&#8220; position=&#8220;ta_center&#8220;]MSDS[\/button][\/vc_column][vc_column width=&#8220;1\/6&#8243;][vc_single_image image=&#8220;650&#8243; img_size=&#8220;80X80&#8243; alignment=&#8220;center&#8220; style=&#8220;vc_box_rounded&#8220; css=&#8220;.vc_custom_1470785825512{margin-top: 20px !important;margin-bottom: 10px !important;border-bottom-width: 0px !important;}&#8220;][vc_custom_heading text=&#8220;Einzelne W\u00fcrfel 6mm Kernloss&#8220; font_container=&#8220;tag:h5|text_align:center|color:%23414141&#8243; google_fonts=&#8220;font_family:Signika%3A300%2Cregular%2C600%2C700|font_style:400%20regular%3A400%3Anormal&#8220; css=&#8220;.vc_custom_1472601089429{margin-top: 0px !important;margin-bottom: 10px !important;border-top-width: 0px !important;border-bottom-width: 0px !important;}&#8220;][button t_color=&#8220;#ffffff&#8220; b_color=&#8220;#34a9c6&#8243; t_hover_color=&#8220;#414141&#8243; b_hover_color=&#8220;#ffda8a&#8220; radius=&#8220;5&#8243; font_weight=&#8220;300&#8243; url=&#8220;https:\/\/marataonline.com\/pdfs\/anaheim\/anaheimrdicesspecs.pdf&#8220; target=&#8220;yes&#8220; position=&#8220;ta_center&#8220; mb=&#8220;5&#8243;]Specs[\/button][\/vc_column][vc_column width=&#8220;1\/6&#8243;][vc_single_image image=&#8220;651&#8243; img_size=&#8220;80X80&#8243; alignment=&#8220;center&#8220; style=&#8220;vc_box_rounded&#8220; css=&#8220;.vc_custom_1470785835154{margin-top: 20px !important;margin-bottom: 10px !important;border-bottom-width: 0px !important;}&#8220;][vc_custom_heading text=&#8220;Flocken -4 +8&#8243; font_container=&#8220;tag:h5|text_align:center|color:%23414141&#8243; google_fonts=&#8220;font_family:Signika%3A300%2Cregular%2C600%2C700|font_style:400%20regular%3A400%3Anormal&#8220; css=&#8220;.vc_custom_1472601102539{margin-top: 0px !important;margin-bottom: 10px !important;border-top-width: 0px !important;border-bottom-width: 0px !important;}&#8220;][button t_color=&#8220;#ffffff&#8220; b_color=&#8220;#34a9c6&#8243; t_hover_color=&#8220;#414141&#8243; b_hover_color=&#8220;#ffda8a&#8220; radius=&#8220;5&#8243; font_weight=&#8220;300&#8243; url=&#8220;https:\/\/marataonline.com\/pdfs\/anaheim\/anaheimrflakesspecs.pdf&#8220; target=&#8220;yes&#8220; position=&#8220;ta_center&#8220; mb=&#8220;5&#8243;]Specs[\/button][button t_color=&#8220;#ffffff&#8220; b_color=&#8220;#34a9c6&#8243; t_hover_color=&#8220;#414141&#8243; b_hover_color=&#8220;#ffda8a&#8220; radius=&#8220;5&#8243; font_weight=&#8220;300&#8243; url=&#8220;https:\/\/marataonline.com\/pdfs\/anaheim\/anaheimrflakesmsds.pdf&#8220; target=&#8220;yes&#8220; position=&#8220;ta_center&#8220;]MSDS[\/button][\/vc_column][vc_column width=&#8220;1\/6&#8243;][vc_single_image image=&#8220;651&#8243; img_size=&#8220;80X80&#8243; alignment=&#8220;center&#8220; style=&#8220;vc_box_rounded&#8220; css=&#8220;.vc_custom_1470785876814{margin-top: 20px !important;margin-bottom: 10px !important;border-bottom-width: 0px !important;}&#8220;][vc_custom_heading text=&#8220;Granulate -8 +20&#8243; font_container=&#8220;tag:h5|text_align:center|color:%23414141&#8243; google_fonts=&#8220;font_family:Signika%3A300%2Cregular%2C600%2C700|font_style:400%20regular%3A400%3Anormal&#8220; css=&#8220;.vc_custom_1472601111441{margin-top: 0px !important;margin-bottom: 10px !important;border-top-width: 0px !important;border-bottom-width: 0px !important;}&#8220;][button t_color=&#8220;#ffffff&#8220; b_color=&#8220;#34a9c6&#8243; t_hover_color=&#8220;#414141&#8243; b_hover_color=&#8220;#ffda8a&#8220; radius=&#8220;5&#8243; font_weight=&#8220;300&#8243; url=&#8220;https:\/\/marataonline.com\/pdfs\/anaheim\/anaheimrgranulesspecs.pdf&#8220; target=&#8220;yes&#8220; position=&#8220;ta_center&#8220; mb=&#8220;5&#8243;]Specs[\/button][button t_color=&#8220;#ffffff&#8220; b_color=&#8220;#34a9c6&#8243; t_hover_color=&#8220;#414141&#8243; b_hover_color=&#8220;#ffda8a&#8220; radius=&#8220;5&#8243; font_weight=&#8220;300&#8243; url=&#8220;https:\/\/marataonline.com\/pdfs\/anaheim\/anaheimrgranulesmsds.pdf&#8220; target=&#8220;yes&#8220; position=&#8220;ta_center&#8220;]MSDS[\/button][\/vc_column][vc_column width=&#8220;1\/6&#8243;][vc_single_image image=&#8220;653&#8243; img_size=&#8220;80X80&#8243; alignment=&#8220;center&#8220; style=&#8220;vc_box_rounded&#8220; css=&#8220;.vc_custom_1470785887805{margin-top: 20px !important;margin-bottom: 10px !important;border-bottom-width: 0px !important;}&#8220;][vc_custom_heading text=&#8220;Pulver USS 40&#8243; font_container=&#8220;tag:h5|text_align:center|color:%23414141&#8243; google_fonts=&#8220;font_family:Signika%3A300%2Cregular%2C600%2C700|font_style:400%20regular%3A400%3Anormal&#8220; css=&#8220;.vc_custom_1472601117093{margin-top: 0px !important;margin-bottom: 10px !important;border-top-width: 0px !important;border-bottom-width: 0px !important;}&#8220;][button t_color=&#8220;#ffffff&#8220; b_color=&#8220;#34a9c6&#8243; t_hover_color=&#8220;#414141&#8243; b_hover_color=&#8220;#ffda8a&#8220; radius=&#8220;5&#8243; font_weight=&#8220;300&#8243; url=&#8220;https:\/\/marataonline.com\/pdfs\/anaheim\/anaheimrpowderspecs.pdf&#8220; target=&#8220;yes&#8220; position=&#8220;ta_center&#8220; mb=&#8220;5&#8243;]Specs[\/button][button t_color=&#8220;#ffffff&#8220; b_color=&#8220;#34a9c6&#8243; t_hover_color=&#8220;#414141&#8243; b_hover_color=&#8220;#ffda8a&#8220; radius=&#8220;5&#8243; font_weight=&#8220;300&#8243; url=&#8220;https:\/\/marataonline.com\/pdfs\/anaheim\/anaheimrpowdermsds.pdf&#8220; target=&#8220;yes&#8220; position=&#8220;ta_center&#8220;]MSDS[\/button][\/vc_column][\/vc_row][vc_row css=&#8220;.vc_custom_1470701737131{margin-top: 0px !important;margin-bottom: 0px !important;border-top-width: 0px !important;border-bottom-width: 0px !important;padding-bottom: 40px !important;}&#8220;][vc_column width=&#8220;1\/6&#8243;][vc_empty_space height=&#8220;1px&#8220;][\/vc_column][vc_column width=&#8220;1\/6&#8243;][vc_single_image image=&#8220;654&#8243; img_size=&#8220;80X80&#8243; alignment=&#8220;center&#8220; style=&#8220;vc_box_rounded&#8220; css=&#8220;.vc_custom_1470786002734{margin-top: 20px !important;margin-bottom: 10px !important;border-bottom-width: 0px !important;}&#8220;][vc_custom_heading text=&#8220;Einzelne W\u00fcrfel 6mm Kernloss&#8220; font_container=&#8220;tag:h5|text_align:center|color:%23414141&#8243; google_fonts=&#8220;font_family:Signika%3A300%2Cregular%2C600%2C700|font_style:400%20regular%3A400%3Anormal&#8220; css=&#8220;.vc_custom_1472601149591{margin-top: 0px !important;margin-bottom: 10px !important;border-top-width: 0px !important;border-bottom-width: 0px !important;}&#8220;][button t_color=&#8220;#ffffff&#8220; b_color=&#8220;#34a9c6&#8243; t_hover_color=&#8220;#414141&#8243; b_hover_color=&#8220;#ffda8a&#8220; radius=&#8220;5&#8243; font_weight=&#8220;300&#8243; url=&#8220;https:\/\/marataonline.com\/pdfs\/anaheim\/anaheimgdicesspecs.pdf&#8220; target=&#8220;yes&#8220; position=&#8220;ta_center&#8220; mb=&#8220;5&#8243;]Specs[\/button][button t_color=&#8220;#ffffff&#8220; b_color=&#8220;#34a9c6&#8243; t_hover_color=&#8220;#414141&#8243; b_hover_color=&#8220;#ffda8a&#8220; radius=&#8220;5&#8243; font_weight=&#8220;300&#8243; url=&#8220;https:\/\/marataonline.com\/pdfs\/anaheim\/anaheimgdicesmsds.pdf&#8220; target=&#8220;yes&#8220; position=&#8220;ta_center&#8220;]MSDS[\/button][\/vc_column][vc_column width=&#8220;1\/6&#8243;][vc_single_image image=&#8220;655&#8243; img_size=&#8220;80X80&#8243; alignment=&#8220;center&#8220; style=&#8220;vc_box_rounded&#8220; css=&#8220;.vc_custom_1470786026160{margin-top: 20px !important;margin-bottom: 10px !important;border-bottom-width: 0px !important;}&#8220;][vc_custom_heading text=&#8220;Flocken -4 +8&#8243; font_container=&#8220;tag:h5|text_align:center|color:%23414141&#8243; google_fonts=&#8220;font_family:Signika%3A300%2Cregular%2C600%2C700|font_style:400%20regular%3A400%3Anormal&#8220; css=&#8220;.vc_custom_1472601155485{margin-top: 0px !important;margin-bottom: 10px !important;border-top-width: 0px !important;border-bottom-width: 0px !important;}&#8220;][\/vc_column][vc_column width=&#8220;1\/6&#8243;][vc_single_image image=&#8220;656&#8243; img_size=&#8220;80X80&#8243; alignment=&#8220;center&#8220; style=&#8220;vc_box_rounded&#8220; css=&#8220;.vc_custom_1470786035016{margin-top: 20px !important;margin-bottom: 10px !important;border-bottom-width: 0px !important;}&#8220;][vc_custom_heading text=&#8220;Granulate -8 +20&#8243; font_container=&#8220;tag:h5|text_align:center|color:%23414141&#8243; google_fonts=&#8220;font_family:Signika%3A300%2Cregular%2C600%2C700|font_style:400%20regular%3A400%3Anormal&#8220; css=&#8220;.vc_custom_1472601161761{margin-top: 0px !important;margin-bottom: 10px !important;border-top-width: 0px !important;border-bottom-width: 0px !important;}&#8220;][button t_color=&#8220;#ffffff&#8220; b_color=&#8220;#34a9c6&#8243; t_hover_color=&#8220;#414141&#8243; b_hover_color=&#8220;#ffda8a&#8220; radius=&#8220;5&#8243; font_weight=&#8220;300&#8243; url=&#8220;https:\/\/marataonline.com\/pdfs\/anaheim\/anaheimggranulesmsds.pdf&#8220; target=&#8220;yes&#8220; position=&#8220;ta_center&#8220;]MSDS[\/button][\/vc_column][vc_column width=&#8220;1\/6&#8243;][vc_single_image image=&#8220;657&#8243; img_size=&#8220;80X80&#8243; alignment=&#8220;center&#8220; style=&#8220;vc_box_rounded&#8220; css=&#8220;.vc_custom_1470786045331{margin-top: 20px !important;margin-bottom: 10px !important;border-bottom-width: 0px !important;}&#8220;][vc_custom_heading text=&#8220;Pulver USS 40&#8243; font_container=&#8220;tag:h5|text_align:center|color:%23414141&#8243; google_fonts=&#8220;font_family:Signika%3A300%2Cregular%2C600%2C700|font_style:400%20regular%3A400%3Anormal&#8220; css=&#8220;.vc_custom_1472601167320{margin-top: 0px !important;margin-bottom: 10px !important;border-top-width: 0px !important;border-bottom-width: 0px !important;}&#8220;][button t_color=&#8220;#ffffff&#8220; b_color=&#8220;#34a9c6&#8243; t_hover_color=&#8220;#414141&#8243; b_hover_color=&#8220;#ffda8a&#8220; radius=&#8220;5&#8243; font_weight=&#8220;300&#8243; url=&#8220;https:\/\/marataonline.com\/pdfs\/anaheim\/anaheimgpowdermsds.pdf&#8220; target=&#8220;yes&#8220; position=&#8220;ta_center&#8220;]MSDS[\/button][\/vc_column][vc_column width=&#8220;1\/6&#8243;][vc_empty_space height=&#8220;1px&#8220;][\/vc_column][\/vc_row][vc_row css=&#8220;.vc_custom_1470702000839{padding-top: 25px !important;}&#8220;][vc_column][button use_icon=&#8220;yes&#8220; icon_color=&#8220;#ffffff&#8220; t_color=&#8220;#ffffff&#8220; b_color=&#8220;#666666&#8243; radius=&#8220;5&#8243; font_weight=&#8220;500&#8243; url=&#8220;https:\/\/www.marataonline.com\/de\/chilies\/&#8220; position=&#8220;ta_center&#8220; icon=&#8220;cl-left33&#8243;]ZUR\u00dcCKGEHEN[\/button][\/vc_column][\/vc_row]<\/p>\n<\/div>","protected":false},"excerpt":{"rendered":"<p>[vc_row css=&#8220;.vc_custom_1470700463250{margin-top: 0px !important;margin-bottom: 0px !important;border-top-width: 0px !important;border-bottom-width: 0px !important;padding-top: 25px !important;padding-bottom: 10px !important;}&#8220;][vc_column][vc_single_image image=&#8220;466&#8243; img_size=&#8220;170&#215;170&#8243; alignment=&#8220;center&#8220;][\/vc_column][\/vc_row][vc_row css=&#8220;.vc_custom_1470700589617{margin-bottom: 0px !important;border-bottom-width: 0px !important;padding-top: 20px !important;padding-bottom: 20px !important;}&#8220;][vc_column css=&#8220;.vc_custom_1470700607924{margin-bottom: 0px !important;border-bottom-width: 0px !important;padding-bottom: 0px !important;}&#8220;][vc_custom_heading text=&#8220;Anaheim (New Mexico)&#8220; font_container=&#8220;tag:h2|text_align:center|color:%23ffffff&#8220; use_theme_fonts=&#8220;yes&#8220; css=&#8220;.vc_custom_1470785757102{margin-right: 0px !important;margin-bottom: 0px !important;margin-left: 0px !important;border-right-width: 0px !important;border-bottom-width: 0px !important;border-left-width: 0px !important;background-color: rgba(10,10,10,0.5) !important;*background-color: rgb(10,10,10) !important;}&#8220;][\/vc_column][\/vc_row][vc_row&hellip; <a class=\"more-link\" href=\"https:\/\/marataonline.com\/de\/products\/chilies\/anaheim\/\">Continue reading <span class=\"screen-reader-text\">Anaheim<\/span><\/a><\/p>\n","protected":false},"author":1,"featured_media":0,"parent":1619,"menu_order":0,"comment_status":"closed","ping_status":"closed","template":"","meta":{"footnotes":""},"class_list":["post-1620","page","type-page","status-publish","hentry","entry"],"aioseo_notices":[],"_links":{"self":[{"href":"https:\/\/marataonline.com\/de\/wp-json\/wp\/v2\/pages\/1620","targetHints":{"allow":["GET"]}}],"collection":[{"href":"https:\/\/marataonline.com\/de\/wp-json\/wp\/v2\/pages"}],"about":[{"href":"https:\/\/marataonline.com\/de\/wp-json\/wp\/v2\/types\/page"}],"author":[{"embeddable":true,"href":"https:\/\/marataonline.com\/de\/wp-json\/wp\/v2\/users\/1"}],"replies":[{"embeddable":true,"href":"https:\/\/marataonline.com\/de\/wp-json\/wp\/v2\/comments?post=1620"}],"version-history":[{"count":0,"href":"https:\/\/marataonline.com\/de\/wp-json\/wp\/v2\/pages\/1620\/revisions"}],"up":[{"embeddable":true,"href":"https:\/\/marataonline.com\/de\/wp-json\/wp\/v2\/pages\/1619"}],"wp:attachment":[{"href":"https:\/\/marataonline.com\/de\/wp-json\/wp\/v2\/media?parent=1620"}],"curies":[{"name":"wp","href":"https:\/\/api.w.org\/{rel}","templated":true}]}}