{"id":1650,"date":"2016-08-30T18:41:25","date_gmt":"2016-08-31T00:41:25","guid":{"rendered":"https:\/\/marataonline.com\/de\/?page_id=1650"},"modified":"2016-08-30T18:41:25","modified_gmt":"2016-08-31T00:41:25","slug":"ancho","status":"publish","type":"page","link":"https:\/\/marataonline.com\/de\/products\/chilies\/ancho\/","title":{"rendered":"Ancho"},"content":{"rendered":"<div class=\"wpb-content-wrapper\"><p>[vc_row css=&#8220;.vc_custom_1470700463250{margin-top: 0px !important;margin-bottom: 0px !important;border-top-width: 0px !important;border-bottom-width: 0px !important;padding-top: 25px !important;padding-bottom: 10px !important;}&#8220;][vc_column][vc_single_image image=&#8220;467&#8243; img_size=&#8220;170&#215;170&#8243; alignment=&#8220;center&#8220;][\/vc_column][\/vc_row][vc_row css=&#8220;.vc_custom_1470700589617{margin-bottom: 0px !important;border-bottom-width: 0px !important;padding-top: 20px !important;padding-bottom: 20px !important;}&#8220;][vc_column css=&#8220;.vc_custom_1470700607924{margin-bottom: 0px !important;border-bottom-width: 0px !important;padding-bottom: 0px !important;}&#8220;][vc_custom_heading text=&#8220;Ancho&#8220; font_container=&#8220;tag:h2|text_align:center|color:%23ffffff&#8220; use_theme_fonts=&#8220;yes&#8220; css=&#8220;.vc_custom_1470786671079{margin-right: 0px !important;margin-bottom: 0px !important;margin-left: 0px !important;border-right-width: 0px !important;border-bottom-width: 0px !important;border-left-width: 0px !important;background-color: rgba(10,10,10,0.5) !important;*background-color: rgb(10,10,10) !important;}&#8220;][\/vc_column][\/vc_row][vc_row css=&#8220;.vc_custom_1470702561349{margin-top: 0px !important;margin-bottom: 0px !important;border-top-width: 0px !important;border-bottom-width: 0px !important;padding-top: 0px !important;padding-bottom: 25px !important;}&#8220;][vc_column css=&#8220;.vc_custom_1470700708882{margin-top: 0px !important;margin-bottom: 0px !important;border-top-width: 0px !important;border-bottom-width: 0px !important;padding-top: 0px !important;}&#8220;][vc_column_text css=&#8220;.vc_custom_1472603771976{margin-top: 0px !important;border-top-width: 0px !important;padding-top: 10px !important;}&#8220;]<\/p>\n<p style=\"text-align: justify;\"><span style=\"color: #666666;\">In Mexiko, die Ancho ist in drei verschiedene Stufen der Qualit\u00e4t vermarktet. &#8222;Primero&#8220; ist der h\u00f6chste Grad, bestehend aus den dicksten konkretisiert und gr\u00f6\u00dften Chilis. &#8222;Mediano&#8220; ist die mittlere Note und &#8222;Ancho&#8220; ist einfach Klasse. Der getrocknete Ancho Ernte ist ungef\u00e4hr 15 % Markt als Lebensmittelfarbe und Pulver. Der Rest ist von Verbrauchern in ganze Schoten gekauft und vor allem in Saucen verwendet. Ancho Chili entfallen fast 1\/5 aller Chilis in Mexiko verzehrt.<\/span><\/p>\n<p style=\"text-align: justify;\"><span style=\"color: #666666;\">Variieren in Farbe und Form, dunklen ziegelrot, tiefes Mahagoni, offenbaren getrocknete Ancho Chili eine r\u00f6tlich-Orange Cordovan T\u00f6nung, wenn das Licht aufgehalten. Mild aromatisch, flach, sehr faltig und erscheinen fast herzf\u00f6rmig, die Ancho ist ein getrockneter Poblano Pfeffer und ist das s\u00fc\u00dfeste getrocknete Chili. Vom feinsten aromatischen und flexibel, hat es einen mitteldicke Fleisch, der einen etwas fruchtig-s\u00fc\u00df-holzigen Geschmack mit T\u00f6nen von getrockneten Pflaumen, Kaffee, Tabak, Lakritze und Rosinen bietet. Es gibt einen s\u00fc\u00dfe Pflaume-Erh\u00f6hung-Geschmack zu Speisen. Benannt nach ihrer charakteristischen breiten Schultern, bedeutet &#8222;Ancho&#8220;, AHN-CHOH ausgesprochen breit in Spanisch.<\/span><\/p>\n<p style=\"text-align: justify;\"><span style=\"color: #666666;\">Paprika-Chili enthalten mehr Vitamin A als jede andere Pflanze Essen plus liefern eine ausgezeichnete Quelle von Vitamin C und B, sowie erhebliche Mengen an Eisen, Thiamin, Niacin, Magnesium und Riboflavin. Anpassung an heutige Ern\u00e4hrungsbewusstsein, Chilis sind Cholesterin-frei, frei von ges\u00e4ttigten Fetts\u00e4uren, kalorienarm, natriumarme und reich an Ballaststoffen.<\/span><\/p>\n<p style=\"text-align: justify;\"><span style=\"color: #666666;\">Hausgemachte Saucen verleihen Sie ihren s\u00fc\u00dfen Geschmack. Wie sonnengetrocknete Tomaten verwenden. In Kombination mit anderen getrockneten Chilischoten verwendet, wirkt dieser Pfeffer reiche S\u00fc\u00dfe machen. Lebensmittel f\u00fcr einen exquisiten Geschmack und Farbe bestreuen Sie gehackte oder geschnittene Chilischoten. Verbessern Sie Fleisch und Gefl\u00fcgel, Gem\u00fcse, Aufl\u00e4ufe, Dips, Suppen und Eint\u00f6pfe. Chili Con Carne, Enchiladas, Adobados Rei\u00dfverschluss hinzuf\u00fcgen, oder kein Fleisch mit einem Sour Gew\u00fcrz-Paste zubereitet. Kommerziell werden Anchos geschliffen.<\/span><\/p>\n<p style=\"text-align: justify;\"><span style=\"color: #666666;\">Je nach Region ist dieses Chili von mehreren Namen bekannt. Verwirrung gibt es in den Vereinigten Staaten \u00fcber den richtigen Namen f\u00fcr die Ancho. Z\u00fcchter nennen f\u00e4lschlicherweise sowohl frisch als auch getrocknet Formen &#8222;Ancho&#8220;. In Mexiko wird die unreife gr\u00fcne Paprika nie als &#8222;Ancho&#8220; bezeichnet. In Kalifornien ist es oft verwechselt mit der Chile Pasilla. Anchos sind eigentlich getrockneter Poblano-Chilis, was bedeutet &#8222;Volk&#8220; Chilis. Die getrocknete Ancho, zusammen mit der Mulato und die echte Pasilla Chilis, bilden die &#8222;Heilige Dreifaltigkeit&#8220; von Chilis in traditionelle mexikanische Mole Saucen verwendet.<\/span><\/p>\n<p>[\/vc_column_text][rd_line type=&#8220;rd_line_dashed&#8220; color=&#8220;#666666&#8243; line_pos=&#8220;center&#8220;][vc_custom_heading text=&#8220;Sterilisierte sind auf Anfrage&#8220; font_container=&#8220;tag:h3|text_align:left&#8220; use_theme_fonts=&#8220;yes&#8220; css=&#8220;.vc_custom_1472603817060{margin-top: 0px !important;margin-bottom: 0px !important;border-top-width: 0px !important;border-bottom-width: 0px !important;padding-top: 20px !important;padding-bottom: 20px !important;}&#8220;][vc_row_inner][vc_column_inner width=&#8220;1\/2&#8243;][vc_column_text]<strong>Nordamerika<\/strong><br \/>\n&#8211; Ged\u00e4mpfte (Kalifornien &amp; Mittelwesten)<br \/>\n-ETO behandelt<br \/>\n-Gamma behandelt[\/vc_column_text][\/vc_column_inner][vc_column_inner width=&#8220;1\/2&#8243;][vc_column_text]<strong>Europa<\/strong><br \/>\n&#8211; Ged\u00e4mpfte (Hamburg)[\/vc_column_text][\/vc_column_inner][\/vc_row_inner][rd_line type=&#8220;rd_line_dashed&#8220; color=&#8220;#666666&#8243; line_pos=&#8220;center&#8220;][\/vc_column][\/vc_row][vc_row css=&#8220;.vc_custom_1470701737131{margin-top: 0px !important;margin-bottom: 0px !important;border-top-width: 0px !important;border-bottom-width: 0px !important;padding-bottom: 40px !important;}&#8220;][vc_column width=&#8220;1\/6&#8243;][vc_single_image image=&#8220;661&#8243; img_size=&#8220;80X80&#8243; alignment=&#8220;center&#8220; style=&#8220;vc_box_rounded&#8220; css=&#8220;.vc_custom_1470786720115{margin-top: 20px !important;margin-bottom: 10px !important;border-bottom-width: 0px !important;}&#8220;][vc_custom_heading text=&#8220;Ganze&#8220; font_container=&#8220;tag:h5|text_align:center|color:%23414141&#8243; google_fonts=&#8220;font_family:Signika%3A300%2Cregular%2C600%2C700|font_style:400%20regular%3A400%3Anormal&#8220; css=&#8220;.vc_custom_1472603956863{margin-top: 0px !important;margin-bottom: 10px !important;border-top-width: 0px !important;border-bottom-width: 0px !important;}&#8220;][button t_color=&#8220;#ffffff&#8220; b_color=&#8220;#34a9c6&#8243; t_hover_color=&#8220;#414141&#8243; b_hover_color=&#8220;#ffda8a&#8220; radius=&#8220;5&#8243; font_weight=&#8220;300&#8243; url=&#8220;https:\/\/marataonline.com\/pdfs\/ancho\/anchowholespecs.pdf&#8220; target=&#8220;yes&#8220; position=&#8220;ta_center&#8220; mb=&#8220;5&#8243;]Specs[\/button][button t_color=&#8220;#ffffff&#8220; b_color=&#8220;#34a9c6&#8243; t_hover_color=&#8220;#414141&#8243; b_hover_color=&#8220;#ffda8a&#8220; radius=&#8220;5&#8243; font_weight=&#8220;300&#8243; url=&#8220;https:\/\/marataonline.com\/pdfs\/ancho\/anchowholemsds.pdf&#8220; target=&#8220;yes&#8220; position=&#8220;ta_center&#8220;]MSDS[\/button][\/vc_column][vc_column width=&#8220;1\/6&#8243;][vc_single_image image=&#8220;662&#8243; img_size=&#8220;80X80&#8243; alignment=&#8220;center&#8220; style=&#8220;vc_box_rounded&#8220; css=&#8220;.vc_custom_1470786748471{margin-top: 20px !important;margin-bottom: 10px !important;border-bottom-width: 0px !important;}&#8220;][vc_custom_heading text=&#8220;Ganze stengellose&#8220; font_container=&#8220;tag:h5|text_align:center|color:%23414141&#8243; google_fonts=&#8220;font_family:Signika%3A300%2Cregular%2C600%2C700|font_style:400%20regular%3A400%3Anormal&#8220; css=&#8220;.vc_custom_1472603963108{margin-top: 0px !important;margin-bottom: 10px !important;border-top-width: 0px !important;border-bottom-width: 0px !important;}&#8220;][button t_color=&#8220;#ffffff&#8220; b_color=&#8220;#34a9c6&#8243; t_hover_color=&#8220;#414141&#8243; b_hover_color=&#8220;#ffda8a&#8220; radius=&#8220;5&#8243; font_weight=&#8220;300&#8243; url=&#8220;https:\/\/marataonline.com\/pdfs\/ancho\/anchostemlessspecs.pdf&#8220; target=&#8220;yes&#8220; position=&#8220;ta_center&#8220; mb=&#8220;5&#8243;]Specs[\/button][button t_color=&#8220;#ffffff&#8220; b_color=&#8220;#34a9c6&#8243; t_hover_color=&#8220;#414141&#8243; b_hover_color=&#8220;#ffda8a&#8220; radius=&#8220;5&#8243; font_weight=&#8220;300&#8243; url=&#8220;https:\/\/marataonline.com\/pdfs\/ancho\/anchostemlessmsds.pdf&#8220; target=&#8220;yes&#8220; position=&#8220;ta_center&#8220;]MSDS[\/button][\/vc_column][vc_column width=&#8220;1\/6&#8243;][vc_single_image image=&#8220;663&#8243; img_size=&#8220;80X80&#8243; alignment=&#8220;center&#8220; style=&#8220;vc_box_rounded&#8220; css=&#8220;.vc_custom_1470786758009{margin-top: 20px !important;margin-bottom: 10px !important;border-bottom-width: 0px !important;}&#8220;][vc_custom_heading text=&#8220;Einzelne W\u00fcrfel 6mm Kernloss&#8220; font_container=&#8220;tag:h5|text_align:center|color:%23414141&#8243; google_fonts=&#8220;font_family:Signika%3A300%2Cregular%2C600%2C700|font_style:400%20regular%3A400%3Anormal&#8220; css=&#8220;.vc_custom_1472603968411{margin-top: 0px !important;margin-bottom: 10px !important;border-top-width: 0px !important;border-bottom-width: 0px !important;}&#8220;][\/vc_column][vc_column width=&#8220;1\/6&#8243;][vc_single_image image=&#8220;664&#8243; img_size=&#8220;80X80&#8243; alignment=&#8220;center&#8220; style=&#8220;vc_box_rounded&#8220; css=&#8220;.vc_custom_1470786769294{margin-top: 20px !important;margin-bottom: 10px !important;border-bottom-width: 0px !important;}&#8220;][vc_custom_heading text=&#8220;Flocken -4 +8&#8243; font_container=&#8220;tag:h5|text_align:center|color:%23414141&#8243; google_fonts=&#8220;font_family:Signika%3A300%2Cregular%2C600%2C700|font_style:400%20regular%3A400%3Anormal&#8220; css=&#8220;.vc_custom_1472603974234{margin-top: 0px !important;margin-bottom: 10px !important;border-top-width: 0px !important;border-bottom-width: 0px !important;}&#8220;][button t_color=&#8220;#ffffff&#8220; b_color=&#8220;#34a9c6&#8243; t_hover_color=&#8220;#414141&#8243; b_hover_color=&#8220;#ffda8a&#8220; radius=&#8220;5&#8243; font_weight=&#8220;300&#8243; url=&#8220;https:\/\/marataonline.com\/pdfs\/ancho\/anchoflakesspecs.pdf&#8220; target=&#8220;yes&#8220; position=&#8220;ta_center&#8220; mb=&#8220;5&#8243;]Specs[\/button][button t_color=&#8220;#ffffff&#8220; b_color=&#8220;#34a9c6&#8243; t_hover_color=&#8220;#414141&#8243; b_hover_color=&#8220;#ffda8a&#8220; radius=&#8220;5&#8243; font_weight=&#8220;300&#8243; url=&#8220;https:\/\/marataonline.com\/pdfs\/ancho\/anchoflakesmsds.pdf&#8220; target=&#8220;yes&#8220; position=&#8220;ta_center&#8220;]MSDS[\/button][\/vc_column][vc_column width=&#8220;1\/6&#8243;][vc_single_image image=&#8220;665&#8243; img_size=&#8220;80X80&#8243; alignment=&#8220;center&#8220; style=&#8220;vc_box_rounded&#8220; css=&#8220;.vc_custom_1470786781274{margin-top: 20px !important;margin-bottom: 10px !important;border-bottom-width: 0px !important;}&#8220;][vc_custom_heading text=&#8220;Granulate -8 +20&#8243; font_container=&#8220;tag:h5|text_align:center|color:%23414141&#8243; google_fonts=&#8220;font_family:Signika%3A300%2Cregular%2C600%2C700|font_style:400%20regular%3A400%3Anormal&#8220; css=&#8220;.vc_custom_1472603980142{margin-top: 0px !important;margin-bottom: 10px !important;border-top-width: 0px !important;border-bottom-width: 0px !important;}&#8220;][button t_color=&#8220;#ffffff&#8220; b_color=&#8220;#34a9c6&#8243; t_hover_color=&#8220;#414141&#8243; b_hover_color=&#8220;#ffda8a&#8220; radius=&#8220;5&#8243; font_weight=&#8220;300&#8243; url=&#8220;https:\/\/marataonline.com\/pdfs\/ancho\/anchogranulesspecs.pdf&#8220; target=&#8220;yes&#8220; position=&#8220;ta_center&#8220; mb=&#8220;5&#8243;]Specs[\/button][button t_color=&#8220;#ffffff&#8220; b_color=&#8220;#34a9c6&#8243; t_hover_color=&#8220;#414141&#8243; b_hover_color=&#8220;#ffda8a&#8220; radius=&#8220;5&#8243; font_weight=&#8220;300&#8243; url=&#8220;https:\/\/marataonline.com\/pdfs\/ancho\/anchogranulesmsds.pdf&#8220; target=&#8220;yes&#8220; position=&#8220;ta_center&#8220;]MSDS[\/button][\/vc_column][vc_column width=&#8220;1\/6&#8243;][vc_single_image image=&#8220;666&#8243; img_size=&#8220;80X80&#8243; alignment=&#8220;center&#8220; style=&#8220;vc_box_rounded&#8220; css=&#8220;.vc_custom_1470786797332{margin-top: 20px !important;margin-bottom: 10px !important;border-bottom-width: 0px !important;}&#8220;][vc_custom_heading text=&#8220;Pulver USS 40&#8243; font_container=&#8220;tag:h5|text_align:center|color:%23414141&#8243; google_fonts=&#8220;font_family:Signika%3A300%2Cregular%2C600%2C700|font_style:400%20regular%3A400%3Anormal&#8220; css=&#8220;.vc_custom_1472603986493{margin-top: 0px !important;margin-bottom: 10px !important;border-top-width: 0px !important;border-bottom-width: 0px !important;}&#8220;][button t_color=&#8220;#ffffff&#8220; b_color=&#8220;#34a9c6&#8243; t_hover_color=&#8220;#414141&#8243; b_hover_color=&#8220;#ffda8a&#8220; radius=&#8220;5&#8243; font_weight=&#8220;300&#8243; url=&#8220;https:\/\/marataonline.com\/pdfs\/ancho\/anchopowderspecs.pdf&#8220; target=&#8220;yes&#8220; position=&#8220;ta_center&#8220; mb=&#8220;5&#8243;]Specs[\/button][button t_color=&#8220;#ffffff&#8220; b_color=&#8220;#34a9c6&#8243; t_hover_color=&#8220;#414141&#8243; b_hover_color=&#8220;#ffda8a&#8220; radius=&#8220;5&#8243; font_weight=&#8220;300&#8243; url=&#8220;https:\/\/marataonline.com\/pdfs\/ancho\/anchopowdermsds.pdf&#8220; target=&#8220;yes&#8220; position=&#8220;ta_center&#8220;]MSDS[\/button][\/vc_column][\/vc_row][vc_row css=&#8220;.vc_custom_1470702000839{padding-top: 25px !important;}&#8220;][vc_column][button use_icon=&#8220;yes&#8220; icon_color=&#8220;#ffffff&#8220; t_color=&#8220;#ffffff&#8220; b_color=&#8220;#666666&#8243; radius=&#8220;5&#8243; font_weight=&#8220;500&#8243; url=&#8220;https:\/\/www.marataonline.com\/de\/chilies\/&#8220; position=&#8220;ta_center&#8220; icon=&#8220;cl-left33&#8243;]ZUR\u00dcCKGEHEN[\/button][\/vc_column][\/vc_row]<\/p>\n<\/div>","protected":false},"excerpt":{"rendered":"<p>[vc_row css=&#8220;.vc_custom_1470700463250{margin-top: 0px !important;margin-bottom: 0px !important;border-top-width: 0px !important;border-bottom-width: 0px !important;padding-top: 25px !important;padding-bottom: 10px !important;}&#8220;][vc_column][vc_single_image image=&#8220;467&#8243; img_size=&#8220;170&#215;170&#8243; alignment=&#8220;center&#8220;][\/vc_column][\/vc_row][vc_row css=&#8220;.vc_custom_1470700589617{margin-bottom: 0px !important;border-bottom-width: 0px !important;padding-top: 20px !important;padding-bottom: 20px !important;}&#8220;][vc_column css=&#8220;.vc_custom_1470700607924{margin-bottom: 0px !important;border-bottom-width: 0px !important;padding-bottom: 0px !important;}&#8220;][vc_custom_heading text=&#8220;Ancho&#8220; font_container=&#8220;tag:h2|text_align:center|color:%23ffffff&#8220; use_theme_fonts=&#8220;yes&#8220; css=&#8220;.vc_custom_1470786671079{margin-right: 0px !important;margin-bottom: 0px !important;margin-left: 0px !important;border-right-width: 0px !important;border-bottom-width: 0px !important;border-left-width: 0px !important;background-color: rgba(10,10,10,0.5) !important;*background-color: rgb(10,10,10) !important;}&#8220;][\/vc_column][\/vc_row][vc_row css=&#8220;.vc_custom_1470702561349{margin-top: 0px&hellip; <a class=\"more-link\" href=\"https:\/\/marataonline.com\/de\/products\/chilies\/ancho\/\">Continue reading <span class=\"screen-reader-text\">Ancho<\/span><\/a><\/p>\n","protected":false},"author":1,"featured_media":0,"parent":1619,"menu_order":0,"comment_status":"closed","ping_status":"closed","template":"","meta":{"footnotes":""},"class_list":["post-1650","page","type-page","status-publish","hentry","entry"],"aioseo_notices":[],"_links":{"self":[{"href":"https:\/\/marataonline.com\/de\/wp-json\/wp\/v2\/pages\/1650","targetHints":{"allow":["GET"]}}],"collection":[{"href":"https:\/\/marataonline.com\/de\/wp-json\/wp\/v2\/pages"}],"about":[{"href":"https:\/\/marataonline.com\/de\/wp-json\/wp\/v2\/types\/page"}],"author":[{"embeddable":true,"href":"https:\/\/marataonline.com\/de\/wp-json\/wp\/v2\/users\/1"}],"replies":[{"embeddable":true,"href":"https:\/\/marataonline.com\/de\/wp-json\/wp\/v2\/comments?post=1650"}],"version-history":[{"count":0,"href":"https:\/\/marataonline.com\/de\/wp-json\/wp\/v2\/pages\/1650\/revisions"}],"up":[{"embeddable":true,"href":"https:\/\/marataonline.com\/de\/wp-json\/wp\/v2\/pages\/1619"}],"wp:attachment":[{"href":"https:\/\/marataonline.com\/de\/wp-json\/wp\/v2\/media?parent=1650"}],"curies":[{"name":"wp","href":"https:\/\/api.w.org\/{rel}","templated":true}]}}