{"id":1655,"date":"2016-08-30T18:50:24","date_gmt":"2016-08-31T00:50:24","guid":{"rendered":"https:\/\/marataonline.com\/de\/?page_id=1655"},"modified":"2016-08-30T18:50:24","modified_gmt":"2016-08-31T00:50:24","slug":"guajillo","status":"publish","type":"page","link":"https:\/\/marataonline.com\/de\/products\/chilies\/guajillo\/","title":{"rendered":"Guajillo"},"content":{"rendered":"<div class=\"wpb-content-wrapper\"><p>[vc_row css=&#8220;.vc_custom_1470700463250{margin-top: 0px !important;margin-bottom: 0px !important;border-top-width: 0px !important;border-bottom-width: 0px !important;padding-top: 25px !important;padding-bottom: 10px !important;}&#8220;][vc_column][vc_single_image image=&#8220;469&#8243; img_size=&#8220;170&#215;170&#8243; alignment=&#8220;center&#8220;][\/vc_column][\/vc_row][vc_row css=&#8220;.vc_custom_1470700589617{margin-bottom: 0px !important;border-bottom-width: 0px !important;padding-top: 20px !important;padding-bottom: 20px !important;}&#8220;][vc_column css=&#8220;.vc_custom_1470700607924{margin-bottom: 0px !important;border-bottom-width: 0px !important;padding-bottom: 0px !important;}&#8220;][vc_custom_heading text=&#8220;Guajillo&#8220; font_container=&#8220;tag:h2|text_align:center|color:%23ffffff&#8220; use_theme_fonts=&#8220;yes&#8220; css=&#8220;.vc_custom_1470787591900{margin-right: 0px !important;margin-bottom: 0px !important;margin-left: 0px !important;border-right-width: 0px !important;border-bottom-width: 0px !important;border-left-width: 0px !important;background-color: rgba(10,10,10,0.5) !important;*background-color: rgb(10,10,10) !important;}&#8220;][\/vc_column][\/vc_row][vc_row css=&#8220;.vc_custom_1470702561349{margin-top: 0px !important;margin-bottom: 0px !important;border-top-width: 0px !important;border-bottom-width: 0px !important;padding-top: 0px !important;padding-bottom: 25px !important;}&#8220;][vc_column css=&#8220;.vc_custom_1470700708882{margin-top: 0px !important;margin-bottom: 0px !important;border-top-width: 0px !important;border-bottom-width: 0px !important;padding-top: 0px !important;}&#8220;][vc_column_text css=&#8220;.vc_custom_1472604305781{margin-top: 0px !important;border-top-width: 0px !important;padding-top: 10px !important;}&#8220;]<\/p>\n<p style=\"text-align: justify;\"><span style=\"color: #666666;\">Chili Guajillo ist eine Vielzahl von Chili-Pfeffer von der Art Capsicum Annuum, die in der mexikanischen K\u00fcche weit verbreitet ist. Es ist das beliebteste getrocknete Chili in Mexiko nach Poblanos (Ancho). Die Guajillo Chili d\u00fcnne, tiefrote Fleisch hat ein gr\u00fcner Tee-Aroma mit Berry Obert\u00f6ne. Seine Fr\u00fcchte sind gro\u00df und mild im Geschmack. Mit nur einer kleinen Menge von Hitze, sie werden h\u00e4ufig verwendet, um die Salsa f\u00fcr Tamales zu machen: die getrockneten Fr\u00fcchte werden ausges\u00e4t, getr\u00e4nkt, pulverisiert zu einem d\u00fcnnen Brei, dann gekocht mit Salz und einigen anderen Zutaten eine dicke, rote, w\u00fcrzige Sauce herstellen.<\/span><\/p>\n<p style=\"text-align: justify;\"><span style=\"color: #666666;\">Guajillo Chilis sind in Pasten, Butter oder reibt Geschmack alle Arten von Fleisch-Huhn besonders gro\u00df. Alternativ k\u00f6nnen sie hinzugef\u00fcgt Salsas, s\u00fc\u00dfe Beilage mit einer \u00fcberraschend hei\u00dfen Oberfl\u00e4che zu schaffen. Eine typische Guajillo Chili hat eine l\u00e4ngliche Form, oft mit einer leichten Kurve. Einzelne Paprika sind in der Regel zwischen 10 bis 15 cm mit eine r\u00f6tliche oder br\u00e4unliche Farbe wenn voll reif. Gr\u00fcne, unreife Guajillos werden auch geerntet und in der K\u00fcche verwendet.<\/span><\/p>\n<p style=\"text-align: justify;\"><span style=\"color: #666666;\">Wenn gekocht, tendenziell die reifer Paprika eine gelbliche Farbe etwas zu essen geben. Diejenigen, die mit Chili Guajillo Kochen genie\u00dfen Sie die leicht fruchtig, beeren\u00e4hnlichen s\u00fc\u00dfe und mittlere Gew\u00fcrz Paprika, zusammen mit einigen Tannin und einem Hauch von Kiefer. Wegen dieser Pfeffer s\u00fc\u00dfe W\u00fcrze-Verh\u00e4ltnis werden Guajillo Chilis in die mexikanische Sauce bekannt als Maulwurf h\u00e4ufig. Diese Art der So\u00dfe enth\u00e4lt oft bittere Schokolade, Rosinen und einigen anderen Zutaten. Ancho, Pasilla und Guajillo Chilis werden im Volksmund als die &#8222;Heilige Dreifaltigkeit Paprika&#8220; kategorisiert und gelten zu den besten f\u00fcr die Herstellung einer authentischen Moleso\u00dfe.<\/span><\/p>\n<p>[\/vc_column_text][rd_line type=&#8220;rd_line_dashed&#8220; color=&#8220;#666666&#8243; line_pos=&#8220;center&#8220;][vc_custom_heading text=&#8220;Sterilisierte sind auf Anfrage&#8220; font_container=&#8220;tag:h3|text_align:left&#8220; use_theme_fonts=&#8220;yes&#8220; css=&#8220;.vc_custom_1472604344955{margin-top: 0px !important;margin-bottom: 0px !important;border-top-width: 0px !important;border-bottom-width: 0px !important;padding-top: 20px !important;padding-bottom: 20px !important;}&#8220;][vc_row_inner][vc_column_inner width=&#8220;1\/2&#8243;][vc_column_text]<strong>Nordamerika<\/strong><br \/>\n&#8211; Ged\u00e4mpfte (Kalifornien &amp; Mittelwesten)<br \/>\n-ETO behandelt<br \/>\n-Gamma behandelt[\/vc_column_text][\/vc_column_inner][vc_column_inner width=&#8220;1\/2&#8243;][vc_column_text]<strong>Europa<\/strong><br \/>\n&#8211; Ged\u00e4mpfte (Hamburg)[\/vc_column_text][\/vc_column_inner][\/vc_row_inner][rd_line type=&#8220;rd_line_dashed&#8220; color=&#8220;#666666&#8243; line_pos=&#8220;center&#8220;][\/vc_column][\/vc_row][vc_row css=&#8220;.vc_custom_1470701737131{margin-top: 0px !important;margin-bottom: 0px !important;border-top-width: 0px !important;border-bottom-width: 0px !important;padding-bottom: 40px !important;}&#8220;][vc_column width=&#8220;1\/6&#8243;][vc_single_image image=&#8220;677&#8243; img_size=&#8220;80X80&#8243; alignment=&#8220;center&#8220; style=&#8220;vc_box_rounded&#8220; css=&#8220;.vc_custom_1470787634981{margin-top: 20px !important;margin-bottom: 10px !important;border-bottom-width: 0px !important;}&#8220;][vc_custom_heading text=&#8220;Ganze&#8220; font_container=&#8220;tag:h5|text_align:center|color:%23414141&#8243; google_fonts=&#8220;font_family:Signika%3A300%2Cregular%2C600%2C700|font_style:400%20regular%3A400%3Anormal&#8220; css=&#8220;.vc_custom_1472604494614{margin-top: 0px !important;margin-bottom: 10px !important;border-top-width: 0px !important;border-bottom-width: 0px !important;}&#8220;][button t_color=&#8220;#ffffff&#8220; b_color=&#8220;#34a9c6&#8243; t_hover_color=&#8220;#414141&#8243; b_hover_color=&#8220;#ffda8a&#8220; radius=&#8220;5&#8243; font_weight=&#8220;300&#8243; url=&#8220;https:\/\/marataonline.com\/pdfs\/guajillo\/guajillowholespecs.pdf&#8220; target=&#8220;yes&#8220; position=&#8220;ta_center&#8220; mb=&#8220;5&#8243;]Specs[\/button][button t_color=&#8220;#ffffff&#8220; b_color=&#8220;#34a9c6&#8243; t_hover_color=&#8220;#414141&#8243; b_hover_color=&#8220;#ffda8a&#8220; radius=&#8220;5&#8243; font_weight=&#8220;300&#8243; url=&#8220;https:\/\/marataonline.com\/pdfs\/guajillo\/guajillowholemsds.pdf&#8220; target=&#8220;yes&#8220; position=&#8220;ta_center&#8220;]MSDS[\/button][\/vc_column][vc_column width=&#8220;1\/6&#8243;][vc_single_image image=&#8220;678&#8243; img_size=&#8220;80X80&#8243; alignment=&#8220;center&#8220; style=&#8220;vc_box_rounded&#8220; css=&#8220;.vc_custom_1470787651325{margin-top: 20px !important;margin-bottom: 10px !important;border-bottom-width: 0px !important;}&#8220;][vc_custom_heading text=&#8220;Ganze stengellose&#8220; font_container=&#8220;tag:h5|text_align:center|color:%23414141&#8243; google_fonts=&#8220;font_family:Signika%3A300%2Cregular%2C600%2C700|font_style:400%20regular%3A400%3Anormal&#8220; css=&#8220;.vc_custom_1472604500217{margin-top: 0px !important;margin-bottom: 10px !important;border-top-width: 0px !important;border-bottom-width: 0px !important;}&#8220;][button t_color=&#8220;#ffffff&#8220; b_color=&#8220;#34a9c6&#8243; t_hover_color=&#8220;#414141&#8243; b_hover_color=&#8220;#ffda8a&#8220; radius=&#8220;5&#8243; font_weight=&#8220;300&#8243; url=&#8220;https:\/\/marataonline.com\/pdfs\/guajillo\/guajillostemlessspecs.pdf&#8220; target=&#8220;yes&#8220; position=&#8220;ta_center&#8220; mb=&#8220;5&#8243;]Specs[\/button][button t_color=&#8220;#ffffff&#8220; b_color=&#8220;#34a9c6&#8243; t_hover_color=&#8220;#414141&#8243; b_hover_color=&#8220;#ffda8a&#8220; radius=&#8220;5&#8243; font_weight=&#8220;300&#8243; url=&#8220;https:\/\/marataonline.com\/pdfs\/guajillo\/guajillostemlessmsds.pdf&#8220; target=&#8220;yes&#8220; position=&#8220;ta_center&#8220;]MSDS[\/button][\/vc_column][vc_column width=&#8220;1\/6&#8243;][vc_single_image image=&#8220;679&#8243; img_size=&#8220;80X80&#8243; alignment=&#8220;center&#8220; style=&#8220;vc_box_rounded&#8220; css=&#8220;.vc_custom_1470787663785{margin-top: 20px !important;margin-bottom: 10px !important;border-bottom-width: 0px !important;}&#8220;][vc_custom_heading text=&#8220;Einzelne W\u00fcrfel 6mm Kernloss&#8220; font_container=&#8220;tag:h5|text_align:center|color:%23414141&#8243; google_fonts=&#8220;font_family:Signika%3A300%2Cregular%2C600%2C700|font_style:400%20regular%3A400%3Anormal&#8220; css=&#8220;.vc_custom_1472604506890{margin-top: 0px !important;margin-bottom: 10px !important;border-top-width: 0px !important;border-bottom-width: 0px !important;}&#8220;][button t_color=&#8220;#ffffff&#8220; b_color=&#8220;#34a9c6&#8243; t_hover_color=&#8220;#414141&#8243; b_hover_color=&#8220;#ffda8a&#8220; radius=&#8220;5&#8243; font_weight=&#8220;300&#8243; url=&#8220;https:\/\/marataonline.com\/pdfs\/guajillo\/guajillodicesspecs.pdf&#8220; target=&#8220;yes&#8220; position=&#8220;ta_center&#8220; mb=&#8220;5&#8243;]Specs[\/button][button t_color=&#8220;#ffffff&#8220; b_color=&#8220;#34a9c6&#8243; t_hover_color=&#8220;#414141&#8243; b_hover_color=&#8220;#ffda8a&#8220; radius=&#8220;5&#8243; font_weight=&#8220;300&#8243; url=&#8220;https:\/\/marataonline.com\/pdfs\/guajillo\/guajillodicesmsds.pdf&#8220; target=&#8220;yes&#8220; position=&#8220;ta_center&#8220;]MSDS[\/button][\/vc_column][vc_column width=&#8220;1\/6&#8243;][vc_single_image image=&#8220;680&#8243; img_size=&#8220;80X80&#8243; alignment=&#8220;center&#8220; style=&#8220;vc_box_rounded&#8220; css=&#8220;.vc_custom_1470787682278{margin-top: 20px !important;margin-bottom: 10px !important;border-bottom-width: 0px !important;}&#8220;][vc_custom_heading text=&#8220;Flocken -4 +8&#8243; font_container=&#8220;tag:h5|text_align:center|color:%23414141&#8243; google_fonts=&#8220;font_family:Signika%3A300%2Cregular%2C600%2C700|font_style:400%20regular%3A400%3Anormal&#8220; css=&#8220;.vc_custom_1472604513049{margin-top: 0px !important;margin-bottom: 10px !important;border-top-width: 0px !important;border-bottom-width: 0px !important;}&#8220;][button t_color=&#8220;#ffffff&#8220; b_color=&#8220;#34a9c6&#8243; t_hover_color=&#8220;#414141&#8243; b_hover_color=&#8220;#ffda8a&#8220; radius=&#8220;5&#8243; font_weight=&#8220;300&#8243; url=&#8220;https:\/\/marataonline.com\/pdfs\/guajillo\/guajilloflakesspecs.pdf&#8220; target=&#8220;yes&#8220; position=&#8220;ta_center&#8220; mb=&#8220;5&#8243;]Specs[\/button][button t_color=&#8220;#ffffff&#8220; b_color=&#8220;#34a9c6&#8243; t_hover_color=&#8220;#414141&#8243; b_hover_color=&#8220;#ffda8a&#8220; radius=&#8220;5&#8243; font_weight=&#8220;300&#8243; url=&#8220;https:\/\/marataonline.com\/pdfs\/guajillo\/guajilloflakesmsds.pdf&#8220; target=&#8220;yes&#8220; position=&#8220;ta_center&#8220;]MSDS[\/button][\/vc_column][vc_column width=&#8220;1\/6&#8243;][vc_single_image image=&#8220;681&#8243; img_size=&#8220;80X80&#8243; alignment=&#8220;center&#8220; style=&#8220;vc_box_rounded&#8220; css=&#8220;.vc_custom_1470787693853{margin-top: 20px !important;margin-bottom: 10px !important;border-bottom-width: 0px !important;}&#8220;][vc_custom_heading text=&#8220;Granulate -8 +20&#8243; font_container=&#8220;tag:h5|text_align:center|color:%23414141&#8243; google_fonts=&#8220;font_family:Signika%3A300%2Cregular%2C600%2C700|font_style:400%20regular%3A400%3Anormal&#8220; css=&#8220;.vc_custom_1472604518532{margin-top: 0px !important;margin-bottom: 10px !important;border-top-width: 0px !important;border-bottom-width: 0px !important;}&#8220;][button t_color=&#8220;#ffffff&#8220; b_color=&#8220;#34a9c6&#8243; t_hover_color=&#8220;#414141&#8243; b_hover_color=&#8220;#ffda8a&#8220; radius=&#8220;5&#8243; font_weight=&#8220;300&#8243; url=&#8220;https:\/\/marataonline.com\/pdfs\/guajillo\/guajillogranulesspecs.pdf&#8220; target=&#8220;yes&#8220; position=&#8220;ta_center&#8220; mb=&#8220;5&#8243;]Specs[\/button][button t_color=&#8220;#ffffff&#8220; b_color=&#8220;#34a9c6&#8243; t_hover_color=&#8220;#414141&#8243; b_hover_color=&#8220;#ffda8a&#8220; radius=&#8220;5&#8243; font_weight=&#8220;300&#8243; url=&#8220;https:\/\/marataonline.com\/pdfs\/guajillo\/guajillogranulesmsds.pdf&#8220; target=&#8220;yes&#8220; position=&#8220;ta_center&#8220;]MSDS[\/button][\/vc_column][vc_column width=&#8220;1\/6&#8243;][vc_single_image image=&#8220;682&#8243; img_size=&#8220;80X80&#8243; alignment=&#8220;center&#8220; style=&#8220;vc_box_rounded&#8220; css=&#8220;.vc_custom_1470787706255{margin-top: 20px !important;margin-bottom: 10px !important;border-bottom-width: 0px !important;}&#8220;][vc_custom_heading text=&#8220;Pulver USS 40&#8243; font_container=&#8220;tag:h5|text_align:center|color:%23414141&#8243; google_fonts=&#8220;font_family:Signika%3A300%2Cregular%2C600%2C700|font_style:400%20regular%3A400%3Anormal&#8220; css=&#8220;.vc_custom_1472604525590{margin-top: 0px !important;margin-bottom: 10px !important;border-top-width: 0px !important;border-bottom-width: 0px !important;}&#8220;][button t_color=&#8220;#ffffff&#8220; b_color=&#8220;#34a9c6&#8243; t_hover_color=&#8220;#414141&#8243; b_hover_color=&#8220;#ffda8a&#8220; radius=&#8220;5&#8243; font_weight=&#8220;300&#8243; url=&#8220;https:\/\/marataonline.com\/pdfs\/guajillo\/guajillopowderspecs.pdf&#8220; target=&#8220;yes&#8220; position=&#8220;ta_center&#8220; mb=&#8220;5&#8243;]Specs[\/button][button t_color=&#8220;#ffffff&#8220; b_color=&#8220;#34a9c6&#8243; t_hover_color=&#8220;#414141&#8243; b_hover_color=&#8220;#ffda8a&#8220; radius=&#8220;5&#8243; font_weight=&#8220;300&#8243; url=&#8220;https:\/\/marataonline.com\/pdfs\/guajillo\/guajillopowdermsds.pdf&#8220; target=&#8220;yes&#8220; position=&#8220;ta_center&#8220;]MSDS[\/button][\/vc_column][\/vc_row][vc_row css=&#8220;.vc_custom_1470702000839{padding-top: 25px !important;}&#8220;][vc_column][button use_icon=&#8220;yes&#8220; icon_color=&#8220;#ffffff&#8220; t_color=&#8220;#ffffff&#8220; b_color=&#8220;#666666&#8243; radius=&#8220;5&#8243; font_weight=&#8220;500&#8243; url=&#8220;https:\/\/www.marataonline.com\/de\/chilies\/&#8220; position=&#8220;ta_center&#8220; icon=&#8220;cl-left33&#8243;]ZUR\u00dcCKGEHEN[\/button][\/vc_column][\/vc_row]<\/p>\n<\/div>","protected":false},"excerpt":{"rendered":"<p>[vc_row css=&#8220;.vc_custom_1470700463250{margin-top: 0px !important;margin-bottom: 0px !important;border-top-width: 0px !important;border-bottom-width: 0px !important;padding-top: 25px !important;padding-bottom: 10px !important;}&#8220;][vc_column][vc_single_image image=&#8220;469&#8243; img_size=&#8220;170&#215;170&#8243; alignment=&#8220;center&#8220;][\/vc_column][\/vc_row][vc_row css=&#8220;.vc_custom_1470700589617{margin-bottom: 0px !important;border-bottom-width: 0px !important;padding-top: 20px !important;padding-bottom: 20px !important;}&#8220;][vc_column css=&#8220;.vc_custom_1470700607924{margin-bottom: 0px !important;border-bottom-width: 0px !important;padding-bottom: 0px !important;}&#8220;][vc_custom_heading text=&#8220;Guajillo&#8220; font_container=&#8220;tag:h2|text_align:center|color:%23ffffff&#8220; use_theme_fonts=&#8220;yes&#8220; css=&#8220;.vc_custom_1470787591900{margin-right: 0px !important;margin-bottom: 0px !important;margin-left: 0px !important;border-right-width: 0px !important;border-bottom-width: 0px !important;border-left-width: 0px !important;background-color: rgba(10,10,10,0.5) !important;*background-color: rgb(10,10,10) !important;}&#8220;][\/vc_column][\/vc_row][vc_row css=&#8220;.vc_custom_1470702561349{margin-top: 0px&hellip; <a class=\"more-link\" href=\"https:\/\/marataonline.com\/de\/products\/chilies\/guajillo\/\">Continue reading <span class=\"screen-reader-text\">Guajillo<\/span><\/a><\/p>\n","protected":false},"author":1,"featured_media":0,"parent":1619,"menu_order":0,"comment_status":"closed","ping_status":"closed","template":"","meta":{"footnotes":""},"class_list":["post-1655","page","type-page","status-publish","hentry","entry"],"aioseo_notices":[],"_links":{"self":[{"href":"https:\/\/marataonline.com\/de\/wp-json\/wp\/v2\/pages\/1655","targetHints":{"allow":["GET"]}}],"collection":[{"href":"https:\/\/marataonline.com\/de\/wp-json\/wp\/v2\/pages"}],"about":[{"href":"https:\/\/marataonline.com\/de\/wp-json\/wp\/v2\/types\/page"}],"author":[{"embeddable":true,"href":"https:\/\/marataonline.com\/de\/wp-json\/wp\/v2\/users\/1"}],"replies":[{"embeddable":true,"href":"https:\/\/marataonline.com\/de\/wp-json\/wp\/v2\/comments?post=1655"}],"version-history":[{"count":0,"href":"https:\/\/marataonline.com\/de\/wp-json\/wp\/v2\/pages\/1655\/revisions"}],"up":[{"embeddable":true,"href":"https:\/\/marataonline.com\/de\/wp-json\/wp\/v2\/pages\/1619"}],"wp:attachment":[{"href":"https:\/\/marataonline.com\/de\/wp-json\/wp\/v2\/media?parent=1655"}],"curies":[{"name":"wp","href":"https:\/\/api.w.org\/{rel}","templated":true}]}}