{"id":1656,"date":"2016-08-30T18:50:16","date_gmt":"2016-08-31T00:50:16","guid":{"rendered":"https:\/\/marataonline.com\/de\/?page_id=1656"},"modified":"2016-08-30T18:50:16","modified_gmt":"2016-08-31T00:50:16","slug":"habanero","status":"publish","type":"page","link":"https:\/\/marataonline.com\/de\/products\/chilies\/habanero\/","title":{"rendered":"Habanero"},"content":{"rendered":"<div class=\"wpb-content-wrapper\"><p>[vc_row css=&#8220;.vc_custom_1470700463250{margin-top: 0px !important;margin-bottom: 0px !important;border-top-width: 0px !important;border-bottom-width: 0px !important;padding-top: 25px !important;padding-bottom: 10px !important;}&#8220;][vc_column][vc_single_image image=&#8220;470&#8243; img_size=&#8220;170&#215;170&#8243; alignment=&#8220;center&#8220;][\/vc_column][\/vc_row][vc_row css=&#8220;.vc_custom_1470700589617{margin-bottom: 0px !important;border-bottom-width: 0px !important;padding-top: 20px !important;padding-bottom: 20px !important;}&#8220;][vc_column css=&#8220;.vc_custom_1470700607924{margin-bottom: 0px !important;border-bottom-width: 0px !important;padding-bottom: 0px !important;}&#8220;][vc_custom_heading text=&#8220;Habanero (Rot und Gr\u00fcn)&#8220; font_container=&#8220;tag:h2|text_align:center|color:%23ffffff&#8220; use_theme_fonts=&#8220;yes&#8220; css=&#8220;.vc_custom_1472604458433{margin-right: 0px !important;margin-bottom: 0px !important;margin-left: 0px !important;border-right-width: 0px !important;border-bottom-width: 0px !important;border-left-width: 0px !important;background-color: rgba(10,10,10,0.5) !important;*background-color: rgb(10,10,10) !important;}&#8220;][\/vc_column][\/vc_row][vc_row css=&#8220;.vc_custom_1470702561349{margin-top: 0px !important;margin-bottom: 0px !important;border-top-width: 0px !important;border-bottom-width: 0px !important;padding-top: 0px !important;padding-bottom: 25px !important;}&#8220;][vc_column css=&#8220;.vc_custom_1470700708882{margin-top: 0px !important;margin-bottom: 0px !important;border-top-width: 0px !important;border-bottom-width: 0px !important;padding-top: 0px !important;}&#8220;][vc_column_text css=&#8220;.vc_custom_1472604331306{margin-top: 0px !important;border-top-width: 0px !important;padding-top: 10px !important;}&#8220;]<\/p>\n<p style=\"text-align: justify;\"><span style=\"color: #666666;\">Habanero Paprika sind offiziell die hei\u00dfesten Paprika in der Welt. Hei\u00df, aber nicht die hei\u00dfesten aktenkundig, Habanero Peppers sind in der Regel im Bereich von 100.000-350.000 Scoville-Einheiten. Aber die Naga-diablo Chilli, die Ger\u00fcchten eine Habanero sein zufolge, erreichen mehr als 1 Million Ma\u00dfeinheiten Hitze und ist offiziell der weltweit hei\u00dfesten Pfeffer. Unripen Habaneros sind gr\u00fcn, aber sie k\u00f6nnen Reifen zu einer Reihe von Farben: Orange, rot, wei\u00df, braun oder rosa.<\/span><\/p>\n<p style=\"text-align: justify;\"><span style=\"color: #666666;\">Der Name Habanero wird gedacht, um aus Havanna, Kuba, und Habaneros, die ihren Ursprung in der Karibik und in der N\u00e4he s\u00fcdamerikanischen Amazonasgebiet gekommen sind. Wenn ihr lateinischen Name &#8222;Capsicum Chinense&#8220; gegeben wurde die Habanero irrt\u00fcmlich gedacht, seinen Ursprung in China haben. Wegen ihrer hohen Hitze sind Habanero Peppers eine sehr beliebte Zutat in der hei\u00dfen So\u00dfe. Heute ist die Laterne gepr\u00e4gt orange Habanero Chili in Mexiko kommerziell angebaut.<\/span><\/p>\n<p style=\"text-align: justify;\"><span style=\"color: #666666;\">Als tropische Pflanzen bevorzugen sie warme N\u00e4chte und viel Feuchtigkeit. Trockenheit und andere Arten von Stress dazu f\u00fchren, dass die Pflanzen, hei\u00dfer Paprika zu produzieren. Habanero sind auch langsame Z\u00fcchter; die Pflanzen nehmen mehr als 100 Tage Reife Schoten zu produzieren. Diese lange Vegetationsperiode, kombiniert mit dem Stress induzierten Heizstufe bedeutet die W\u00e4rme jedes einzelnen Habanero Pfeffer sehr unberechenbar ist. Mit dieser Hitze kann es schwer sein, andere Geschmacksrichtungen in eine Habanero Chili, aber diejenigen, die sie als &#8222;fruchtig&#8220;, &#8222;floral&#8220; oder &#8222;smokey&#8220; bezeichnen k\u00f6nnen, zu erkennen.<\/span><\/p>\n<p>[\/vc_column_text][rd_line type=&#8220;rd_line_dashed&#8220; color=&#8220;#666666&#8243; line_pos=&#8220;center&#8220;][vc_custom_heading text=&#8220;Sterilisierte sind auf Anfrage&#8220; font_container=&#8220;tag:h3|text_align:left&#8220; use_theme_fonts=&#8220;yes&#8220; css=&#8220;.vc_custom_1472604357135{margin-top: 0px !important;margin-bottom: 0px !important;border-top-width: 0px !important;border-bottom-width: 0px !important;padding-top: 20px !important;padding-bottom: 20px !important;}&#8220;][vc_row_inner][vc_column_inner width=&#8220;1\/2&#8243;][vc_column_text]<strong>Nordamerika<\/strong><br \/>\n&#8211; Ged\u00e4mpfte (Kalifornien &amp; Mittelwesten)<br \/>\n-ETO behandelt<br \/>\n-Gamma behandelt[\/vc_column_text][\/vc_column_inner][vc_column_inner width=&#8220;1\/2&#8243;][vc_column_text]<strong>Europa<\/strong><br \/>\n&#8211; Ged\u00e4mpfte (Hamburg)[\/vc_column_text][\/vc_column_inner][\/vc_row_inner][rd_line type=&#8220;rd_line_dashed&#8220; color=&#8220;#666666&#8243; line_pos=&#8220;center&#8220;][\/vc_column][\/vc_row][vc_row css=&#8220;.vc_custom_1470701737131{margin-top: 0px !important;margin-bottom: 0px !important;border-top-width: 0px !important;border-bottom-width: 0px !important;padding-bottom: 40px !important;}&#8220;][vc_column width=&#8220;1\/6&#8243;][vc_single_image image=&#8220;683&#8243; img_size=&#8220;80X80&#8243; alignment=&#8220;center&#8220; style=&#8220;vc_box_rounded&#8220; css=&#8220;.vc_custom_1470787807431{margin-top: 20px !important;margin-bottom: 10px !important;border-bottom-width: 0px !important;}&#8220;][vc_custom_heading text=&#8220;Ganze&#8220; font_container=&#8220;tag:h5|text_align:center|color:%23414141&#8243; google_fonts=&#8220;font_family:Signika%3A300%2Cregular%2C600%2C700|font_style:400%20regular%3A400%3Anormal&#8220; css=&#8220;.vc_custom_1472604533748{margin-top: 0px !important;margin-bottom: 10px !important;border-top-width: 0px !important;border-bottom-width: 0px !important;}&#8220;][button t_color=&#8220;#ffffff&#8220; b_color=&#8220;#34a9c6&#8243; t_hover_color=&#8220;#414141&#8243; b_hover_color=&#8220;#ffda8a&#8220; radius=&#8220;5&#8243; font_weight=&#8220;300&#8243; url=&#8220;https:\/\/marataonline.com\/pdfs\/habanero\/habanerorwholespecs.pdf&#8220; target=&#8220;yes&#8220; position=&#8220;ta_center&#8220; mb=&#8220;5&#8243;]Specs[\/button][button t_color=&#8220;#ffffff&#8220; b_color=&#8220;#34a9c6&#8243; t_hover_color=&#8220;#414141&#8243; b_hover_color=&#8220;#ffda8a&#8220; radius=&#8220;5&#8243; font_weight=&#8220;300&#8243; url=&#8220;https:\/\/marataonline.com\/pdfs\/habanero\/habanerorwholemsds.pdf&#8220; target=&#8220;yes&#8220; position=&#8220;ta_center&#8220;]MSDS[\/button][\/vc_column][vc_column width=&#8220;1\/6&#8243;][vc_single_image image=&#8220;684&#8243; img_size=&#8220;80X80&#8243; alignment=&#8220;center&#8220; style=&#8220;vc_box_rounded&#8220; css=&#8220;.vc_custom_1470787816663{margin-top: 20px !important;margin-bottom: 10px !important;border-bottom-width: 0px !important;}&#8220;][vc_custom_heading text=&#8220;Ganze stengellose&#8220; font_container=&#8220;tag:h5|text_align:center|color:%23414141&#8243; google_fonts=&#8220;font_family:Signika%3A300%2Cregular%2C600%2C700|font_style:400%20regular%3A400%3Anormal&#8220; css=&#8220;.vc_custom_1472604543095{margin-top: 0px !important;margin-bottom: 10px !important;border-top-width: 0px !important;border-bottom-width: 0px !important;}&#8220;][button t_color=&#8220;#ffffff&#8220; b_color=&#8220;#34a9c6&#8243; t_hover_color=&#8220;#414141&#8243; b_hover_color=&#8220;#ffda8a&#8220; radius=&#8220;5&#8243; font_weight=&#8220;300&#8243; url=&#8220;https:\/\/marataonline.com\/pdfs\/habanero\/habanerorstemlessspecs.pdf&#8220; target=&#8220;yes&#8220; position=&#8220;ta_center&#8220; mb=&#8220;5&#8243;]Specs[\/button][button t_color=&#8220;#ffffff&#8220; b_color=&#8220;#34a9c6&#8243; t_hover_color=&#8220;#414141&#8243; b_hover_color=&#8220;#ffda8a&#8220; radius=&#8220;5&#8243; font_weight=&#8220;300&#8243; url=&#8220;https:\/\/marataonline.com\/pdfs\/habanero\/habanerorstemlessmsds.pdf&#8220; target=&#8220;yes&#8220; position=&#8220;ta_center&#8220;]MSDS[\/button][\/vc_column][vc_column width=&#8220;1\/6&#8243;][vc_single_image image=&#8220;685&#8243; img_size=&#8220;80X80&#8243; alignment=&#8220;center&#8220; style=&#8220;vc_box_rounded&#8220; css=&#8220;.vc_custom_1470787826323{margin-top: 20px !important;margin-bottom: 10px !important;border-bottom-width: 0px !important;}&#8220;][vc_custom_heading text=&#8220;Einzelne W\u00fcrfel 6mm Kernloss&#8220; font_container=&#8220;tag:h5|text_align:center|color:%23414141&#8243; google_fonts=&#8220;font_family:Signika%3A300%2Cregular%2C600%2C700|font_style:400%20regular%3A400%3Anormal&#8220; css=&#8220;.vc_custom_1472604549350{margin-top: 0px !important;margin-bottom: 10px !important;border-top-width: 0px !important;border-bottom-width: 0px !important;}&#8220;][button t_color=&#8220;#ffffff&#8220; b_color=&#8220;#34a9c6&#8243; t_hover_color=&#8220;#414141&#8243; b_hover_color=&#8220;#ffda8a&#8220; radius=&#8220;5&#8243; font_weight=&#8220;300&#8243; url=&#8220;https:\/\/marataonline.com\/pdfs\/habanero\/habanerordicesspecs.pdf&#8220; target=&#8220;yes&#8220; position=&#8220;ta_center&#8220; mb=&#8220;5&#8243;]Specs[\/button][button t_color=&#8220;#ffffff&#8220; b_color=&#8220;#34a9c6&#8243; t_hover_color=&#8220;#414141&#8243; b_hover_color=&#8220;#ffda8a&#8220; radius=&#8220;5&#8243; font_weight=&#8220;300&#8243; url=&#8220;https:\/\/marataonline.com\/pdfs\/habanero\/habanerordicesmsds.pdf&#8220; target=&#8220;yes&#8220; position=&#8220;ta_center&#8220;]MSDS[\/button][\/vc_column][vc_column width=&#8220;1\/6&#8243;][vc_single_image image=&#8220;686&#8243; img_size=&#8220;80X80&#8243; alignment=&#8220;center&#8220; style=&#8220;vc_box_rounded&#8220; css=&#8220;.vc_custom_1470787835443{margin-top: 20px !important;margin-bottom: 10px !important;border-bottom-width: 0px !important;}&#8220;][vc_custom_heading text=&#8220;Flocken -4 +8&#8243; font_container=&#8220;tag:h5|text_align:center|color:%23414141&#8243; google_fonts=&#8220;font_family:Signika%3A300%2Cregular%2C600%2C700|font_style:400%20regular%3A400%3Anormal&#8220; css=&#8220;.vc_custom_1472604570172{margin-top: 0px !important;margin-bottom: 10px !important;border-top-width: 0px !important;border-bottom-width: 0px !important;}&#8220;][button t_color=&#8220;#ffffff&#8220; b_color=&#8220;#34a9c6&#8243; t_hover_color=&#8220;#414141&#8243; b_hover_color=&#8220;#ffda8a&#8220; radius=&#8220;5&#8243; font_weight=&#8220;300&#8243; url=&#8220;https:\/\/marataonline.com\/pdfs\/habanero\/habanerorflakesspecs.pdf&#8220; target=&#8220;yes&#8220; position=&#8220;ta_center&#8220; mb=&#8220;5&#8243;]Specs[\/button][button t_color=&#8220;#ffffff&#8220; b_color=&#8220;#34a9c6&#8243; t_hover_color=&#8220;#414141&#8243; b_hover_color=&#8220;#ffda8a&#8220; radius=&#8220;5&#8243; font_weight=&#8220;300&#8243; url=&#8220;https:\/\/marataonline.com\/pdfs\/habanero\/habanerorflakesmsds.pdf&#8220; target=&#8220;yes&#8220; position=&#8220;ta_center&#8220;]MSDS[\/button][\/vc_column][vc_column width=&#8220;1\/6&#8243;][vc_single_image image=&#8220;687&#8243; img_size=&#8220;80X80&#8243; alignment=&#8220;center&#8220; style=&#8220;vc_box_rounded&#8220; css=&#8220;.vc_custom_1470787844619{margin-top: 20px !important;margin-bottom: 10px !important;border-bottom-width: 0px !important;}&#8220;][vc_custom_heading text=&#8220;Granulate -8 +20&#8243; font_container=&#8220;tag:h5|text_align:center|color:%23414141&#8243; google_fonts=&#8220;font_family:Signika%3A300%2Cregular%2C600%2C700|font_style:400%20regular%3A400%3Anormal&#8220; css=&#8220;.vc_custom_1472604579368{margin-top: 0px !important;margin-bottom: 10px !important;border-top-width: 0px !important;border-bottom-width: 0px !important;}&#8220;][button t_color=&#8220;#ffffff&#8220; b_color=&#8220;#34a9c6&#8243; t_hover_color=&#8220;#414141&#8243; b_hover_color=&#8220;#ffda8a&#8220; radius=&#8220;5&#8243; font_weight=&#8220;300&#8243; url=&#8220;https:\/\/marataonline.com\/pdfs\/habanero\/habanerorgranulesspecs.pdf&#8220; target=&#8220;yes&#8220; position=&#8220;ta_center&#8220; mb=&#8220;5&#8243;]Specs[\/button][button t_color=&#8220;#ffffff&#8220; b_color=&#8220;#34a9c6&#8243; t_hover_color=&#8220;#414141&#8243; b_hover_color=&#8220;#ffda8a&#8220; radius=&#8220;5&#8243; font_weight=&#8220;300&#8243; url=&#8220;https:\/\/marataonline.com\/pdfs\/habanero\/habanerorgranulesmsds.pdf&#8220; target=&#8220;yes&#8220; position=&#8220;ta_center&#8220;]MSDS[\/button][\/vc_column][vc_column width=&#8220;1\/6&#8243;][vc_single_image image=&#8220;688&#8243; img_size=&#8220;80X80&#8243; alignment=&#8220;center&#8220; style=&#8220;vc_box_rounded&#8220; css=&#8220;.vc_custom_1470787852983{margin-top: 20px !important;margin-bottom: 10px !important;border-bottom-width: 0px !important;}&#8220;][vc_custom_heading text=&#8220;Pulver USS 40&#8243; font_container=&#8220;tag:h5|text_align:center|color:%23414141&#8243; google_fonts=&#8220;font_family:Signika%3A300%2Cregular%2C600%2C700|font_style:400%20regular%3A400%3Anormal&#8220; css=&#8220;.vc_custom_1472604599834{margin-top: 0px !important;margin-bottom: 10px !important;border-top-width: 0px !important;border-bottom-width: 0px !important;}&#8220;][button t_color=&#8220;#ffffff&#8220; b_color=&#8220;#34a9c6&#8243; t_hover_color=&#8220;#414141&#8243; b_hover_color=&#8220;#ffda8a&#8220; radius=&#8220;5&#8243; font_weight=&#8220;300&#8243; url=&#8220;https:\/\/marataonline.com\/pdfs\/habanero\/habanerorpowderspecs.pdf&#8220; target=&#8220;yes&#8220; position=&#8220;ta_center&#8220; mb=&#8220;5&#8243;]Specs[\/button][button t_color=&#8220;#ffffff&#8220; b_color=&#8220;#34a9c6&#8243; t_hover_color=&#8220;#414141&#8243; b_hover_color=&#8220;#ffda8a&#8220; radius=&#8220;5&#8243; font_weight=&#8220;300&#8243; url=&#8220;https:\/\/marataonline.com\/pdfs\/habanero\/habanerorpowdermsds.pdf&#8220; target=&#8220;yes&#8220; position=&#8220;ta_center&#8220;]MSDS[\/button][\/vc_column][\/vc_row][vc_row css=&#8220;.vc_custom_1470701737131{margin-top: 0px !important;margin-bottom: 0px !important;border-top-width: 0px !important;border-bottom-width: 0px !important;padding-bottom: 40px !important;}&#8220;][vc_column width=&#8220;1\/6&#8243;][vc_empty_space height=&#8220;1px&#8220;][\/vc_column][vc_column width=&#8220;1\/6&#8243;][vc_single_image image=&#8220;596&#8243; img_size=&#8220;80X80&#8243; alignment=&#8220;center&#8220; style=&#8220;vc_box_rounded&#8220; css=&#8220;.vc_custom_1470705343088{margin-top: 20px !important;margin-bottom: 10px !important;border-bottom-width: 0px !important;}&#8220;][vc_custom_heading text=&#8220;Einzelne W\u00fcrfel 6mm Kernloss&#8220; font_container=&#8220;tag:h5|text_align:center|color:%23414141&#8243; google_fonts=&#8220;font_family:Signika%3A300%2Cregular%2C600%2C700|font_style:400%20regular%3A400%3Anormal&#8220; css=&#8220;.vc_custom_1472604558920{margin-top: 0px !important;margin-bottom: 10px !important;border-top-width: 0px !important;border-bottom-width: 0px !important;}&#8220;][button t_color=&#8220;#ffffff&#8220; b_color=&#8220;#34a9c6&#8243; t_hover_color=&#8220;#414141&#8243; b_hover_color=&#8220;#ffda8a&#8220; radius=&#8220;5&#8243; font_weight=&#8220;300&#8243; url=&#8220;https:\/\/marataonline.com\/pdfs\/habanero\/habanerogdicesmsds.pdf&#8220; target=&#8220;yes&#8220; position=&#8220;ta_center&#8220;]MSDS[\/button][\/vc_column][vc_column width=&#8220;1\/6&#8243;][vc_single_image image=&#8220;597&#8243; img_size=&#8220;80X80&#8243; alignment=&#8220;center&#8220; style=&#8220;vc_box_rounded&#8220; css=&#8220;.vc_custom_1470705355191{margin-top: 20px !important;margin-bottom: 10px !important;border-bottom-width: 0px !important;}&#8220;][vc_custom_heading text=&#8220;Flocken -4 +8&#8243; font_container=&#8220;tag:h5|text_align:center|color:%23414141&#8243; google_fonts=&#8220;font_family:Signika%3A300%2Cregular%2C600%2C700|font_style:400%20regular%3A400%3Anormal&#8220; css=&#8220;.vc_custom_1472604564671{margin-top: 0px !important;margin-bottom: 10px !important;border-top-width: 0px !important;border-bottom-width: 0px !important;}&#8220;][button t_color=&#8220;#ffffff&#8220; b_color=&#8220;#34a9c6&#8243; t_hover_color=&#8220;#414141&#8243; b_hover_color=&#8220;#ffda8a&#8220; radius=&#8220;5&#8243; font_weight=&#8220;300&#8243; url=&#8220;https:\/\/marataonline.com\/pdfs\/habanero\/habanerogflakesmsds.pdf&#8220; target=&#8220;yes&#8220; position=&#8220;ta_center&#8220;]MSDS[\/button][\/vc_column][vc_column width=&#8220;1\/6&#8243;][vc_single_image image=&#8220;598&#8243; img_size=&#8220;80X80&#8243; alignment=&#8220;center&#8220; style=&#8220;vc_box_rounded&#8220; css=&#8220;.vc_custom_1470705379898{margin-top: 20px !important;margin-bottom: 10px !important;border-bottom-width: 0px !important;}&#8220;][vc_custom_heading text=&#8220;Granulate -8 +20&#8243; font_container=&#8220;tag:h5|text_align:center|color:%23414141&#8243; google_fonts=&#8220;font_family:Signika%3A300%2Cregular%2C600%2C700|font_style:400%20regular%3A400%3Anormal&#8220; css=&#8220;.vc_custom_1472604585106{margin-top: 0px !important;margin-bottom: 10px !important;border-top-width: 0px !important;border-bottom-width: 0px !important;}&#8220;][button t_color=&#8220;#ffffff&#8220; b_color=&#8220;#34a9c6&#8243; t_hover_color=&#8220;#414141&#8243; b_hover_color=&#8220;#ffda8a&#8220; radius=&#8220;5&#8243; font_weight=&#8220;300&#8243; url=&#8220;https:\/\/marataonline.com\/pdfs\/habanero\/habaneroggranulesmsds.pdf&#8220; target=&#8220;yes&#8220; position=&#8220;ta_center&#8220;]MSDS[\/button][\/vc_column][vc_column width=&#8220;1\/6&#8243;][vc_single_image image=&#8220;604&#8243; img_size=&#8220;80X80&#8243; alignment=&#8220;center&#8220; style=&#8220;vc_box_rounded&#8220; css=&#8220;.vc_custom_1470705519413{margin-top: 20px !important;margin-bottom: 10px !important;border-bottom-width: 0px !important;}&#8220;][vc_custom_heading text=&#8220;Pulver USS 40&#8243; font_container=&#8220;tag:h5|text_align:center|color:%23414141&#8243; google_fonts=&#8220;font_family:Signika%3A300%2Cregular%2C600%2C700|font_style:400%20regular%3A400%3Anormal&#8220; css=&#8220;.vc_custom_1472604594207{margin-top: 0px !important;margin-bottom: 10px !important;border-top-width: 0px !important;border-bottom-width: 0px !important;}&#8220;][button t_color=&#8220;#ffffff&#8220; b_color=&#8220;#34a9c6&#8243; t_hover_color=&#8220;#414141&#8243; b_hover_color=&#8220;#ffda8a&#8220; radius=&#8220;5&#8243; font_weight=&#8220;300&#8243; url=&#8220;https:\/\/marataonline.com\/pdfs\/habanero\/habanerogpowderspecs.pdf&#8220; target=&#8220;yes&#8220; position=&#8220;ta_center&#8220; mb=&#8220;5&#8243;]Specs[\/button][button t_color=&#8220;#ffffff&#8220; b_color=&#8220;#34a9c6&#8243; t_hover_color=&#8220;#414141&#8243; b_hover_color=&#8220;#ffda8a&#8220; radius=&#8220;5&#8243; font_weight=&#8220;300&#8243; url=&#8220;https:\/\/marataonline.com\/pdfs\/habanero\/habanerogpowdermsds.pdf&#8220; target=&#8220;yes&#8220; position=&#8220;ta_center&#8220;]MSDS[\/button][\/vc_column][vc_column width=&#8220;1\/6&#8243;][vc_empty_space height=&#8220;1px&#8220;][\/vc_column][\/vc_row][vc_row css=&#8220;.vc_custom_1470702000839{padding-top: 25px !important;}&#8220;][vc_column][button use_icon=&#8220;yes&#8220; icon_color=&#8220;#ffffff&#8220; t_color=&#8220;#ffffff&#8220; b_color=&#8220;#666666&#8243; radius=&#8220;5&#8243; font_weight=&#8220;500&#8243; url=&#8220;https:\/\/www.marataonline.com\/de\/chilies\/&#8220; position=&#8220;ta_center&#8220; icon=&#8220;cl-left33&#8243;]ZUR\u00dcCKGEHEN[\/button][\/vc_column][\/vc_row]<\/p>\n<\/div>","protected":false},"excerpt":{"rendered":"<p>[vc_row css=&#8220;.vc_custom_1470700463250{margin-top: 0px !important;margin-bottom: 0px !important;border-top-width: 0px !important;border-bottom-width: 0px !important;padding-top: 25px !important;padding-bottom: 10px !important;}&#8220;][vc_column][vc_single_image image=&#8220;470&#8243; img_size=&#8220;170&#215;170&#8243; alignment=&#8220;center&#8220;][\/vc_column][\/vc_row][vc_row css=&#8220;.vc_custom_1470700589617{margin-bottom: 0px !important;border-bottom-width: 0px !important;padding-top: 20px !important;padding-bottom: 20px !important;}&#8220;][vc_column css=&#8220;.vc_custom_1470700607924{margin-bottom: 0px !important;border-bottom-width: 0px !important;padding-bottom: 0px !important;}&#8220;][vc_custom_heading text=&#8220;Habanero (Rot und Gr\u00fcn)&#8220; font_container=&#8220;tag:h2|text_align:center|color:%23ffffff&#8220; use_theme_fonts=&#8220;yes&#8220; css=&#8220;.vc_custom_1472604458433{margin-right: 0px !important;margin-bottom: 0px !important;margin-left: 0px !important;border-right-width: 0px !important;border-bottom-width: 0px !important;border-left-width: 0px !important;background-color: rgba(10,10,10,0.5) !important;*background-color: rgb(10,10,10)&hellip; <a class=\"more-link\" href=\"https:\/\/marataonline.com\/de\/products\/chilies\/habanero\/\">Continue reading <span class=\"screen-reader-text\">Habanero<\/span><\/a><\/p>\n","protected":false},"author":1,"featured_media":0,"parent":1619,"menu_order":0,"comment_status":"closed","ping_status":"closed","template":"","meta":{"footnotes":""},"class_list":["post-1656","page","type-page","status-publish","hentry","entry"],"aioseo_notices":[],"_links":{"self":[{"href":"https:\/\/marataonline.com\/de\/wp-json\/wp\/v2\/pages\/1656","targetHints":{"allow":["GET"]}}],"collection":[{"href":"https:\/\/marataonline.com\/de\/wp-json\/wp\/v2\/pages"}],"about":[{"href":"https:\/\/marataonline.com\/de\/wp-json\/wp\/v2\/types\/page"}],"author":[{"embeddable":true,"href":"https:\/\/marataonline.com\/de\/wp-json\/wp\/v2\/users\/1"}],"replies":[{"embeddable":true,"href":"https:\/\/marataonline.com\/de\/wp-json\/wp\/v2\/comments?post=1656"}],"version-history":[{"count":0,"href":"https:\/\/marataonline.com\/de\/wp-json\/wp\/v2\/pages\/1656\/revisions"}],"up":[{"embeddable":true,"href":"https:\/\/marataonline.com\/de\/wp-json\/wp\/v2\/pages\/1619"}],"wp:attachment":[{"href":"https:\/\/marataonline.com\/de\/wp-json\/wp\/v2\/media?parent=1656"}],"curies":[{"name":"wp","href":"https:\/\/api.w.org\/{rel}","templated":true}]}}