{"id":1660,"date":"2016-08-30T19:16:05","date_gmt":"2016-08-31T01:16:05","guid":{"rendered":"https:\/\/marataonline.com\/de\/?page_id=1660"},"modified":"2016-08-30T19:16:05","modified_gmt":"2016-08-31T01:16:05","slug":"puya","status":"publish","type":"page","link":"https:\/\/marataonline.com\/de\/products\/chilies\/puya\/","title":{"rendered":"Puya"},"content":{"rendered":"<div class=\"wpb-content-wrapper\"><p>[vc_row css=&#8220;.vc_custom_1470700463250{margin-top: 0px !important;margin-bottom: 0px !important;border-top-width: 0px !important;border-bottom-width: 0px !important;padding-top: 25px !important;padding-bottom: 10px !important;}&#8220;][vc_column][vc_single_image image=&#8220;474&#8243; img_size=&#8220;170&#215;170&#8243; alignment=&#8220;center&#8220;][\/vc_column][\/vc_row][vc_row css=&#8220;.vc_custom_1470700589617{margin-bottom: 0px !important;border-bottom-width: 0px !important;padding-top: 20px !important;padding-bottom: 20px !important;}&#8220;][vc_column css=&#8220;.vc_custom_1470700607924{margin-bottom: 0px !important;border-bottom-width: 0px !important;padding-bottom: 0px !important;}&#8220;][vc_custom_heading text=&#8220;Puya&#8220; font_container=&#8220;tag:h2|text_align:center|color:%23ffffff&#8220; use_theme_fonts=&#8220;yes&#8220; css=&#8220;.vc_custom_1470863385574{margin-right: 0px !important;margin-bottom: 0px !important;margin-left: 0px !important;border-right-width: 0px !important;border-bottom-width: 0px !important;border-left-width: 0px !important;background-color: rgba(10,10,10,0.5) !important;*background-color: rgb(10,10,10) !important;}&#8220;][\/vc_column][\/vc_row][vc_row css=&#8220;.vc_custom_1470702561349{margin-top: 0px !important;margin-bottom: 0px !important;border-top-width: 0px !important;border-bottom-width: 0px !important;padding-top: 0px !important;padding-bottom: 25px !important;}&#8220;][vc_column css=&#8220;.vc_custom_1470700708882{margin-top: 0px !important;margin-bottom: 0px !important;border-top-width: 0px !important;border-bottom-width: 0px !important;padding-top: 0px !important;}&#8220;][vc_column_text css=&#8220;.vc_custom_1472604858393{margin-top: 0px !important;border-top-width: 0px !important;padding-top: 10px !important;}&#8220;]<\/p>\n<p style=\"text-align: justify;\"><span style=\"color: #666666;\">Puya oder Pulla Chilis (Capsicum Annuum) ist eine kleine und starke mexikanische Chilischote, \u00e4hnlich wie das Chili Guajillo, nur kleiner und st\u00e4rker. Es hat einen fruchtigen Geschmack. Scoville Heat Units sind 5.000 auf 12.000.<\/span><\/p>\n<p style=\"text-align: justify;\"><span style=\"color: #666666;\">Empfohlene Anwendung:<\/span><\/p>\n<p style=\"text-align: justify;\"><span style=\"color: #666666;\">Sp\u00fclen-Produkt zuerst mit warmem Wasser, dann einweichen in hei\u00dfes Wasser f\u00fcr 10 Minuten zum rehydrieren oder f\u00fcgen Sie direkt in ein Rezept, die f\u00fcr mindestens 10 Minuten kochen. Um mehr Geschmack zu l\u00f6sen, Braten Sie es in einem 250-Grad-Ofen f\u00fcr 3 oder 4 Minuten. Sobald rehydriert, in W\u00fcrfel schneiden Sie oder p\u00fcrieren Sie und f\u00fcgen Sie es schlie\u00dflich zu einem Rezept.<\/span><\/p>\n<p>[\/vc_column_text][rd_line type=&#8220;rd_line_dashed&#8220; color=&#8220;#666666&#8243; line_pos=&#8220;center&#8220;][vc_custom_heading text=&#8220;Sterilisierte sind auf Anfrage&#8220; font_container=&#8220;tag:h3|text_align:left&#8220; use_theme_fonts=&#8220;yes&#8220; css=&#8220;.vc_custom_1472604918133{margin-top: 0px !important;margin-bottom: 0px !important;border-top-width: 0px !important;border-bottom-width: 0px !important;padding-top: 20px !important;padding-bottom: 20px !important;}&#8220;][vc_row_inner][vc_column_inner width=&#8220;1\/2&#8243;][vc_column_text]<strong>Nordamerika<\/strong><br \/>\n&#8211; Ged\u00e4mpfte (Kalifornien &amp; Mittelwesten)<br \/>\n-ETO behandelt<br \/>\n-Gamma behandelt[\/vc_column_text][\/vc_column_inner][vc_column_inner width=&#8220;1\/2&#8243;][vc_column_text]<strong>Europa<\/strong><br \/>\n&#8211; Ged\u00e4mpfte (Hamburg)[\/vc_column_text][\/vc_column_inner][\/vc_row_inner][rd_line type=&#8220;rd_line_dashed&#8220; color=&#8220;#666666&#8243; line_pos=&#8220;center&#8220;][\/vc_column][\/vc_row][vc_row css=&#8220;.vc_custom_1470701737131{margin-top: 0px !important;margin-bottom: 0px !important;border-top-width: 0px !important;border-bottom-width: 0px !important;padding-bottom: 40px !important;}&#8220;][vc_column width=&#8220;1\/6&#8243;][vc_single_image image=&#8220;725&#8243; img_size=&#8220;80X80&#8243; alignment=&#8220;center&#8220; style=&#8220;vc_box_rounded&#8220; css=&#8220;.vc_custom_1470863410641{margin-top: 20px !important;margin-bottom: 10px !important;border-bottom-width: 0px !important;}&#8220;][vc_custom_heading text=&#8220;Ganze&#8220; font_container=&#8220;tag:h5|text_align:center|color:%23414141&#8243; google_fonts=&#8220;font_family:Signika%3A300%2Cregular%2C600%2C700|font_style:400%20regular%3A400%3Anormal&#8220; css=&#8220;.vc_custom_1472605037471{margin-top: 0px !important;margin-bottom: 10px !important;border-top-width: 0px !important;border-bottom-width: 0px !important;}&#8220;][\/vc_column][vc_column width=&#8220;1\/6&#8243;][vc_single_image image=&#8220;725&#8243; img_size=&#8220;80X80&#8243; alignment=&#8220;center&#8220; style=&#8220;vc_box_rounded&#8220; css=&#8220;.vc_custom_1470863419561{margin-top: 20px !important;margin-bottom: 10px !important;border-bottom-width: 0px !important;}&#8220;][vc_custom_heading text=&#8220;Ganze stengellose&#8220; font_container=&#8220;tag:h5|text_align:center|color:%23414141&#8243; google_fonts=&#8220;font_family:Signika%3A300%2Cregular%2C600%2C700|font_style:400%20regular%3A400%3Anormal&#8220; css=&#8220;.vc_custom_1472605082083{margin-top: 0px !important;margin-bottom: 10px !important;border-top-width: 0px !important;border-bottom-width: 0px !important;}&#8220;][\/vc_column][vc_column width=&#8220;1\/6&#8243;][vc_single_image image=&#8220;725&#8243; img_size=&#8220;80X80&#8243; alignment=&#8220;center&#8220; style=&#8220;vc_box_rounded&#8220; css=&#8220;.vc_custom_1470863427777{margin-top: 20px !important;margin-bottom: 10px !important;border-bottom-width: 0px !important;}&#8220;][vc_custom_heading text=&#8220;Einzelne W\u00fcrfel 6mm Kernloss&#8220; font_container=&#8220;tag:h5|text_align:center|color:%23414141&#8243; google_fonts=&#8220;font_family:Signika%3A300%2Cregular%2C600%2C700|font_style:400%20regular%3A400%3Anormal&#8220; css=&#8220;.vc_custom_1472605088891{margin-top: 0px !important;margin-bottom: 10px !important;border-top-width: 0px !important;border-bottom-width: 0px !important;}&#8220;][\/vc_column][vc_column width=&#8220;1\/6&#8243;][vc_single_image image=&#8220;725&#8243; img_size=&#8220;80X80&#8243; alignment=&#8220;center&#8220; style=&#8220;vc_box_rounded&#8220; css=&#8220;.vc_custom_1470863437348{margin-top: 20px !important;margin-bottom: 10px !important;border-bottom-width: 0px !important;}&#8220;][vc_custom_heading text=&#8220;Flocken -4 +8&#8243; font_container=&#8220;tag:h5|text_align:center|color:%23414141&#8243; google_fonts=&#8220;font_family:Signika%3A300%2Cregular%2C600%2C700|font_style:400%20regular%3A400%3Anormal&#8220; css=&#8220;.vc_custom_1472605102206{margin-top: 0px !important;margin-bottom: 10px !important;border-top-width: 0px !important;border-bottom-width: 0px !important;}&#8220;][\/vc_column][vc_column width=&#8220;1\/6&#8243;][vc_single_image image=&#8220;725&#8243; img_size=&#8220;80X80&#8243; alignment=&#8220;center&#8220; style=&#8220;vc_box_rounded&#8220; css=&#8220;.vc_custom_1470863453355{margin-top: 20px !important;margin-bottom: 10px !important;border-bottom-width: 0px !important;}&#8220;][vc_custom_heading text=&#8220;Granulate -8 +20&#8243; font_container=&#8220;tag:h5|text_align:center|color:%23414141&#8243; google_fonts=&#8220;font_family:Signika%3A300%2Cregular%2C600%2C700|font_style:400%20regular%3A400%3Anormal&#8220; css=&#8220;.vc_custom_1472606066905{margin-top: 0px !important;margin-bottom: 10px !important;border-top-width: 0px !important;border-bottom-width: 0px !important;}&#8220;][\/vc_column][vc_column width=&#8220;1\/6&#8243;][vc_single_image image=&#8220;725&#8243; img_size=&#8220;80X80&#8243; alignment=&#8220;center&#8220; style=&#8220;vc_box_rounded&#8220; css=&#8220;.vc_custom_1470863463073{margin-top: 20px !important;margin-bottom: 10px !important;border-bottom-width: 0px !important;}&#8220;][vc_custom_heading text=&#8220;Pulver USS 40&#8243; font_container=&#8220;tag:h5|text_align:center|color:%23414141&#8243; google_fonts=&#8220;font_family:Signika%3A300%2Cregular%2C600%2C700|font_style:400%20regular%3A400%3Anormal&#8220; css=&#8220;.vc_custom_1472606073159{margin-top: 0px !important;margin-bottom: 10px !important;border-top-width: 0px !important;border-bottom-width: 0px !important;}&#8220;][\/vc_column][\/vc_row][vc_row css=&#8220;.vc_custom_1470702000839{padding-top: 25px !important;}&#8220;][vc_column][button use_icon=&#8220;yes&#8220; icon_color=&#8220;#ffffff&#8220; t_color=&#8220;#ffffff&#8220; b_color=&#8220;#666666&#8243; radius=&#8220;5&#8243; font_weight=&#8220;500&#8243; url=&#8220;https:\/\/www.marataonline.com\/de\/chilies\/&#8220; position=&#8220;ta_center&#8220; icon=&#8220;cl-left33&#8243;]ZUR\u00dcCKGEHEN[\/button][\/vc_column][\/vc_row]<\/p>\n<\/div>","protected":false},"excerpt":{"rendered":"<p>[vc_row css=&#8220;.vc_custom_1470700463250{margin-top: 0px !important;margin-bottom: 0px !important;border-top-width: 0px !important;border-bottom-width: 0px !important;padding-top: 25px !important;padding-bottom: 10px !important;}&#8220;][vc_column][vc_single_image image=&#8220;474&#8243; img_size=&#8220;170&#215;170&#8243; alignment=&#8220;center&#8220;][\/vc_column][\/vc_row][vc_row css=&#8220;.vc_custom_1470700589617{margin-bottom: 0px !important;border-bottom-width: 0px !important;padding-top: 20px !important;padding-bottom: 20px !important;}&#8220;][vc_column css=&#8220;.vc_custom_1470700607924{margin-bottom: 0px !important;border-bottom-width: 0px !important;padding-bottom: 0px !important;}&#8220;][vc_custom_heading text=&#8220;Puya&#8220; font_container=&#8220;tag:h2|text_align:center|color:%23ffffff&#8220; use_theme_fonts=&#8220;yes&#8220; css=&#8220;.vc_custom_1470863385574{margin-right: 0px !important;margin-bottom: 0px !important;margin-left: 0px !important;border-right-width: 0px !important;border-bottom-width: 0px !important;border-left-width: 0px !important;background-color: rgba(10,10,10,0.5) !important;*background-color: rgb(10,10,10) !important;}&#8220;][\/vc_column][\/vc_row][vc_row css=&#8220;.vc_custom_1470702561349{margin-top: 0px&hellip; <a class=\"more-link\" href=\"https:\/\/marataonline.com\/de\/products\/chilies\/puya\/\">Continue reading <span class=\"screen-reader-text\">Puya<\/span><\/a><\/p>\n","protected":false},"author":1,"featured_media":0,"parent":1619,"menu_order":0,"comment_status":"closed","ping_status":"closed","template":"","meta":{"footnotes":""},"class_list":["post-1660","page","type-page","status-publish","hentry","entry"],"aioseo_notices":[],"_links":{"self":[{"href":"https:\/\/marataonline.com\/de\/wp-json\/wp\/v2\/pages\/1660","targetHints":{"allow":["GET"]}}],"collection":[{"href":"https:\/\/marataonline.com\/de\/wp-json\/wp\/v2\/pages"}],"about":[{"href":"https:\/\/marataonline.com\/de\/wp-json\/wp\/v2\/types\/page"}],"author":[{"embeddable":true,"href":"https:\/\/marataonline.com\/de\/wp-json\/wp\/v2\/users\/1"}],"replies":[{"embeddable":true,"href":"https:\/\/marataonline.com\/de\/wp-json\/wp\/v2\/comments?post=1660"}],"version-history":[{"count":0,"href":"https:\/\/marataonline.com\/de\/wp-json\/wp\/v2\/pages\/1660\/revisions"}],"up":[{"embeddable":true,"href":"https:\/\/marataonline.com\/de\/wp-json\/wp\/v2\/pages\/1619"}],"wp:attachment":[{"href":"https:\/\/marataonline.com\/de\/wp-json\/wp\/v2\/media?parent=1660"}],"curies":[{"name":"wp","href":"https:\/\/api.w.org\/{rel}","templated":true}]}}