{"id":1675,"date":"2016-08-30T19:39:48","date_gmt":"2016-08-31T01:39:48","guid":{"rendered":"https:\/\/marataonline.com\/de\/?page_id=1675"},"modified":"2016-08-31T14:09:48","modified_gmt":"2016-08-31T20:09:48","slug":"salt-and-pepper","status":"publish","type":"page","link":"https:\/\/marataonline.com\/de\/products\/salt-and-pepper\/","title":{"rendered":"Meersalz und Pfeffer"},"content":{"rendered":"<div class=\"wpb-content-wrapper\"><p>[vc_row type=&#8220;full-width-content&#8220; css=&#8220;.vc_custom_1470681959569{margin-top: 0px !important;margin-bottom: 0px !important;border-top-width: 0px !important;border-bottom-width: 0px !important;padding-top: 25px !important;padding-bottom: 25px !important;background-image: url(https:\/\/www.marataonline.com\/wp-content\/uploads\/2016\/08\/FW-SNP.jpg) !important;background-position: center !important;background-repeat: no-repeat !important;background-size: cover !important;}&#8220;][vc_column css=&#8220;.vc_custom_1470677250820{margin-top: 0px !important;margin-bottom: 0px !important;border-top-width: 0px !important;border-bottom-width: 0px !important;padding-top: 0px !important;padding-bottom: 0px !important;}&#8220;][vc_custom_heading text=&#8220;Ger\u00e4ucherte Applewood Meersalz und Pfeffer&#8220; font_container=&#8220;tag:h1|text_align:center|color:%23ffffff&#8220; google_fonts=&#8220;font_family:Signika%3A300%2Cregular%2C600%2C700|font_style:300%20light%20regular%3A300%3Anormal&#8220; css=&#8220;.vc_custom_1472674154206{margin-right: 0px !important;margin-bottom: 10px !important;margin-left: 0px !important;border-right-width: 0px !important;border-bottom-width: 10px !important;border-left-width: 0px !important;padding-top: 15px !important;padding-bottom: 15px !important;background-color: rgba(10,10,10,0.5) !important;*background-color: rgb(10,10,10) !important;}&#8220;][\/vc_column][\/vc_row][vc_row type=&#8220;full-width-section&#8220; css=&#8220;.vc_custom_1470678888025{margin-top: 0px !important;margin-bottom: 0px !important;border-top-width: 0px !important;border-bottom-width: 0px !important;padding-top: 25px !important;padding-bottom: 25px !important;background-color: #efefef !important;}&#8220;][vc_column][vc_column_text css=&#8220;.vc_custom_1472607487165{margin-top: 0px !important;border-top-width: 0px !important;}&#8220;]<\/p>\n<p style=\"text-align: center;\"><span style=\"color: #666666;\">Die Einf\u00fchrung dieser Gourmet-geraucht Produkte gibt Marata Specialties, LLC eine einzigartige Unterscheidungsmerkmal, als einziges Unternehmen dieser Produktlinie in Lateinamerika, verarbeitenden und ausf\u00fchrenden und verkaufen sie an den NAFTA-Markt (USA, Kanada und Mexiko) seit dem Jahr 2004.<\/span><\/p>\n<p style=\"text-align: center;\"><span style=\"color: #666666;\">Alle Marata Produkte werden mit einer Kontinuit\u00e4tsgew\u00e4hrleistung, einem Analysenzertifikat und Sanitisierungszertifikat geliefert. Wir bieten Festpreise auf Ganzjahresbasis f\u00fcr geschlossene Vertr\u00e4ge und Auftragsbest\u00e4nde f\u00fcr die meisten der verarbeiteten Produkte.<\/span><\/p>\n<p>[\/vc_column_text][\/vc_column][\/vc_row][vc_row css=&#8220;.vc_custom_1470682937334{padding-top: 25px !important;}&#8220;][vc_column width=&#8220;1\/2&#8243;][vc_custom_heading text=&#8220;Ger\u00e4ucherte Applewood Meersalz&#8220; font_container=&#8220;tag:h2|text_align:center|color:%23414141&#8243; use_theme_fonts=&#8220;yes&#8220;][vc_single_image image=&#8220;495&#8243; img_size=&#8220;200&#215;200&#8243; alignment=&#8220;center&#8220; css=&#8220;.vc_custom_1470683274933{margin-top: 0px !important;margin-bottom: 0px !important;border-top-width: 0px !important;border-bottom-width: 0px !important;padding-top: 0px !important;padding-bottom: 5px !important;}&#8220;][vc_row_inner css=&#8220;.vc_custom_1471479693449{margin-top: 0px !important;border-top-width: 0px !important;padding-top: 25px !important;}&#8220;][vc_column_inner width=&#8220;1\/3&#8243;][vc_empty_space height=&#8220;1px&#8220;][\/vc_column_inner][vc_column_inner width=&#8220;1\/3&#8243;][button t_color=&#8220;#ffffff&#8220; b_color=&#8220;#666666&#8243; t_hover_color=&#8220;#414141&#8243; b_hover_color=&#8220;#ffda8a&#8220; radius=&#8220;5&#8243; font_weight=&#8220;300&#8243; url=&#8220;https:\/\/www.marataonline.com\/de\/sea-salt\/&#8220; position=&#8220;ta_center&#8220;]Einzelheiten[\/button][\/vc_column_inner][vc_column_inner width=&#8220;1\/3&#8243;][vc_empty_space height=&#8220;1px&#8220;][\/vc_column_inner][\/vc_row_inner][\/vc_column][vc_column width=&#8220;1\/2&#8243;][vc_custom_heading text=&#8220;Ger\u00e4ucherte Applewood Pfeffer&#8220; font_container=&#8220;tag:h2|text_align:center|color:%23414141&#8243; use_theme_fonts=&#8220;yes&#8220;][vc_single_image image=&#8220;494&#8243; img_size=&#8220;200&#215;200&#8243; alignment=&#8220;center&#8220; css=&#8220;.vc_custom_1470683374575{margin-top: 0px !important;margin-bottom: 0px !important;border-top-width: 0px !important;border-bottom-width: 0px !important;padding-top: 0px !important;padding-bottom: 5px !important;}&#8220;][vc_row_inner css=&#8220;.vc_custom_1471479684428{margin-top: 0px !important;border-top-width: 0px !important;padding-top: 25px !important;}&#8220;][vc_column_inner width=&#8220;1\/3&#8243;][vc_empty_space height=&#8220;1px&#8220;][\/vc_column_inner][vc_column_inner width=&#8220;1\/3&#8243;][button t_color=&#8220;#ffffff&#8220; b_color=&#8220;#666666&#8243; t_hover_color=&#8220;#414141&#8243; b_hover_color=&#8220;#ffda8a&#8220; radius=&#8220;5&#8243; font_weight=&#8220;300&#8243; url=&#8220;https:\/\/www.marataonline.com\/de\/smoked-pepper\/&#8220; position=&#8220;ta_center&#8220;]Einzelheiten[\/button][\/vc_column_inner][vc_column_inner width=&#8220;1\/3&#8243;][vc_empty_space height=&#8220;1px&#8220;][\/vc_column_inner][\/vc_row_inner][\/vc_column][\/vc_row]<\/p>\n<\/div>","protected":false},"excerpt":{"rendered":"<p>[vc_row type=&#8220;full-width-content&#8220; css=&#8220;.vc_custom_1470681959569{margin-top: 0px !important;margin-bottom: 0px !important;border-top-width: 0px !important;border-bottom-width: 0px !important;padding-top: 25px !important;padding-bottom: 25px !important;background-image: url(https:\/\/www.marataonline.com\/wp-content\/uploads\/2016\/08\/FW-SNP.jpg) !important;background-position: center !important;background-repeat: no-repeat !important;background-size: cover !important;}&#8220;][vc_column css=&#8220;.vc_custom_1470677250820{margin-top: 0px !important;margin-bottom: 0px !important;border-top-width: 0px !important;border-bottom-width: 0px !important;padding-top: 0px !important;padding-bottom: 0px !important;}&#8220;][vc_custom_heading text=&#8220;Ger\u00e4ucherte Applewood Meersalz und Pfeffer&#8220; font_container=&#8220;tag:h1|text_align:center|color:%23ffffff&#8220; google_fonts=&#8220;font_family:Signika%3A300%2Cregular%2C600%2C700|font_style:300%20light%20regular%3A300%3Anormal&#8220; css=&#8220;.vc_custom_1472674154206{margin-right: 0px !important;margin-bottom: 10px !important;margin-left: 0px !important;border-right-width: 0px !important;border-bottom-width: 10px !important;border-left-width: 0px&hellip; <a class=\"more-link\" href=\"https:\/\/marataonline.com\/de\/products\/salt-and-pepper\/\">Continue reading <span class=\"screen-reader-text\">Meersalz und Pfeffer<\/span><\/a><\/p>\n","protected":false},"author":1,"featured_media":0,"parent":1692,"menu_order":0,"comment_status":"closed","ping_status":"closed","template":"","meta":{"footnotes":""},"class_list":["post-1675","page","type-page","status-publish","hentry","entry"],"aioseo_notices":[],"_links":{"self":[{"href":"https:\/\/marataonline.com\/de\/wp-json\/wp\/v2\/pages\/1675","targetHints":{"allow":["GET"]}}],"collection":[{"href":"https:\/\/marataonline.com\/de\/wp-json\/wp\/v2\/pages"}],"about":[{"href":"https:\/\/marataonline.com\/de\/wp-json\/wp\/v2\/types\/page"}],"author":[{"embeddable":true,"href":"https:\/\/marataonline.com\/de\/wp-json\/wp\/v2\/users\/1"}],"replies":[{"embeddable":true,"href":"https:\/\/marataonline.com\/de\/wp-json\/wp\/v2\/comments?post=1675"}],"version-history":[{"count":0,"href":"https:\/\/marataonline.com\/de\/wp-json\/wp\/v2\/pages\/1675\/revisions"}],"up":[{"embeddable":true,"href":"https:\/\/marataonline.com\/de\/wp-json\/wp\/v2\/pages\/1692"}],"wp:attachment":[{"href":"https:\/\/marataonline.com\/de\/wp-json\/wp\/v2\/media?parent=1675"}],"curies":[{"name":"wp","href":"https:\/\/api.w.org\/{rel}","templated":true}]}}