{"id":1676,"date":"2016-08-30T19:42:59","date_gmt":"2016-08-31T01:42:59","guid":{"rendered":"https:\/\/marataonline.com\/de\/?page_id=1676"},"modified":"2016-08-31T14:18:56","modified_gmt":"2016-08-31T20:18:56","slug":"smoked-pepper","status":"publish","type":"page","link":"https:\/\/marataonline.com\/de\/products\/salt-and-pepper\/smoked-pepper\/","title":{"rendered":"Ger\u00e4uchert Pfeffer"},"content":{"rendered":"<div class=\"wpb-content-wrapper\"><p>[vc_row css=&#8220;.vc_custom_1470700463250{margin-top: 0px !important;margin-bottom: 0px !important;border-top-width: 0px !important;border-bottom-width: 0px !important;padding-top: 25px !important;padding-bottom: 10px !important;}&#8220;][vc_column][vc_single_image image=&#8220;494&#8243; img_size=&#8220;170&#215;170&#8243; alignment=&#8220;center&#8220;][\/vc_column][\/vc_row][vc_row css=&#8220;.vc_custom_1470700589617{margin-bottom: 0px !important;border-bottom-width: 0px !important;padding-top: 20px !important;padding-bottom: 20px !important;}&#8220;][vc_column css=&#8220;.vc_custom_1470700607924{margin-bottom: 0px !important;border-bottom-width: 0px !important;padding-bottom: 0px !important;}&#8220;][vc_custom_heading text=&#8220;Ger\u00e4ucherte Applewood Pfeffer&#8220; font_container=&#8220;tag:h2|text_align:center|color:%23ffffff&#8220; use_theme_fonts=&#8220;yes&#8220; css=&#8220;.vc_custom_1472674712990{margin-right: 0px !important;margin-bottom: 0px !important;margin-left: 0px !important;border-right-width: 0px !important;border-bottom-width: 0px !important;border-left-width: 0px !important;background-color: rgba(10,10,10,0.5) !important;*background-color: rgb(10,10,10) !important;}&#8220;][\/vc_column][\/vc_row][vc_row css=&#8220;.vc_custom_1470702561349{margin-top: 0px !important;margin-bottom: 0px !important;border-top-width: 0px !important;border-bottom-width: 0px !important;padding-top: 0px !important;padding-bottom: 25px !important;}&#8220;][vc_column css=&#8220;.vc_custom_1470700708882{margin-top: 0px !important;margin-bottom: 0px !important;border-top-width: 0px !important;border-bottom-width: 0px !important;padding-top: 0px !important;}&#8220;][vc_column_text css=&#8220;.vc_custom_1472607686605{margin-top: 0px !important;border-top-width: 0px !important;padding-top: 10px !important;}&#8220;]<\/p>\n<p style=\"text-align: justify;\"><span style=\"color: #666666;\">Applewood ger\u00e4ucherter schwarzer Pfeffer ist eine Mischung aus ethnischen Produkte: schwarzer Pfeffer aus Brasilien und Vietnam, Applewood aus der hohen Sierra Berge in Chihuahua und die<\/span><\/p>\n<p style=\"text-align: justify;\"><span style=\"color: #666666;\">ethnischen Methoden der Konservierung von Lebensmitteln von den Indianern (Maya und Azteken Menschen) in S\u00fcd- und Mittelamerika.<\/span><\/p>\n<p style=\"text-align: justify;\"><span style=\"color: #666666;\">Der ger\u00e4ucherte Prozess ist 100 % nat\u00fcrlich mit der gleichen Methode von Indianern verwendet, die f\u00fcr Fleisch und Fisch erfolgreich war. Gruben gegraben sind und sind verbunden durch einen u-Bahn Tunnel in einer der Gruben, die die Applewood Feuer entfacht wird. In der anderen ist der schwarze Pfeffer auf ein Metall Edelstahl-Netz liegen. Der Entwurf l\u00e4sst den Rauch \u00fcber den schwarzen Pfeffer zu gehen, so dass es geraucht wird. Dieser Prozess erfolgt f\u00fcr so lange wie 10 Tage bis zum Geschmack und Farbe erf\u00fcllt.<\/span><\/p>\n<p style=\"text-align: justify;\"><span style=\"color: #666666;\">Die einzigartigen Mischungen von Aromen, erstellt von unserem R&amp;D Personal werden Ihre kulinarischen Sinne erfreuen. Unsere ausgefallenen Gourmet-ger\u00e4ucherter schwarzer Pfeffer ist perfekt auf BBQ Ribs, Marinaden f\u00fcr Fisch, Fleisch oder Salaten.<\/span><\/p>\n<p>[\/vc_column_text][rd_line type=&#8220;rd_line_dashed&#8220; color=&#8220;#666666&#8243; line_pos=&#8220;center&#8220;][vc_custom_heading text=&#8220;Sterilisierte sind auf Anfrage&#8220; font_container=&#8220;tag:h3|text_align:left&#8220; use_theme_fonts=&#8220;yes&#8220; css=&#8220;.vc_custom_1472607695919{margin-top: 0px !important;margin-bottom: 0px !important;border-top-width: 0px !important;border-bottom-width: 0px !important;padding-top: 20px !important;padding-bottom: 20px !important;}&#8220;][vc_row_inner][vc_column_inner width=&#8220;1\/2&#8243;][vc_column_text]<strong>Nordamerika<\/strong><br \/>\n&#8211; Ged\u00e4mpfte (Kalifornien &amp; Mittelwesten)<br \/>\n-ETO behandelt<br \/>\n-Gamma behandelt[\/vc_column_text][\/vc_column_inner][vc_column_inner width=&#8220;1\/2&#8243;][vc_column_text]<strong>Europa<\/strong><br \/>\n&#8211; Ged\u00e4mpfte (Hamburg)[\/vc_column_text][\/vc_column_inner][\/vc_row_inner][rd_line type=&#8220;rd_line_dashed&#8220; color=&#8220;#666666&#8243; line_pos=&#8220;center&#8220;][\/vc_column][\/vc_row][vc_row css=&#8220;.vc_custom_1470701737131{margin-top: 0px !important;margin-bottom: 0px !important;border-top-width: 0px !important;border-bottom-width: 0px !important;padding-bottom: 40px !important;}&#8220;][vc_column width=&#8220;1\/3&#8243;][vc_single_image image=&#8220;564&#8243; img_size=&#8220;80X80&#8243; alignment=&#8220;center&#8220; style=&#8220;vc_box_rounded&#8220; css=&#8220;.vc_custom_1470702930034{margin-top: 20px !important;margin-bottom: 10px !important;border-bottom-width: 0px !important;}&#8220;][vc_custom_heading text=&#8220;Ger\u00e4ucherte Applewood Pfeffer&#8220; font_container=&#8220;tag:h5|text_align:center|color:%23414141&#8243; google_fonts=&#8220;font_family:Signika%3A300%2Cregular%2C600%2C700|font_style:400%20regular%3A400%3Anormal&#8220; css=&#8220;.vc_custom_1472674719912{margin-top: 0px !important;margin-bottom: 10px !important;border-top-width: 0px !important;border-bottom-width: 0px !important;}&#8220;][\/vc_column][vc_column width=&#8220;1\/3&#8243;][vc_single_image image=&#8220;565&#8243; img_size=&#8220;80X80&#8243; alignment=&#8220;center&#8220; style=&#8220;vc_box_rounded&#8220; css=&#8220;.vc_custom_1470702971485{margin-top: 20px !important;margin-bottom: 10px !important;border-bottom-width: 0px !important;}&#8220;][vc_custom_heading text=&#8220;Ger\u00e4ucherte Applewood Pfeffer Zerkleinert&#8220; font_container=&#8220;tag:h5|text_align:center|color:%23414141&#8243; google_fonts=&#8220;font_family:Signika%3A300%2Cregular%2C600%2C700|font_style:400%20regular%3A400%3Anormal&#8220; css=&#8220;.vc_custom_1472674725406{margin-top: 0px !important;margin-bottom: 10px !important;border-top-width: 0px !important;border-bottom-width: 0px !important;}&#8220;][\/vc_column][vc_column width=&#8220;1\/3&#8243;][vc_single_image image=&#8220;566&#8243; img_size=&#8220;80X80&#8243; alignment=&#8220;center&#8220; style=&#8220;vc_box_rounded&#8220; css=&#8220;.vc_custom_1470702980866{margin-top: 20px !important;margin-bottom: 10px !important;border-bottom-width: 0px !important;}&#8220;][vc_custom_heading text=&#8220;Ger\u00e4ucherte Applewood Pfeffer Pulver&#8220; font_container=&#8220;tag:h5|text_align:center|color:%23414141&#8243; google_fonts=&#8220;font_family:Signika%3A300%2Cregular%2C600%2C700|font_style:400%20regular%3A400%3Anormal&#8220; css=&#8220;.vc_custom_1472674731596{margin-top: 0px !important;margin-bottom: 10px !important;border-top-width: 0px !important;border-bottom-width: 0px !important;}&#8220;][\/vc_column][\/vc_row][vc_row css=&#8220;.vc_custom_1470702000839{padding-top: 25px !important;}&#8220;][vc_column][button use_icon=&#8220;yes&#8220; icon_color=&#8220;#ffffff&#8220; t_color=&#8220;#ffffff&#8220; b_color=&#8220;#666666&#8243; radius=&#8220;5&#8243; font_weight=&#8220;500&#8243; url=&#8220;https:\/\/www.marataonline.com\/de\/saltandpepper\/&#8220; position=&#8220;ta_center&#8220; icon=&#8220;cl-left33&#8243;]ZUR\u00dcCKGEHEN[\/button][\/vc_column][\/vc_row]<\/p>\n<\/div>","protected":false},"excerpt":{"rendered":"<p>[vc_row css=&#8220;.vc_custom_1470700463250{margin-top: 0px !important;margin-bottom: 0px !important;border-top-width: 0px !important;border-bottom-width: 0px !important;padding-top: 25px !important;padding-bottom: 10px !important;}&#8220;][vc_column][vc_single_image image=&#8220;494&#8243; img_size=&#8220;170&#215;170&#8243; alignment=&#8220;center&#8220;][\/vc_column][\/vc_row][vc_row css=&#8220;.vc_custom_1470700589617{margin-bottom: 0px !important;border-bottom-width: 0px !important;padding-top: 20px !important;padding-bottom: 20px !important;}&#8220;][vc_column css=&#8220;.vc_custom_1470700607924{margin-bottom: 0px !important;border-bottom-width: 0px !important;padding-bottom: 0px !important;}&#8220;][vc_custom_heading text=&#8220;Ger\u00e4ucherte Applewood Pfeffer&#8220; font_container=&#8220;tag:h2|text_align:center|color:%23ffffff&#8220; use_theme_fonts=&#8220;yes&#8220; css=&#8220;.vc_custom_1472674712990{margin-right: 0px !important;margin-bottom: 0px !important;margin-left: 0px !important;border-right-width: 0px !important;border-bottom-width: 0px !important;border-left-width: 0px !important;background-color: rgba(10,10,10,0.5) !important;*background-color: rgb(10,10,10) !important;}&#8220;][\/vc_column][\/vc_row][vc_row&hellip; <a class=\"more-link\" href=\"https:\/\/marataonline.com\/de\/products\/salt-and-pepper\/smoked-pepper\/\">Continue reading <span class=\"screen-reader-text\">Ger\u00e4uchert Pfeffer<\/span><\/a><\/p>\n","protected":false},"author":1,"featured_media":0,"parent":1675,"menu_order":0,"comment_status":"closed","ping_status":"closed","template":"","meta":{"footnotes":""},"class_list":["post-1676","page","type-page","status-publish","hentry","entry"],"aioseo_notices":[],"_links":{"self":[{"href":"https:\/\/marataonline.com\/de\/wp-json\/wp\/v2\/pages\/1676","targetHints":{"allow":["GET"]}}],"collection":[{"href":"https:\/\/marataonline.com\/de\/wp-json\/wp\/v2\/pages"}],"about":[{"href":"https:\/\/marataonline.com\/de\/wp-json\/wp\/v2\/types\/page"}],"author":[{"embeddable":true,"href":"https:\/\/marataonline.com\/de\/wp-json\/wp\/v2\/users\/1"}],"replies":[{"embeddable":true,"href":"https:\/\/marataonline.com\/de\/wp-json\/wp\/v2\/comments?post=1676"}],"version-history":[{"count":0,"href":"https:\/\/marataonline.com\/de\/wp-json\/wp\/v2\/pages\/1676\/revisions"}],"up":[{"embeddable":true,"href":"https:\/\/marataonline.com\/de\/wp-json\/wp\/v2\/pages\/1675"}],"wp:attachment":[{"href":"https:\/\/marataonline.com\/de\/wp-json\/wp\/v2\/media?parent=1676"}],"curies":[{"name":"wp","href":"https:\/\/api.w.org\/{rel}","templated":true}]}}