{"id":1677,"date":"2016-08-30T19:36:21","date_gmt":"2016-08-31T01:36:21","guid":{"rendered":"https:\/\/marataonline.com\/de\/?page_id=1677"},"modified":"2016-08-31T14:15:06","modified_gmt":"2016-08-31T20:15:06","slug":"smoked-sea-salt","status":"publish","type":"page","link":"https:\/\/marataonline.com\/de\/products\/salt-and-pepper\/smoked-sea-salt\/","title":{"rendered":"Ger\u00e4uchert Meersalz"},"content":{"rendered":"<div class=\"wpb-content-wrapper\"><p>[vc_row css=&#8220;.vc_custom_1470700463250{margin-top: 0px !important;margin-bottom: 0px !important;border-top-width: 0px !important;border-bottom-width: 0px !important;padding-top: 25px !important;padding-bottom: 10px !important;}&#8220;][vc_column][vc_single_image image=&#8220;495&#8243; img_size=&#8220;170&#215;170&#8243; alignment=&#8220;center&#8220;][\/vc_column][\/vc_row][vc_row css=&#8220;.vc_custom_1470700589617{margin-bottom: 0px !important;border-bottom-width: 0px !important;padding-top: 20px !important;padding-bottom: 20px !important;}&#8220;][vc_column css=&#8220;.vc_custom_1470700607924{margin-bottom: 0px !important;border-bottom-width: 0px !important;padding-bottom: 0px !important;}&#8220;][vc_custom_heading text=&#8220;Ger\u00e4ucherte Applewood Meersalz&#8220; font_container=&#8220;tag:h2|text_align:center|color:%23ffffff&#8220; use_theme_fonts=&#8220;yes&#8220; css=&#8220;.vc_custom_1472674427126{margin-right: 0px !important;margin-bottom: 0px !important;margin-left: 0px !important;border-right-width: 0px !important;border-bottom-width: 0px !important;border-left-width: 0px !important;background-color: rgba(10,10,10,0.5) !important;*background-color: rgb(10,10,10) !important;}&#8220;][\/vc_column][\/vc_row][vc_row css=&#8220;.vc_custom_1470702561349{margin-top: 0px !important;margin-bottom: 0px !important;border-top-width: 0px !important;border-bottom-width: 0px !important;padding-top: 0px !important;padding-bottom: 25px !important;}&#8220;][vc_column css=&#8220;.vc_custom_1470700708882{margin-top: 0px !important;margin-bottom: 0px !important;border-top-width: 0px !important;border-bottom-width: 0px !important;padding-top: 0px !important;}&#8220;][vc_column_text css=&#8220;.vc_custom_1472607234431{margin-top: 0px !important;border-top-width: 0px !important;padding-top: 10px !important;}&#8220;]<\/p>\n<p style=\"text-align: justify;\"><span style=\"color: #666666;\">Applewood ger\u00e4ucherter Meersalz ist eine Mischung aus tollen ethnische Produkte: Meersalz aus der Sea of Cortez in der nordwestlichen K\u00fcste von Mexiko (bekannt f\u00fcr den Grauwal Reise zu geb\u00e4ren), Applewood von Sierra Mountains in Chihuahua und die ethnischen Methoden der Haltbarmachung von Lebensmitteln von den Indianern (Maya &amp; Azteken) in S\u00fcd- und Mittelamerika.<\/span><\/p>\n<p style=\"text-align: justify;\"><span style=\"color: #666666;\">Der ger\u00e4ucherte Prozess ist 100 % nat\u00fcrlich mit der gleichen Methode von Indianern verwendet, die f\u00fcr Fleisch und Fisch erfolgreich war. Gruben gegraben sind und sind verbunden durch einen u-Bahn Tunnel in einer der Gruben, die die Applewood Feuer entfacht wird. In anderen ist das Salz des Meeres auf einem Metall Edelstahlgewebe liegen. Der Entwurf l\u00e4sst den Rauch \u00fcber das Salz des Meeres zu gehen, so dass es geraucht wird. Dieser Prozess erfolgt f\u00fcr so lange wie 10 Tage bis zum Geschmack und Farbe erf\u00fcllt.<\/span><\/p>\n<p style=\"text-align: justify;\"><span style=\"color: #666666;\">Einzigartige Mischung aus Geschmack erstellt durch unsere R&amp;D Mitarbeiter, die Ihre kulinarischen Sinne begeistern wird. Unsere ausgefallenen Gourmet-ger\u00e4ucherter Meersalz ist eine drei Ton-Salz (schwarz, wei\u00df und rosa), Blickfang auf jeder Fisch, Fleisch Salat oder Getr\u00e4nk und Ideal f\u00fcr BBQ Ribs und Marinaden. Die Chipotle Applewood ger\u00e4ucherter Meersalz ist eine Verschmelzung von Aromen zwischen einen rauchigen Geschmack und die milde W\u00e4rme aus Paprika. Oder Sie k\u00f6nnen versuchen, die starke Hitze den wehenden Habanero Applewood ger\u00e4ucherter Meersalz.<\/span><\/p>\n<p>[\/vc_column_text][rd_line type=&#8220;rd_line_dashed&#8220; color=&#8220;#666666&#8243; line_pos=&#8220;center&#8220;][vc_custom_heading text=&#8220;Sterilisierte sind auf Anfrage&#8220; font_container=&#8220;tag:h3|text_align:left&#8220; use_theme_fonts=&#8220;yes&#8220; css=&#8220;.vc_custom_1472607251457{margin-top: 0px !important;margin-bottom: 0px !important;border-top-width: 0px !important;border-bottom-width: 0px !important;padding-top: 20px !important;padding-bottom: 20px !important;}&#8220;][vc_row_inner][vc_column_inner width=&#8220;1\/2&#8243;][vc_column_text]<strong>Nordamerika<\/strong><br \/>\n&#8211; Ged\u00e4mpfte (Kalifornien &amp; Mittelwesten)<br \/>\n-ETO behandelt<br \/>\n-Gamma behandelt[\/vc_column_text][\/vc_column_inner][vc_column_inner width=&#8220;1\/2&#8243;][vc_column_text]<strong>Europa<\/strong><br \/>\n&#8211; Ged\u00e4mpfte (Hamburg)[\/vc_column_text][\/vc_column_inner][\/vc_row_inner][rd_line type=&#8220;rd_line_dashed&#8220; color=&#8220;#666666&#8243; line_pos=&#8220;center&#8220;][\/vc_column][\/vc_row][vc_row css=&#8220;.vc_custom_1470701737131{margin-top: 0px !important;margin-bottom: 0px !important;border-top-width: 0px !important;border-bottom-width: 0px !important;padding-bottom: 40px !important;}&#8220;][vc_column width=&#8220;1\/6&#8243;][vc_single_image image=&#8220;535&#8243; img_size=&#8220;80X80&#8243; alignment=&#8220;center&#8220; style=&#8220;vc_box_rounded&#8220; css=&#8220;.vc_custom_1470702090075{margin-top: 20px !important;margin-bottom: 10px !important;border-bottom-width: 0px !important;}&#8220;][vc_custom_heading text=&#8220;Ger\u00e4ucherte Applewood Meersalz&#8220; font_container=&#8220;tag:h5|text_align:center|color:%23414141&#8243; google_fonts=&#8220;font_family:Signika%3A300%2Cregular%2C600%2C700|font_style:400%20regular%3A400%3Anormal&#8220; css=&#8220;.vc_custom_1472674447858{margin-top: 0px !important;margin-bottom: 10px !important;border-top-width: 0px !important;border-bottom-width: 0px !important;}&#8220;][button t_color=&#8220;#ffffff&#8220; b_color=&#8220;#34a9c6&#8243; t_hover_color=&#8220;#414141&#8243; b_hover_color=&#8220;#ffda8a&#8220; radius=&#8220;5&#8243; font_weight=&#8220;300&#8243; url=&#8220;https:\/\/marataonline.com\/pdfs\/salt\/coarsemsds.pdf&#8220; target=&#8220;yes&#8220; position=&#8220;ta_center&#8220;]MSDS[\/button][\/vc_column][vc_column width=&#8220;1\/6&#8243;][vc_single_image image=&#8220;544&#8243; img_size=&#8220;80X80&#8243; alignment=&#8220;center&#8220; style=&#8220;vc_box_rounded&#8220; css=&#8220;.vc_custom_1470702136164{margin-top: 20px !important;margin-bottom: 10px !important;border-bottom-width: 0px !important;}&#8220;][vc_custom_heading text=&#8220;Ger\u00e4ucherte Applewood Meersalz mischung&#8220; font_container=&#8220;tag:h5|text_align:center|color:%23414141&#8243; google_fonts=&#8220;font_family:Signika%3A300%2Cregular%2C600%2C700|font_style:400%20regular%3A400%3Anormal&#8220; css=&#8220;.vc_custom_1472674453944{margin-top: 0px !important;margin-bottom: 10px !important;border-top-width: 0px !important;border-bottom-width: 0px !important;}&#8220;][button t_color=&#8220;#ffffff&#8220; b_color=&#8220;#34a9c6&#8243; t_hover_color=&#8220;#414141&#8243; b_hover_color=&#8220;#ffda8a&#8220; radius=&#8220;5&#8243; font_weight=&#8220;300&#8243; url=&#8220;https:\/\/marataonline.com\/pdfs\/salt\/blendmsds.pdf&#8220; target=&#8220;yes&#8220; position=&#8220;ta_center&#8220;]MSDS[\/button][\/vc_column][vc_column width=&#8220;1\/6&#8243;][vc_single_image image=&#8220;545&#8243; img_size=&#8220;80X80&#8243; alignment=&#8220;center&#8220; style=&#8220;vc_box_rounded&#8220; css=&#8220;.vc_custom_1470702130534{margin-top: 20px !important;margin-bottom: 10px !important;border-bottom-width: 0px !important;}&#8220;][vc_custom_heading text=&#8220;Ger\u00e4ucherte Applewood Meersalz &#8211; Chipotle&#8220; font_container=&#8220;tag:h5|text_align:center|color:%23414141&#8243; google_fonts=&#8220;font_family:Signika%3A300%2Cregular%2C600%2C700|font_style:400%20regular%3A400%3Anormal&#8220; css=&#8220;.vc_custom_1472674463056{margin-top: 0px !important;margin-bottom: 10px !important;border-top-width: 0px !important;border-bottom-width: 0px !important;}&#8220;][button t_color=&#8220;#ffffff&#8220; b_color=&#8220;#34a9c6&#8243; t_hover_color=&#8220;#414141&#8243; b_hover_color=&#8220;#ffda8a&#8220; radius=&#8220;5&#8243; font_weight=&#8220;300&#8243; url=&#8220;https:\/\/marataonline.com\/pdfs\/salt\/chipotlespecs.pdf&#8220; target=&#8220;yes&#8220; position=&#8220;ta_center&#8220; mb=&#8220;5&#8243;]Specs[\/button][button t_color=&#8220;#ffffff&#8220; b_color=&#8220;#34a9c6&#8243; t_hover_color=&#8220;#414141&#8243; b_hover_color=&#8220;#ffda8a&#8220; radius=&#8220;5&#8243; font_weight=&#8220;300&#8243; url=&#8220;https:\/\/marataonline.com\/pdfs\/salt\/chipotlemsds.pdf&#8220; target=&#8220;yes&#8220; position=&#8220;ta_center&#8220;]MSDS[\/button][\/vc_column][vc_column width=&#8220;1\/6&#8243;][vc_single_image image=&#8220;546&#8243; img_size=&#8220;80X80&#8243; alignment=&#8220;center&#8220; style=&#8220;vc_box_rounded&#8220; css=&#8220;.vc_custom_1470702124330{margin-top: 20px !important;margin-bottom: 10px !important;border-bottom-width: 0px !important;}&#8220;][vc_custom_heading text=&#8220;Fancy Gourmet Ger\u00e4ucherte Applewood Meersalz&#8220; font_container=&#8220;tag:h5|text_align:center|color:%23414141&#8243; google_fonts=&#8220;font_family:Signika%3A300%2Cregular%2C600%2C700|font_style:400%20regular%3A400%3Anormal&#8220; css=&#8220;.vc_custom_1472674479027{margin-top: 0px !important;margin-bottom: 10px !important;border-top-width: 0px !important;border-bottom-width: 0px !important;}&#8220;][button t_color=&#8220;#ffffff&#8220; b_color=&#8220;#34a9c6&#8243; t_hover_color=&#8220;#414141&#8243; b_hover_color=&#8220;#ffda8a&#8220; radius=&#8220;5&#8243; font_weight=&#8220;300&#8243; url=&#8220;https:\/\/marataonline.com\/pdfs\/salt\/fancymsds.pdf&#8220; target=&#8220;yes&#8220; position=&#8220;ta_center&#8220;]MSDS[\/button][\/vc_column][vc_column width=&#8220;1\/6&#8243;][vc_single_image image=&#8220;547&#8243; img_size=&#8220;80X80&#8243; alignment=&#8220;center&#8220; style=&#8220;vc_box_rounded&#8220; css=&#8220;.vc_custom_1470702143570{margin-top: 20px !important;margin-bottom: 10px !important;border-bottom-width: 0px !important;}&#8220;][vc_custom_heading text=&#8220;Ger\u00e4ucherte Applewood Meersalz &#8211; Habanero&#8220; font_container=&#8220;tag:h5|text_align:center|color:%23414141&#8243; google_fonts=&#8220;font_family:Signika%3A300%2Cregular%2C600%2C700|font_style:400%20regular%3A400%3Anormal&#8220; css=&#8220;.vc_custom_1472674488474{margin-top: 0px !important;margin-bottom: 10px !important;border-top-width: 0px !important;border-bottom-width: 0px !important;}&#8220;][button t_color=&#8220;#ffffff&#8220; b_color=&#8220;#34a9c6&#8243; t_hover_color=&#8220;#414141&#8243; b_hover_color=&#8220;#ffda8a&#8220; radius=&#8220;5&#8243; font_weight=&#8220;300&#8243; url=&#8220;https:\/\/marataonline.com\/pdfs\/salt\/habaneromsds.pdf&#8220; target=&#8220;yes&#8220; position=&#8220;ta_center&#8220;]MSDS[\/button][\/vc_column][vc_column width=&#8220;1\/6&#8243;][vc_single_image image=&#8220;548&#8243; img_size=&#8220;80X80&#8243; alignment=&#8220;center&#8220; style=&#8220;vc_box_rounded&#8220; css=&#8220;.vc_custom_1470702149687{margin-top: 20px !important;margin-bottom: 10px !important;border-bottom-width: 0px !important;}&#8220;][vc_custom_heading text=&#8220;Ger\u00e4ucherte Applewood Meersalz Pulver&#8220; font_container=&#8220;tag:h5|text_align:center|color:%23414141&#8243; google_fonts=&#8220;font_family:Signika%3A300%2Cregular%2C600%2C700|font_style:400%20regular%3A400%3Anormal&#8220; css=&#8220;.vc_custom_1472674498088{margin-top: 0px !important;margin-bottom: 10px !important;border-top-width: 0px !important;border-bottom-width: 0px !important;}&#8220;][button t_color=&#8220;#ffffff&#8220; b_color=&#8220;#34a9c6&#8243; t_hover_color=&#8220;#414141&#8243; b_hover_color=&#8220;#ffda8a&#8220; radius=&#8220;5&#8243; font_weight=&#8220;300&#8243; url=&#8220;https:\/\/marataonline.com\/pdfs\/salt\/finespecs.pdf&#8220; target=&#8220;yes&#8220; position=&#8220;ta_center&#8220; mb=&#8220;5&#8243;]Specs[\/button][button t_color=&#8220;#ffffff&#8220; b_color=&#8220;#34a9c6&#8243; t_hover_color=&#8220;#414141&#8243; b_hover_color=&#8220;#ffda8a&#8220; radius=&#8220;5&#8243; font_weight=&#8220;300&#8243; url=&#8220;https:\/\/marataonline.com\/pdfs\/salt\/finemsds.pdf&#8220; target=&#8220;yes&#8220; position=&#8220;ta_center&#8220;]MSDS[\/button][\/vc_column][\/vc_row][vc_row css=&#8220;.vc_custom_1470702000839{padding-top: 25px !important;}&#8220;][vc_column][button use_icon=&#8220;yes&#8220; icon_color=&#8220;#ffffff&#8220; t_color=&#8220;#ffffff&#8220; b_color=&#8220;#666666&#8243; radius=&#8220;5&#8243; font_weight=&#8220;500&#8243; url=&#8220;https:\/\/www.marataonline.com\/de\/saltandpepper\/&#8220; position=&#8220;ta_center&#8220; icon=&#8220;cl-left33&#8243;]ZUR\u00dcCKGEHEN[\/button][\/vc_column][\/vc_row]<\/p>\n<\/div>","protected":false},"excerpt":{"rendered":"<p>[vc_row css=&#8220;.vc_custom_1470700463250{margin-top: 0px !important;margin-bottom: 0px !important;border-top-width: 0px !important;border-bottom-width: 0px !important;padding-top: 25px !important;padding-bottom: 10px !important;}&#8220;][vc_column][vc_single_image image=&#8220;495&#8243; img_size=&#8220;170&#215;170&#8243; alignment=&#8220;center&#8220;][\/vc_column][\/vc_row][vc_row css=&#8220;.vc_custom_1470700589617{margin-bottom: 0px !important;border-bottom-width: 0px !important;padding-top: 20px !important;padding-bottom: 20px !important;}&#8220;][vc_column css=&#8220;.vc_custom_1470700607924{margin-bottom: 0px !important;border-bottom-width: 0px !important;padding-bottom: 0px !important;}&#8220;][vc_custom_heading text=&#8220;Ger\u00e4ucherte Applewood Meersalz&#8220; font_container=&#8220;tag:h2|text_align:center|color:%23ffffff&#8220; use_theme_fonts=&#8220;yes&#8220; css=&#8220;.vc_custom_1472674427126{margin-right: 0px !important;margin-bottom: 0px !important;margin-left: 0px !important;border-right-width: 0px !important;border-bottom-width: 0px !important;border-left-width: 0px !important;background-color: rgba(10,10,10,0.5) !important;*background-color: rgb(10,10,10) !important;}&#8220;][\/vc_column][\/vc_row][vc_row&hellip; <a class=\"more-link\" href=\"https:\/\/marataonline.com\/de\/products\/salt-and-pepper\/smoked-sea-salt\/\">Continue reading <span class=\"screen-reader-text\">Ger\u00e4uchert Meersalz<\/span><\/a><\/p>\n","protected":false},"author":1,"featured_media":0,"parent":1675,"menu_order":0,"comment_status":"closed","ping_status":"closed","template":"","meta":{"footnotes":""},"class_list":["post-1677","page","type-page","status-publish","hentry","entry"],"aioseo_notices":[],"_links":{"self":[{"href":"https:\/\/marataonline.com\/de\/wp-json\/wp\/v2\/pages\/1677","targetHints":{"allow":["GET"]}}],"collection":[{"href":"https:\/\/marataonline.com\/de\/wp-json\/wp\/v2\/pages"}],"about":[{"href":"https:\/\/marataonline.com\/de\/wp-json\/wp\/v2\/types\/page"}],"author":[{"embeddable":true,"href":"https:\/\/marataonline.com\/de\/wp-json\/wp\/v2\/users\/1"}],"replies":[{"embeddable":true,"href":"https:\/\/marataonline.com\/de\/wp-json\/wp\/v2\/comments?post=1677"}],"version-history":[{"count":0,"href":"https:\/\/marataonline.com\/de\/wp-json\/wp\/v2\/pages\/1677\/revisions"}],"up":[{"embeddable":true,"href":"https:\/\/marataonline.com\/de\/wp-json\/wp\/v2\/pages\/1675"}],"wp:attachment":[{"href":"https:\/\/marataonline.com\/de\/wp-json\/wp\/v2\/media?parent=1677"}],"curies":[{"name":"wp","href":"https:\/\/api.w.org\/{rel}","templated":true}]}}