{"id":1682,"date":"2016-08-30T22:57:16","date_gmt":"2016-08-31T04:57:16","guid":{"rendered":"https:\/\/marataonline.com\/de\/?page_id=1682"},"modified":"2016-08-31T00:12:51","modified_gmt":"2016-08-31T06:12:51","slug":"dehydrated-vegetables","status":"publish","type":"page","link":"https:\/\/marataonline.com\/de\/products\/dehydrated-vegetables\/","title":{"rendered":"Getrocknetes Gem\u00fcse"},"content":{"rendered":"<div class=\"wpb-content-wrapper\"><p>[vc_row type=&#8220;full-width-content&#8220; css=&#8220;.vc_custom_1470877186246{margin-top: 0px !important;margin-bottom: 0px !important;border-top-width: 0px !important;border-bottom-width: 0px !important;padding-top: 25px !important;padding-bottom: 25px !important;background-image: url(https:\/\/www.marataonline.com\/wp-content\/uploads\/2016\/08\/FW-Veg.jpg) !important;background-position: center !important;background-repeat: no-repeat !important;background-size: cover !important;}&#8220;][vc_column css=&#8220;.vc_custom_1470677250820{margin-top: 0px !important;margin-bottom: 0px !important;border-top-width: 0px !important;border-bottom-width: 0px !important;padding-top: 0px !important;padding-bottom: 0px !important;}&#8220;][vc_custom_heading text=&#8220;Getrocknetes Gem\u00fcse&#8220; font_container=&#8220;tag:h1|text_align:center|color:%23ffffff&#8220; google_fonts=&#8220;font_family:Signika%3A300%2Cregular%2C600%2C700|font_style:300%20light%20regular%3A300%3Anormal&#8220; css=&#8220;.vc_custom_1472618471980{margin-right: 0px !important;margin-bottom: 10px !important;margin-left: 0px !important;border-right-width: 0px !important;border-bottom-width: 10px !important;border-left-width: 0px !important;padding-top: 15px !important;padding-bottom: 15px !important;background-color: rgba(10,10,10,0.5) !important;*background-color: rgb(10,10,10) !important;}&#8220;][\/vc_column][\/vc_row][vc_row type=&#8220;full-width-section&#8220; css=&#8220;.vc_custom_1470678888025{margin-top: 0px !important;margin-bottom: 0px !important;border-top-width: 0px !important;border-bottom-width: 0px !important;padding-top: 25px !important;padding-bottom: 25px !important;background-color: #efefef !important;}&#8220;][vc_column][vc_column_text css=&#8220;.vc_custom_1472618685073{margin-top: 0px !important;border-top-width: 0px !important;}&#8220;]<\/p>\n<p style=\"text-align: center;\"><span style=\"color: #666666;\">Marata Specialties, LLC ist ein Hersteller und Exporteur von Dehydriertes Gem\u00fcse wie Paprika, Tomaten, Knoblauch, Zwiebel, M\u00f6hren, Mais, Erbsen und Sellerie. Wir produzieren eine Vielzahl von Pr\u00e4sentationen wie: W\u00fcrfel, Pulver, Flocken, Granulat und Kreuz geschnitten.<\/span><\/p>\n<p style=\"text-align: center;\"><span style=\"color: #666666;\">Bitte nutzen Sie unsere Angaben und MSDS Datei um mehr zu einem einzelnen Produkt zu erfahren.<\/span><\/p>\n<p style=\"text-align: center;\"><span style=\"color: #666666;\">Alle Marata Produkte werden mit einer Kontinuit\u00e4tsgew\u00e4hrleistung, einem Analysenzertifikat und Sanitisierungszertifikat geliefert. Wir bieten Festpreise auf Ganzjahresbasis f\u00fcr geschlossene Vertr\u00e4ge und Auftragsbest\u00e4nde f\u00fcr die meisten der verarbeiteten Produkte.<\/span><\/p>\n<p>[\/vc_column_text][\/vc_column][\/vc_row][vc_row css=&#8220;.vc_custom_1470679151820{margin-top: 0px !important;margin-bottom: 0px !important;border-top-width: 0px !important;border-bottom-width: 0px !important;padding-top: 25px !important;padding-bottom: 10px !important;}&#8220;][vc_column][vc_custom_heading text=&#8220;Dehydriertes Gem\u00fcse&#8220; font_container=&#8220;tag:h1|text_align:center|color:%23414141&#8243; google_fonts=&#8220;font_family:Signika%3A300%2Cregular%2C600%2C700|font_style:300%20light%20regular%3A300%3Anormal&#8220; css=&#8220;.vc_custom_1472618775082{margin-right: 0px !important;margin-bottom: 10px !important;margin-left: 0px !important;border-right-width: 0px !important;border-bottom-width: 10px !important;border-left-width: 0px !important;padding-top: 15px !important;padding-bottom: 15px !important;}&#8220;][\/vc_column][\/vc_row][vc_row css=&#8220;.vc_custom_1470679501339{margin-top: 0px !important;border-top-width: 0px !important;padding-top: 5px !important;}&#8220;][vc_column width=&#8220;1\/6&#8243;][vc_single_image image=&#8220;791&#8243; img_size=&#8220;150&#215;150&#8243; alignment=&#8220;center&#8220; css=&#8220;.vc_custom_1470876755774{margin-bottom: 0px !important;border-bottom-width: 0px !important;}&#8220;][vc_custom_heading text=&#8220;Gr\u00fcne Paprika&#8220; font_container=&#8220;tag:h4|text_align:center|color:%23414141&#8243; use_theme_fonts=&#8220;yes&#8220; css=&#8220;.vc_custom_1472618867286{margin-top: 0px !important;margin-bottom: 5px !important;border-top-width: 0px !important;border-bottom-width: 0px !important;padding-top: 0px !important;}&#8220;][\/vc_column][vc_column width=&#8220;1\/6&#8243;][vc_single_image image=&#8220;792&#8243; img_size=&#8220;150&#215;150&#8243; alignment=&#8220;center&#8220; css=&#8220;.vc_custom_1470876765369{margin-bottom: 0px !important;border-bottom-width: 0px !important;}&#8220;][vc_custom_heading text=&#8220;Rote Paprika&#8220; font_container=&#8220;tag:h4|text_align:center|color:%23414141&#8243; use_theme_fonts=&#8220;yes&#8220; css=&#8220;.vc_custom_1472618926038{margin-top: 0px !important;margin-bottom: 5px !important;border-top-width: 0px !important;border-bottom-width: 0px !important;padding-top: 0px !important;}&#8220;][\/vc_column][vc_column width=&#8220;1\/6&#8243;][vc_single_image image=&#8220;793&#8243; img_size=&#8220;150&#215;150&#8243; alignment=&#8220;center&#8220; css=&#8220;.vc_custom_1470876774441{margin-bottom: 0px !important;border-bottom-width: 0px !important;}&#8220;][vc_custom_heading text=&#8220;Kohl&#8220; font_container=&#8220;tag:h4|text_align:center|color:%23414141&#8243; use_theme_fonts=&#8220;yes&#8220; css=&#8220;.vc_custom_1472618976046{margin-top: 0px !important;margin-bottom: 5px !important;border-top-width: 0px !important;border-bottom-width: 0px !important;padding-top: 0px !important;}&#8220;][\/vc_column][vc_column width=&#8220;1\/6&#8243;][vc_single_image image=&#8220;794&#8243; img_size=&#8220;150&#215;150&#8243; alignment=&#8220;center&#8220; css=&#8220;.vc_custom_1470876783891{margin-bottom: 0px !important;border-bottom-width: 0px !important;}&#8220;][vc_custom_heading text=&#8220;Karotte&#8220; font_container=&#8220;tag:h4|text_align:center|color:%23414141&#8243; use_theme_fonts=&#8220;yes&#8220; css=&#8220;.vc_custom_1472618987727{margin-top: 0px !important;margin-bottom: 5px !important;border-top-width: 0px !important;border-bottom-width: 0px !important;padding-top: 0px !important;}&#8220;][\/vc_column][vc_column width=&#8220;1\/6&#8243;][vc_single_image image=&#8220;795&#8243; img_size=&#8220;150&#215;150&#8243; alignment=&#8220;center&#8220; css=&#8220;.vc_custom_1470876796859{margin-bottom: 0px !important;border-bottom-width: 0px !important;}&#8220;][vc_custom_heading text=&#8220;Sellerie&#8220; font_container=&#8220;tag:h4|text_align:center|color:%23414141&#8243; use_theme_fonts=&#8220;yes&#8220; css=&#8220;.vc_custom_1472619006937{margin-top: 0px !important;margin-bottom: 5px !important;border-top-width: 0px !important;border-bottom-width: 0px !important;padding-top: 0px !important;}&#8220;][\/vc_column][vc_column width=&#8220;1\/6&#8243;][vc_single_image image=&#8220;796&#8243; img_size=&#8220;150&#215;150&#8243; alignment=&#8220;center&#8220; css=&#8220;.vc_custom_1470876807773{margin-bottom: 0px !important;border-bottom-width: 0px !important;}&#8220;][vc_custom_heading text=&#8220;Koriander&#8220; font_container=&#8220;tag:h4|text_align:center|color:%23414141&#8243; use_theme_fonts=&#8220;yes&#8220; css=&#8220;.vc_custom_1472619019823{margin-top: 0px !important;margin-bottom: 5px !important;border-top-width: 0px !important;border-bottom-width: 0px !important;padding-top: 0px !important;}&#8220;][\/vc_column][\/vc_row][vc_row css=&#8220;.vc_custom_1470679501339{margin-top: 0px !important;border-top-width: 0px !important;padding-top: 5px !important;}&#8220;][vc_column width=&#8220;1\/6&#8243;][vc_single_image image=&#8220;797&#8243; img_size=&#8220;150&#215;150&#8243; alignment=&#8220;center&#8220; css=&#8220;.vc_custom_1470876817524{margin-bottom: 0px !important;border-bottom-width: 0px !important;}&#8220;][vc_custom_heading text=&#8220;Mais&#8220; font_container=&#8220;tag:h4|text_align:center|color:%23414141&#8243; use_theme_fonts=&#8220;yes&#8220; css=&#8220;.vc_custom_1472619076896{margin-top: 0px !important;margin-bottom: 5px !important;border-top-width: 0px !important;border-bottom-width: 0px !important;padding-top: 0px !important;}&#8220;][\/vc_column][vc_column width=&#8220;1\/6&#8243;][vc_single_image image=&#8220;798&#8243; img_size=&#8220;150&#215;150&#8243; alignment=&#8220;center&#8220; css=&#8220;.vc_custom_1470876828008{margin-bottom: 0px !important;border-bottom-width: 0px !important;}&#8220;][vc_custom_heading text=&#8220;Petersilie&#8220; font_container=&#8220;tag:h4|text_align:center|color:%23414141&#8243; use_theme_fonts=&#8220;yes&#8220; css=&#8220;.vc_custom_1472619088158{margin-top: 0px !important;margin-bottom: 5px !important;border-top-width: 0px !important;border-bottom-width: 0px !important;padding-top: 0px !important;}&#8220;][\/vc_column][vc_column width=&#8220;1\/6&#8243;][vc_single_image image=&#8220;799&#8243; img_size=&#8220;150&#215;150&#8243; alignment=&#8220;center&#8220; css=&#8220;.vc_custom_1470876837685{margin-bottom: 0px !important;border-bottom-width: 0px !important;}&#8220;][vc_custom_heading text=&#8220;Kartoffel&#8220; font_container=&#8220;tag:h4|text_align:center|color:%23414141&#8243; use_theme_fonts=&#8220;yes&#8220; css=&#8220;.vc_custom_1472619097135{margin-top: 0px !important;margin-bottom: 5px !important;border-top-width: 0px !important;border-bottom-width: 0px !important;padding-top: 0px !important;}&#8220;][\/vc_column][vc_column width=&#8220;1\/6&#8243;][vc_single_image image=&#8220;800&#8243; img_size=&#8220;150&#215;150&#8243; alignment=&#8220;center&#8220; css=&#8220;.vc_custom_1470876846065{margin-bottom: 0px !important;border-bottom-width: 0px !important;}&#8220;][vc_custom_heading text=&#8220;Gr\u00fcne Erbsen&#8220; font_container=&#8220;tag:h4|text_align:center|color:%23414141&#8243; use_theme_fonts=&#8220;yes&#8220; css=&#8220;.vc_custom_1472619117526{margin-top: 0px !important;margin-bottom: 5px !important;border-top-width: 0px !important;border-bottom-width: 0px !important;padding-top: 0px !important;}&#8220;][\/vc_column][vc_column width=&#8220;1\/6&#8243;][vc_single_image image=&#8220;801&#8243; img_size=&#8220;150&#215;150&#8243; alignment=&#8220;center&#8220; css=&#8220;.vc_custom_1470876855331{margin-bottom: 0px !important;border-bottom-width: 0px !important;}&#8220;][vc_custom_heading text=&#8220;Spinat&#8220; font_container=&#8220;tag:h4|text_align:center|color:%23414141&#8243; use_theme_fonts=&#8220;yes&#8220; css=&#8220;.vc_custom_1472619144122{margin-top: 0px !important;margin-bottom: 5px !important;border-top-width: 0px !important;border-bottom-width: 0px !important;padding-top: 0px !important;}&#8220;][\/vc_column][vc_column width=&#8220;1\/6&#8243;][vc_single_image image=&#8220;802&#8243; img_size=&#8220;150&#215;150&#8243; alignment=&#8220;center&#8220; css=&#8220;.vc_custom_1470876866029{margin-bottom: 0px !important;border-bottom-width: 0px !important;}&#8220;][vc_custom_heading text=&#8220;S\u00fc\u00dfkartoffel&#8220; font_container=&#8220;tag:h4|text_align:center|color:%23414141&#8243; use_theme_fonts=&#8220;yes&#8220; css=&#8220;.vc_custom_1472619329499{margin-top: 0px !important;margin-bottom: 5px !important;border-top-width: 0px !important;border-bottom-width: 0px !important;padding-top: 0px !important;}&#8220;][\/vc_column][\/vc_row][vc_row css=&#8220;.vc_custom_1470680186498{margin-top: 0px !important;border-top-width: 0px !important;padding-top: 25px !important;}&#8220;][vc_column width=&#8220;1\/6&#8243;][vc_single_image image=&#8220;803&#8243; img_size=&#8220;150&#215;150&#8243; alignment=&#8220;center&#8220; css=&#8220;.vc_custom_1470876876075{margin-bottom: 0px !important;border-bottom-width: 0px !important;}&#8220;][vc_custom_heading text=&#8220;Tomate&#8220; font_container=&#8220;tag:h4|text_align:center|color:%23414141&#8243; use_theme_fonts=&#8220;yes&#8220; css=&#8220;.vc_custom_1472619391003{margin-top: 0px !important;margin-bottom: 5px !important;border-top-width: 0px !important;border-bottom-width: 0px !important;padding-top: 0px !important;}&#8220;][\/vc_column][vc_column width=&#8220;1\/6&#8243;][vc_single_image image=&#8220;804&#8243; img_size=&#8220;150&#215;150&#8243; alignment=&#8220;center&#8220; css=&#8220;.vc_custom_1470876884361{margin-bottom: 0px !important;border-bottom-width: 0px !important;}&#8220;][vc_custom_heading text=&#8220;Zucchini&#8220; font_container=&#8220;tag:h4|text_align:center|color:%23414141&#8243; use_theme_fonts=&#8220;yes&#8220; css=&#8220;.vc_custom_1470877068427{margin-top: 0px !important;margin-bottom: 5px !important;border-top-width: 0px !important;border-bottom-width: 0px !important;padding-top: 0px !important;}&#8220;][\/vc_column][vc_column width=&#8220;1\/6&#8243;][\/vc_column][vc_column width=&#8220;1\/6&#8243;][\/vc_column][vc_column width=&#8220;1\/6&#8243;][\/vc_column][vc_column width=&#8220;1\/6&#8243;][\/vc_column][\/vc_row]<\/p>\n<\/div>","protected":false},"excerpt":{"rendered":"<p>[vc_row type=&#8220;full-width-content&#8220; css=&#8220;.vc_custom_1470877186246{margin-top: 0px !important;margin-bottom: 0px !important;border-top-width: 0px !important;border-bottom-width: 0px !important;padding-top: 25px !important;padding-bottom: 25px !important;background-image: url(https:\/\/www.marataonline.com\/wp-content\/uploads\/2016\/08\/FW-Veg.jpg) !important;background-position: center !important;background-repeat: no-repeat !important;background-size: cover !important;}&#8220;][vc_column css=&#8220;.vc_custom_1470677250820{margin-top: 0px !important;margin-bottom: 0px !important;border-top-width: 0px !important;border-bottom-width: 0px !important;padding-top: 0px !important;padding-bottom: 0px !important;}&#8220;][vc_custom_heading text=&#8220;Getrocknetes Gem\u00fcse&#8220; font_container=&#8220;tag:h1|text_align:center|color:%23ffffff&#8220; google_fonts=&#8220;font_family:Signika%3A300%2Cregular%2C600%2C700|font_style:300%20light%20regular%3A300%3Anormal&#8220; css=&#8220;.vc_custom_1472618471980{margin-right: 0px !important;margin-bottom: 10px !important;margin-left: 0px !important;border-right-width: 0px !important;border-bottom-width: 10px !important;border-left-width: 0px !important;padding-top: 15px !important;padding-bottom:&hellip; <a class=\"more-link\" href=\"https:\/\/marataonline.com\/de\/products\/dehydrated-vegetables\/\">Continue reading <span class=\"screen-reader-text\">Getrocknetes Gem\u00fcse<\/span><\/a><\/p>\n","protected":false},"author":1,"featured_media":0,"parent":1692,"menu_order":0,"comment_status":"closed","ping_status":"closed","template":"","meta":{"footnotes":""},"class_list":["post-1682","page","type-page","status-publish","hentry","entry"],"aioseo_notices":[],"_links":{"self":[{"href":"https:\/\/marataonline.com\/de\/wp-json\/wp\/v2\/pages\/1682","targetHints":{"allow":["GET"]}}],"collection":[{"href":"https:\/\/marataonline.com\/de\/wp-json\/wp\/v2\/pages"}],"about":[{"href":"https:\/\/marataonline.com\/de\/wp-json\/wp\/v2\/types\/page"}],"author":[{"embeddable":true,"href":"https:\/\/marataonline.com\/de\/wp-json\/wp\/v2\/users\/1"}],"replies":[{"embeddable":true,"href":"https:\/\/marataonline.com\/de\/wp-json\/wp\/v2\/comments?post=1682"}],"version-history":[{"count":0,"href":"https:\/\/marataonline.com\/de\/wp-json\/wp\/v2\/pages\/1682\/revisions"}],"up":[{"embeddable":true,"href":"https:\/\/marataonline.com\/de\/wp-json\/wp\/v2\/pages\/1692"}],"wp:attachment":[{"href":"https:\/\/marataonline.com\/de\/wp-json\/wp\/v2\/media?parent=1682"}],"curies":[{"name":"wp","href":"https:\/\/api.w.org\/{rel}","templated":true}]}}