{"id":1684,"date":"2016-08-30T23:03:44","date_gmt":"2016-08-31T05:03:44","guid":{"rendered":"https:\/\/marataonline.com\/de\/?page_id=1684"},"modified":"2016-08-31T00:13:55","modified_gmt":"2016-08-31T06:13:55","slug":"spices","status":"publish","type":"page","link":"https:\/\/marataonline.com\/de\/products\/spices\/","title":{"rendered":"Gew\u00fcrze"},"content":{"rendered":"<div class=\"wpb-content-wrapper\"><p>[vc_row type=&#8220;full-width-content&#8220; css=&#8220;.vc_custom_1470931803001{margin-top: 0px !important;margin-bottom: 0px !important;border-top-width: 0px !important;border-bottom-width: 0px !important;padding-top: 25px !important;padding-bottom: 25px !important;background-image: url(https:\/\/www.marataonline.com\/wp-content\/uploads\/2016\/08\/FW-Spices.jpg) !important;background-position: center !important;background-repeat: no-repeat !important;background-size: cover !important;}&#8220;][vc_column css=&#8220;.vc_custom_1470677250820{margin-top: 0px !important;margin-bottom: 0px !important;border-top-width: 0px !important;border-bottom-width: 0px !important;padding-top: 0px !important;padding-bottom: 0px !important;}&#8220;][vc_custom_heading text=&#8220;Gew\u00fcrze&#8220; font_container=&#8220;tag:h1|text_align:center|color:%23ffffff&#8220; google_fonts=&#8220;font_family:Signika%3A300%2Cregular%2C600%2C700|font_style:300%20light%20regular%3A300%3Anormal&#8220; css=&#8220;.vc_custom_1472619620653{margin-right: 0px !important;margin-bottom: 10px !important;margin-left: 0px !important;border-right-width: 0px !important;border-bottom-width: 10px !important;border-left-width: 0px !important;padding-top: 15px !important;padding-bottom: 15px !important;background-color: rgba(10,10,10,0.5) !important;*background-color: rgb(10,10,10) !important;}&#8220;][\/vc_column][\/vc_row][vc_row type=&#8220;full-width-section&#8220; css=&#8220;.vc_custom_1470678888025{margin-top: 0px !important;margin-bottom: 0px !important;border-top-width: 0px !important;border-bottom-width: 0px !important;padding-top: 25px !important;padding-bottom: 25px !important;background-color: #efefef !important;}&#8220;][vc_column][vc_column_text css=&#8220;.vc_custom_1472619968297{margin-top: 0px !important;border-top-width: 0px !important;}&#8220;]<\/p>\n<p style=\"text-align: center;\"><span style=\"color: #666666;\">Marata Specialties, LLC ist ein Hersteller und\/oder Exporteur von Gew\u00fcrzen aus aller Welt. Unsere Gew\u00fcrze kommen in vielen Pr\u00e4sentationen wie grob, Flocken oder Pulver. Wir verwalten auch unterschiedliche Qualit\u00e4ten, so sollten Sie kein Problem, Kauf, was Sie suchen.<\/span><\/p>\n<p style=\"text-align: center;\"><span style=\"color: #666666;\">Bitte nutzen Sie unsere Angaben und MSDS Datei um mehr zu einem einzelnen Produkt zu erfahren.<\/span><\/p>\n<p style=\"text-align: center;\"><span style=\"color: #666666;\">Alle Marata Produkte werden mit einer Kontinuit\u00e4tsgew\u00e4hrleistung, einem Analysenzertifikat und Sanitisierungszertifikat geliefert. Wir bieten Festpreise auf Ganzjahresbasis f\u00fcr geschlossene Vertr\u00e4ge und Auftragsbest\u00e4nde f\u00fcr die meisten der verarbeiteten Produkte.<\/span><\/p>\n<p>[\/vc_column_text][\/vc_column][\/vc_row][vc_row css=&#8220;.vc_custom_1470679151820{margin-top: 0px !important;margin-bottom: 0px !important;border-top-width: 0px !important;border-bottom-width: 0px !important;padding-top: 25px !important;padding-bottom: 10px !important;}&#8220;][vc_column][vc_custom_heading text=&#8220;Unsere Gew\u00fcrze&#8220; font_container=&#8220;tag:h1|text_align:center|color:%23414141&#8243; google_fonts=&#8220;font_family:Signika%3A300%2Cregular%2C600%2C700|font_style:300%20light%20regular%3A300%3Anormal&#8220; css=&#8220;.vc_custom_1472619683498{margin-right: 0px !important;margin-bottom: 10px !important;margin-left: 0px !important;border-right-width: 0px !important;border-bottom-width: 10px !important;border-left-width: 0px !important;padding-top: 15px !important;padding-bottom: 15px !important;}&#8220;][\/vc_column][\/vc_row][vc_row css=&#8220;.vc_custom_1470679501339{margin-top: 0px !important;border-top-width: 0px !important;padding-top: 5px !important;}&#8220;][vc_column width=&#8220;1\/4&#8243;][vc_single_image image=&#8220;816&#8243; img_size=&#8220;150&#215;150&#8243; alignment=&#8220;center&#8220; css=&#8220;.vc_custom_1470933351419{margin-bottom: 0px !important;border-bottom-width: 0px !important;}&#8220;][vc_custom_heading text=&#8220;Piment&#8220; font_container=&#8220;tag:h4|text_align:center|color:%23414141&#8243; use_theme_fonts=&#8220;yes&#8220; css=&#8220;.vc_custom_1472619745507{margin-top: 0px !important;margin-bottom: 5px !important;border-top-width: 0px !important;border-bottom-width: 0px !important;padding-top: 0px !important;}&#8220;][\/vc_column][vc_column width=&#8220;1\/4&#8243;][vc_single_image image=&#8220;817&#8243; img_size=&#8220;150&#215;150&#8243; alignment=&#8220;center&#8220; css=&#8220;.vc_custom_1470933363009{margin-bottom: 0px !important;border-bottom-width: 0px !important;}&#8220;][vc_custom_heading text=&#8220;Annatto&#8220; font_container=&#8220;tag:h4|text_align:center|color:%23414141&#8243; use_theme_fonts=&#8220;yes&#8220; css=&#8220;.vc_custom_1472619756541{margin-top: 0px !important;margin-bottom: 5px !important;border-top-width: 0px !important;border-bottom-width: 0px !important;padding-top: 0px !important;}&#8220;][\/vc_column][vc_column width=&#8220;1\/4&#8243;][vc_single_image image=&#8220;819&#8243; img_size=&#8220;150&#215;150&#8243; alignment=&#8220;center&#8220; css=&#8220;.vc_custom_1470933383788{margin-bottom: 0px !important;border-bottom-width: 0px !important;}&#8220;][vc_custom_heading text=&#8220;Epazote&#8220; font_container=&#8220;tag:h4|text_align:center|color:%23414141&#8243; use_theme_fonts=&#8220;yes&#8220; css=&#8220;.vc_custom_1470934565112{margin-top: 0px !important;margin-bottom: 5px !important;border-top-width: 0px !important;border-bottom-width: 0px !important;padding-top: 0px !important;}&#8220;][\/vc_column][vc_column width=&#8220;1\/4&#8243;][vc_single_image image=&#8220;820&#8243; img_size=&#8220;150&#215;150&#8243; alignment=&#8220;center&#8220; css=&#8220;.vc_custom_1470933397090{margin-bottom: 0px !important;border-bottom-width: 0px !important;}&#8220;][vc_custom_heading text=&#8220;Knoblauch&#8220; font_container=&#8220;tag:h4|text_align:center|color:%23414141&#8243; use_theme_fonts=&#8220;yes&#8220; css=&#8220;.vc_custom_1472619767546{margin-top: 0px !important;margin-bottom: 5px !important;border-top-width: 0px !important;border-bottom-width: 0px !important;padding-top: 0px !important;}&#8220;][\/vc_column][\/vc_row][vc_row css=&#8220;.vc_custom_1470679501339{margin-top: 0px !important;border-top-width: 0px !important;padding-top: 5px !important;}&#8220;][vc_column width=&#8220;1\/3&#8243;][vc_single_image image=&#8220;821&#8243; img_size=&#8220;150&#215;150&#8243; alignment=&#8220;center&#8220; css=&#8220;.vc_custom_1470933451067{margin-bottom: 0px !important;border-bottom-width: 0px !important;}&#8220;][vc_custom_heading text=&#8220;Lorbeer&#8220; font_container=&#8220;tag:h4|text_align:center|color:%23414141&#8243; use_theme_fonts=&#8220;yes&#8220; css=&#8220;.vc_custom_1472619781388{margin-top: 0px !important;margin-bottom: 5px !important;border-top-width: 0px !important;border-bottom-width: 0px !important;padding-top: 0px !important;}&#8220;][\/vc_column][vc_column width=&#8220;1\/3&#8243;][vc_single_image image=&#8220;822&#8243; img_size=&#8220;150&#215;150&#8243; alignment=&#8220;center&#8220; css=&#8220;.vc_custom_1470933464991{margin-bottom: 0px !important;border-bottom-width: 0px !important;}&#8220;][vc_custom_heading text=&#8220;Zwiebel&#8220; font_container=&#8220;tag:h4|text_align:center|color:%23414141&#8243; use_theme_fonts=&#8220;yes&#8220; css=&#8220;.vc_custom_1472619801577{margin-top: 0px !important;margin-bottom: 5px !important;border-top-width: 0px !important;border-bottom-width: 0px !important;padding-top: 0px !important;}&#8220;][\/vc_column][vc_column width=&#8220;1\/3&#8243;][vc_single_image image=&#8220;823&#8243; img_size=&#8220;150&#215;150&#8243; alignment=&#8220;center&#8220; css=&#8220;.vc_custom_1470933473964{margin-bottom: 0px !important;border-bottom-width: 0px !important;}&#8220;][vc_custom_heading text=&#8220;Oregano&#8220; font_container=&#8220;tag:h4|text_align:center|color:%23414141&#8243; use_theme_fonts=&#8220;yes&#8220; css=&#8220;.vc_custom_1472619811499{margin-top: 0px !important;margin-bottom: 5px !important;border-top-width: 0px !important;border-bottom-width: 0px !important;padding-top: 0px !important;}&#8220;][\/vc_column][\/vc_row]<\/p>\n<\/div>","protected":false},"excerpt":{"rendered":"<p>[vc_row type=&#8220;full-width-content&#8220; css=&#8220;.vc_custom_1470931803001{margin-top: 0px !important;margin-bottom: 0px !important;border-top-width: 0px !important;border-bottom-width: 0px !important;padding-top: 25px !important;padding-bottom: 25px !important;background-image: url(https:\/\/www.marataonline.com\/wp-content\/uploads\/2016\/08\/FW-Spices.jpg) !important;background-position: center !important;background-repeat: no-repeat !important;background-size: cover !important;}&#8220;][vc_column css=&#8220;.vc_custom_1470677250820{margin-top: 0px !important;margin-bottom: 0px !important;border-top-width: 0px !important;border-bottom-width: 0px !important;padding-top: 0px !important;padding-bottom: 0px !important;}&#8220;][vc_custom_heading text=&#8220;Gew\u00fcrze&#8220; font_container=&#8220;tag:h1|text_align:center|color:%23ffffff&#8220; google_fonts=&#8220;font_family:Signika%3A300%2Cregular%2C600%2C700|font_style:300%20light%20regular%3A300%3Anormal&#8220; css=&#8220;.vc_custom_1472619620653{margin-right: 0px !important;margin-bottom: 10px !important;margin-left: 0px !important;border-right-width: 0px !important;border-bottom-width: 10px !important;border-left-width: 0px !important;padding-top: 15px !important;padding-bottom: 15px&hellip; <a class=\"more-link\" href=\"https:\/\/marataonline.com\/de\/products\/spices\/\">Continue reading <span class=\"screen-reader-text\">Gew\u00fcrze<\/span><\/a><\/p>\n","protected":false},"author":1,"featured_media":0,"parent":1692,"menu_order":0,"comment_status":"closed","ping_status":"closed","template":"","meta":{"footnotes":""},"class_list":["post-1684","page","type-page","status-publish","hentry","entry"],"aioseo_notices":[],"_links":{"self":[{"href":"https:\/\/marataonline.com\/de\/wp-json\/wp\/v2\/pages\/1684","targetHints":{"allow":["GET"]}}],"collection":[{"href":"https:\/\/marataonline.com\/de\/wp-json\/wp\/v2\/pages"}],"about":[{"href":"https:\/\/marataonline.com\/de\/wp-json\/wp\/v2\/types\/page"}],"author":[{"embeddable":true,"href":"https:\/\/marataonline.com\/de\/wp-json\/wp\/v2\/users\/1"}],"replies":[{"embeddable":true,"href":"https:\/\/marataonline.com\/de\/wp-json\/wp\/v2\/comments?post=1684"}],"version-history":[{"count":0,"href":"https:\/\/marataonline.com\/de\/wp-json\/wp\/v2\/pages\/1684\/revisions"}],"up":[{"embeddable":true,"href":"https:\/\/marataonline.com\/de\/wp-json\/wp\/v2\/pages\/1692"}],"wp:attachment":[{"href":"https:\/\/marataonline.com\/de\/wp-json\/wp\/v2\/media?parent=1684"}],"curies":[{"name":"wp","href":"https:\/\/api.w.org\/{rel}","templated":true}]}}