{"id":1723,"date":"2016-08-30T23:34:43","date_gmt":"2016-08-31T05:34:43","guid":{"rendered":"https:\/\/marataonline.com\/de\/?page_id=1723"},"modified":"2016-08-31T00:13:47","modified_gmt":"2016-08-31T06:13:47","slug":"special-projects","status":"publish","type":"page","link":"https:\/\/marataonline.com\/de\/products\/special-projects\/","title":{"rendered":"Spezielle Projekte"},"content":{"rendered":"<div class=\"wpb-content-wrapper\"><p>[vc_row type=&#8220;full-width-content&#8220; css=&#8220;.vc_custom_1470940552150{margin-top: 0px !important;margin-bottom: 0px !important;border-top-width: 0px !important;border-bottom-width: 0px !important;padding-top: 25px !important;padding-bottom: 25px !important;background-image: url(https:\/\/www.marataonline.com\/wp-content\/uploads\/2016\/08\/FW-sP3.jpg) !important;background-position: center !important;background-repeat: no-repeat !important;background-size: cover !important;}&#8220;][vc_column css=&#8220;.vc_custom_1470677250820{margin-top: 0px !important;margin-bottom: 0px !important;border-top-width: 0px !important;border-bottom-width: 0px !important;padding-top: 0px !important;padding-bottom: 0px !important;}&#8220;][vc_custom_heading text=&#8220;Spezielle Projekte&#8220; font_container=&#8220;tag:h1|text_align:center|color:%23ffffff&#8220; google_fonts=&#8220;font_family:Signika%3A300%2Cregular%2C600%2C700|font_style:300%20light%20regular%3A300%3Anormal&#8220; css=&#8220;.vc_custom_1472621591541{margin-right: 0px !important;margin-bottom: 10px !important;margin-left: 0px !important;border-right-width: 0px !important;border-bottom-width: 10px !important;border-left-width: 0px !important;padding-top: 15px !important;padding-bottom: 15px !important;background-color: rgba(10,10,10,0.5) !important;*background-color: rgb(10,10,10) !important;}&#8220;][\/vc_column][\/vc_row][vc_row type=&#8220;full-width-section&#8220; css=&#8220;.vc_custom_1471556919499{margin-top: 0px !important;margin-bottom: 0px !important;border-top-width: 0px !important;border-bottom-width: 0px !important;padding-top: 25px !important;padding-bottom: 25px !important;background-color: #ffffff !important;}&#8220;][vc_column][vc_column_text css=&#8220;.vc_custom_1472621645298{margin-top: 0px !important;border-top-width: 0px !important;}&#8220;]<\/p>\n<p style=\"text-align: center;\"><span style=\"color: #666666;\">Derzeit arbeiten wir eng mit unseren Kunden um sicherzustellen, dass sie das beste bekommen, was, die wir zu bieten haben. Unsere Flexibilit\u00e4t und Verarbeitung Pflanzen erm\u00f6glichen es uns, viele Dinge zu tun, so dass wir m\u00f6glicherweise nur der Gesch\u00e4ftspartner, die, den Sie ben\u00f6tigen.<\/span><\/p>\n<p style=\"text-align: center;\"><span style=\"color: #666666;\">Z\u00f6gern Sie nicht, Fragen Sie, wenn Sie ein besonderes Projekt im Auge haben, werden wir gerne Ihnen helfen, ein Produkt zu entwickeln, z\u00f6gern Sie nicht uns zu kontaktieren und wir erhalten zur\u00fcck zu Ihnen so schnell wie m\u00f6glich.<\/span><\/p>\n<p>[\/vc_column_text][button t_color=&#8220;#ffffff&#8220; b_color=&#8220;#666666&#8243; t_hover_color=&#8220;#ffffff&#8220; b_hover_color=&#8220;#414141&#8243; radius=&#8220;5&#8243; font_weight=&#8220;500&#8243; url=&#8220;https:\/\/www.marataonline.com\/de\/contact\/&#8220; position=&#8220;ta_center&#8220;]Kontaktieren Sie Uns[\/button][\/vc_column][\/vc_row]<\/p>\n<\/div>","protected":false},"excerpt":{"rendered":"<p>[vc_row type=&#8220;full-width-content&#8220; css=&#8220;.vc_custom_1470940552150{margin-top: 0px !important;margin-bottom: 0px !important;border-top-width: 0px !important;border-bottom-width: 0px !important;padding-top: 25px !important;padding-bottom: 25px !important;background-image: url(https:\/\/www.marataonline.com\/wp-content\/uploads\/2016\/08\/FW-sP3.jpg) !important;background-position: center !important;background-repeat: no-repeat !important;background-size: cover !important;}&#8220;][vc_column css=&#8220;.vc_custom_1470677250820{margin-top: 0px !important;margin-bottom: 0px !important;border-top-width: 0px !important;border-bottom-width: 0px !important;padding-top: 0px !important;padding-bottom: 0px !important;}&#8220;][vc_custom_heading text=&#8220;Spezielle Projekte&#8220; font_container=&#8220;tag:h1|text_align:center|color:%23ffffff&#8220; google_fonts=&#8220;font_family:Signika%3A300%2Cregular%2C600%2C700|font_style:300%20light%20regular%3A300%3Anormal&#8220; css=&#8220;.vc_custom_1472621591541{margin-right: 0px !important;margin-bottom: 10px !important;margin-left: 0px !important;border-right-width: 0px !important;border-bottom-width: 10px !important;border-left-width: 0px !important;padding-top: 15px !important;padding-bottom:&hellip; <a class=\"more-link\" href=\"https:\/\/marataonline.com\/de\/products\/special-projects\/\">Continue reading <span class=\"screen-reader-text\">Spezielle Projekte<\/span><\/a><\/p>\n","protected":false},"author":1,"featured_media":0,"parent":1692,"menu_order":0,"comment_status":"closed","ping_status":"closed","template":"","meta":{"footnotes":""},"class_list":["post-1723","page","type-page","status-publish","hentry","entry"],"aioseo_notices":[],"_links":{"self":[{"href":"https:\/\/marataonline.com\/de\/wp-json\/wp\/v2\/pages\/1723","targetHints":{"allow":["GET"]}}],"collection":[{"href":"https:\/\/marataonline.com\/de\/wp-json\/wp\/v2\/pages"}],"about":[{"href":"https:\/\/marataonline.com\/de\/wp-json\/wp\/v2\/types\/page"}],"author":[{"embeddable":true,"href":"https:\/\/marataonline.com\/de\/wp-json\/wp\/v2\/users\/1"}],"replies":[{"embeddable":true,"href":"https:\/\/marataonline.com\/de\/wp-json\/wp\/v2\/comments?post=1723"}],"version-history":[{"count":0,"href":"https:\/\/marataonline.com\/de\/wp-json\/wp\/v2\/pages\/1723\/revisions"}],"up":[{"embeddable":true,"href":"https:\/\/marataonline.com\/de\/wp-json\/wp\/v2\/pages\/1692"}],"wp:attachment":[{"href":"https:\/\/marataonline.com\/de\/wp-json\/wp\/v2\/media?parent=1723"}],"curies":[{"name":"wp","href":"https:\/\/api.w.org\/{rel}","templated":true}]}}