{"id":1724,"date":"2016-08-30T23:32:18","date_gmt":"2016-08-31T05:32:18","guid":{"rendered":"https:\/\/marataonline.com\/de\/?page_id=1724"},"modified":"2016-08-30T23:32:18","modified_gmt":"2016-08-31T05:32:18","slug":"oregano","status":"publish","type":"page","link":"https:\/\/marataonline.com\/de\/products\/oregano\/","title":{"rendered":"Oregano"},"content":{"rendered":"<div class=\"wpb-content-wrapper\"><p>[vc_row type=&#8220;full-width-content&#8220; css=&#8220;.vc_custom_1470931628150{margin-top: 0px !important;margin-bottom: 0px !important;border-top-width: 0px !important;border-bottom-width: 0px !important;padding-top: 25px !important;padding-bottom: 25px !important;background-image: url(https:\/\/www.marataonline.com\/wp-content\/uploads\/2016\/08\/FW-Ore.jpg) !important;background-position: center !important;background-repeat: no-repeat !important;background-size: cover !important;}&#8220;][vc_column css=&#8220;.vc_custom_1470677250820{margin-top: 0px !important;margin-bottom: 0px !important;border-top-width: 0px !important;border-bottom-width: 0px !important;padding-top: 0px !important;padding-bottom: 0px !important;}&#8220;][vc_custom_heading text=&#8220;Mexikanische Oregano&#8220; font_container=&#8220;tag:h1|text_align:center|color:%23ffffff&#8220; google_fonts=&#8220;font_family:Signika%3A300%2Cregular%2C600%2C700|font_style:300%20light%20regular%3A300%3Anormal&#8220; css=&#8220;.vc_custom_1472621530801{margin-right: 0px !important;margin-bottom: 10px !important;margin-left: 0px !important;border-right-width: 0px !important;border-bottom-width: 10px !important;border-left-width: 0px !important;padding-top: 15px !important;padding-bottom: 15px !important;background-color: rgba(10,10,10,0.5) !important;*background-color: rgb(10,10,10) !important;}&#8220;][\/vc_column][\/vc_row][vc_row type=&#8220;full-width-section&#8220; css=&#8220;.vc_custom_1471556902933{margin-top: 0px !important;margin-bottom: 0px !important;border-top-width: 0px !important;border-bottom-width: 0px !important;padding-top: 25px !important;padding-bottom: 25px !important;background-color: #ffffff !important;}&#8220;][vc_column][vc_column_text css=&#8220;.vc_custom_1472621509065{margin-top: 0px !important;border-top-width: 0px !important;}&#8220;]<\/p>\n<p style=\"text-align: center;\"><span style=\"color: #666666;\">Oregano ist ein beliebtes K\u00fcchenkraut, das viele Leute denken, der als nur ein Gew\u00fcrz zu verbessern oder verst\u00e4rken den Geschmack ihrer Lebensmittel, aber in Wahrheit, dieses mehrj\u00e4hrige Kraut, mit dem wissenschaftlichen Namen des Origanum Vulgare, hat eine F\u00fclle von gesundheitlichen Vorteilen, die meisten Menschen gar nicht bewusst. S\u00fcdwestliche Eurasien und im Mittelmeerraum heimisch, Oregano ein wertvoller Bestandteil der beiden kulinarischen und Alternativmedizin Behandlungen seit Tausenden von Jahren wurde. Oregano ist tats\u00e4chlich eng mit Minze und seiner Gattung ist eigentlich in der gleichen Familie wie Mentha.<\/span><br \/>\n<span style=\"color: #666666;\">Marata Specialties, LLC ist ein Exporteur von Qualit\u00e4t mexikanisches Oregano.<\/span><\/p>\n<p style=\"text-align: center;\"><span style=\"color: #666666;\">Wir f\u00fchren die folgenden Pr\u00e4sentationen:<\/span><br \/>\n<span style=\"color: #666666;\">Gesamte \/ Blatt, Griechische Schnitt, Pulver, spezielle Granulation und Bulk-index<\/span><\/p>\n<p style=\"text-align: center;\"><span style=\"color: #666666;\">Alle Marata Produkte werden mit einer Kontinuit\u00e4tsgew\u00e4hrleistung, einem Analysenzertifikat und Sanitisierungszertifikat geliefert. Wir bieten Festpreise auf Ganzjahresbasis f\u00fcr geschlossene Vertr\u00e4ge und Auftragsbest\u00e4nde f\u00fcr die meisten der verarbeiteten Produkte.<\/span><\/p>\n<p>[\/vc_column_text][\/vc_column][\/vc_row]<\/p>\n<\/div>","protected":false},"excerpt":{"rendered":"<p>[vc_row type=&#8220;full-width-content&#8220; css=&#8220;.vc_custom_1470931628150{margin-top: 0px !important;margin-bottom: 0px !important;border-top-width: 0px !important;border-bottom-width: 0px !important;padding-top: 25px !important;padding-bottom: 25px !important;background-image: url(https:\/\/www.marataonline.com\/wp-content\/uploads\/2016\/08\/FW-Ore.jpg) !important;background-position: center !important;background-repeat: no-repeat !important;background-size: cover !important;}&#8220;][vc_column css=&#8220;.vc_custom_1470677250820{margin-top: 0px !important;margin-bottom: 0px !important;border-top-width: 0px !important;border-bottom-width: 0px !important;padding-top: 0px !important;padding-bottom: 0px !important;}&#8220;][vc_custom_heading text=&#8220;Mexikanische Oregano&#8220; font_container=&#8220;tag:h1|text_align:center|color:%23ffffff&#8220; google_fonts=&#8220;font_family:Signika%3A300%2Cregular%2C600%2C700|font_style:300%20light%20regular%3A300%3Anormal&#8220; css=&#8220;.vc_custom_1472621530801{margin-right: 0px !important;margin-bottom: 10px !important;margin-left: 0px !important;border-right-width: 0px !important;border-bottom-width: 10px !important;border-left-width: 0px !important;padding-top: 15px !important;padding-bottom:&hellip; <a class=\"more-link\" href=\"https:\/\/marataonline.com\/de\/products\/oregano\/\">Continue reading <span class=\"screen-reader-text\">Oregano<\/span><\/a><\/p>\n","protected":false},"author":1,"featured_media":0,"parent":1692,"menu_order":0,"comment_status":"closed","ping_status":"closed","template":"","meta":{"footnotes":""},"class_list":["post-1724","page","type-page","status-publish","hentry","entry"],"aioseo_notices":[],"_links":{"self":[{"href":"https:\/\/marataonline.com\/de\/wp-json\/wp\/v2\/pages\/1724","targetHints":{"allow":["GET"]}}],"collection":[{"href":"https:\/\/marataonline.com\/de\/wp-json\/wp\/v2\/pages"}],"about":[{"href":"https:\/\/marataonline.com\/de\/wp-json\/wp\/v2\/types\/page"}],"author":[{"embeddable":true,"href":"https:\/\/marataonline.com\/de\/wp-json\/wp\/v2\/users\/1"}],"replies":[{"embeddable":true,"href":"https:\/\/marataonline.com\/de\/wp-json\/wp\/v2\/comments?post=1724"}],"version-history":[{"count":0,"href":"https:\/\/marataonline.com\/de\/wp-json\/wp\/v2\/pages\/1724\/revisions"}],"up":[{"embeddable":true,"href":"https:\/\/marataonline.com\/de\/wp-json\/wp\/v2\/pages\/1692"}],"wp:attachment":[{"href":"https:\/\/marataonline.com\/de\/wp-json\/wp\/v2\/media?parent=1724"}],"curies":[{"name":"wp","href":"https:\/\/api.w.org\/{rel}","templated":true}]}}