{"id":1727,"date":"2016-08-30T23:37:04","date_gmt":"2016-08-31T05:37:04","guid":{"rendered":"https:\/\/marataonline.com\/de\/?page_id=1727"},"modified":"2016-08-31T00:09:51","modified_gmt":"2016-08-31T06:09:51","slug":"about-us","status":"publish","type":"page","link":"https:\/\/marataonline.com\/de\/about-us\/","title":{"rendered":"\u00dcber uns"},"content":{"rendered":"<div class=\"wpb-content-wrapper\"><p>[vc_row type=&#8220;full-width-section&#8220; css=&#8220;.vc_custom_1472095262535{margin-top: 0px !important;margin-bottom: 0px !important;border-top-width: 0px !important;border-bottom-width: 0px !important;padding-top: 20px !important;background-image: url(https:\/\/marataonline.com\/wp-content\/uploads\/2016\/08\/FWBGAU1.jpg?id=777) !important;}&#8220;][vc_column][vc_custom_heading text=&#8220;\u00dcber uns&#8220; font_container=&#8220;tag:h2|text_align:center|color:%23ffffff&#8220; google_fonts=&#8220;font_family:Signika%3A300%2Cregular%2C600%2C700|font_style:300%20light%20regular%3A300%3Anormal&#8220; css=&#8220;.vc_custom_1472621752652{padding-top: 10px !important;padding-bottom: 10px !important;background-color: rgba(10,10,10,0.5) !important;*background-color: rgb(10,10,10) !important;border-radius: 5px !important;}&#8220;][\/vc_column][\/vc_row][vc_row type=&#8220;full-width-section&#8220; css=&#8220;.vc_custom_1470871058240{padding-top: 20px !important;padding-bottom: 20px !important;background-position: center !important;background-repeat: no-repeat !important;background-size: cover !important;}&#8220;][vc_column][vc_column_text css=&#8220;.vc_custom_1472621787074{padding-top: 20px !important;padding-right: 20px !important;padding-bottom: 20px !important;padding-left: 20px !important;border-radius: 5px !important;}&#8220;]<\/p>\n<p style=\"text-align: justify;\"><span style=\"color: #414141;\">Marata Specialties, LLC ist eine Partnerfirma Deshidratadora Marata S.A. De C.V.<\/span><\/p>\n<p style=\"text-align: justify;\"><span style=\"color: #414141;\">Diese Unternehmen widmen sich der Forschung und Entwicklung neuer Technologien und Produkte f\u00fcr die Lebensmittelindustrie.<\/span><\/p>\n<p style=\"text-align: justify;\"><span style=\"color: #414141;\">Die Einf\u00fchrung von Gourmet-geraucht Produkte gibt Marata Specialties, LLC eine einzigartige Unterscheidungsmerkmal, als einziges Unternehmen dieser Produktlinie in Lateinamerika, verarbeitenden und ausf\u00fchrenden und verkaufen sie an den NAFTA-Markt (USA, Kanada und Mexiko) seit dem Jahr 2004. Alle Marata Produkte verf\u00fcgen \u00fcber eine Kontinuit\u00e4t-Garantie-Brief, COA und der Desinfektion zertifiziert. Wir bieten Festpreise auf Gesamtjahr Basis unterzeichnete Vertr\u00e4ge und offene Bestellungen, f\u00fcr die meisten unserer verarbeiteten Produkte.<\/span><\/p>\n<p>[\/vc_column_text][vc_row_inner][vc_column_inner width=&#8220;1\/4&#8243;][vc_single_image image=&#8220;701&#8243; img_size=&#8220;medium&#8220;][\/vc_column_inner][vc_column_inner width=&#8220;3\/4&#8243;][vc_column_text css=&#8220;.vc_custom_1472621805873{padding-top: 20px !important;padding-right: 20px !important;padding-bottom: 20px !important;padding-left: 20px !important;border-radius: 5px !important;}&#8220;]<\/p>\n<p style=\"text-align: justify;\"><span style=\"color: #414141;\">Wir genie\u00dfen die Vorteile des Seins ein direkter Exporteur, Importeur, Prozessor und Hersteller von Produkten in Mexiko und den USA mit einer Vielseitigkeit eine nichtstation\u00e4re Anlagen (z. B. mobile Anlage). Wir sind t\u00e4tig:<\/span><\/p>\n<ul style=\"text-align: justify;\">\n<li><span style=\"color: #414141;\">4 Ebene Bandtrockner 48 ft in L\u00e4nge und 150 ft. G\u00fcrtel.<\/span><\/li>\n<li><span style=\"color: #414141;\">Ein HCCP gem\u00e4\u00df Anlage Schleifen. Mit Magneten in mehreren kritischen Kontrollpunkte einschlie\u00dflich Metalldetektoren vor dem Verpacken<\/span><\/li>\n<\/ul>\n<p style=\"text-align: justify;\"><span style=\"color: #414141;\">Viele Jahre Erfahrung und Hunderte von Kunden in aller Welt sind ein Beweis daf\u00fcr sind wir die beste und sicherste Wahl f\u00fcr Spezialprodukte.<\/span><\/p>\n<p>[\/vc_column_text][\/vc_column_inner][\/vc_row_inner][\/vc_column][\/vc_row]<\/p>\n<\/div>","protected":false},"excerpt":{"rendered":"<p>[vc_row type=&#8220;full-width-section&#8220; css=&#8220;.vc_custom_1472095262535{margin-top: 0px !important;margin-bottom: 0px !important;border-top-width: 0px !important;border-bottom-width: 0px !important;padding-top: 20px !important;background-image: url(https:\/\/marataonline.com\/wp-content\/uploads\/2016\/08\/FWBGAU1.jpg?id=777) !important;}&#8220;][vc_column][vc_custom_heading text=&#8220;\u00dcber uns&#8220; font_container=&#8220;tag:h2|text_align:center|color:%23ffffff&#8220; google_fonts=&#8220;font_family:Signika%3A300%2Cregular%2C600%2C700|font_style:300%20light%20regular%3A300%3Anormal&#8220; css=&#8220;.vc_custom_1472621752652{padding-top: 10px !important;padding-bottom: 10px !important;background-color: rgba(10,10,10,0.5) !important;*background-color: rgb(10,10,10) !important;border-radius: 5px !important;}&#8220;][\/vc_column][\/vc_row][vc_row type=&#8220;full-width-section&#8220; css=&#8220;.vc_custom_1470871058240{padding-top: 20px !important;padding-bottom: 20px !important;background-position: center !important;background-repeat: no-repeat !important;background-size: cover !important;}&#8220;][vc_column][vc_column_text css=&#8220;.vc_custom_1472621787074{padding-top: 20px !important;padding-right: 20px !important;padding-bottom: 20px !important;padding-left: 20px !important;border-radius: 5px !important;}&#8220;] Marata Specialties,&hellip; <a class=\"more-link\" href=\"https:\/\/marataonline.com\/de\/about-us\/\">Continue reading <span class=\"screen-reader-text\">\u00dcber uns<\/span><\/a><\/p>\n","protected":false},"author":1,"featured_media":0,"parent":0,"menu_order":0,"comment_status":"closed","ping_status":"closed","template":"","meta":{"footnotes":""},"class_list":["post-1727","page","type-page","status-publish","hentry","entry"],"aioseo_notices":[],"_links":{"self":[{"href":"https:\/\/marataonline.com\/de\/wp-json\/wp\/v2\/pages\/1727","targetHints":{"allow":["GET"]}}],"collection":[{"href":"https:\/\/marataonline.com\/de\/wp-json\/wp\/v2\/pages"}],"about":[{"href":"https:\/\/marataonline.com\/de\/wp-json\/wp\/v2\/types\/page"}],"author":[{"embeddable":true,"href":"https:\/\/marataonline.com\/de\/wp-json\/wp\/v2\/users\/1"}],"replies":[{"embeddable":true,"href":"https:\/\/marataonline.com\/de\/wp-json\/wp\/v2\/comments?post=1727"}],"version-history":[{"count":0,"href":"https:\/\/marataonline.com\/de\/wp-json\/wp\/v2\/pages\/1727\/revisions"}],"wp:attachment":[{"href":"https:\/\/marataonline.com\/de\/wp-json\/wp\/v2\/media?parent=1727"}],"curies":[{"name":"wp","href":"https:\/\/api.w.org\/{rel}","templated":true}]}}