{"id":1729,"date":"2016-08-30T23:39:25","date_gmt":"2016-08-31T05:39:25","guid":{"rendered":"https:\/\/marataonline.com\/de\/?page_id=1729"},"modified":"2016-09-01T12:15:59","modified_gmt":"2016-09-01T18:15:59","slug":"contact-us","status":"publish","type":"page","link":"https:\/\/marataonline.com\/de\/contact-us\/","title":{"rendered":"Kontakt"},"content":{"rendered":"<div class=\"wpb-content-wrapper\"><p>[vc_row type=&#8220;full-width-section&#8220; css=&#8220;.vc_custom_1471532612542{padding-top: 30px !important;padding-bottom: 30px !important;background-image: url(https:\/\/www.marataonline.com\/wp-content\/uploads\/2016\/08\/FWCt.jpg) !important;background-position: center !important;background-repeat: no-repeat !important;background-size: cover !important;}&#8220; el_class=&#8220;stage&#8220;][vc_column width=&#8220;5\/12&#8243; el_class=&#8220;contact-card&#8220;][vc_custom_heading text=&#8220;Stellenangebote&#8220; font_container=&#8220;tag:h2|text_align:left|color:%23ffffff&#8220; use_theme_fonts=&#8220;yes&#8220;][vc_column_text]<\/p>\n<p style=\"text-align: justify;\"><span style=\"color: #ffffff;\">Marata sucht Vollzeit, unabh\u00e4ngigen Vertriebsmitarbeitern, um unsere Produkte in Ihrer N\u00e4he vertreten.<\/span><br \/>\n<span style=\"color: #ffffff;\">Kontaktieren Sie f\u00fcr weitere Informationen zum Arbeiten in Teilzeit bei Festivals und Veranstaltungen Geld zu verdienen uns bitte unter info@marataonline.com<\/span><\/p>\n<p>[\/vc_column_text][vc_empty_space height=&#8220;10px&#8220;][\/vc_column][vc_column width=&#8220;1\/12&#8243; offset=&#8220;vc_hidden-sm vc_hidden-xs&#8220;][rd_vline color=&#8220;#ffffff&#8220;][\/vc_column][vc_column width=&#8220;5\/12&#8243;][vc_custom_heading text=&#8220;Makler &amp; Distributoren&#8220; font_container=&#8220;tag:h2|text_align:left|color:%23ffffff&#8220; use_theme_fonts=&#8220;yes&#8220;][vc_column_text]<\/p>\n<p style=\"text-align: justify;\"><span style=\"color: #ffffff;\">Makler &amp; Distributor Bewerbungen akzeptiert hier wenn Ihr Broker oder Verteilung besch\u00e4ftigt Verkaufspersonal feste, die Landung Neukunden freuen. Ihre Firma m\u00f6chte der Reiz Faktor hinter unser Wachstum sein, ob Ihr Unternehmen ist auf der Suche nach diesem n\u00e4chsten gro\u00dfartiges Produkts auf den Markt kommen, dann senden Sie Ihre Firma Lebenslauf an info@marataonline.com<\/span><\/p>\n<p>[\/vc_column_text][\/vc_column][\/vc_row][vc_row][vc_column][vc_custom_heading text=&#8220;Kontaktieren Sie Uns&#8220; font_container=&#8220;tag:h2|text_align:left|color:%23414141&#8243; use_theme_fonts=&#8220;yes&#8220;][rd_cf7 animation=&#8220;rda_flipInY&#8220; text_color=&#8220;#414141&#8243; id=&#8220;933&#8243;][\/vc_column][\/vc_row][vc_row][vc_column][vc_column_text]<!-- Google Code for ENG - Contacto Marata Conversion Page\nIn your html page, add the snippet and call\ngoog_report_conversion when someone clicks on the\nchosen link or button. --><br \/>\n<script type=\"text\/javascript\">\n  \/* <![CDATA[ *\/\n  goog_snippet_vars = function() {\n    var w = window;\n    w.google_conversion_id = 985430491;\n    w.google_conversion_label = \"8X0ZCKz84GkQ2_Px1QM\";\n    w.google_remarketing_only = false;\n  }\n  \/\/ DO NOT CHANGE THE CODE BELOW.\n  goog_report_conversion = function(url) {\n    goog_snippet_vars();\n    window.google_conversion_format = \"3\";\n    var opt = new Object();\n    opt.onload_callback = function() {\n    if (typeof(url) != 'undefined') {\n      window.location = url;\n    }\n  }\n  var conv_handler = window['google_trackConversion'];\n  if (typeof(conv_handler) == 'function') {\n    conv_handler(opt);\n  }\n}\n\/* ]]> *\/\n<\/script><br \/>\n<script type=\"text\/javascript\"\n  src=\"\/\/www.googleadservices.com\/pagead\/conversion_async.js\">\n<\/script>[\/vc_column_text][\/vc_column][\/vc_row]<\/p>\n<\/div>","protected":false},"excerpt":{"rendered":"<p>[vc_row type=&#8220;full-width-section&#8220; css=&#8220;.vc_custom_1471532612542{padding-top: 30px !important;padding-bottom: 30px !important;background-image: url(https:\/\/www.marataonline.com\/wp-content\/uploads\/2016\/08\/FWCt.jpg) !important;background-position: center !important;background-repeat: no-repeat !important;background-size: cover !important;}&#8220; el_class=&#8220;stage&#8220;][vc_column width=&#8220;5\/12&#8243; el_class=&#8220;contact-card&#8220;][vc_custom_heading text=&#8220;Stellenangebote&#8220; font_container=&#8220;tag:h2|text_align:left|color:%23ffffff&#8220; use_theme_fonts=&#8220;yes&#8220;][vc_column_text] Marata sucht Vollzeit, unabh\u00e4ngigen Vertriebsmitarbeitern, um unsere Produkte in Ihrer N\u00e4he vertreten. Kontaktieren Sie f\u00fcr weitere Informationen zum Arbeiten in Teilzeit bei Festivals und Veranstaltungen Geld zu verdienen uns bitte unter info@marataonline.com [\/vc_column_text][vc_empty_space height=&#8220;10px&#8220;][\/vc_column][vc_column&hellip; <a class=\"more-link\" href=\"https:\/\/marataonline.com\/de\/contact-us\/\">Continue reading <span class=\"screen-reader-text\">Kontakt<\/span><\/a><\/p>\n","protected":false},"author":1,"featured_media":0,"parent":0,"menu_order":0,"comment_status":"closed","ping_status":"closed","template":"","meta":{"footnotes":""},"class_list":["post-1729","page","type-page","status-publish","hentry","entry"],"aioseo_notices":[],"_links":{"self":[{"href":"https:\/\/marataonline.com\/de\/wp-json\/wp\/v2\/pages\/1729","targetHints":{"allow":["GET"]}}],"collection":[{"href":"https:\/\/marataonline.com\/de\/wp-json\/wp\/v2\/pages"}],"about":[{"href":"https:\/\/marataonline.com\/de\/wp-json\/wp\/v2\/types\/page"}],"author":[{"embeddable":true,"href":"https:\/\/marataonline.com\/de\/wp-json\/wp\/v2\/users\/1"}],"replies":[{"embeddable":true,"href":"https:\/\/marataonline.com\/de\/wp-json\/wp\/v2\/comments?post=1729"}],"version-history":[{"count":0,"href":"https:\/\/marataonline.com\/de\/wp-json\/wp\/v2\/pages\/1729\/revisions"}],"wp:attachment":[{"href":"https:\/\/marataonline.com\/de\/wp-json\/wp\/v2\/media?parent=1729"}],"curies":[{"name":"wp","href":"https:\/\/api.w.org\/{rel}","templated":true}]}}