{"id":1731,"date":"2016-08-30T23:42:04","date_gmt":"2016-08-31T05:42:04","guid":{"rendered":"https:\/\/marataonline.com\/de\/?page_id=1731"},"modified":"2016-08-31T00:10:54","modified_gmt":"2016-08-31T06:10:54","slug":"process","status":"publish","type":"page","link":"https:\/\/marataonline.com\/de\/process\/","title":{"rendered":"Prozess"},"content":{"rendered":"<div class=\"wpb-content-wrapper\"><p>[vc_row type=&#8220;full-width-section&#8220; css=&#8220;.vc_custom_1471365329112{margin-top: 0px !important;margin-bottom: 0px !important;border-top-width: 0px !important;border-bottom-width: 0px !important;padding-top: 50px !important;padding-bottom: 100px !important;background-image: url(https:\/\/www.marataonline.com\/wp-content\/uploads\/2016\/08\/FWFarm.jpg) !important;}&#8220;][vc_column][vc_custom_heading text=&#8220;Prozess&#8220; font_container=&#8220;tag:h2|text_align:center|color:%23414141&#8243; use_theme_fonts=&#8220;yes&#8220; css=&#8220;.vc_custom_1472622033881{margin-top: 0px !important;margin-right: 0px !important;margin-bottom: 0px !important;margin-left: 0px !important;border-top-width: 0px !important;border-right-width: 0px !important;border-bottom-width: 0px !important;border-left-width: 0px !important;padding-top: 10px !important;padding-right: 10px !important;padding-bottom: 10px !important;padding-left: 10px !important;background-color: rgba(255,255,255,0.85) !important;*background-color: rgb(255,255,255) !important;border-radius: 10px !important;}&#8220;][vc_row_inner css=&#8220;.vc_custom_1471365183283{margin-top: 0px !important;margin-bottom: 0px !important;border-top-width: 0px !important;border-bottom-width: 0px !important;padding-top: 40px !important;padding-bottom: 40px !important;}&#8220;][vc_column_inner width=&#8220;1\/4&#8243;][vc_empty_space height=&#8220;1px&#8220;][\/vc_column_inner][vc_column_inner width=&#8220;1\/4&#8243;][button size=&#8220;medium_rd_bt&#8220; use_icon=&#8220;yes&#8220; icon_color=&#8220;#ffffff&#8220; t_color=&#8220;#ffffff&#8220; b_color=&#8220;#666666&#8243; t_hover_color=&#8220;#ffffff&#8220; b_hover_color=&#8220;#34a9c6&#8243; radius=&#8220;5&#8243; font_weight=&#8220;300&#8243; url=&#8220;https:\/\/www.marataonline.com\/de\/process\/sustainability\/&#8220; position=&#8220;ta_center&#8220; icon=&#8220;bk-sun&#8220;]Nachhaltigkeit[\/button][\/vc_column_inner][vc_column_inner width=&#8220;1\/4&#8243;][button size=&#8220;medium_rd_bt&#8220; use_icon=&#8220;yes&#8220; icon_color=&#8220;#ffffff&#8220; t_color=&#8220;#ffffff&#8220; b_color=&#8220;#666666&#8243; t_hover_color=&#8220;#ffffff&#8220; b_hover_color=&#8220;#34a9c6&#8243; radius=&#8220;5&#8243; font_weight=&#8220;300&#8243; url=&#8220;https:\/\/www.marataonline.com\/de\/process\/technology\/&#8220; position=&#8220;ta_center&#8220; icon=&#8220;bk-cog-2&#8243;]Technologie[\/button][\/vc_column_inner][vc_column_inner width=&#8220;1\/4&#8243;][vc_empty_space height=&#8220;1px&#8220;][\/vc_column_inner][\/vc_row_inner][vc_column_text css=&#8220;.vc_custom_1472622115108{margin-top: 0px !important;margin-right: 0px !important;margin-bottom: 0px !important;margin-left: 0px !important;border-top-width: 0px !important;border-right-width: 0px !important;border-bottom-width: 0px !important;border-left-width: 0px !important;padding-top: 30px !important;padding-right: 30px !important;padding-bottom: 30px !important;padding-left: 30px !important;background-color: rgba(255,255,255,0.85) !important;*background-color: rgb(255,255,255) !important;border-radius: 10px !important;}&#8220;]<\/p>\n<p style=\"text-align: justify;\"><span style=\"color: #414141;\">Unsere erweiterte Verarbeitungsanlage in Chihuahua, Mexiko gibt uns die Art von Flexibilit\u00e4t, die uns auszeichnet und Qualit\u00e4tskontrolle, die ihresgleichen sucht. Zahlreiche Anlagen wurden im Laufe der Jahre weiter, treffen die wachsende Nachfrage unserer Kunden gebaut. Unsere vielf\u00e4ltigen Verarbeitungsm\u00f6glichkeiten geh\u00f6ren Schleifen, Fr\u00e4sen, schneiden und mischen. Unsere State-of-the-Art-Verarbeitungsanlage erm\u00f6glicht uns auch die Flexibilit\u00e4t, spezielle Zutaten und kundenspezifische Zuschnitte f\u00fcr neue Produktentwicklungen und einzigartigen Rezepturen zur Verf\u00fcgung zu stellen.<\/span><\/p>\n<p style=\"text-align: justify;\"><span style=\"color: #414141;\">Aber es beginnt erst dort. Ein st\u00e4ndiges Engagement zur Qualit\u00e4tskontrolle und Lebensmittelsicherheit wird w\u00e4hrend unseres Prozesses demonstriert. Fortschrittliche Technologie erm\u00f6glicht es uns, zus\u00e4tzliche Qualit\u00e4tssicherung einschlie\u00dflich Metall Erkennung und Entfernung von Seltenerd-Agenten, Luftzerlegung, de-Steinigung, Begasung, Ausr\u00fcstung Sterilisation, Schwerkrafttrennung Sieb, spezielle Laser sortieren und x-ray Erkennung durchzuf\u00fchren.<\/span><\/p>\n<p>[\/vc_column_text][\/vc_column][\/vc_row]<\/p>\n<\/div>","protected":false},"excerpt":{"rendered":"<p>[vc_row type=&#8220;full-width-section&#8220; css=&#8220;.vc_custom_1471365329112{margin-top: 0px !important;margin-bottom: 0px !important;border-top-width: 0px !important;border-bottom-width: 0px !important;padding-top: 50px !important;padding-bottom: 100px !important;background-image: url(https:\/\/www.marataonline.com\/wp-content\/uploads\/2016\/08\/FWFarm.jpg) !important;}&#8220;][vc_column][vc_custom_heading text=&#8220;Prozess&#8220; font_container=&#8220;tag:h2|text_align:center|color:%23414141&#8243; use_theme_fonts=&#8220;yes&#8220; css=&#8220;.vc_custom_1472622033881{margin-top: 0px !important;margin-right: 0px !important;margin-bottom: 0px !important;margin-left: 0px !important;border-top-width: 0px !important;border-right-width: 0px !important;border-bottom-width: 0px !important;border-left-width: 0px !important;padding-top: 10px !important;padding-right: 10px !important;padding-bottom: 10px !important;padding-left: 10px !important;background-color: rgba(255,255,255,0.85) !important;*background-color: rgb(255,255,255) !important;border-radius: 10px !important;}&#8220;][vc_row_inner css=&#8220;.vc_custom_1471365183283{margin-top: 0px !important;margin-bottom: 0px&hellip; <a class=\"more-link\" href=\"https:\/\/marataonline.com\/de\/process\/\">Continue reading <span class=\"screen-reader-text\">Prozess<\/span><\/a><\/p>\n","protected":false},"author":1,"featured_media":0,"parent":0,"menu_order":0,"comment_status":"closed","ping_status":"closed","template":"","meta":{"footnotes":""},"class_list":["post-1731","page","type-page","status-publish","hentry","entry"],"aioseo_notices":[],"_links":{"self":[{"href":"https:\/\/marataonline.com\/de\/wp-json\/wp\/v2\/pages\/1731","targetHints":{"allow":["GET"]}}],"collection":[{"href":"https:\/\/marataonline.com\/de\/wp-json\/wp\/v2\/pages"}],"about":[{"href":"https:\/\/marataonline.com\/de\/wp-json\/wp\/v2\/types\/page"}],"author":[{"embeddable":true,"href":"https:\/\/marataonline.com\/de\/wp-json\/wp\/v2\/users\/1"}],"replies":[{"embeddable":true,"href":"https:\/\/marataonline.com\/de\/wp-json\/wp\/v2\/comments?post=1731"}],"version-history":[{"count":0,"href":"https:\/\/marataonline.com\/de\/wp-json\/wp\/v2\/pages\/1731\/revisions"}],"wp:attachment":[{"href":"https:\/\/marataonline.com\/de\/wp-json\/wp\/v2\/media?parent=1731"}],"curies":[{"name":"wp","href":"https:\/\/api.w.org\/{rel}","templated":true}]}}