{"id":1734,"date":"2016-08-30T23:46:15","date_gmt":"2016-08-31T05:46:15","guid":{"rendered":"https:\/\/marataonline.com\/de\/?page_id=1734"},"modified":"2016-08-31T00:11:16","modified_gmt":"2016-08-31T06:11:16","slug":"technology","status":"publish","type":"page","link":"https:\/\/marataonline.com\/de\/process\/technology\/","title":{"rendered":"Technologie"},"content":{"rendered":"<div class=\"wpb-content-wrapper\"><p>[vc_row content_placement=&#8220;middle&#8220; css=&#8220;.vc_custom_1471366343827{margin-top: 0px !important;margin-bottom: 0px !important;border-top-width: 0px !important;border-bottom-width: 0px !important;padding-top: 40px !important;padding-bottom: 40px !important;}&#8220;][vc_column][vc_row_inner][vc_column_inner width=&#8220;1\/3&#8243; offset=&#8220;vc_hidden-sm vc_hidden-xs&#8220;][vc_single_image image=&#8220;914&#8243; img_size=&#8220;250&#215;250&#8243; alignment=&#8220;center&#8220;][\/vc_column_inner][vc_column_inner width=&#8220;1\/3&#8243;][vc_single_image image=&#8220;909&#8243; img_size=&#8220;250&#215;250&#8243; alignment=&#8220;center&#8220;][\/vc_column_inner][vc_column_inner width=&#8220;1\/3&#8243; offset=&#8220;vc_hidden-sm vc_hidden-xs&#8220;][vc_single_image image=&#8220;915&#8243; img_size=&#8220;250&#215;250&#8243; alignment=&#8220;center&#8220;][\/vc_column_inner][\/vc_row_inner][vc_custom_heading text=&#8220;Technologie&#8220; font_container=&#8220;tag:h2|text_align:center|color:%23ffffff&#8220; use_theme_fonts=&#8220;yes&#8220; css=&#8220;.vc_custom_1472622346723{margin-top: 0px !important;margin-bottom: 25px !important;border-top-width: 0px !important;border-bottom-width: 0px !important;padding-top: 15px !important;padding-right: 15px !important;padding-bottom: 15px !important;padding-left: 15px !important;background-color: rgba(10,10,10,0.5) !important;*background-color: rgb(10,10,10) !important;border-radius: 10px !important;}&#8220;][vc_column_text]<\/p>\n<h4 style=\"text-align: center;\"><span style=\"color: #666666;\">Marata R&amp;D Team hat realen Ergebnissen mit einem patentierten Verfahren zu reduzieren die Menge an Mykotoxinen und Chilischoten, Sitzung Neuregelungen im Bereich der Lebensmittelsicherheit weltweit f\u00fchren.<\/span><br \/>\n<span style=\"color: #666666;\">Wir geh\u00f6ren zu den wenigen Unternehmen, die R\u00e4ucherwaren in die EU exportiert werden k\u00f6nnen.<\/span><\/h4>\n<p>[\/vc_column_text][\/vc_column][\/vc_row]<\/p>\n<\/div>","protected":false},"excerpt":{"rendered":"<p>[vc_row content_placement=&#8220;middle&#8220; css=&#8220;.vc_custom_1471366343827{margin-top: 0px !important;margin-bottom: 0px !important;border-top-width: 0px !important;border-bottom-width: 0px !important;padding-top: 40px !important;padding-bottom: 40px !important;}&#8220;][vc_column][vc_row_inner][vc_column_inner width=&#8220;1\/3&#8243; offset=&#8220;vc_hidden-sm vc_hidden-xs&#8220;][vc_single_image image=&#8220;914&#8243; img_size=&#8220;250&#215;250&#8243; alignment=&#8220;center&#8220;][\/vc_column_inner][vc_column_inner width=&#8220;1\/3&#8243;][vc_single_image image=&#8220;909&#8243; img_size=&#8220;250&#215;250&#8243; alignment=&#8220;center&#8220;][\/vc_column_inner][vc_column_inner width=&#8220;1\/3&#8243; offset=&#8220;vc_hidden-sm vc_hidden-xs&#8220;][vc_single_image image=&#8220;915&#8243; img_size=&#8220;250&#215;250&#8243; alignment=&#8220;center&#8220;][\/vc_column_inner][\/vc_row_inner][vc_custom_heading text=&#8220;Technologie&#8220; font_container=&#8220;tag:h2|text_align:center|color:%23ffffff&#8220; use_theme_fonts=&#8220;yes&#8220; css=&#8220;.vc_custom_1472622346723{margin-top: 0px !important;margin-bottom: 25px !important;border-top-width: 0px !important;border-bottom-width: 0px !important;padding-top: 15px !important;padding-right: 15px !important;padding-bottom: 15px !important;padding-left: 15px !important;background-color: rgba(10,10,10,0.5) !important;*background-color: rgb(10,10,10) !important;border-radius:&hellip; <a class=\"more-link\" href=\"https:\/\/marataonline.com\/de\/process\/technology\/\">Continue reading <span class=\"screen-reader-text\">Technologie<\/span><\/a><\/p>\n","protected":false},"author":1,"featured_media":0,"parent":1731,"menu_order":0,"comment_status":"closed","ping_status":"closed","template":"","meta":{"footnotes":""},"class_list":["post-1734","page","type-page","status-publish","hentry","entry"],"aioseo_notices":[],"_links":{"self":[{"href":"https:\/\/marataonline.com\/de\/wp-json\/wp\/v2\/pages\/1734","targetHints":{"allow":["GET"]}}],"collection":[{"href":"https:\/\/marataonline.com\/de\/wp-json\/wp\/v2\/pages"}],"about":[{"href":"https:\/\/marataonline.com\/de\/wp-json\/wp\/v2\/types\/page"}],"author":[{"embeddable":true,"href":"https:\/\/marataonline.com\/de\/wp-json\/wp\/v2\/users\/1"}],"replies":[{"embeddable":true,"href":"https:\/\/marataonline.com\/de\/wp-json\/wp\/v2\/comments?post=1734"}],"version-history":[{"count":0,"href":"https:\/\/marataonline.com\/de\/wp-json\/wp\/v2\/pages\/1734\/revisions"}],"up":[{"embeddable":true,"href":"https:\/\/marataonline.com\/de\/wp-json\/wp\/v2\/pages\/1731"}],"wp:attachment":[{"href":"https:\/\/marataonline.com\/de\/wp-json\/wp\/v2\/media?parent=1734"}],"curies":[{"name":"wp","href":"https:\/\/api.w.org\/{rel}","templated":true}]}}