{"id":1743,"date":"2016-08-30T23:49:36","date_gmt":"2016-08-31T05:49:36","guid":{"rendered":"https:\/\/marataonline.com\/de\/?page_id=1743"},"modified":"2016-08-31T00:14:27","modified_gmt":"2016-08-31T06:14:27","slug":"quality","status":"publish","type":"page","link":"https:\/\/marataonline.com\/de\/quality\/","title":{"rendered":"Qualit\u00e4t"},"content":{"rendered":"<div class=\"wpb-content-wrapper\"><p>[vc_row content_placement=&#8220;middle&#8220; type=&#8220;full-width-section&#8220; css=&#8220;.vc_custom_1471484211856{margin-bottom: 0px !important;border-bottom-width: 0px !important;padding-top: 20px !important;padding-bottom: 20px !important;border-radius: 5px !important;}&#8220;][vc_column width=&#8220;7\/12&#8243; css=&#8220;.vc_custom_1470947729377{padding-top: 20px !important;padding-right: 20px !important;padding-bottom: 20px !important;padding-left: 20px !important;border-radius: 5px !important;}&#8220;][vc_single_image image=&#8220;855&#8243; img_size=&#8220;full&#8220; alignment=&#8220;center&#8220; css=&#8220;.vc_custom_1470947603886{padding-top: 20px !important;padding-right: 20px !important;padding-bottom: 20px !important;padding-left: 20px !important;border-radius: 5px !important;}&#8220;][\/vc_column][vc_column width=&#8220;5\/12&#8243;][vc_custom_heading text=&#8220;Qualit\u00e4t&#8220; font_container=&#8220;tag:h1|text_align:center|color:%23414141&#8243; google_fonts=&#8220;font_family:Signika%3A300%2Cregular%2C600%2C700|font_style:300%20light%20regular%3A300%3Anormal&#8220; css=&#8220;.vc_custom_1472622476416{margin-bottom: 0px !important;border-bottom-width: 0px !important;padding-top: 25px !important;}&#8220;][vc_row_inner css=&#8220;.vc_custom_1470947712458{padding-top: 20px !important;padding-right: 20px !important;padding-bottom: 20px !important;padding-left: 20px !important;}&#8220;][vc_column_inner width=&#8220;1\/2&#8243;][button size=&#8220;smallmedium_rd_bt&#8220; t_color=&#8220;#ffffff&#8220; b_color=&#8220;#666666&#8243; t_hover_color=&#8220;#ffffff&#8220; b_hover_color=&#8220;#414141&#8243; radius=&#8220;5&#8243; font_weight=&#8220;300&#8243; url=&#8220;https:\/\/www.marataonline.com\/de\/quality\/mission\/&#8220; position=&#8220;ta_center&#8220;]Mission[\/button][\/vc_column_inner][vc_column_inner width=&#8220;1\/2&#8243;][button size=&#8220;smallmedium_rd_bt&#8220; t_color=&#8220;#ffffff&#8220; b_color=&#8220;#666666&#8243; t_hover_color=&#8220;#ffffff&#8220; b_hover_color=&#8220;#414141&#8243; radius=&#8220;5&#8243; font_weight=&#8220;300&#8243; url=&#8220;https:\/\/www.marataonline.com\/de\/quality\/vision\/&#8220; position=&#8220;ta_center&#8220;]Vision[\/button][\/vc_column_inner][\/vc_row_inner][vc_row_inner css=&#8220;.vc_custom_1470948518918{padding-top: 10px !important;padding-right: 10px !important;padding-bottom: 10px !important;padding-left: 10px !important;background-color: #ffffff !important;border-radius: 10px !important;}&#8220;][vc_column_inner][vc_custom_heading text=&#8220;Qualit\u00e4t \u00fcber Qualit\u00e4tssicherung&#8220; font_container=&#8220;tag:h3|text_align:left|color:%23414141&#8243; use_theme_fonts=&#8220;yes&#8220; css=&#8220;.vc_custom_1472622541908{padding-right: 10px !important;padding-bottom: 0px !important;padding-left: 10px !important;}&#8220;][vc_column_text css=&#8220;.vc_custom_1472622533027{padding-right: 10px !important;padding-left: 10px !important;}&#8220;]<\/p>\n<p style=\"text-align: justify;\"><span style=\"color: #414141;\">Qualit\u00e4t ist die Grundlage f\u00fcr alles, was, die wir tun. Wir beginnen mit hochwertigen Zutaten ausw\u00e4hlen, zusammenarbeiten und in enger Zusammenarbeit mit Partnerunternehmen und deren Rohstoff-Einrichtungen. Verwalteten finanziellen und \u00f6kologische Kosten garantieren Frische und qualitativ hochwertige Produkte:<\/span><\/p>\n<p style=\"text-align: justify;\"><span style=\"color: #414141;\">Vom Anbau zur Ernte, \u00fcberwachen unser Expertenteam Qualit\u00e4tskontrolle sorgf\u00e4ltig alle Landwirtschaft-Verfahren, einschlie\u00dflich Pestizideinsatz, Unkrautbek\u00e4mpfung, D\u00fcnger und mechanisierte Anbau um Export strengen Qualit\u00e4tsanforderungen gerecht zu werden.<\/span><\/p>\n<p style=\"text-align: justify;\"><span style=\"color: #414141;\">Immer und immer wieder, wir Verbesserungen vornehmen und neue Qualit\u00e4tskontrollverfahren einleiten, wie neue Risiken entfalten. Marata Spezialit\u00e4ten ist eindeutig strukturiert, um ein hohes Ma\u00df an Qualit\u00e4tssicherung, sowohl innerhalb der Anbau der Pflanzen und in der Herstellung von diesen Zutaten bringen.<\/span><\/p>\n<p>[\/vc_column_text][\/vc_column_inner][\/vc_row_inner][\/vc_column][\/vc_row][vc_row css=&#8220;.vc_custom_1470948588036{margin-top: 0px !important;margin-bottom: 25px !important;border-top-width: 0px !important;border-bottom-width: 20px !important;padding-top: 10px !important;padding-right: 10px !important;padding-bottom: 10px !important;padding-left: 10px !important;border-radius: 10px !important;}&#8220;][vc_column][vc_custom_heading text=&#8220;Zertifizierte Qualit\u00e4t&#8220; font_container=&#8220;tag:h3|text_align:left|color:%23414141&#8243; use_theme_fonts=&#8220;yes&#8220; css=&#8220;.vc_custom_1472622550436{padding-right: 10px !important;padding-bottom: 0px !important;padding-left: 10px !important;}&#8220;][vc_column_text css=&#8220;.vc_custom_1472622562532{padding-right: 10px !important;padding-left: 10px !important;}&#8220;]<\/p>\n<p style=\"text-align: justify;\"><span style=\"color: #414141;\">Unter Einhaltung h\u00f6chster Qualit\u00e4tsstandards alle Marata Zutaten sind koscher zertifiziert und HACCP, GMP, FDA, USDA konform sind. Regelm\u00e4\u00dfige Qualit\u00e4tsaudits werden ganzj\u00e4hrig durchgef\u00fchrt und umfassen BRC Audit Inspektionen. Diese strenge Kontrollen Sicherstellung der Konsistenz der Qualit\u00e4t, lebensmittelecht Zutaten, die unseren hohen Qualit\u00e4tsanspr\u00fcchen gerecht werden.<\/span><\/p>\n<p>[\/vc_column_text][\/vc_column][\/vc_row]<\/p>\n<\/div>","protected":false},"excerpt":{"rendered":"<p>[vc_row content_placement=&#8220;middle&#8220; type=&#8220;full-width-section&#8220; css=&#8220;.vc_custom_1471484211856{margin-bottom: 0px !important;border-bottom-width: 0px !important;padding-top: 20px !important;padding-bottom: 20px !important;border-radius: 5px !important;}&#8220;][vc_column width=&#8220;7\/12&#8243; css=&#8220;.vc_custom_1470947729377{padding-top: 20px !important;padding-right: 20px !important;padding-bottom: 20px !important;padding-left: 20px !important;border-radius: 5px !important;}&#8220;][vc_single_image image=&#8220;855&#8243; img_size=&#8220;full&#8220; alignment=&#8220;center&#8220; css=&#8220;.vc_custom_1470947603886{padding-top: 20px !important;padding-right: 20px !important;padding-bottom: 20px !important;padding-left: 20px !important;border-radius: 5px !important;}&#8220;][\/vc_column][vc_column width=&#8220;5\/12&#8243;][vc_custom_heading text=&#8220;Qualit\u00e4t&#8220; font_container=&#8220;tag:h1|text_align:center|color:%23414141&#8243; google_fonts=&#8220;font_family:Signika%3A300%2Cregular%2C600%2C700|font_style:300%20light%20regular%3A300%3Anormal&#8220; css=&#8220;.vc_custom_1472622476416{margin-bottom: 0px !important;border-bottom-width: 0px !important;padding-top: 25px !important;}&#8220;][vc_row_inner css=&#8220;.vc_custom_1470947712458{padding-top: 20px !important;padding-right: 20px&hellip; <a class=\"more-link\" href=\"https:\/\/marataonline.com\/de\/quality\/\">Continue reading <span class=\"screen-reader-text\">Qualit\u00e4t<\/span><\/a><\/p>\n","protected":false},"author":1,"featured_media":0,"parent":0,"menu_order":0,"comment_status":"closed","ping_status":"closed","template":"","meta":{"footnotes":""},"class_list":["post-1743","page","type-page","status-publish","hentry","entry"],"aioseo_notices":[],"_links":{"self":[{"href":"https:\/\/marataonline.com\/de\/wp-json\/wp\/v2\/pages\/1743","targetHints":{"allow":["GET"]}}],"collection":[{"href":"https:\/\/marataonline.com\/de\/wp-json\/wp\/v2\/pages"}],"about":[{"href":"https:\/\/marataonline.com\/de\/wp-json\/wp\/v2\/types\/page"}],"author":[{"embeddable":true,"href":"https:\/\/marataonline.com\/de\/wp-json\/wp\/v2\/users\/1"}],"replies":[{"embeddable":true,"href":"https:\/\/marataonline.com\/de\/wp-json\/wp\/v2\/comments?post=1743"}],"version-history":[{"count":0,"href":"https:\/\/marataonline.com\/de\/wp-json\/wp\/v2\/pages\/1743\/revisions"}],"wp:attachment":[{"href":"https:\/\/marataonline.com\/de\/wp-json\/wp\/v2\/media?parent=1743"}],"curies":[{"name":"wp","href":"https:\/\/api.w.org\/{rel}","templated":true}]}}