{"id":2108,"date":"2016-09-23T14:45:03","date_gmt":"2016-09-23T20:45:03","guid":{"rendered":"https:\/\/marataonline.com\/de\/?page_id=2108"},"modified":"2016-09-23T14:50:00","modified_gmt":"2016-09-23T20:50:00","slug":"legal-notice","status":"publish","type":"page","link":"https:\/\/marataonline.com\/de\/legal-notice\/","title":{"rendered":"Rechtliches"},"content":{"rendered":"<div class=\"wpb-content-wrapper\"><p>[vc_row css=&#8220;.vc_custom_1474662804752{margin-top: 0px !important;margin-bottom: 0px !important;border-top-width: 0px !important;border-bottom-width: 0px !important;padding-top: 40px !important;padding-bottom: 40px !important;}&#8220;][vc_column][vc_custom_heading text=&#8220;Rechtliches&#8220; font_container=&#8220;tag:h1|text_align:left|color:%23414141&#8243; google_fonts=&#8220;font_family:Signika%3A300%2Cregular%2C600%2C700|font_style:300%20light%20regular%3A300%3Anormal&#8220;][vc_column_text]<\/p>\n<p style=\"text-align: justify;\"><span style=\"color: #666666;\"><strong>Nutzungsbedingungen<\/strong><\/span><br \/>\n<span style=\"color: #666666;\"> Alle Inhalte unserer Homepage sind urheberrechtlich gesch\u00fctzt. Wir gestatten ausdr\u00fccklich die Nutzung aller Daten f\u00fcr den privaten, nicht kommerziellen Gebrauch. Bei Vervielf\u00e4ltigung ist auf die Urheber- und Eigentumsrechte der MARATA SPECIALTIES, LLC ausdr\u00fccklich hinzuweisen. Inhalte d\u00fcrfen in keiner Weise ver\u00e4ndert werden und ohne schriftliche Genehmigung nicht auf anderen Internetseiten oder vernetzten Rechnern genutzt werden. Jegliche Nutzung f\u00fcr \u00f6ffentliche oder kommerzielle Zwecke bedarf der Zustimmung der MARATA SPECIALTIES, LLC. Ein Versto\u00df gegen diese Bedingungen verpflichtet zur sofortigen Vernichtung aller Inhalte. Die Geltendmachung weiterer Schadensersatzanspr\u00fcche bleibt vorbehalten.<\/span><br \/>\n<span style=\"color: #666666;\"> <strong><br \/>\nDatenschutz<\/strong><\/span><br \/>\n<span style=\"color: #666666;\"> Wir m\u00f6chten Sie dar\u00fcber informieren, dass Ihre Daten, unter Beachtung der geltenden nationalen und Mexikaner Datenschutzvorschriften, zur Bearbeitung Ihrer Anfragen verarbeitet und genutzt werden. Die MARATA SPECIALTIES, LLC wahrt die Vertraulichkeit Ihrer Daten und wird sie nicht verkaufen, vermieten oder Dritten verf\u00fcgbar machen.<\/span><br \/>\n<span style=\"color: #666666;\"> \u00a0<\/span><br \/>\n<span style=\"color: #666666;\"> <strong>Internetdienste<\/strong><\/span><br \/>\n<span style=\"color: #666666;\"> Unsere Webseiten enthalten auch Querverweise (LINKS) zu Webseiten anderer Anbieter. F\u00fcr fremde Inhalte, die \u00fcber solche Querverweise (LINKS) erreichbar sind, ist die MARATA SPECIALTIES, LLC nicht verantwortlich. Das fremde Angebot wurde bei der erstmaligen Verlinkung auf rechtswidrige Inhalte \u00fcberpr\u00fcft. Erst wenn wir feststellen oder darauf hingewiesen werden, dass ein Angebot rechtswidrigen Inhalt aufweist, wird dieser Querverweis (LINK) aufgehoben, soweit dies technisch m\u00f6glich und zumutbar ist. Wir verwenden in unseren Webseiten Cookies &amp; ein Sessionmanagement, die die Benutzung unserer Online Angebote erleichtern. Unsere Cookies enthalten keine personenspezifischen Informationen, weder Ihre Mail-Adresse, noch sagen Sie uns, wer Sie sind.<\/span><\/p>\n<p><span style=\"color: #666666;\"><strong>Gew\u00e4hrleistung<\/strong><\/span><br \/>\n<span style=\"color: #666666;\"> Die Informationen auf unseren Internetseiten werden mit gr\u00f6\u00dfter Sorgfalt erstellt. Die MARATA SPECIALTIES, LLC \u00fcbernimmt jedoch keine Gew\u00e4hr f\u00fcr deren Vollst\u00e4ndigkeit oder Geeignetheit f\u00fcr bestimmte Verwendungszwecke. Die Nutzung der auf den Internetseiten zur Verf\u00fcgung gestellten Inhalte erfolgt auf alleinige Gefahr des Nutzers<\/span><\/p>\n<p style=\"text-align: justify;\"><span style=\"color: #666666;\"><strong>Google Disclaimer<\/strong><\/span><br \/>\n<span style=\"color: #666666;\"> Diese Website benutzt Google Analytics, einen Webanalysedienst der Google Inc. (\u201eGoogle\u201c). Google Analytics verwendet so genannte \u201eCookies\u201c, Textdateien, die auf Ihrem Computer gespeichert werden und die eine Analyse der Benutzung der Website durch Sie erm\u00f6glichen. Die durch den Cookie erzeugten Informationen \u00fcber Ihre Benutzung dieser Website (einschlie\u00dflich Ihrer IP-Adresse) wird an einen Server von Google in den USA \u00fcbertragen und dort gespeichert. Google wird diese Informationen benutzen, um Ihre Nutzung der Website auszuwerten, um Reports \u00fcber die Websiteaktivit\u00e4ten f\u00fcr die Websitebetreiber zusammenzustellen und um weitere mit der Websitenutzung und der Internetnutzung verbundene Dienstleistungen zu erbringen. Auch wird Google diese Informationen gegebenenfalls an Dritte \u00fcbertragen, sofern dies gesetzlich vorgeschrieben oder soweit Dritte diese Daten im Auftrag von Google verarbeiten. Google wird in keinem Fall Ihre IP-Adresse mit anderen Daten von Google in Verbindung bringen. Sie k\u00f6nnen die Installation der Cookies durch eine entsprechende Einstellung Ihrer Browser Software verhindern; wir weisen Sie jedoch darauf hin, dass Sie in diesem Fall gegebenenfalls nicht s\u00e4mtliche Funktionen dieser Website vollumf\u00e4nglich nutzen k\u00f6nnen. Durch die Nutzung dieser Website erkl\u00e4ren Sie sich mit der Bearbeitung der \u00fcber Sie erhobenen Daten durch Google in der zuvor beschriebenen Art und Weise und zu dem zuvor benannten Zweck einverstanden. Der Datenerhebung und -speicherung kann jederzeit mit Wirkung f\u00fcr die Zukunft widersprochen werden. Angesichts der Diskussion um den Einsatz von Analysetools mit vollst\u00e4ndigen IP-Adressen m\u00f6chten wir darauf hinweisen, dass diese Website Google Analytics mit der Erweiterung \u201e_anonymizeIp()\u201c verwendet und daher IP-Adressen nur gek\u00fcrzt weiterverarbeitet werden, um eine direkte Personenbeziehbarkeit auszuschlie\u00dfen.<\/span><\/p>\n<p>[\/vc_column_text][\/vc_column][\/vc_row]<\/p>\n<\/div>","protected":false},"excerpt":{"rendered":"<p>[vc_row css=&#8220;.vc_custom_1474662804752{margin-top: 0px !important;margin-bottom: 0px !important;border-top-width: 0px !important;border-bottom-width: 0px !important;padding-top: 40px !important;padding-bottom: 40px !important;}&#8220;][vc_column][vc_custom_heading text=&#8220;Rechtliches&#8220; font_container=&#8220;tag:h1|text_align:left|color:%23414141&#8243; google_fonts=&#8220;font_family:Signika%3A300%2Cregular%2C600%2C700|font_style:300%20light%20regular%3A300%3Anormal&#8220;][vc_column_text] Nutzungsbedingungen Alle Inhalte unserer Homepage sind urheberrechtlich gesch\u00fctzt. Wir gestatten ausdr\u00fccklich die Nutzung aller Daten f\u00fcr den privaten, nicht kommerziellen Gebrauch. Bei Vervielf\u00e4ltigung ist auf die Urheber- und Eigentumsrechte der MARATA SPECIALTIES, LLC ausdr\u00fccklich hinzuweisen. Inhalte d\u00fcrfen in&hellip; <a class=\"more-link\" href=\"https:\/\/marataonline.com\/de\/legal-notice\/\">Continue reading <span class=\"screen-reader-text\">Rechtliches<\/span><\/a><\/p>\n","protected":false},"author":1,"featured_media":0,"parent":0,"menu_order":0,"comment_status":"closed","ping_status":"closed","template":"","meta":{"footnotes":""},"class_list":["post-2108","page","type-page","status-publish","hentry","entry"],"aioseo_notices":[],"_links":{"self":[{"href":"https:\/\/marataonline.com\/de\/wp-json\/wp\/v2\/pages\/2108","targetHints":{"allow":["GET"]}}],"collection":[{"href":"https:\/\/marataonline.com\/de\/wp-json\/wp\/v2\/pages"}],"about":[{"href":"https:\/\/marataonline.com\/de\/wp-json\/wp\/v2\/types\/page"}],"author":[{"embeddable":true,"href":"https:\/\/marataonline.com\/de\/wp-json\/wp\/v2\/users\/1"}],"replies":[{"embeddable":true,"href":"https:\/\/marataonline.com\/de\/wp-json\/wp\/v2\/comments?post=2108"}],"version-history":[{"count":2,"href":"https:\/\/marataonline.com\/de\/wp-json\/wp\/v2\/pages\/2108\/revisions"}],"predecessor-version":[{"id":2112,"href":"https:\/\/marataonline.com\/de\/wp-json\/wp\/v2\/pages\/2108\/revisions\/2112"}],"wp:attachment":[{"href":"https:\/\/marataonline.com\/de\/wp-json\/wp\/v2\/media?parent=2108"}],"curies":[{"name":"wp","href":"https:\/\/api.w.org\/{rel}","templated":true}]}}