{"id":1064,"date":"2016-08-18T10:49:19","date_gmt":"2016-08-18T16:49:19","guid":{"rendered":"http:\/\/www.soulmexico.com\/marata\/?page_id=1064&#038;lang=es"},"modified":"2016-08-31T17:45:01","modified_gmt":"2016-08-31T23:45:01","slug":"inicio","status":"publish","type":"page","link":"https:\/\/marataonline.com\/es\/","title":{"rendered":"Inicio"},"content":{"rendered":"<div class=\"wpb-content-wrapper\"><p>[vc_row type=\u00bbfull-width-content\u00bb css=\u00bb.vc_custom_1470324061345{margin-top: 0px !important;margin-bottom: 0px !important;border-top-width: 0px !important;border-bottom-width: 0px !important;padding-top: 2px !important;padding-bottom: 2px !important;background-color: #ffda8a !important;}\u00bb][vc_column][\/vc_column][\/vc_row][vc_row type=\u00bbfull-width-content\u00bb css=\u00bb.vc_custom_1470587752507{margin-top: 0px !important;margin-bottom: 0px !important;border-top-width: 0px !important;border-bottom-width: 0px !important;}\u00bb][vc_column width=\u00bb1\/4&#8243; css=\u00bb.vc_custom_1470501332294{margin-top: 0px !important;margin-right: 5px !important;margin-bottom: 5px !important;margin-left: 5px !important;border-top-width: 0px !important;background-image: url(https:\/\/www.marataonline.com\/wp-content\/uploads\/2016\/08\/FWChilis.jpg) !important;background-position: center !important;background-repeat: no-repeat !important;background-size: cover !important;}\u00bb][vc_custom_heading text=\u00bbCHILES\u00bb font_container=\u00bbtag:h3|text_align:center|color:%23ffffff\u00bb google_fonts=\u00bbfont_family:Signika%3A300%2Cregular%2C600%2C700|font_style:300%20light%20regular%3A300%3Anormal\u00bb link=\u00bburl:http%3A%2F%2Fwww.marataonline.com%2Fes%2Fchilies%2F|||\u00bb css=\u00bb.vc_custom_1471630897964{margin-right: 0px !important;margin-left: 0px !important;border-right-width: 0px !important;border-left-width: 0px !important;background-color: rgba(10,10,10,0.4) !important;*background-color: rgb(10,10,10) !important;border-radius: 4px !important;}\u00bb el_class=\u00bbtitulito\u00bb][\/vc_column][vc_column width=\u00bb1\/4&#8243; css=\u00bb.vc_custom_1470501346424{margin-top: 0px !important;margin-right: 5px !important;margin-bottom: 5px !important;margin-left: 5px !important;border-top-width: 0px !important;background-image: url(https:\/\/www.marataonline.com\/wp-content\/uploads\/2016\/08\/FWSaltNPepper.jpg) !important;background-position: center !important;background-repeat: no-repeat !important;background-size: cover !important;}\u00bb][vc_custom_heading text=\u00bbSAL \/ PIMIENTA AHUMADA\u00bb font_container=\u00bbtag:h3|text_align:center|color:%23ffffff\u00bb google_fonts=\u00bbfont_family:Signika%3A300%2Cregular%2C600%2C700|font_style:300%20light%20regular%3A300%3Anormal\u00bb link=\u00bburl:http%3A%2F%2Fwww.marataonline.com%2Fes%2Fsaltandpepper%2F|||\u00bb css=\u00bb.vc_custom_1471630915569{margin-right: 0px !important;margin-left: 0px !important;border-right-width: 0px !important;border-left-width: 0px !important;background-color: rgba(10,10,10,0.4) !important;*background-color: rgb(10,10,10) !important;border-radius: 4px !important;}\u00bb el_class=\u00bbtitulito\u00bb][\/vc_column][vc_column width=\u00bb1\/4&#8243; css=\u00bb.vc_custom_1470501359438{margin-top: 0px !important;margin-right: 5px !important;margin-bottom: 5px !important;margin-left: 5px !important;border-top-width: 0px !important;background-image: url(https:\/\/www.marataonline.com\/wp-content\/uploads\/2016\/08\/FWOregano.jpg) !important;background-position: center !important;background-repeat: no-repeat !important;background-size: cover !important;}\u00bb][vc_custom_heading text=\u00bbOREGANO\u00bb font_container=\u00bbtag:h3|text_align:center|color:%23ffffff\u00bb google_fonts=\u00bbfont_family:Signika%3A300%2Cregular%2C600%2C700|font_style:300%20light%20regular%3A300%3Anormal\u00bb link=\u00bburl:http%3A%2F%2Fwww.marataonline.com%2Fes%2Foregano%2F|||\u00bb css=\u00bb.vc_custom_1471630925826{margin-right: 0px !important;margin-left: 0px !important;border-right-width: 0px !important;border-left-width: 0px !important;background-color: rgba(10,10,10,0.4) !important;*background-color: rgb(10,10,10) !important;border-radius: 4px !important;}\u00bb el_class=\u00bbtitulito\u00bb][\/vc_column][vc_column width=\u00bb1\/4&#8243; css=\u00bb.vc_custom_1470501212708{margin-top: 0px !important;margin-right: 5px !important;margin-bottom: 5px !important;margin-left: 5px !important;border-top-width: 0px !important;background-image: url(https:\/\/www.marataonline.com\/wp-content\/uploads\/2016\/08\/FWVegetables.jpg) !important;background-position: center !important;background-repeat: no-repeat !important;background-size: cover !important;}\u00bb][vc_custom_heading text=\u00bbVEGETALES\u00bb font_container=\u00bbtag:h3|text_align:center|color:%23ffffff\u00bb google_fonts=\u00bbfont_family:Signika%3A300%2Cregular%2C600%2C700|font_style:300%20light%20regular%3A300%3Anormal\u00bb link=\u00bburl:http%3A%2F%2Fwww.marataonline.com%2Fes%2Fvegetables%2F|||\u00bb css=\u00bb.vc_custom_1471630940579{margin-right: 0px !important;margin-left: 0px !important;border-right-width: 0px !important;border-left-width: 0px !important;background-color: rgba(10,10,10,0.4) !important;*background-color: rgb(10,10,10) !important;border-radius: 4px !important;}\u00bb el_class=\u00bbtitulito\u00bb][\/vc_column][\/vc_row][vc_row type=\u00bbfull-width-content\u00bb css=\u00bb.vc_custom_1470501708810{margin-top: 0px !important;margin-bottom: 0px !important;border-top-width: 0px !important;border-bottom-width: 0px !important;}\u00bb][vc_column width=\u00bb1\/4&#8243; css=\u00bb.vc_custom_1470501873144{margin-top: 5px !important;margin-right: 5px !important;margin-bottom: 0px !important;margin-left: 5px !important;border-bottom-width: 0px !important;background-image: url(https:\/\/www.marataonline.com\/wp-content\/uploads\/2016\/08\/FWSpices.jpg) !important;background-position: center !important;background-repeat: no-repeat !important;background-size: cover !important;}\u00bb][vc_custom_heading text=\u00bbESPECIAS\u00bb font_container=\u00bbtag:h3|text_align:center|color:%23ffffff\u00bb google_fonts=\u00bbfont_family:Signika%3A300%2Cregular%2C600%2C700|font_style:300%20light%20regular%3A300%3Anormal\u00bb link=\u00bburl:http%3A%2F%2Fwww.marataonline.com%2Fes%2Fspices%2F|||\u00bb css=\u00bb.vc_custom_1471630950646{margin-right: 0px !important;margin-left: 0px !important;border-right-width: 0px !important;border-left-width: 0px !important;background-color: rgba(10,10,10,0.4) !important;*background-color: rgb(10,10,10) !important;border-radius: 4px !important;}\u00bb el_class=\u00bbtitulito\u00bb][\/vc_column][vc_column width=\u00bb1\/4&#8243; css=\u00bb.vc_custom_1470501915698{margin-top: 5px !important;margin-right: 5px !important;margin-bottom: 0px !important;margin-left: 5px !important;border-bottom-width: 0px !important;background-image: url(https:\/\/www.marataonline.com\/wp-content\/uploads\/2016\/08\/FWBlends.jpg) !important;background-position: center !important;background-repeat: no-repeat !important;background-size: cover !important;}\u00bb][vc_custom_heading text=\u00bbMEZCLAS\u00bb font_container=\u00bbtag:h3|text_align:center|color:%23ffffff\u00bb google_fonts=\u00bbfont_family:Signika%3A300%2Cregular%2C600%2C700|font_style:300%20light%20regular%3A300%3Anormal\u00bb link=\u00bburl:http%3A%2F%2Fwww.marataonline.com%2Fes%2Fblends%2F|||\u00bb css=\u00bb.vc_custom_1471630959780{margin-right: 0px !important;margin-left: 0px !important;border-right-width: 0px !important;border-left-width: 0px !important;background-color: rgba(10,10,10,0.4) !important;*background-color: rgb(10,10,10) !important;border-radius: 4px !important;}\u00bb el_class=\u00bbtitulito\u00bb][\/vc_column][vc_column width=\u00bb1\/4&#8243; css=\u00bb.vc_custom_1470501968518{margin-top: 5px !important;margin-right: 5px !important;margin-bottom: 0px !important;margin-left: 5px !important;border-bottom-width: 0px !important;background-image: url(https:\/\/www.marataonline.com\/wp-content\/uploads\/2016\/08\/FWPecans.jpg) !important;background-position: center !important;background-repeat: no-repeat !important;background-size: cover !important;}\u00bb][vc_custom_heading text=\u00bbNUECES\u00bb font_container=\u00bbtag:h3|text_align:center|color:%23ffffff\u00bb google_fonts=\u00bbfont_family:Signika%3A300%2Cregular%2C600%2C700|font_style:300%20light%20regular%3A300%3Anormal\u00bb link=\u00bburl:http%3A%2F%2Fwww.marataonline.com%2Fes%2Fpecans%2F|||\u00bb css=\u00bb.vc_custom_1471630971255{margin-right: 0px !important;margin-left: 0px !important;border-right-width: 0px !important;border-left-width: 0px !important;background-color: rgba(10,10,10,0.4) !important;*background-color: rgb(10,10,10) !important;border-radius: 4px !important;}\u00bb el_class=\u00bbtitulito\u00bb][\/vc_column][vc_column width=\u00bb1\/4&#8243; css=\u00bb.vc_custom_1470501997100{margin-top: 5px !important;margin-right: 5px !important;margin-bottom: 0px !important;margin-left: 5px !important;border-bottom-width: 0px !important;background-image: url(https:\/\/www.marataonline.com\/wp-content\/uploads\/2016\/08\/FWSpecial.jpg) !important;background-position: center !important;background-repeat: no-repeat !important;background-size: cover !important;}\u00bb][vc_custom_heading text=\u00bbPROYECTOS ESPECIALES\u00bb font_container=\u00bbtag:h3|text_align:center|color:%23ffffff\u00bb google_fonts=\u00bbfont_family:Signika%3A300%2Cregular%2C600%2C700|font_style:300%20light%20regular%3A300%3Anormal\u00bb link=\u00bburl:http%3A%2F%2Fwww.marataonline.com%2Fes%2Fspecialprojects%2F|||\u00bb css=\u00bb.vc_custom_1471630984846{margin-right: 0px !important;margin-left: 0px !important;border-right-width: 0px !important;border-left-width: 0px !important;background-color: rgba(10,10,10,0.4) !important;*background-color: rgb(10,10,10) !important;border-radius: 4px !important;}\u00bb el_class=\u00bbtitulito\u00bb][\/vc_column][\/vc_row][vc_row type=\u00bbfull-width-content\u00bb css=\u00bb.vc_custom_1470674974447{margin-top: 0px !important;margin-bottom: 0px !important;border-top-width: 0px !important;border-bottom-width: 0px !important;padding-top: 2px !important;padding-bottom: 2px !important;background-color: #ffda8a !important;}\u00bb][vc_column css=\u00bb.vc_custom_1470674841045{margin-bottom: 0px !important;border-bottom-width: 0px !important;}\u00bb][\/vc_column][\/vc_row][vc_row type=\u00bbfull-width-content\u00bb css=\u00bb.vc_custom_1470674776734{margin-top: 0px !important;margin-bottom: 0px !important;border-top-width: 0px !important;border-bottom-width: 0px !important;padding-top: 0px !important;}\u00bb][vc_column css=\u00bb.vc_custom_1470674674097{margin-top: 0px !important;border-top-width: 0px !important;padding-top: 0px !important;}\u00bb][rev_slider_vc alias=\u00bbHomeES\u00bb][\/vc_column][\/vc_row][vc_row type=\u00bbfull-width-section\u00bb css=\u00bb.vc_custom_1470587951473{margin-top: 0px !important;margin-bottom: 0px !important;border-top-width: 0px !important;border-bottom-width: 0px !important;padding-top: 40px !important;padding-bottom: 40px !important;background-color: #efefef !important;}\u00bb][vc_column][vc_custom_heading text=\u00bbSatisfacci\u00f3n garantizada\u00bb font_container=\u00bbtag:h2|text_align:center|color:%23414141&#8243; use_theme_fonts=\u00bbyes\u00bb css=\u00bb.vc_custom_1470582560781{margin-bottom: 0px !important;border-bottom-width: 0px !important;}\u00bb][vc_column_text]<\/p>\n<p style=\"text-align: center;\"><span style=\"color: #414141;\">Todos los productos de Marata vienen con una carta de continuidad\u00a0garantizada, COA y certificado de salubridad. Ofrecemos precios fijos de manera anual en contratos firmados u \u00f3rdenes de compra abiertas, para la mayor\u00eda de nuestros productos.<\/span><\/p>\n<p>[\/vc_column_text][button size=\u00bbmedium_rd_bt\u00bb t_color=\u00bb#ffffff\u00bb b_color=\u00bb#34a9c6&#8243; t_hover_color=\u00bb#414141&#8243; b_hover_color=\u00bb#ffda8a\u00bb radius=\u00bb3&#8243; font_weight=\u00bb500&#8243; url=\u00bbhttps:\/\/www.marataonline.com\/es\/about\/\u00bb position=\u00bbta_center\u00bb]ACERCA DE[\/button][\/vc_column][\/vc_row][vc_row type=\u00bbfull-width-section\u00bb css=\u00bb.vc_custom_1470587998873{margin-top: 0px !important;margin-bottom: 0px !important;border-top-width: 0px !important;border-bottom-width: 0px !important;padding-top: 60px !important;padding-bottom: 60px !important;background-image: url(https:\/\/www.marataonline.com\/wp-content\/uploads\/2016\/08\/spices_chili_peppers_2560x1600fw-1.jpg) !important;}\u00bb][vc_column css=\u00bb.vc_custom_1470253957865{margin-right: 0px !important;border-right-width: 0px !important;}\u00bb][vc_custom_heading text=\u00bbTraemos productos de calidad directo a ti\u00bb font_container=\u00bbtag:h2|text_align:center|color:%23ffffff\u00bb use_theme_fonts=\u00bbyes\u00bb css=\u00bb.vc_custom_1470587460038{margin-bottom: 0px !important;border-bottom-width: 0px !important;}\u00bb][vc_custom_heading text=\u00bbTenemos a\u00f1os de experiencia y cientos de clientes satisfechos alrededor del mundo.\u00bb font_container=\u00bbtag:h4|text_align:center|color:%23ffffff\u00bb use_theme_fonts=\u00bbyes\u00bb css=\u00bb.vc_custom_1470587491464{margin-top: 0px !important;border-top-width: 0px !important;}\u00bb][vc_column_text]<\/p>\n<p style=\"text-align: center;\"><span style=\"color: #ffffff;\">Calidad es la base de todo nuestro trabajo. Empezamos seleccionando ingredientes premium, colaborando y trabajando de cerca con nuestras empresas asociadas y sus plantas de materia prima. Control y cuidado de\u00a0las finanzas y el medio ambiente garantizan productos frescos y de alta calidad:<\/span><br \/>\n<span style=\"color: #ffffff;\">Desde\u00a0la siembra hasta el cultivo, nuestro equipo de expertos en calidad monitorea de cerca todos los procesos agriculturales, incluyendo aplicaci\u00f3n de pesticidas, control de plagas y fertilizantes para cumplir con los est\u00e1ndares de calidad del producto de exportaci\u00f3n.<\/span><\/p>\n<p>[\/vc_column_text][button size=\u00bbmedium_rd_bt\u00bb t_color=\u00bb#ffffff\u00bb b_color=\u00bb#34a9c6&#8243; t_hover_color=\u00bb#414141&#8243; b_hover_color=\u00bb#ffda8a\u00bb radius=\u00bb3&#8243; font_weight=\u00bb500&#8243; url=\u00bbhttps:\/\/www.marataonline.com\/es\/products\u00bb position=\u00bbta_center\u00bb]NUESTROS PRODUCTOS[\/button][\/vc_column][\/vc_row][vc_row type=\u00bbfull-width-section\u00bb css=\u00bb.vc_custom_1470269844463{margin-top: 0px !important;margin-bottom: 0px !important;border-top-width: 0px !important;border-bottom-width: 0px !important;padding-top: 0px !important;padding-bottom: 0px !important;}\u00bb][vc_column css=\u00bb.vc_custom_1470588082865{margin-top: 0px !important;border-top-width: 0px !important;padding-top: 0px !important;}\u00bb][vc_custom_heading text=\u00bbTodos nuestros productos son certificados y\/o aprobados\u00bb font_container=\u00bbtag:h2|text_align:center|color:%23414141&#8243; use_theme_fonts=\u00bbyes\u00bb css=\u00bb.vc_custom_1470272327391{margin-bottom: 0px !important;border-bottom-width: 0px !important;padding-top: 25px !important;}\u00bb][vc_row_inner css=\u00bb.vc_custom_1470497000925{margin-bottom: 0px !important;border-bottom-width: 0px !important;padding-top: 15px !important;padding-bottom: 10px !important;}\u00bb][vc_column_inner width=\u00bb1\/12&#8243;][vc_empty_space height=\u00bb1px\u00bb][\/vc_column_inner][vc_column_inner width=\u00bb2\/12&#8243;][vc_single_image image=\u00bb293&#8243; img_size=\u00bb80&#215;80&#8243; alignment=\u00bbcenter\u00bb][\/vc_column_inner][vc_column_inner width=\u00bb2\/12&#8243;][vc_single_image image=\u00bb294&#8243; img_size=\u00bb80&#215;80&#8243; alignment=\u00bbcenter\u00bb][\/vc_column_inner][vc_column_inner width=\u00bb2\/12&#8243;][vc_single_image image=\u00bb338&#8243; img_size=\u00bb80&#215;80&#8243; alignment=\u00bbcenter\u00bb][\/vc_column_inner][vc_column_inner width=\u00bb2\/12&#8243;][vc_single_image image=\u00bb292&#8243; img_size=\u00bb80&#215;80&#8243; alignment=\u00bbcenter\u00bb][\/vc_column_inner][vc_column_inner width=\u00bb2\/12&#8243;][vc_single_image image=\u00bb291&#8243; img_size=\u00bb80&#215;80&#8243; alignment=\u00bbcenter\u00bb][\/vc_column_inner][vc_column_inner width=\u00bb1\/12&#8243;][vc_empty_space height=\u00bb1px\u00bb][\/vc_column_inner][\/vc_row_inner][\/vc_column][\/vc_row]<\/p>\n<\/div>","protected":false},"excerpt":{"rendered":"<p>[vc_row type=\u00bbfull-width-content\u00bb css=\u00bb.vc_custom_1470324061345{margin-top: 0px !important;margin-bottom: 0px !important;border-top-width: 0px !important;border-bottom-width: 0px !important;padding-top: 2px !important;padding-bottom: 2px !important;background-color: #ffda8a !important;}\u00bb][vc_column][\/vc_column][\/vc_row][vc_row type=\u00bbfull-width-content\u00bb css=\u00bb.vc_custom_1470587752507{margin-top: 0px !important;margin-bottom: 0px !important;border-top-width: 0px !important;border-bottom-width: 0px !important;}\u00bb][vc_column width=\u00bb1\/4&#8243; css=\u00bb.vc_custom_1470501332294{margin-top: 0px !important;margin-right: 5px !important;margin-bottom: 5px !important;margin-left: 5px !important;border-top-width: 0px !important;background-image: url(https:\/\/www.marataonline.com\/wp-content\/uploads\/2016\/08\/FWChilis.jpg) !important;background-position: center !important;background-repeat: no-repeat !important;background-size: cover !important;}\u00bb][vc_custom_heading text=\u00bbCHILES\u00bb font_container=\u00bbtag:h3|text_align:center|color:%23ffffff\u00bb google_fonts=\u00bbfont_family:Signika%3A300%2Cregular%2C600%2C700|font_style:300%20light%20regular%3A300%3Anormal\u00bb link=\u00bburl:http%3A%2F%2Fwww.marataonline.com%2Fes%2Fchilies%2F|||\u00bb css=\u00bb.vc_custom_1471630897964{margin-right: 0px !important;margin-left: 0px&hellip; <a class=\"more-link\" href=\"https:\/\/marataonline.com\/es\/\">Continue reading <span class=\"screen-reader-text\">Inicio<\/span><\/a><\/p>\n","protected":false},"author":1,"featured_media":0,"parent":0,"menu_order":0,"comment_status":"closed","ping_status":"closed","template":"","meta":{"footnotes":""},"class_list":["post-1064","page","type-page","status-publish","hentry","entry"],"aioseo_notices":[],"_links":{"self":[{"href":"https:\/\/marataonline.com\/es\/wp-json\/wp\/v2\/pages\/1064","targetHints":{"allow":["GET"]}}],"collection":[{"href":"https:\/\/marataonline.com\/es\/wp-json\/wp\/v2\/pages"}],"about":[{"href":"https:\/\/marataonline.com\/es\/wp-json\/wp\/v2\/types\/page"}],"author":[{"embeddable":true,"href":"https:\/\/marataonline.com\/es\/wp-json\/wp\/v2\/users\/1"}],"replies":[{"embeddable":true,"href":"https:\/\/marataonline.com\/es\/wp-json\/wp\/v2\/comments?post=1064"}],"version-history":[{"count":0,"href":"https:\/\/marataonline.com\/es\/wp-json\/wp\/v2\/pages\/1064\/revisions"}],"wp:attachment":[{"href":"https:\/\/marataonline.com\/es\/wp-json\/wp\/v2\/media?parent=1064"}],"curies":[{"name":"wp","href":"https:\/\/api.w.org\/{rel}","templated":true}]}}