{"id":1124,"date":"2016-08-19T11:22:17","date_gmt":"2016-08-19T17:22:17","guid":{"rendered":"http:\/\/www.soulmexico.com\/marata\/es\/?page_id=1124"},"modified":"2016-08-31T10:14:46","modified_gmt":"2016-08-31T16:14:46","slug":"about-us","status":"publish","type":"page","link":"https:\/\/marataonline.com\/es\/about-us\/","title":{"rendered":"Sobre Nosotros"},"content":{"rendered":"<div class=\"wpb-content-wrapper\"><p>[vc_row type=\u00bbfull-width-section\u00bb css=\u00bb.vc_custom_1470871740576{margin-top: 0px !important;margin-bottom: 0px !important;border-top-width: 0px !important;border-bottom-width: 0px !important;padding-top: 20px !important;background-image: url(https:\/\/www.marataonline.com\/wp-content\/uploads\/2016\/08\/FWBGAU1.jpg) !important;}\u00bb][vc_column][vc_custom_heading text=\u00bbAcerca de Marata Specialties\u00bb font_container=\u00bbtag:h2|text_align:center|color:%23ffffff\u00bb google_fonts=\u00bbfont_family:Signika%3A300%2Cregular%2C600%2C700|font_style:300%20light%20regular%3A300%3Anormal\u00bb css=\u00bb.vc_custom_1472660042971{padding-top: 10px !important;padding-bottom: 10px !important;background-color: rgba(10,10,10,0.5) !important;*background-color: rgb(10,10,10) !important;border-radius: 5px !important;}\u00bb][\/vc_column][\/vc_row][vc_row type=\u00bbfull-width-section\u00bb css=\u00bb.vc_custom_1470871058240{padding-top: 20px !important;padding-bottom: 20px !important;background-position: center !important;background-repeat: no-repeat !important;background-size: cover !important;}\u00bb][vc_column][vc_column_text css=\u00bb.vc_custom_1472660060253{padding-top: 20px !important;padding-right: 20px !important;padding-bottom: 20px !important;padding-left: 20px !important;border-radius: 5px !important;}\u00bb]<\/p>\n<p style=\"text-align: justify;\"><span style=\"color: #666666;\">Marata Specialties, LLC es una compa\u00f1\u00eda socia de Deshidratadora Marata S.A de C.V.<\/span><\/p>\n<p style=\"text-align: justify;\"><span style=\"color: #666666;\">Estas empresas se dedican a la investigaci\u00f3n y al desarrollo de nuevas tecnolog\u00edas y productos para la industria alimenticia.<\/span><\/p>\n<p style=\"text-align: justify;\"><span style=\"color: #666666;\">El lanzamiento de productos ahumados gourmet le da a Marata Specialties, LLC un diferenciador especial, siendo la \u00fanica compa\u00f1\u00eda que procesa este tipo de productos en Am\u00e9rica Latina, y export\u00e1ndolos y vendi\u00e9ndolos en el mercado NAFTA (EUA, Canad\u00e1 y M\u00e9xico) desde el a\u00f1o 2004. Todos los productos Marata vienen von una carta de garant\u00eda continua, certificado de autenticidad y certificado de sanitizaci\u00f3n. Ofrecemos precios fijos anuales en contratos firmados y \u00f3rdenes de compra abiertas, para la mayor\u00eda de nuestros productos procesados.<\/span><\/p>\n<p>[\/vc_column_text][vc_row_inner][vc_column_inner width=\u00bb1\/4&#8243;][vc_single_image image=\u00bb701&#8243; img_size=\u00bbmedium\u00bb][\/vc_column_inner][vc_column_inner width=\u00bb3\/4&#8243;][vc_column_text css=\u00bb.vc_custom_1472660077277{padding-top: 20px !important;padding-right: 20px !important;padding-bottom: 20px !important;padding-left: 20px !important;border-radius: 5px !important;}\u00bb]<\/p>\n<p style=\"text-align: justify;\"><span style=\"color: #666666;\">Disfrutamos de las ventajas de ser un exportador, importador, procesador y fabricante directo de productos en M\u00e9xico y EUA, con la versatilidad de equipo no estacionarios (planta m\u00f3vil).<\/span><\/p>\n<p style=\"text-align: justify;\"><span style=\"color: #666666;\">Operamos con:<\/span><\/p>\n<ul style=\"text-align: justify;\">\n<li><span style=\"color: #666666;\">Banda secadora de 4 niveles, con 48 pies de longitud y una banda de 150 pies.<\/span><\/li>\n<li><span style=\"color: #666666;\">Planta de trituraci\u00f3n en cumplimiento con la APPCC. Con imanes en varios puntos cr\u00edticos de control, incluyendo detectores de metal antes del empaquetado.<\/span><\/li>\n<\/ul>\n<p style=\"text-align: justify;\"><span style=\"color: #666666;\">Muchos a\u00f1os de experiencia y cientos de clientes en todo el mundo nos respaldan como la mejor y m\u00e1s segura opci\u00f3n para productos de especialidad.<\/span><\/p>\n<p>[\/vc_column_text][\/vc_column_inner][\/vc_row_inner][\/vc_column][\/vc_row]<\/p>\n<\/div>","protected":false},"excerpt":{"rendered":"<p>[vc_row type=\u00bbfull-width-section\u00bb css=\u00bb.vc_custom_1470871740576{margin-top: 0px !important;margin-bottom: 0px !important;border-top-width: 0px !important;border-bottom-width: 0px !important;padding-top: 20px !important;background-image: url(https:\/\/www.marataonline.com\/wp-content\/uploads\/2016\/08\/FWBGAU1.jpg) !important;}\u00bb][vc_column][vc_custom_heading text=\u00bbAcerca de Marata Specialties\u00bb font_container=\u00bbtag:h2|text_align:center|color:%23ffffff\u00bb google_fonts=\u00bbfont_family:Signika%3A300%2Cregular%2C600%2C700|font_style:300%20light%20regular%3A300%3Anormal\u00bb css=\u00bb.vc_custom_1472660042971{padding-top: 10px !important;padding-bottom: 10px !important;background-color: rgba(10,10,10,0.5) !important;*background-color: rgb(10,10,10) !important;border-radius: 5px !important;}\u00bb][\/vc_column][\/vc_row][vc_row type=\u00bbfull-width-section\u00bb css=\u00bb.vc_custom_1470871058240{padding-top: 20px !important;padding-bottom: 20px !important;background-position: center !important;background-repeat: no-repeat !important;background-size: cover !important;}\u00bb][vc_column][vc_column_text css=\u00bb.vc_custom_1472660060253{padding-top: 20px !important;padding-right: 20px !important;padding-bottom: 20px !important;padding-left: 20px !important;border-radius: 5px !important;}\u00bb]&hellip; <a class=\"more-link\" href=\"https:\/\/marataonline.com\/es\/about-us\/\">Continue reading <span class=\"screen-reader-text\">Sobre Nosotros<\/span><\/a><\/p>\n","protected":false},"author":1,"featured_media":0,"parent":0,"menu_order":0,"comment_status":"closed","ping_status":"closed","template":"","meta":{"footnotes":""},"class_list":["post-1124","page","type-page","status-publish","hentry","entry"],"aioseo_notices":[],"_links":{"self":[{"href":"https:\/\/marataonline.com\/es\/wp-json\/wp\/v2\/pages\/1124","targetHints":{"allow":["GET"]}}],"collection":[{"href":"https:\/\/marataonline.com\/es\/wp-json\/wp\/v2\/pages"}],"about":[{"href":"https:\/\/marataonline.com\/es\/wp-json\/wp\/v2\/types\/page"}],"author":[{"embeddable":true,"href":"https:\/\/marataonline.com\/es\/wp-json\/wp\/v2\/users\/1"}],"replies":[{"embeddable":true,"href":"https:\/\/marataonline.com\/es\/wp-json\/wp\/v2\/comments?post=1124"}],"version-history":[{"count":0,"href":"https:\/\/marataonline.com\/es\/wp-json\/wp\/v2\/pages\/1124\/revisions"}],"wp:attachment":[{"href":"https:\/\/marataonline.com\/es\/wp-json\/wp\/v2\/media?parent=1124"}],"curies":[{"name":"wp","href":"https:\/\/api.w.org\/{rel}","templated":true}]}}