{"id":1126,"date":"2016-08-19T11:23:01","date_gmt":"2016-08-19T17:23:01","guid":{"rendered":"http:\/\/www.soulmexico.com\/marata\/es\/?page_id=1126"},"modified":"2016-09-01T12:14:59","modified_gmt":"2016-09-01T18:14:59","slug":"contact-us","status":"publish","type":"page","link":"https:\/\/marataonline.com\/es\/contact-us\/","title":{"rendered":"Contacto"},"content":{"rendered":"<div class=\"wpb-content-wrapper\"><p>[vc_row type=\u00bbfull-width-section\u00bb css=\u00bb.vc_custom_1471532612542{padding-top: 30px !important;padding-bottom: 30px !important;background-image: url(https:\/\/www.marataonline.com\/wp-content\/uploads\/2016\/08\/FWCt.jpg) !important;background-position: center !important;background-repeat: no-repeat !important;background-size: cover !important;}\u00bb el_class=\u00bbstage\u00bb][vc_column width=\u00bb5\/12&#8243; el_class=\u00bbcontact-card\u00bb][vc_custom_heading text=\u00bbOportunidades de trabajo\u00bb font_container=\u00bbtag:h2|text_align:left|color:%23ffffff\u00bb use_theme_fonts=\u00bbyes\u00bb][vc_column_text]<\/p>\n<p style=\"text-align: justify;\"><span style=\"color: #ffffff;\">Marata est\u00e1 buscando vendedores independientes de tiempo completo para representar nuestros productos en su \u00e1rea local.<\/span><\/p>\n<p style=\"text-align: justify;\"><span style=\"color: #ffffff;\">Para m\u00e1s informaci\u00f3n acerca de c\u00f3mo ganar dinero extra trabajando medio tiempo en ferias y eventos, por favor cont\u00e1ctenos en info@marataonline.com<\/span><\/p>\n<p>[\/vc_column_text][vc_empty_space height=\u00bb10px\u00bb][\/vc_column][vc_column width=\u00bb1\/12&#8243; offset=\u00bbvc_hidden-sm vc_hidden-xs\u00bb][rd_vline color=\u00bb#ffffff\u00bb][\/vc_column][vc_column width=\u00bb5\/12&#8243;][vc_custom_heading text=\u00bbBr\u00f3keres y distribuidores\u00bb font_container=\u00bbtag:h2|text_align:left|color:%23ffffff\u00bb use_theme_fonts=\u00bbyes\u00bb][vc_column_text]<\/p>\n<p style=\"text-align: justify;\"><span style=\"color: #ffffff;\">Se aceptan CV de br\u00f3keres y distribuidores cuyos agencias de corretaje o distribuci\u00f3n empleen personal entusiasmado por conseguir nuevas cuentas. Si su firma desea ser el est\u00edmulo detr\u00e1s de nuestro crecimiento, si su firma est\u00e1 buscando el pr\u00f3ximo gran producto para introducir al mercado, entonces por favor cont\u00e1ctenos en info@marataonline.com<\/span><\/p>\n<p>[\/vc_column_text][\/vc_column][\/vc_row][vc_row][vc_column][vc_custom_heading text=\u00bbCont\u00e1ctanos ahora\u00bb font_container=\u00bbtag:h2|text_align:left|color:%23414141&#8243; use_theme_fonts=\u00bbyes\u00bb][rd_cf7 animation=\u00bbrda_flipInY\u00bb text_color=\u00bb#414141&#8243; id=\u00bb933&#8243;][\/vc_column][\/vc_row][vc_row][vc_column][vc_column_text]<!-- Google Code for ENG - Contacto Marata Conversion Page\nIn your html page, add the snippet and call\ngoog_report_conversion when someone clicks on the\nchosen link or button. --><br \/>\n<script type=\"text\/javascript\">\n  \/* <![CDATA[ *\/\n  goog_snippet_vars = function() {\n    var w = window;\n    w.google_conversion_id = 985430491;\n    w.google_conversion_label = \"8X0ZCKz84GkQ2_Px1QM\";\n    w.google_remarketing_only = false;\n  }\n  \/\/ DO NOT CHANGE THE CODE BELOW.\n  goog_report_conversion = function(url) {\n    goog_snippet_vars();\n    window.google_conversion_format = \"3\";\n    var opt = new Object();\n    opt.onload_callback = function() {\n    if (typeof(url) != 'undefined') {\n      window.location = url;\n    }\n  }\n  var conv_handler = window['google_trackConversion'];\n  if (typeof(conv_handler) == 'function') {\n    conv_handler(opt);\n  }\n}\n\/* ]]> *\/\n<\/script><br \/>\n<script type=\"text\/javascript\"\n  src=\"\/\/www.googleadservices.com\/pagead\/conversion_async.js\">\n<\/script>[\/vc_column_text][\/vc_column][\/vc_row]<\/p>\n<\/div>","protected":false},"excerpt":{"rendered":"<p>[vc_row type=\u00bbfull-width-section\u00bb css=\u00bb.vc_custom_1471532612542{padding-top: 30px !important;padding-bottom: 30px !important;background-image: url(https:\/\/www.marataonline.com\/wp-content\/uploads\/2016\/08\/FWCt.jpg) !important;background-position: center !important;background-repeat: no-repeat !important;background-size: cover !important;}\u00bb el_class=\u00bbstage\u00bb][vc_column width=\u00bb5\/12&#8243; el_class=\u00bbcontact-card\u00bb][vc_custom_heading text=\u00bbOportunidades de trabajo\u00bb font_container=\u00bbtag:h2|text_align:left|color:%23ffffff\u00bb use_theme_fonts=\u00bbyes\u00bb][vc_column_text] Marata est\u00e1 buscando vendedores independientes de tiempo completo para representar nuestros productos en su \u00e1rea local. Para m\u00e1s informaci\u00f3n acerca de c\u00f3mo ganar dinero extra trabajando medio tiempo en ferias y eventos,&hellip; <a class=\"more-link\" href=\"https:\/\/marataonline.com\/es\/contact-us\/\">Continue reading <span class=\"screen-reader-text\">Contacto<\/span><\/a><\/p>\n","protected":false},"author":1,"featured_media":0,"parent":0,"menu_order":0,"comment_status":"closed","ping_status":"closed","template":"","meta":{"footnotes":""},"class_list":["post-1126","page","type-page","status-publish","hentry","entry"],"aioseo_notices":[],"_links":{"self":[{"href":"https:\/\/marataonline.com\/es\/wp-json\/wp\/v2\/pages\/1126","targetHints":{"allow":["GET"]}}],"collection":[{"href":"https:\/\/marataonline.com\/es\/wp-json\/wp\/v2\/pages"}],"about":[{"href":"https:\/\/marataonline.com\/es\/wp-json\/wp\/v2\/types\/page"}],"author":[{"embeddable":true,"href":"https:\/\/marataonline.com\/es\/wp-json\/wp\/v2\/users\/1"}],"replies":[{"embeddable":true,"href":"https:\/\/marataonline.com\/es\/wp-json\/wp\/v2\/comments?post=1126"}],"version-history":[{"count":0,"href":"https:\/\/marataonline.com\/es\/wp-json\/wp\/v2\/pages\/1126\/revisions"}],"wp:attachment":[{"href":"https:\/\/marataonline.com\/es\/wp-json\/wp\/v2\/media?parent=1126"}],"curies":[{"name":"wp","href":"https:\/\/api.w.org\/{rel}","templated":true}]}}