{"id":1129,"date":"2016-08-19T11:23:47","date_gmt":"2016-08-19T17:23:47","guid":{"rendered":"http:\/\/www.soulmexico.com\/marata\/es\/?page_id=1129"},"modified":"2016-08-31T10:01:53","modified_gmt":"2016-08-31T16:01:53","slug":"process","status":"publish","type":"page","link":"https:\/\/marataonline.com\/es\/process\/","title":{"rendered":"Procesos"},"content":{"rendered":"<div class=\"wpb-content-wrapper\"><p>[vc_row type=\u00bbfull-width-section\u00bb css=\u00bb.vc_custom_1471365329112{margin-top: 0px !important;margin-bottom: 0px !important;border-top-width: 0px !important;border-bottom-width: 0px !important;padding-top: 50px !important;padding-bottom: 100px !important;background-image: url(https:\/\/www.marataonline.com\/wp-content\/uploads\/2016\/08\/FWFarm.jpg) !important;}\u00bb][vc_column][vc_custom_heading text=\u00bbNuestro Proceso\u00bb font_container=\u00bbtag:h2|text_align:center|color:%23414141&#8243; use_theme_fonts=\u00bbyes\u00bb css=\u00bb.vc_custom_1472659214954{margin-top: 0px !important;margin-right: 0px !important;margin-bottom: 0px !important;margin-left: 0px !important;border-top-width: 0px !important;border-right-width: 0px !important;border-bottom-width: 0px !important;border-left-width: 0px !important;padding-top: 10px !important;padding-right: 10px !important;padding-bottom: 10px !important;padding-left: 10px !important;background-color: rgba(255,255,255,0.85) !important;*background-color: rgb(255,255,255) !important;border-radius: 10px !important;}\u00bb][vc_row_inner css=\u00bb.vc_custom_1471365183283{margin-top: 0px !important;margin-bottom: 0px !important;border-top-width: 0px !important;border-bottom-width: 0px !important;padding-top: 40px !important;padding-bottom: 40px !important;}\u00bb][vc_column_inner width=\u00bb1\/4&#8243;][vc_empty_space height=\u00bb1px\u00bb][\/vc_column_inner][vc_column_inner width=\u00bb1\/4&#8243;][button size=\u00bbmedium_rd_bt\u00bb use_icon=\u00bbyes\u00bb icon_color=\u00bb#ffffff\u00bb t_color=\u00bb#ffffff\u00bb b_color=\u00bb#666666&#8243; t_hover_color=\u00bb#ffffff\u00bb b_hover_color=\u00bb#34a9c6&#8243; radius=\u00bb5&#8243; font_weight=\u00bb300&#8243; url=\u00bbhttps:\/\/www.marataonline.com\/es\/process\/sustainability\/\u00bb position=\u00bbta_center\u00bb icon=\u00bbbk-sun\u00bb]Sustentabilidad[\/button][\/vc_column_inner][vc_column_inner width=\u00bb1\/4&#8243;][button size=\u00bbmedium_rd_bt\u00bb use_icon=\u00bbyes\u00bb icon_color=\u00bb#ffffff\u00bb t_color=\u00bb#ffffff\u00bb b_color=\u00bb#666666&#8243; t_hover_color=\u00bb#ffffff\u00bb b_hover_color=\u00bb#34a9c6&#8243; radius=\u00bb5&#8243; font_weight=\u00bb300&#8243; url=\u00bbhttps:\/\/www.marataonline.com\/es\/process\/technology\/\u00bb position=\u00bbta_center\u00bb icon=\u00bbbk-cog-2&#8243;]Tecnolog\u00eda[\/button][\/vc_column_inner][vc_column_inner width=\u00bb1\/4&#8243;][vc_empty_space height=\u00bb1px\u00bb][\/vc_column_inner][\/vc_row_inner][vc_column_text css=\u00bb.vc_custom_1472659273931{margin-top: 0px !important;margin-right: 0px !important;margin-bottom: 0px !important;margin-left: 0px !important;border-top-width: 0px !important;border-right-width: 0px !important;border-bottom-width: 0px !important;border-left-width: 0px !important;padding-top: 30px !important;padding-right: 30px !important;padding-bottom: 30px !important;padding-left: 30px !important;background-color: rgba(255,255,255,0.85) !important;*background-color: rgb(255,255,255) !important;border-radius: 10px !important;}\u00bb]<\/p>\n<p style=\"text-align: justify;\"><span style=\"color: #666666;\">Nuestra planta de procesos avanzados en Chihuahua, M\u00e9xico, nos da la flexibilidad que nos pone a la vanguardia y un control de calidad insuperable. A lo largo de los a\u00f1os, numerosas l\u00edneas de procesamiento han sido construidas para continuar satisfaciendo la demanda de nuestros clientes. Nuestras diversas capacidades de procesamiento incluyen trituraci\u00f3n, molido, corte y mezcla. Nuestra moderna planta de procesamiento tambi\u00e9n nos da la flexibilidad necesaria para proveer productos especializados y cortes de tama\u00f1o personalizado en el desarrollo de nuevos productos y formulas \u00fanicas.<\/span><\/p>\n<p style=\"text-align: justify;\"><span style=\"color: #666666;\">Pero este es s\u00f3lo el comienzo. A lo largo de nuestro proceso se observa un constante compromiso con el control de calidad y la seguridad de los alimentos. Por medio de avanzada tecnolog\u00eda nos es posible llevar a cabo controles de calidad adicionales, como detecci\u00f3n de metales, eliminaci\u00f3n de agentes raros de la tierra, separaci\u00f3n de aire, remoci\u00f3n de piedras, fumigaci\u00f3n, esterilizaci\u00f3n de equipo, cernido por gravedad, clasificaci\u00f3n especializada por rayo l\u00e1ser y detecci\u00f3n de rayos x.<\/span><\/p>\n<p>[\/vc_column_text][\/vc_column][\/vc_row]<\/p>\n<\/div>","protected":false},"excerpt":{"rendered":"<p>[vc_row type=\u00bbfull-width-section\u00bb css=\u00bb.vc_custom_1471365329112{margin-top: 0px !important;margin-bottom: 0px !important;border-top-width: 0px !important;border-bottom-width: 0px !important;padding-top: 50px !important;padding-bottom: 100px !important;background-image: url(https:\/\/www.marataonline.com\/wp-content\/uploads\/2016\/08\/FWFarm.jpg) !important;}\u00bb][vc_column][vc_custom_heading text=\u00bbNuestro Proceso\u00bb font_container=\u00bbtag:h2|text_align:center|color:%23414141&#8243; use_theme_fonts=\u00bbyes\u00bb css=\u00bb.vc_custom_1472659214954{margin-top: 0px !important;margin-right: 0px !important;margin-bottom: 0px !important;margin-left: 0px !important;border-top-width: 0px !important;border-right-width: 0px !important;border-bottom-width: 0px !important;border-left-width: 0px !important;padding-top: 10px !important;padding-right: 10px !important;padding-bottom: 10px !important;padding-left: 10px !important;background-color: rgba(255,255,255,0.85) !important;*background-color: rgb(255,255,255) !important;border-radius: 10px !important;}\u00bb][vc_row_inner css=\u00bb.vc_custom_1471365183283{margin-top: 0px !important;margin-bottom:&hellip; <a class=\"more-link\" href=\"https:\/\/marataonline.com\/es\/process\/\">Continue reading <span class=\"screen-reader-text\">Procesos<\/span><\/a><\/p>\n","protected":false},"author":1,"featured_media":0,"parent":0,"menu_order":0,"comment_status":"closed","ping_status":"closed","template":"","meta":{"footnotes":""},"class_list":["post-1129","page","type-page","status-publish","hentry","entry"],"aioseo_notices":[],"_links":{"self":[{"href":"https:\/\/marataonline.com\/es\/wp-json\/wp\/v2\/pages\/1129","targetHints":{"allow":["GET"]}}],"collection":[{"href":"https:\/\/marataonline.com\/es\/wp-json\/wp\/v2\/pages"}],"about":[{"href":"https:\/\/marataonline.com\/es\/wp-json\/wp\/v2\/types\/page"}],"author":[{"embeddable":true,"href":"https:\/\/marataonline.com\/es\/wp-json\/wp\/v2\/users\/1"}],"replies":[{"embeddable":true,"href":"https:\/\/marataonline.com\/es\/wp-json\/wp\/v2\/comments?post=1129"}],"version-history":[{"count":0,"href":"https:\/\/marataonline.com\/es\/wp-json\/wp\/v2\/pages\/1129\/revisions"}],"wp:attachment":[{"href":"https:\/\/marataonline.com\/es\/wp-json\/wp\/v2\/media?parent=1129"}],"curies":[{"name":"wp","href":"https:\/\/api.w.org\/{rel}","templated":true}]}}