{"id":1139,"date":"2016-08-19T11:26:01","date_gmt":"2016-08-19T17:26:01","guid":{"rendered":"http:\/\/www.soulmexico.com\/marata\/es\/?page_id=1139"},"modified":"2016-08-24T10:32:42","modified_gmt":"2016-08-24T16:32:42","slug":"ancho","status":"publish","type":"page","link":"https:\/\/marataonline.com\/es\/products\/chilies\/ancho\/","title":{"rendered":"Ancho"},"content":{"rendered":"<div class=\"wpb-content-wrapper\"><p>[vc_row css=\u00bb.vc_custom_1470700463250{margin-top: 0px !important;margin-bottom: 0px !important;border-top-width: 0px !important;border-bottom-width: 0px !important;padding-top: 25px !important;padding-bottom: 10px !important;}\u00bb][vc_column][vc_single_image image=\u00bb467&#8243; img_size=\u00bb170&#215;170&#8243; alignment=\u00bbcenter\u00bb][\/vc_column][\/vc_row][vc_row css=\u00bb.vc_custom_1470700589617{margin-bottom: 0px !important;border-bottom-width: 0px !important;padding-top: 20px !important;padding-bottom: 20px !important;}\u00bb][vc_column css=\u00bb.vc_custom_1470700607924{margin-bottom: 0px !important;border-bottom-width: 0px !important;padding-bottom: 0px !important;}\u00bb][vc_custom_heading text=\u00bbAncho\u00bb font_container=\u00bbtag:h2|text_align:center|color:%23ffffff\u00bb use_theme_fonts=\u00bbyes\u00bb css=\u00bb.vc_custom_1470786671079{margin-right: 0px !important;margin-bottom: 0px !important;margin-left: 0px !important;border-right-width: 0px !important;border-bottom-width: 0px !important;border-left-width: 0px !important;background-color: rgba(10,10,10,0.5) !important;*background-color: rgb(10,10,10) !important;}\u00bb][\/vc_column][\/vc_row][vc_row css=\u00bb.vc_custom_1470702561349{margin-top: 0px !important;margin-bottom: 0px !important;border-top-width: 0px !important;border-bottom-width: 0px !important;padding-top: 0px !important;padding-bottom: 25px !important;}\u00bb][vc_column css=\u00bb.vc_custom_1470700708882{margin-top: 0px !important;margin-bottom: 0px !important;border-top-width: 0px !important;border-bottom-width: 0px !important;padding-top: 0px !important;}\u00bb][vc_column_text css=\u00bb.vc_custom_1472056199167{margin-top: 0px !important;border-top-width: 0px !important;padding-top: 10px !important;}\u00bb]<\/p>\n<p style=\"text-align: justify;\"><span style=\"color: #666666;\">En M\u00e9xico, el chile ancho se vende en tres diferentes calidades. \u201cPrimero\u201d es la mejor calidad, y son los chiles con la carne m\u00e1s gruesa y m\u00e1s largos. \u201cMediano\u201d es un nivel de calidad medio, y \u201cAncho\u201d es el nivel base. Alrededor del 15% de la cosecha de chile ancho seco se comercializa como colorante para comida y como polvo. El resto es comprado por los consumidores en vaina completa y es usado principalmente en salsas. El chile ancho representa casi 1\/5 de todos los chiles consumidos en M\u00e9xico.<\/span><\/p>\n<p style=\"text-align: justify;\"><span style=\"color: #666666;\">Con variaciones de color y forma, desde un rojo ladrillo oscuro hasta un color de caoba obscuro, el chile ancho seco revela un color cordob\u00e1n rojizo y anaranjado cuando se pone contra la luz. Ligeramente arom\u00e1tico, plano, muy arrugado y con una forma acorazonada, el chile ancho es un chile poblano seco, y es el chile seco m\u00e1s dulce. En su mejor momento, cuando es arom\u00e1tico y flexible, tiene una carne de grosor medio que ofrece un sabor dulce amaderado con notas de ciruela pasa, caf\u00e9, tabaco, regaliz y uva pasa. Le brinda un sabor dulce y parecido a la ciruela pasa a los platillos. Obtiene su nombre debido a sus caracter\u00edsticos hombros gruesos (anchos).<\/span><\/p>\n<p style=\"text-align: justify;\"><span style=\"color: #666666;\">Los chiles de la variedades capsicum contienen m\u00e1s vitamina A que cualquier otra fruta, y proveen una excelente fuente de vitamina C y B, aparte de significativas cantidades de hierro, tiamina, niacina, magnesio y riboflavina. Conforme a la conciencia nutrimental de hoy en d\u00eda, estos chiles no contienen colesterol ni grasas saturadas, son bajos en calor\u00edas y en sodio, y tienen un alto contenido de fibra.<\/span><\/p>\n<p style=\"text-align: justify;\"><span style=\"color: #666666;\">Agregue sus dulce sabor a salsas preparadas. Util\u00edcelos como tomates deshidratados. En combinaci\u00f3n con otros chiles secos, la rica dulzura de este chile brinda un efecto suavizante. Espolvoree trocitos o rebanadas de chile en sus comidas para obtener un exquisito sabor y color. Mejore carnes y aves, vegetales, guisos, salsas y sopas. Agregue una pizca al chile con carne, enchiladas, adobos, o cualquier carne preparada con pasta agria para sazona. El chile ancho se comercializa molido.<\/span><\/p>\n<p style=\"text-align: justify;\"><span style=\"color: #666666;\">Dependiendo de la regi\u00f3n, este chile se conoce por diferentes nombres. En los Estados Unidos existe la confusi\u00f3n acerca del nombre correcto para el chile ancho. De manera equ\u00edvoca, los productores le llaman tanto al chile fresco, como al chile seco, chile ancho. En M\u00e9xico nunca se le refiere al chile verde e inmaduro como chile ancho. En California, es com\u00fanmente confundido con el chile pasilla. El chile ancho es, de hecho, chile poblano seco, que significa \u201cel chile popular\u201d. El chile ancho seco, junto con el mulato y el verdadero chile pasilla, forman parte de la \u201cSanta Trinidad\u201d de chiles usados en el mole tradicional mexicano.<\/span><\/p>\n<p>[\/vc_column_text][rd_line type=\u00bbrd_line_dashed\u00bb color=\u00bb#666666&#8243; line_pos=\u00bbcenter\u00bb][vc_custom_heading text=\u00bbEsterilizados bajo pedido\u00bb font_container=\u00bbtag:h3|text_align:left\u00bb use_theme_fonts=\u00bbyes\u00bb css=\u00bb.vc_custom_1472056216216{margin-top: 0px !important;margin-bottom: 0px !important;border-top-width: 0px !important;border-bottom-width: 0px !important;padding-top: 20px !important;padding-bottom: 20px !important;}\u00bb][vc_row_inner][vc_column_inner width=\u00bb1\/2&#8243;][vc_column_text]<strong>NORTEAM\u00c9RICA<\/strong><br \/>\n-Esterilizaci\u00f3n a vapor (California y Medio Oeste)<br \/>\n-Esterilizaci\u00f3n con \u00f3xido de etileno<br \/>\n-Esterilizaci\u00f3n por radiaci\u00f3n gamma[\/vc_column_text][\/vc_column_inner][vc_column_inner width=\u00bb1\/2&#8243;][vc_column_text]<strong>EUROPA<br \/>\n<\/strong>-Esterilizaci\u00f3n a vapor (Hamburgo)[\/vc_column_text][\/vc_column_inner][\/vc_row_inner][rd_line type=\u00bbrd_line_dashed\u00bb color=\u00bb#666666&#8243; line_pos=\u00bbcenter\u00bb][\/vc_column][\/vc_row][vc_row css=\u00bb.vc_custom_1470701737131{margin-top: 0px !important;margin-bottom: 0px !important;border-top-width: 0px !important;border-bottom-width: 0px !important;padding-bottom: 40px !important;}\u00bb][vc_column width=\u00bb1\/6&#8243;][vc_single_image image=\u00bb661&#8243; img_size=\u00bb80X80&#8243; alignment=\u00bbcenter\u00bb style=\u00bbvc_box_rounded\u00bb css=\u00bb.vc_custom_1470786720115{margin-top: 20px !important;margin-bottom: 10px !important;border-bottom-width: 0px !important;}\u00bb][vc_custom_heading text=\u00bbEnteros\u00bb font_container=\u00bbtag:h5|text_align:center|color:%23414141&#8243; google_fonts=\u00bbfont_family:Signika%3A300%2Cregular%2C600%2C700|font_style:400%20regular%3A400%3Anormal\u00bb css=\u00bb.vc_custom_1472056299211{margin-top: 0px !important;margin-bottom: 10px !important;border-top-width: 0px !important;border-bottom-width: 0px !important;}\u00bb][button t_color=\u00bb#ffffff\u00bb b_color=\u00bb#34a9c6&#8243; t_hover_color=\u00bb#414141&#8243; b_hover_color=\u00bb#ffda8a\u00bb radius=\u00bb5&#8243; font_weight=\u00bb300&#8243; url=\u00bbhttps:\/\/marataonline.com\/pdfs\/ancho\/anchowholespecs.pdf\u00bb target=\u00bbyes\u00bb position=\u00bbta_center\u00bb mb=\u00bb5&#8243;]Specs[\/button][button t_color=\u00bb#ffffff\u00bb b_color=\u00bb#34a9c6&#8243; t_hover_color=\u00bb#414141&#8243; b_hover_color=\u00bb#ffda8a\u00bb radius=\u00bb5&#8243; font_weight=\u00bb300&#8243; url=\u00bbhttps:\/\/marataonline.com\/pdfs\/ancho\/anchowholemsds.pdf\u00bb target=\u00bbyes\u00bb position=\u00bbta_center\u00bb]MSDS[\/button][\/vc_column][vc_column width=\u00bb1\/6&#8243;][vc_single_image image=\u00bb662&#8243; img_size=\u00bb80X80&#8243; alignment=\u00bbcenter\u00bb style=\u00bbvc_box_rounded\u00bb css=\u00bb.vc_custom_1470786748471{margin-top: 20px !important;margin-bottom: 10px !important;border-bottom-width: 0px !important;}\u00bb][vc_custom_heading text=\u00bbEnteros sin tallo\u00bb font_container=\u00bbtag:h5|text_align:center|color:%23414141&#8243; google_fonts=\u00bbfont_family:Signika%3A300%2Cregular%2C600%2C700|font_style:400%20regular%3A400%3Anormal\u00bb css=\u00bb.vc_custom_1472056309988{margin-top: 0px !important;margin-bottom: 10px !important;border-top-width: 0px !important;border-bottom-width: 0px !important;}\u00bb][button t_color=\u00bb#ffffff\u00bb b_color=\u00bb#34a9c6&#8243; t_hover_color=\u00bb#414141&#8243; b_hover_color=\u00bb#ffda8a\u00bb radius=\u00bb5&#8243; font_weight=\u00bb300&#8243; url=\u00bbhttps:\/\/marataonline.com\/pdfs\/ancho\/anchostemlessspecs.pdf\u00bb target=\u00bbyes\u00bb position=\u00bbta_center\u00bb mb=\u00bb5&#8243;]Specs[\/button][button t_color=\u00bb#ffffff\u00bb b_color=\u00bb#34a9c6&#8243; t_hover_color=\u00bb#414141&#8243; b_hover_color=\u00bb#ffda8a\u00bb radius=\u00bb5&#8243; font_weight=\u00bb300&#8243; url=\u00bbhttps:\/\/marataonline.com\/pdfs\/ancho\/anchostemlessmsds.pdf\u00bb target=\u00bbyes\u00bb position=\u00bbta_center\u00bb]MSDS[\/button][\/vc_column][vc_column width=\u00bb1\/6&#8243;][vc_single_image image=\u00bb663&#8243; img_size=\u00bb80X80&#8243; alignment=\u00bbcenter\u00bb style=\u00bbvc_box_rounded\u00bb css=\u00bb.vc_custom_1470786758009{margin-top: 20px !important;margin-bottom: 10px !important;border-bottom-width: 0px !important;}\u00bb][vc_custom_heading text=\u00bbCubos 6mm sin semilla\u00bb font_container=\u00bbtag:h5|text_align:center|color:%23414141&#8243; google_fonts=\u00bbfont_family:Signika%3A300%2Cregular%2C600%2C700|font_style:400%20regular%3A400%3Anormal\u00bb css=\u00bb.vc_custom_1472056320260{margin-top: 0px !important;margin-bottom: 10px !important;border-top-width: 0px !important;border-bottom-width: 0px !important;}\u00bb][\/vc_column][vc_column width=\u00bb1\/6&#8243;][vc_single_image image=\u00bb664&#8243; img_size=\u00bb80X80&#8243; alignment=\u00bbcenter\u00bb style=\u00bbvc_box_rounded\u00bb css=\u00bb.vc_custom_1470786769294{margin-top: 20px !important;margin-bottom: 10px !important;border-bottom-width: 0px !important;}\u00bb][vc_custom_heading text=\u00bbHojuelas -4 +8&#8243; font_container=\u00bbtag:h5|text_align:center|color:%23414141&#8243; google_fonts=\u00bbfont_family:Signika%3A300%2Cregular%2C600%2C700|font_style:400%20regular%3A400%3Anormal\u00bb css=\u00bb.vc_custom_1472056328885{margin-top: 0px !important;margin-bottom: 10px !important;border-top-width: 0px !important;border-bottom-width: 0px !important;}\u00bb][button t_color=\u00bb#ffffff\u00bb b_color=\u00bb#34a9c6&#8243; t_hover_color=\u00bb#414141&#8243; b_hover_color=\u00bb#ffda8a\u00bb radius=\u00bb5&#8243; font_weight=\u00bb300&#8243; url=\u00bbhttps:\/\/marataonline.com\/pdfs\/ancho\/anchoflakesspecs.pdf\u00bb target=\u00bbyes\u00bb position=\u00bbta_center\u00bb mb=\u00bb5&#8243;]Specs[\/button][button t_color=\u00bb#ffffff\u00bb b_color=\u00bb#34a9c6&#8243; t_hover_color=\u00bb#414141&#8243; b_hover_color=\u00bb#ffda8a\u00bb radius=\u00bb5&#8243; font_weight=\u00bb300&#8243; url=\u00bbhttps:\/\/marataonline.com\/pdfs\/ancho\/anchoflakesmsds.pdf\u00bb target=\u00bbyes\u00bb position=\u00bbta_center\u00bb]MSDS[\/button][\/vc_column][vc_column width=\u00bb1\/6&#8243;][vc_single_image image=\u00bb665&#8243; img_size=\u00bb80X80&#8243; alignment=\u00bbcenter\u00bb style=\u00bbvc_box_rounded\u00bb css=\u00bb.vc_custom_1470786781274{margin-top: 20px !important;margin-bottom: 10px !important;border-bottom-width: 0px !important;}\u00bb][vc_custom_heading text=\u00bbGranulados -8 +20&#8243; font_container=\u00bbtag:h5|text_align:center|color:%23414141&#8243; google_fonts=\u00bbfont_family:Signika%3A300%2Cregular%2C600%2C700|font_style:400%20regular%3A400%3Anormal\u00bb css=\u00bb.vc_custom_1472056338297{margin-top: 0px !important;margin-bottom: 10px !important;border-top-width: 0px !important;border-bottom-width: 0px !important;}\u00bb][button t_color=\u00bb#ffffff\u00bb b_color=\u00bb#34a9c6&#8243; t_hover_color=\u00bb#414141&#8243; b_hover_color=\u00bb#ffda8a\u00bb radius=\u00bb5&#8243; font_weight=\u00bb300&#8243; url=\u00bbhttps:\/\/marataonline.com\/pdfs\/ancho\/anchogranulesspecs.pdf\u00bb target=\u00bbyes\u00bb position=\u00bbta_center\u00bb mb=\u00bb5&#8243;]Specs[\/button][button t_color=\u00bb#ffffff\u00bb b_color=\u00bb#34a9c6&#8243; t_hover_color=\u00bb#414141&#8243; b_hover_color=\u00bb#ffda8a\u00bb radius=\u00bb5&#8243; font_weight=\u00bb300&#8243; url=\u00bbhttps:\/\/marataonline.com\/pdfs\/ancho\/anchogranulesmsds.pdf\u00bb target=\u00bbyes\u00bb position=\u00bbta_center\u00bb]MSDS[\/button][\/vc_column][vc_column width=\u00bb1\/6&#8243;][vc_single_image image=\u00bb666&#8243; img_size=\u00bb80X80&#8243; alignment=\u00bbcenter\u00bb style=\u00bbvc_box_rounded\u00bb css=\u00bb.vc_custom_1470786797332{margin-top: 20px !important;margin-bottom: 10px !important;border-bottom-width: 0px !important;}\u00bb][vc_custom_heading text=\u00bbPolvo USS 40&#8243; font_container=\u00bbtag:h5|text_align:center|color:%23414141&#8243; google_fonts=\u00bbfont_family:Signika%3A300%2Cregular%2C600%2C700|font_style:400%20regular%3A400%3Anormal\u00bb css=\u00bb.vc_custom_1472056346174{margin-top: 0px !important;margin-bottom: 10px !important;border-top-width: 0px !important;border-bottom-width: 0px !important;}\u00bb][button t_color=\u00bb#ffffff\u00bb b_color=\u00bb#34a9c6&#8243; t_hover_color=\u00bb#414141&#8243; b_hover_color=\u00bb#ffda8a\u00bb radius=\u00bb5&#8243; font_weight=\u00bb300&#8243; url=\u00bbhttps:\/\/marataonline.com\/pdfs\/ancho\/anchopowderspecs.pdf\u00bb target=\u00bbyes\u00bb position=\u00bbta_center\u00bb mb=\u00bb5&#8243;]Specs[\/button][button t_color=\u00bb#ffffff\u00bb b_color=\u00bb#34a9c6&#8243; t_hover_color=\u00bb#414141&#8243; b_hover_color=\u00bb#ffda8a\u00bb radius=\u00bb5&#8243; font_weight=\u00bb300&#8243; url=\u00bbhttps:\/\/marataonline.com\/pdfs\/ancho\/anchopowdermsds.pdf\u00bb target=\u00bbyes\u00bb position=\u00bbta_center\u00bb]MSDS[\/button][\/vc_column][\/vc_row][vc_row css=\u00bb.vc_custom_1470702000839{padding-top: 25px !important;}\u00bb][vc_column][button use_icon=\u00bbyes\u00bb icon_color=\u00bb#ffffff\u00bb t_color=\u00bb#ffffff\u00bb b_color=\u00bb#666666&#8243; radius=\u00bb5&#8243; font_weight=\u00bb500&#8243; url=\u00bbhttps:\/\/www.marataonline.com\/es\/chilies\/\u00bb position=\u00bbta_center\u00bb icon=\u00bbcl-left33&#8243;]REGRESAR[\/button][\/vc_column][\/vc_row]<\/p>\n<\/div>","protected":false},"excerpt":{"rendered":"<p>[vc_row css=\u00bb.vc_custom_1470700463250{margin-top: 0px !important;margin-bottom: 0px !important;border-top-width: 0px !important;border-bottom-width: 0px !important;padding-top: 25px !important;padding-bottom: 10px !important;}\u00bb][vc_column][vc_single_image image=\u00bb467&#8243; img_size=\u00bb170&#215;170&#8243; alignment=\u00bbcenter\u00bb][\/vc_column][\/vc_row][vc_row css=\u00bb.vc_custom_1470700589617{margin-bottom: 0px !important;border-bottom-width: 0px !important;padding-top: 20px !important;padding-bottom: 20px !important;}\u00bb][vc_column css=\u00bb.vc_custom_1470700607924{margin-bottom: 0px !important;border-bottom-width: 0px !important;padding-bottom: 0px !important;}\u00bb][vc_custom_heading text=\u00bbAncho\u00bb font_container=\u00bbtag:h2|text_align:center|color:%23ffffff\u00bb use_theme_fonts=\u00bbyes\u00bb css=\u00bb.vc_custom_1470786671079{margin-right: 0px !important;margin-bottom: 0px !important;margin-left: 0px !important;border-right-width: 0px !important;border-bottom-width: 0px !important;border-left-width: 0px !important;background-color: rgba(10,10,10,0.5) !important;*background-color: rgb(10,10,10) !important;}\u00bb][\/vc_column][\/vc_row][vc_row css=\u00bb.vc_custom_1470702561349{margin-top: 0px&hellip; <a class=\"more-link\" href=\"https:\/\/marataonline.com\/es\/products\/chilies\/ancho\/\">Continue reading <span class=\"screen-reader-text\">Ancho<\/span><\/a><\/p>\n","protected":false},"author":1,"featured_media":0,"parent":1137,"menu_order":0,"comment_status":"closed","ping_status":"closed","template":"","meta":{"footnotes":""},"class_list":["post-1139","page","type-page","status-publish","hentry","entry"],"aioseo_notices":[],"_links":{"self":[{"href":"https:\/\/marataonline.com\/es\/wp-json\/wp\/v2\/pages\/1139","targetHints":{"allow":["GET"]}}],"collection":[{"href":"https:\/\/marataonline.com\/es\/wp-json\/wp\/v2\/pages"}],"about":[{"href":"https:\/\/marataonline.com\/es\/wp-json\/wp\/v2\/types\/page"}],"author":[{"embeddable":true,"href":"https:\/\/marataonline.com\/es\/wp-json\/wp\/v2\/users\/1"}],"replies":[{"embeddable":true,"href":"https:\/\/marataonline.com\/es\/wp-json\/wp\/v2\/comments?post=1139"}],"version-history":[{"count":0,"href":"https:\/\/marataonline.com\/es\/wp-json\/wp\/v2\/pages\/1139\/revisions"}],"up":[{"embeddable":true,"href":"https:\/\/marataonline.com\/es\/wp-json\/wp\/v2\/pages\/1137"}],"wp:attachment":[{"href":"https:\/\/marataonline.com\/es\/wp-json\/wp\/v2\/media?parent=1139"}],"curies":[{"name":"wp","href":"https:\/\/api.w.org\/{rel}","templated":true}]}}