{"id":1145,"date":"2016-08-19T11:36:01","date_gmt":"2016-08-19T17:36:01","guid":{"rendered":"http:\/\/www.soulmexico.com\/marata\/es\/?page_id=1145"},"modified":"2016-08-30T11:36:54","modified_gmt":"2016-08-30T17:36:54","slug":"arbol","status":"publish","type":"page","link":"https:\/\/marataonline.com\/es\/products\/chilies\/arbol\/","title":{"rendered":"Arbol"},"content":{"rendered":"<div class=\"wpb-content-wrapper\"><p>[vc_row css=\u00bb.vc_custom_1470700463250{margin-top: 0px !important;margin-bottom: 0px !important;border-top-width: 0px !important;border-bottom-width: 0px !important;padding-top: 25px !important;padding-bottom: 10px !important;}\u00bb][vc_column][vc_single_image image=\u00bb468&#8243; img_size=\u00bb170&#215;170&#8243; alignment=\u00bbcenter\u00bb][\/vc_column][\/vc_row][vc_row css=\u00bb.vc_custom_1470700589617{margin-bottom: 0px !important;border-bottom-width: 0px !important;padding-top: 20px !important;padding-bottom: 20px !important;}\u00bb][vc_column css=\u00bb.vc_custom_1470700607924{margin-bottom: 0px !important;border-bottom-width: 0px !important;padding-bottom: 0px !important;}\u00bb][vc_custom_heading text=\u00bb\u00c1rbol\u00bb font_container=\u00bbtag:h2|text_align:center|color:%23ffffff\u00bb use_theme_fonts=\u00bbyes\u00bb css=\u00bb.vc_custom_1472577950428{margin-right: 0px !important;margin-bottom: 0px !important;margin-left: 0px !important;border-right-width: 0px !important;border-bottom-width: 0px !important;border-left-width: 0px !important;background-color: rgba(10,10,10,0.5) !important;*background-color: rgb(10,10,10) !important;}\u00bb][\/vc_column][\/vc_row][vc_row css=\u00bb.vc_custom_1470702561349{margin-top: 0px !important;margin-bottom: 0px !important;border-top-width: 0px !important;border-bottom-width: 0px !important;padding-top: 0px !important;padding-bottom: 25px !important;}\u00bb][vc_column css=\u00bb.vc_custom_1470700708882{margin-top: 0px !important;margin-bottom: 0px !important;border-top-width: 0px !important;border-bottom-width: 0px !important;padding-top: 0px !important;}\u00bb][vc_column_text css=\u00bb.vc_custom_1472577973833{margin-top: 0px !important;border-top-width: 0px !important;padding-top: 10px !important;}\u00bb]<\/p>\n<p style=\"text-align: justify;\"><span style=\"color: #414141;\">El chile de \u00e1rbol, perteneciente a la familia capsicum annuum, es un peque\u00f1o y potente chile mexicano al que tambi\u00e9n se le conoce como chile pico de p\u00e1jaro, o chile cola de rata. Estos chiles miden entre 2 y 3 pulgadas (5.1 a 7.6 cm) de largo, y de 0.14 a 0.36 pulgadas (0.64 a 0.95 cm) de di\u00e1metro. En el \u00edndice de picor, tienen entre 15,000 y 40,000 unidades Scoville.<\/span><\/p>\n<p style=\"text-align: justify;\"><span style=\"color: #414141;\">Estos chiles tiene un color rojo intenso cuando est\u00e1n maduros. El chile de \u00e1rbol se puede encontrar fresco, seco o en polvo. Como chile seco, frecuentemente se utilizan para decorar coronas, ya que no pierden su color rojo tras la deshidrataci\u00f3n. En la cocina, el chile de \u00e1rbol puede ser intercambiado por la pimienta de cayena (15-30,000 unidades Scoville). Las semillas y arcos blancos pueden ser removidos del chile para reducir su picor. Se debe tener cuidado al manejar este chile, y evitar el contacto con los ojos; se deben lavar las manos cuidadosamente despu\u00e9s de manipular este chile o sus semillas. El chile de \u00e1rbol tambi\u00e9n es cultivado en la India como chile \u201cGuntur\u201d, y tienen entre 15,000 y 60,000 unidades Scoville; en China, conocidos como chile Yunnan o pimienta de cayena Yunnan, se producen en el sur del pa\u00eds y tienen entre 25,000 y 40,000 unidades Scoville.<\/span><\/p>\n<p>[\/vc_column_text][rd_line type=\u00bbrd_line_dashed\u00bb color=\u00bb#666666&#8243; line_pos=\u00bbcenter\u00bb][vc_custom_heading text=\u00bbEsterilizados bajo pedido\u00bb font_container=\u00bbtag:h3|text_align:left\u00bb use_theme_fonts=\u00bbyes\u00bb css=\u00bb.vc_custom_1472577998245{margin-top: 0px !important;margin-bottom: 0px !important;border-top-width: 0px !important;border-bottom-width: 0px !important;padding-top: 20px !important;padding-bottom: 20px !important;}\u00bb][vc_row_inner][vc_column_inner width=\u00bb1\/2&#8243;][vc_column_text]<strong>NORTEAM\u00c9RICA<\/strong><br \/>\n-Esterilizaci\u00f3n a vapor (California y Medio Oeste)<br \/>\n-Esterilizaci\u00f3n con \u00f3xido de etileno<br \/>\n-Esterilizaci\u00f3n por radiaci\u00f3n gamma[\/vc_column_text][\/vc_column_inner][vc_column_inner width=\u00bb1\/2&#8243;][vc_column_text]<strong>EUROPA<\/strong><br \/>\n-Esterilizaci\u00f3n a vapor (Hamburgo)[\/vc_column_text][\/vc_column_inner][\/vc_row_inner][rd_line type=\u00bbrd_line_dashed\u00bb color=\u00bb#666666&#8243; line_pos=\u00bbcenter\u00bb][\/vc_column][\/vc_row][vc_row css=\u00bb.vc_custom_1470701737131{margin-top: 0px !important;margin-bottom: 0px !important;border-top-width: 0px !important;border-bottom-width: 0px !important;padding-bottom: 40px !important;}\u00bb][vc_column width=\u00bb1\/6&#8243;][vc_single_image image=\u00bb667&#8243; img_size=\u00bb80X80&#8243; alignment=\u00bbcenter\u00bb style=\u00bbvc_box_rounded\u00bb css=\u00bb.vc_custom_1470786939058{margin-top: 20px !important;margin-bottom: 10px !important;border-bottom-width: 0px !important;}\u00bb][vc_custom_heading text=\u00bbEnteros\u00bb font_container=\u00bbtag:h5|text_align:center|color:%23414141&#8243; google_fonts=\u00bbfont_family:Signika%3A300%2Cregular%2C600%2C700|font_style:400%20regular%3A400%3Anormal\u00bb css=\u00bb.vc_custom_1472578033269{margin-top: 0px !important;margin-bottom: 10px !important;border-top-width: 0px !important;border-bottom-width: 0px !important;}\u00bb][button t_color=\u00bb#ffffff\u00bb b_color=\u00bb#34a9c6&#8243; t_hover_color=\u00bb#414141&#8243; b_hover_color=\u00bb#ffda8a\u00bb radius=\u00bb5&#8243; font_weight=\u00bb300&#8243; url=\u00bbhttps:\/\/marataonline.com\/pdfs\/arbol\/arbolwholespecs.pdf\u00bb target=\u00bbyes\u00bb position=\u00bbta_center\u00bb mb=\u00bb5&#8243;]Specs[\/button][button t_color=\u00bb#ffffff\u00bb b_color=\u00bb#34a9c6&#8243; t_hover_color=\u00bb#414141&#8243; b_hover_color=\u00bb#ffda8a\u00bb radius=\u00bb5&#8243; font_weight=\u00bb300&#8243; url=\u00bbhttps:\/\/marataonline.com\/pdfs\/arbol\/arbolwholemsds.pdf\u00bb target=\u00bbyes\u00bb position=\u00bbta_center\u00bb]MSDS[\/button][\/vc_column][vc_column width=\u00bb1\/6&#8243;][vc_single_image image=\u00bb668&#8243; img_size=\u00bb80X80&#8243; alignment=\u00bbcenter\u00bb style=\u00bbvc_box_rounded\u00bb css=\u00bb.vc_custom_1470786950061{margin-top: 20px !important;margin-bottom: 10px !important;border-bottom-width: 0px !important;}\u00bb][vc_custom_heading text=\u00bbEnteros sin tallo\u00bb font_container=\u00bbtag:h5|text_align:center|color:%23414141&#8243; google_fonts=\u00bbfont_family:Signika%3A300%2Cregular%2C600%2C700|font_style:400%20regular%3A400%3Anormal\u00bb css=\u00bb.vc_custom_1472578048294{margin-top: 0px !important;margin-bottom: 10px !important;border-top-width: 0px !important;border-bottom-width: 0px !important;}\u00bb][button t_color=\u00bb#ffffff\u00bb b_color=\u00bb#34a9c6&#8243; t_hover_color=\u00bb#414141&#8243; b_hover_color=\u00bb#ffda8a\u00bb radius=\u00bb5&#8243; font_weight=\u00bb300&#8243; url=\u00bbhttps:\/\/marataonline.com\/pdfs\/arbol\/arbolstemlessspecs.pdf\u00bb target=\u00bbyes\u00bb position=\u00bbta_center\u00bb mb=\u00bb5&#8243;]Specs[\/button][button t_color=\u00bb#ffffff\u00bb b_color=\u00bb#34a9c6&#8243; t_hover_color=\u00bb#414141&#8243; b_hover_color=\u00bb#ffda8a\u00bb radius=\u00bb5&#8243; font_weight=\u00bb300&#8243; url=\u00bbhttps:\/\/marataonline.com\/pdfs\/arbol\/arbolstemlessmsds.pdf\u00bb target=\u00bbyes\u00bb position=\u00bbta_center\u00bb]MSDS[\/button][\/vc_column][vc_column width=\u00bb1\/6&#8243;][vc_single_image image=\u00bb669&#8243; img_size=\u00bb80X80&#8243; alignment=\u00bbcenter\u00bb style=\u00bbvc_box_rounded\u00bb css=\u00bb.vc_custom_1470786959572{margin-top: 20px !important;margin-bottom: 10px !important;border-bottom-width: 0px !important;}\u00bb][vc_custom_heading text=\u00bbCubos 6mm sin semilla\u00bb font_container=\u00bbtag:h5|text_align:center|color:%23414141&#8243; google_fonts=\u00bbfont_family:Signika%3A300%2Cregular%2C600%2C700|font_style:400%20regular%3A400%3Anormal\u00bb css=\u00bb.vc_custom_1472578141590{margin-top: 0px !important;margin-bottom: 10px !important;border-top-width: 0px !important;border-bottom-width: 0px !important;}\u00bb][button t_color=\u00bb#ffffff\u00bb b_color=\u00bb#34a9c6&#8243; t_hover_color=\u00bb#414141&#8243; b_hover_color=\u00bb#ffda8a\u00bb radius=\u00bb5&#8243; font_weight=\u00bb300&#8243; url=\u00bbhttps:\/\/marataonline.com\/pdfs\/arbol\/arboldicesspecs.pdf\u00bb target=\u00bbyes\u00bb position=\u00bbta_center\u00bb mb=\u00bb5&#8243;]Specs[\/button][\/vc_column][vc_column width=\u00bb1\/6&#8243;][vc_single_image image=\u00bb670&#8243; img_size=\u00bb80X80&#8243; alignment=\u00bbcenter\u00bb style=\u00bbvc_box_rounded\u00bb css=\u00bb.vc_custom_1470786970511{margin-top: 20px !important;margin-bottom: 10px !important;border-bottom-width: 0px !important;}\u00bb][vc_custom_heading text=\u00bbHojuelas -4 +8&#8243; font_container=\u00bbtag:h5|text_align:center|color:%23414141&#8243; google_fonts=\u00bbfont_family:Signika%3A300%2Cregular%2C600%2C700|font_style:400%20regular%3A400%3Anormal\u00bb css=\u00bb.vc_custom_1472578150045{margin-top: 0px !important;margin-bottom: 10px !important;border-top-width: 0px !important;border-bottom-width: 0px !important;}\u00bb][button t_color=\u00bb#ffffff\u00bb b_color=\u00bb#34a9c6&#8243; t_hover_color=\u00bb#414141&#8243; b_hover_color=\u00bb#ffda8a\u00bb radius=\u00bb5&#8243; font_weight=\u00bb300&#8243; url=\u00bbhttps:\/\/marataonline.com\/pdfs\/arbol\/arbolflakesspecs.pdf\u00bb target=\u00bbyes\u00bb position=\u00bbta_center\u00bb mb=\u00bb5&#8243;]Specs[\/button][button t_color=\u00bb#ffffff\u00bb b_color=\u00bb#34a9c6&#8243; t_hover_color=\u00bb#414141&#8243; b_hover_color=\u00bb#ffda8a\u00bb radius=\u00bb5&#8243; font_weight=\u00bb300&#8243; url=\u00bbhttps:\/\/marataonline.com\/pdfs\/arbol\/arbolflakesmsds.pdf\u00bb target=\u00bbyes\u00bb position=\u00bbta_center\u00bb]MSDS[\/button][\/vc_column][vc_column width=\u00bb1\/6&#8243;][vc_single_image image=\u00bb671&#8243; img_size=\u00bb80X80&#8243; alignment=\u00bbcenter\u00bb style=\u00bbvc_box_rounded\u00bb css=\u00bb.vc_custom_1470786979418{margin-top: 20px !important;margin-bottom: 10px !important;border-bottom-width: 0px !important;}\u00bb][vc_custom_heading text=\u00bbGranulados -8 +20&#8243; font_container=\u00bbtag:h5|text_align:center|color:%23414141&#8243; google_fonts=\u00bbfont_family:Signika%3A300%2Cregular%2C600%2C700|font_style:400%20regular%3A400%3Anormal\u00bb css=\u00bb.vc_custom_1472578165740{margin-top: 0px !important;margin-bottom: 10px !important;border-top-width: 0px !important;border-bottom-width: 0px !important;}\u00bb][button t_color=\u00bb#ffffff\u00bb b_color=\u00bb#34a9c6&#8243; t_hover_color=\u00bb#414141&#8243; b_hover_color=\u00bb#ffda8a\u00bb radius=\u00bb5&#8243; font_weight=\u00bb300&#8243; url=\u00bbhttps:\/\/marataonline.com\/pdfs\/arbol\/arbolgranulesspecs.pdf\u00bb target=\u00bbyes\u00bb position=\u00bbta_center\u00bb mb=\u00bb5&#8243;]Specs[\/button][button t_color=\u00bb#ffffff\u00bb b_color=\u00bb#34a9c6&#8243; t_hover_color=\u00bb#414141&#8243; b_hover_color=\u00bb#ffda8a\u00bb radius=\u00bb5&#8243; font_weight=\u00bb300&#8243; url=\u00bbhttps:\/\/marataonline.com\/pdfs\/arbol\/arbolgranulesmsds.pdf\u00bb target=\u00bbyes\u00bb position=\u00bbta_center\u00bb]MSDS[\/button][\/vc_column][vc_column width=\u00bb1\/6&#8243;][vc_single_image image=\u00bb672&#8243; img_size=\u00bb80X80&#8243; alignment=\u00bbcenter\u00bb style=\u00bbvc_box_rounded\u00bb css=\u00bb.vc_custom_1470786989411{margin-top: 20px !important;margin-bottom: 10px !important;border-bottom-width: 0px !important;}\u00bb][vc_custom_heading text=\u00bbPolvo USS 40&#8243; font_container=\u00bbtag:h5|text_align:center|color:%23414141&#8243; google_fonts=\u00bbfont_family:Signika%3A300%2Cregular%2C600%2C700|font_style:400%20regular%3A400%3Anormal\u00bb css=\u00bb.vc_custom_1472578173429{margin-top: 0px !important;margin-bottom: 10px !important;border-top-width: 0px !important;border-bottom-width: 0px !important;}\u00bb][button t_color=\u00bb#ffffff\u00bb b_color=\u00bb#34a9c6&#8243; t_hover_color=\u00bb#414141&#8243; b_hover_color=\u00bb#ffda8a\u00bb radius=\u00bb5&#8243; font_weight=\u00bb300&#8243; url=\u00bbhttps:\/\/marataonline.com\/pdfs\/arbol\/arbolpowderspecs.pdf\u00bb target=\u00bbyes\u00bb position=\u00bbta_center\u00bb mb=\u00bb5&#8243;]Specs[\/button][button t_color=\u00bb#ffffff\u00bb b_color=\u00bb#34a9c6&#8243; t_hover_color=\u00bb#414141&#8243; b_hover_color=\u00bb#ffda8a\u00bb radius=\u00bb5&#8243; font_weight=\u00bb300&#8243; url=\u00bbhttps:\/\/marataonline.com\/pdfs\/arbol\/arbolpowdermsds.pdf\u00bb target=\u00bbyes\u00bb position=\u00bbta_center\u00bb]MSDS[\/button][\/vc_column][\/vc_row][vc_row css=\u00bb.vc_custom_1470702000839{padding-top: 25px !important;}\u00bb][vc_column][button use_icon=\u00bbyes\u00bb icon_color=\u00bb#ffffff\u00bb t_color=\u00bb#ffffff\u00bb b_color=\u00bb#666666&#8243; radius=\u00bb5&#8243; font_weight=\u00bb500&#8243; url=\u00bbhttps:\/\/www.marataonline.com\/es\/chilies\/\u00bb position=\u00bbta_center\u00bb icon=\u00bbcl-left33&#8243;]REGRESAR[\/button][\/vc_column][\/vc_row]<\/p>\n<\/div>","protected":false},"excerpt":{"rendered":"<p>[vc_row css=\u00bb.vc_custom_1470700463250{margin-top: 0px !important;margin-bottom: 0px !important;border-top-width: 0px !important;border-bottom-width: 0px !important;padding-top: 25px !important;padding-bottom: 10px !important;}\u00bb][vc_column][vc_single_image image=\u00bb468&#8243; img_size=\u00bb170&#215;170&#8243; alignment=\u00bbcenter\u00bb][\/vc_column][\/vc_row][vc_row css=\u00bb.vc_custom_1470700589617{margin-bottom: 0px !important;border-bottom-width: 0px !important;padding-top: 20px !important;padding-bottom: 20px !important;}\u00bb][vc_column css=\u00bb.vc_custom_1470700607924{margin-bottom: 0px !important;border-bottom-width: 0px !important;padding-bottom: 0px !important;}\u00bb][vc_custom_heading text=\u00bb\u00c1rbol\u00bb font_container=\u00bbtag:h2|text_align:center|color:%23ffffff\u00bb use_theme_fonts=\u00bbyes\u00bb css=\u00bb.vc_custom_1472577950428{margin-right: 0px !important;margin-bottom: 0px !important;margin-left: 0px !important;border-right-width: 0px !important;border-bottom-width: 0px !important;border-left-width: 0px !important;background-color: rgba(10,10,10,0.5) !important;*background-color: rgb(10,10,10) !important;}\u00bb][\/vc_column][\/vc_row][vc_row css=\u00bb.vc_custom_1470702561349{margin-top: 0px&hellip; <a class=\"more-link\" href=\"https:\/\/marataonline.com\/es\/products\/chilies\/arbol\/\">Continue reading <span class=\"screen-reader-text\">Arbol<\/span><\/a><\/p>\n","protected":false},"author":1,"featured_media":0,"parent":1137,"menu_order":0,"comment_status":"closed","ping_status":"closed","template":"","meta":{"footnotes":""},"class_list":["post-1145","page","type-page","status-publish","hentry","entry"],"aioseo_notices":[],"_links":{"self":[{"href":"https:\/\/marataonline.com\/es\/wp-json\/wp\/v2\/pages\/1145","targetHints":{"allow":["GET"]}}],"collection":[{"href":"https:\/\/marataonline.com\/es\/wp-json\/wp\/v2\/pages"}],"about":[{"href":"https:\/\/marataonline.com\/es\/wp-json\/wp\/v2\/types\/page"}],"author":[{"embeddable":true,"href":"https:\/\/marataonline.com\/es\/wp-json\/wp\/v2\/users\/1"}],"replies":[{"embeddable":true,"href":"https:\/\/marataonline.com\/es\/wp-json\/wp\/v2\/comments?post=1145"}],"version-history":[{"count":0,"href":"https:\/\/marataonline.com\/es\/wp-json\/wp\/v2\/pages\/1145\/revisions"}],"up":[{"embeddable":true,"href":"https:\/\/marataonline.com\/es\/wp-json\/wp\/v2\/pages\/1137"}],"wp:attachment":[{"href":"https:\/\/marataonline.com\/es\/wp-json\/wp\/v2\/media?parent=1145"}],"curies":[{"name":"wp","href":"https:\/\/api.w.org\/{rel}","templated":true}]}}