{"id":1146,"date":"2016-08-19T11:36:22","date_gmt":"2016-08-19T17:36:22","guid":{"rendered":"http:\/\/www.soulmexico.com\/marata\/es\/?page_id=1146"},"modified":"2016-08-30T12:02:44","modified_gmt":"2016-08-30T18:02:44","slug":"birds-eye","status":"publish","type":"page","link":"https:\/\/marataonline.com\/es\/products\/chilies\/birds-eye\/","title":{"rendered":"Birds Eye"},"content":{"rendered":"<div class=\"wpb-content-wrapper\"><p>[vc_row css=\u00bb.vc_custom_1470700463250{margin-top: 0px !important;margin-bottom: 0px !important;border-top-width: 0px !important;border-bottom-width: 0px !important;padding-top: 25px !important;padding-bottom: 10px !important;}\u00bb][vc_column][vc_single_image image=\u00bb475&#8243; img_size=\u00bb170&#215;170&#8243; alignment=\u00bbcenter\u00bb][\/vc_column][\/vc_row][vc_row css=\u00bb.vc_custom_1470700589617{margin-bottom: 0px !important;border-bottom-width: 0px !important;padding-top: 20px !important;padding-bottom: 20px !important;}\u00bb][vc_column css=\u00bb.vc_custom_1470700607924{margin-bottom: 0px !important;border-bottom-width: 0px !important;padding-bottom: 0px !important;}\u00bb][vc_custom_heading text=\u00bbBirds Eye \/ Ojo de P\u00e1jaro\u00bb font_container=\u00bbtag:h2|text_align:center|color:%23ffffff\u00bb use_theme_fonts=\u00bbyes\u00bb css=\u00bb.vc_custom_1472580063012{margin-right: 0px !important;margin-bottom: 0px !important;margin-left: 0px !important;border-right-width: 0px !important;border-bottom-width: 0px !important;border-left-width: 0px !important;background-color: rgba(10,10,10,0.5) !important;*background-color: rgb(10,10,10) !important;}\u00bb][\/vc_column][\/vc_row][vc_row css=\u00bb.vc_custom_1470702561349{margin-top: 0px !important;margin-bottom: 0px !important;border-top-width: 0px !important;border-bottom-width: 0px !important;padding-top: 0px !important;padding-bottom: 25px !important;}\u00bb][vc_column css=\u00bb.vc_custom_1470700708882{margin-top: 0px !important;margin-bottom: 0px !important;border-top-width: 0px !important;border-bottom-width: 0px !important;padding-top: 0px !important;}\u00bb][vc_column_text css=\u00bb.vc_custom_1472580048132{margin-top: 0px !important;border-top-width: 0px !important;padding-top: 10px !important;}\u00bb]<\/p>\n<p style=\"text-align: justify;\"><span style=\"color: #666666;\">Al chile ojo de p\u00e1jaro (Birds Eye) tambi\u00e9n se le conoce como chile diablo africano. Es un peque\u00f1o chile, verde cuando esta inmaduro y rojo brillante cuando madura. El picor var\u00eda dependiendo del lugar y de las condiciones ambientales que recibe. Tiene alta disponibilidad en pa\u00edses africanos como Zimbabue, Malawi y Kenia. Aunque parezcan peque\u00f1os, tienen un picor ardiente y pueden contener entre 50,000 y 100,000 unidades Scoville, casi tan picante como un habanero.<\/span><\/p>\n<p style=\"text-align: justify;\"><span style=\"color: #666666;\">Algunas fuentes se\u00f1alan que el nombre \u201cojo de p\u00e1jaro\u201d viene de los p\u00e1jaros que recogen y dejan caer los chiles de este arbusto. Los p\u00e1jaros no sienten efecto alguno del aceite de los chiles, por lo que no sienten la misma sensaci\u00f3n ardiente que los humanos.<\/span><\/p>\n<p style=\"text-align: justify;\"><span style=\"color: #666666;\">Los chiles ojo de p\u00e1jaro son de las especies m\u00e1s f\u00e1ciles de cultivar y mantener. Son un arbusto grueso con un fruto liviano, que es muy resistente. Pueden crecer en suelo arenosa, y tambi\u00e9n en suelo con condiciones ricas. Como cualquier otro chile, prefieren los climas h\u00famedos y c\u00e1lidos. <\/span><\/p>\n<p style=\"text-align: justify;\"><span style=\"color: #666666;\">Estos chiles pueden subsistir en climas fr\u00edos tambi\u00e9n, con temperaturas tan bajas como -20 \u00b0C. Perder\u00e1n todas sus hojas, pero florecer\u00e1n y dar\u00e1n frutos de nuevo en la primavera. Los arbustos de ojo de p\u00e1jaro maduran y dan frutos r\u00e1pidamente. Se requieren entre 90 y 120 d\u00edas, y se sabe que los arbustos duran bastantes a\u00f1os.<\/span><\/p>\n<p>[\/vc_column_text][rd_line type=\u00bbrd_line_dashed\u00bb color=\u00bb#666666&#8243; line_pos=\u00bbcenter\u00bb][vc_custom_heading text=\u00bbEsterilizados bajo pedido\u00bb font_container=\u00bbtag:h3|text_align:left\u00bb use_theme_fonts=\u00bbyes\u00bb css=\u00bb.vc_custom_1472580075400{margin-top: 0px !important;margin-bottom: 0px !important;border-top-width: 0px !important;border-bottom-width: 0px !important;padding-top: 20px !important;padding-bottom: 20px !important;}\u00bb][vc_row_inner][vc_column_inner width=\u00bb1\/2&#8243;][vc_column_text]<strong>NORTEAM\u00c9RICA<\/strong><br \/>\n-Esterilizaci\u00f3n a vapor (California y Medio Oeste)<br \/>\n-Esterilizaci\u00f3n con \u00f3xido de etileno<br \/>\n-Esterilizaci\u00f3n por radiaci\u00f3n gamma[\/vc_column_text][\/vc_column_inner][vc_column_inner width=\u00bb1\/2&#8243;][vc_column_text]<strong>EUROPA<\/strong><br \/>\n-Esterilizaci\u00f3n a vapor (Hamburgo)[\/vc_column_text][\/vc_column_inner][\/vc_row_inner][rd_line type=\u00bbrd_line_dashed\u00bb color=\u00bb#666666&#8243; line_pos=\u00bbcenter\u00bb][\/vc_column][\/vc_row][vc_row css=\u00bb.vc_custom_1470701737131{margin-top: 0px !important;margin-bottom: 0px !important;border-top-width: 0px !important;border-bottom-width: 0px !important;padding-bottom: 40px !important;}\u00bb][vc_column width=\u00bb1\/6&#8243;][vc_single_image image=\u00bb729&#8243; img_size=\u00bb80X80&#8243; alignment=\u00bbcenter\u00bb style=\u00bbvc_box_rounded\u00bb css=\u00bb.vc_custom_1470863659147{margin-top: 20px !important;margin-bottom: 10px !important;border-bottom-width: 0px !important;}\u00bb][vc_custom_heading text=\u00bbEnteros\u00bb font_container=\u00bbtag:h5|text_align:center|color:%23414141&#8243; google_fonts=\u00bbfont_family:Signika%3A300%2Cregular%2C600%2C700|font_style:400%20regular%3A400%3Anormal\u00bb css=\u00bb.vc_custom_1472580103016{margin-top: 0px !important;margin-bottom: 10px !important;border-top-width: 0px !important;border-bottom-width: 0px !important;}\u00bb][button t_color=\u00bb#ffffff\u00bb b_color=\u00bb#34a9c6&#8243; t_hover_color=\u00bb#414141&#8243; b_hover_color=\u00bb#ffda8a\u00bb radius=\u00bb5&#8243; font_weight=\u00bb300&#8243; url=\u00bbhttps:\/\/marataonline.com\/pdfs\/birdseye\/birdseyewholespecs.pdf\u00bb target=\u00bbyes\u00bb position=\u00bbta_center\u00bb mb=\u00bb5&#8243;]Specs[\/button][\/vc_column][vc_column width=\u00bb1\/6&#8243;][vc_single_image image=\u00bb730&#8243; img_size=\u00bb80X80&#8243; alignment=\u00bbcenter\u00bb style=\u00bbvc_box_rounded\u00bb css=\u00bb.vc_custom_1470863668813{margin-top: 20px !important;margin-bottom: 10px !important;border-bottom-width: 0px !important;}\u00bb][vc_custom_heading text=\u00bbEnteros sin tallo\u00bb font_container=\u00bbtag:h5|text_align:center|color:%23414141&#8243; google_fonts=\u00bbfont_family:Signika%3A300%2Cregular%2C600%2C700|font_style:400%20regular%3A400%3Anormal\u00bb css=\u00bb.vc_custom_1472580109496{margin-top: 0px !important;margin-bottom: 10px !important;border-top-width: 0px !important;border-bottom-width: 0px !important;}\u00bb][button t_color=\u00bb#ffffff\u00bb b_color=\u00bb#34a9c6&#8243; t_hover_color=\u00bb#414141&#8243; b_hover_color=\u00bb#ffda8a\u00bb radius=\u00bb5&#8243; font_weight=\u00bb300&#8243; url=\u00bbhttps:\/\/marataonline.com\/pdfs\/birdseye\/birdseyestemlessspecs.pdf\u00bb target=\u00bbyes\u00bb position=\u00bbta_center\u00bb mb=\u00bb5&#8243;]Specs[\/button][button t_color=\u00bb#ffffff\u00bb b_color=\u00bb#34a9c6&#8243; t_hover_color=\u00bb#414141&#8243; b_hover_color=\u00bb#ffda8a\u00bb radius=\u00bb5&#8243; font_weight=\u00bb300&#8243; url=\u00bbhttps:\/\/marataonline.com\/pdfs\/birdseye\/birdseyestemlessmsds.pdf\u00bb target=\u00bbyes\u00bb position=\u00bbta_center\u00bb]MSDS[\/button][\/vc_column][vc_column width=\u00bb1\/6&#8243;][vc_single_image image=\u00bb680&#8243; img_size=\u00bb80X80&#8243; alignment=\u00bbcenter\u00bb style=\u00bbvc_box_rounded\u00bb css=\u00bb.vc_custom_1470863704935{margin-top: 20px !important;margin-bottom: 10px !important;border-bottom-width: 0px !important;}\u00bb][vc_custom_heading text=\u00bbHojuelas -4 +8&#8243; font_container=\u00bbtag:h5|text_align:center|color:%23414141&#8243; google_fonts=\u00bbfont_family:Signika%3A300%2Cregular%2C600%2C700|font_style:400%20regular%3A400%3Anormal\u00bb css=\u00bb.vc_custom_1472580126475{margin-top: 0px !important;margin-bottom: 10px !important;border-top-width: 0px !important;border-bottom-width: 0px !important;}\u00bb][button t_color=\u00bb#ffffff\u00bb b_color=\u00bb#34a9c6&#8243; t_hover_color=\u00bb#414141&#8243; b_hover_color=\u00bb#ffda8a\u00bb radius=\u00bb5&#8243; font_weight=\u00bb300&#8243; url=\u00bbhttps:\/\/marataonline.com\/pdfs\/birdseye\/birdseyeflakesspecs.pdf\u00bb target=\u00bbyes\u00bb position=\u00bbta_center\u00bb mb=\u00bb5&#8243;]Specs[\/button][\/vc_column][vc_column width=\u00bb1\/6&#8243;][vc_single_image image=\u00bb671&#8243; img_size=\u00bb80X80&#8243; alignment=\u00bbcenter\u00bb style=\u00bbvc_box_rounded\u00bb css=\u00bb.vc_custom_1470863730663{margin-top: 20px !important;margin-bottom: 10px !important;border-bottom-width: 0px !important;}\u00bb][vc_custom_heading text=\u00bbGranulados -8 +20&#8243; font_container=\u00bbtag:h5|text_align:center|color:%23414141&#8243; google_fonts=\u00bbfont_family:Signika%3A300%2Cregular%2C600%2C700|font_style:400%20regular%3A400%3Anormal\u00bb css=\u00bb.vc_custom_1472580141103{margin-top: 0px !important;margin-bottom: 10px !important;border-top-width: 0px !important;border-bottom-width: 0px !important;}\u00bb][button t_color=\u00bb#ffffff\u00bb b_color=\u00bb#34a9c6&#8243; t_hover_color=\u00bb#414141&#8243; b_hover_color=\u00bb#ffda8a\u00bb radius=\u00bb5&#8243; font_weight=\u00bb300&#8243; url=\u00bbhttps:\/\/marataonline.com\/pdfs\/birdseye\/birdseyegranulesspecs.pdf\u00bb target=\u00bbyes\u00bb position=\u00bbta_center\u00bb mb=\u00bb5&#8243;]Specs[\/button][button t_color=\u00bb#ffffff\u00bb b_color=\u00bb#34a9c6&#8243; t_hover_color=\u00bb#414141&#8243; b_hover_color=\u00bb#ffda8a\u00bb radius=\u00bb5&#8243; font_weight=\u00bb300&#8243; url=\u00bbhttps:\/\/marataonline.com\/pdfs\/birdseye\/birdseyegranulesmsds.pdf\u00bb target=\u00bbyes\u00bb position=\u00bbta_center\u00bb]MSDS[\/button][\/vc_column][vc_column width=\u00bb1\/6&#8243;][vc_single_image image=\u00bb672&#8243; img_size=\u00bb80X80&#8243; alignment=\u00bbcenter\u00bb style=\u00bbvc_box_rounded\u00bb css=\u00bb.vc_custom_1470863741646{margin-top: 20px !important;margin-bottom: 10px !important;border-bottom-width: 0px !important;}\u00bb][vc_custom_heading text=\u00bbPolvo USS 40&#8243; font_container=\u00bbtag:h5|text_align:center|color:%23414141&#8243; google_fonts=\u00bbfont_family:Signika%3A300%2Cregular%2C600%2C700|font_style:400%20regular%3A400%3Anormal\u00bb css=\u00bb.vc_custom_1472580150442{margin-top: 0px !important;margin-bottom: 10px !important;border-top-width: 0px !important;border-bottom-width: 0px !important;}\u00bb][button t_color=\u00bb#ffffff\u00bb b_color=\u00bb#34a9c6&#8243; t_hover_color=\u00bb#414141&#8243; b_hover_color=\u00bb#ffda8a\u00bb radius=\u00bb5&#8243; font_weight=\u00bb300&#8243; url=\u00bbhttps:\/\/marataonline.com\/pdfs\/birdseye\/birdseyepowderspecs.pdf\u00bb target=\u00bbyes\u00bb position=\u00bbta_center\u00bb mb=\u00bb5&#8243;]Specs[\/button][button t_color=\u00bb#ffffff\u00bb b_color=\u00bb#34a9c6&#8243; t_hover_color=\u00bb#414141&#8243; b_hover_color=\u00bb#ffda8a\u00bb radius=\u00bb5&#8243; font_weight=\u00bb300&#8243; url=\u00bbhttps:\/\/marataonline.com\/pdfs\/birdseye\/birdseyepowdermsds.pdf\u00bb target=\u00bbyes\u00bb position=\u00bbta_center\u00bb]MSDS[\/button][\/vc_column][\/vc_row][vc_row css=\u00bb.vc_custom_1470702000839{padding-top: 25px !important;}\u00bb][vc_column][button use_icon=\u00bbyes\u00bb icon_color=\u00bb#ffffff\u00bb t_color=\u00bb#ffffff\u00bb b_color=\u00bb#666666&#8243; radius=\u00bb5&#8243; font_weight=\u00bb500&#8243; url=\u00bbhttps:\/\/www.marataonline.com\/es\/chilies\/\u00bb position=\u00bbta_center\u00bb icon=\u00bbcl-left33&#8243;]REGRESAR[\/button][\/vc_column][\/vc_row]<\/p>\n<\/div>","protected":false},"excerpt":{"rendered":"<p>[vc_row css=\u00bb.vc_custom_1470700463250{margin-top: 0px !important;margin-bottom: 0px !important;border-top-width: 0px !important;border-bottom-width: 0px !important;padding-top: 25px !important;padding-bottom: 10px !important;}\u00bb][vc_column][vc_single_image image=\u00bb475&#8243; img_size=\u00bb170&#215;170&#8243; alignment=\u00bbcenter\u00bb][\/vc_column][\/vc_row][vc_row css=\u00bb.vc_custom_1470700589617{margin-bottom: 0px !important;border-bottom-width: 0px !important;padding-top: 20px !important;padding-bottom: 20px !important;}\u00bb][vc_column css=\u00bb.vc_custom_1470700607924{margin-bottom: 0px !important;border-bottom-width: 0px !important;padding-bottom: 0px !important;}\u00bb][vc_custom_heading text=\u00bbBirds Eye \/ Ojo de P\u00e1jaro\u00bb font_container=\u00bbtag:h2|text_align:center|color:%23ffffff\u00bb use_theme_fonts=\u00bbyes\u00bb css=\u00bb.vc_custom_1472580063012{margin-right: 0px !important;margin-bottom: 0px !important;margin-left: 0px !important;border-right-width: 0px !important;border-bottom-width: 0px !important;border-left-width: 0px !important;background-color: rgba(10,10,10,0.5)&hellip; <a class=\"more-link\" href=\"https:\/\/marataonline.com\/es\/products\/chilies\/birds-eye\/\">Continue reading <span class=\"screen-reader-text\">Birds Eye<\/span><\/a><\/p>\n","protected":false},"author":1,"featured_media":0,"parent":1137,"menu_order":0,"comment_status":"closed","ping_status":"closed","template":"","meta":{"footnotes":""},"class_list":["post-1146","page","type-page","status-publish","hentry","entry"],"aioseo_notices":[],"_links":{"self":[{"href":"https:\/\/marataonline.com\/es\/wp-json\/wp\/v2\/pages\/1146","targetHints":{"allow":["GET"]}}],"collection":[{"href":"https:\/\/marataonline.com\/es\/wp-json\/wp\/v2\/pages"}],"about":[{"href":"https:\/\/marataonline.com\/es\/wp-json\/wp\/v2\/types\/page"}],"author":[{"embeddable":true,"href":"https:\/\/marataonline.com\/es\/wp-json\/wp\/v2\/users\/1"}],"replies":[{"embeddable":true,"href":"https:\/\/marataonline.com\/es\/wp-json\/wp\/v2\/comments?post=1146"}],"version-history":[{"count":0,"href":"https:\/\/marataonline.com\/es\/wp-json\/wp\/v2\/pages\/1146\/revisions"}],"up":[{"embeddable":true,"href":"https:\/\/marataonline.com\/es\/wp-json\/wp\/v2\/pages\/1137"}],"wp:attachment":[{"href":"https:\/\/marataonline.com\/es\/wp-json\/wp\/v2\/media?parent=1146"}],"curies":[{"name":"wp","href":"https:\/\/api.w.org\/{rel}","templated":true}]}}