{"id":1166,"date":"2016-08-19T11:40:14","date_gmt":"2016-08-19T17:40:14","guid":{"rendered":"http:\/\/www.soulmexico.com\/marata\/es\/?page_id=1166"},"modified":"2016-08-30T10:34:20","modified_gmt":"2016-08-30T16:34:20","slug":"paprika","status":"publish","type":"page","link":"https:\/\/marataonline.com\/es\/products\/chilies\/paprika\/","title":{"rendered":"Paprika"},"content":{"rendered":"<div class=\"wpb-content-wrapper\"><p>[vc_row css=\u00bb.vc_custom_1470700463250{margin-top: 0px !important;margin-bottom: 0px !important;border-top-width: 0px !important;border-bottom-width: 0px !important;padding-top: 25px !important;padding-bottom: 10px !important;}\u00bb][vc_column][vc_single_image image=\u00bb465&#8243; img_size=\u00bb170&#215;170&#8243; alignment=\u00bbcenter\u00bb][\/vc_column][\/vc_row][vc_row css=\u00bb.vc_custom_1470700589617{margin-bottom: 0px !important;border-bottom-width: 0px !important;padding-top: 20px !important;padding-bottom: 20px !important;}\u00bb][vc_column css=\u00bb.vc_custom_1470700607924{margin-bottom: 0px !important;border-bottom-width: 0px !important;padding-bottom: 0px !important;}\u00bb][vc_custom_heading text=\u00bbPaprika\u00bb font_container=\u00bbtag:h2|text_align:center|color:%23ffffff\u00bb use_theme_fonts=\u00bbyes\u00bb css=\u00bb.vc_custom_1472574542686{margin-right: 0px !important;margin-bottom: 0px !important;margin-left: 0px !important;border-right-width: 0px !important;border-bottom-width: 0px !important;border-left-width: 0px !important;background-color: rgba(10,10,10,0.5) !important;*background-color: rgb(10,10,10) !important;}\u00bb][\/vc_column][\/vc_row][vc_row css=\u00bb.vc_custom_1470702561349{margin-top: 0px !important;margin-bottom: 0px !important;border-top-width: 0px !important;border-bottom-width: 0px !important;padding-top: 0px !important;padding-bottom: 25px !important;}\u00bb][vc_column css=\u00bb.vc_custom_1470700708882{margin-top: 0px !important;margin-bottom: 0px !important;border-top-width: 0px !important;border-bottom-width: 0px !important;padding-top: 0px !important;}\u00bb][vc_column_text css=\u00bb.vc_custom_1472574851548{margin-top: 0px !important;border-top-width: 0px !important;padding-top: 10px !important;}\u00bb]<\/p>\n<p style=\"text-align: justify;\"><span style=\"color: #666666;\">Es un chile poco picante, con una amplia variaci\u00f3n de colores, entre 70 \u2013 200 (ASTA). El piment\u00f3n se produce en lugares como Hungr\u00eda, Serbia, Espa\u00f1a, Per\u00fa, M\u00e9xico y California. Principalmente se usa para sazonar y darle color al arroz, a guisos, sopas como el goulash (un estofado h\u00fangaro), y en la preparaci\u00f3n de chorizos como un ingrediente que se mezcla con carnes y otras especias. En los Estados Unidos, el piment\u00f3n (paprika) se utiliza frecuentemente espolvoreado en la comida para decorarla, pero el sabor se produce m\u00e1s efectivamente si se calienta suavemente en aceite. <\/span><\/p>\n<p style=\"text-align: justify;\"><span style=\"color: #666666;\">La\u00a0paprika de Marata se encuentra disponible en tres versiones, suave (picor dulce), picor moderado, y muy picante. A diferencia del \u201cPiment\u00f3n de la Vera\u201d, que tiene sabor y aroma ahumados, ya que se secan con humo, t\u00edpicamente de madera de roble, la paprika ahumada de Marata se hace con le\u00f1a de manzano o de nogal, con un sabor caracter\u00edstico m\u00e1s suave.<\/span><\/p>\n<p>[\/vc_column_text][rd_line type=\u00bbrd_line_dashed\u00bb color=\u00bb#666666&#8243; line_pos=\u00bbcenter\u00bb][vc_custom_heading text=\u00bbEsterilizados bajo pedido\u00bb font_container=\u00bbtag:h3|text_align:left\u00bb use_theme_fonts=\u00bbyes\u00bb css=\u00bb.vc_custom_1472055993436{margin-top: 0px !important;margin-bottom: 0px !important;border-top-width: 0px !important;border-bottom-width: 0px !important;padding-top: 20px !important;padding-bottom: 20px !important;}\u00bb][vc_row_inner][vc_column_inner width=\u00bb1\/2&#8243;][vc_column_text]<strong>NORTEAM\u00c9RICA<\/strong><br \/>\n-Esterilizaci\u00f3n a vapor (California y Medio Oeste)<br \/>\n-Esterilizaci\u00f3n con \u00f3xido de etileno<br \/>\n-Esterilizaci\u00f3n por radiaci\u00f3n gamma[\/vc_column_text][\/vc_column_inner][vc_column_inner width=\u00bb1\/2&#8243;][vc_column_text]<strong>EUROPA<br \/>\n<\/strong>-Esterilizaci\u00f3n a vapor (Hamburgo)[\/vc_column_text][\/vc_column_inner][\/vc_row_inner][rd_line type=\u00bbrd_line_dashed\u00bb color=\u00bb#666666&#8243; line_pos=\u00bbcenter\u00bb][\/vc_column][\/vc_row][vc_row css=\u00bb.vc_custom_1470701737131{margin-top: 0px !important;margin-bottom: 0px !important;border-top-width: 0px !important;border-bottom-width: 0px !important;padding-bottom: 40px !important;}\u00bb][vc_column width=\u00bb1\/6&#8243;][vc_single_image image=\u00bb641&#8243; img_size=\u00bb80X80&#8243; alignment=\u00bbcenter\u00bb style=\u00bbvc_box_rounded\u00bb css=\u00bb.vc_custom_1470785612816{margin-top: 20px !important;margin-bottom: 10px !important;border-bottom-width: 0px !important;}\u00bb][vc_custom_heading text=\u00bbEnteros\u00bb font_container=\u00bbtag:h5|text_align:center|color:%23414141&#8243; google_fonts=\u00bbfont_family:Signika%3A300%2Cregular%2C600%2C700|font_style:400%20regular%3A400%3Anormal\u00bb css=\u00bb.vc_custom_1472056068659{margin-top: 0px !important;margin-bottom: 10px !important;border-top-width: 0px !important;border-bottom-width: 0px !important;}\u00bb][button t_color=\u00bb#ffffff\u00bb b_color=\u00bb#34a9c6&#8243; t_hover_color=\u00bb#414141&#8243; b_hover_color=\u00bb#ffda8a\u00bb radius=\u00bb5&#8243; font_weight=\u00bb300&#8243; url=\u00bbhttps:\/\/marataonline.com\/pdfs\/paprika\/paprikawholespecs.pdf\u00bb target=\u00bbyes\u00bb position=\u00bbta_center\u00bb mb=\u00bb5&#8243;]Specs[\/button][button t_color=\u00bb#ffffff\u00bb b_color=\u00bb#34a9c6&#8243; t_hover_color=\u00bb#414141&#8243; b_hover_color=\u00bb#ffda8a\u00bb radius=\u00bb5&#8243; font_weight=\u00bb300&#8243; url=\u00bbhttps:\/\/marataonline.com\/pdfs\/paprika\/paprikawholemsds.pdf\u00bb target=\u00bbyes\u00bb position=\u00bbta_center\u00bb]MSDS[\/button][\/vc_column][vc_column width=\u00bb1\/6&#8243;][vc_single_image image=\u00bb642&#8243; img_size=\u00bb80X80&#8243; alignment=\u00bbcenter\u00bb style=\u00bbvc_box_rounded\u00bb css=\u00bb.vc_custom_1470785626514{margin-top: 20px !important;margin-bottom: 10px !important;border-bottom-width: 0px !important;}\u00bb][vc_custom_heading text=\u00bbEnteros sin tallo\u00bb font_container=\u00bbtag:h5|text_align:center|color:%23414141&#8243; google_fonts=\u00bbfont_family:Signika%3A300%2Cregular%2C600%2C700|font_style:400%20regular%3A400%3Anormal\u00bb css=\u00bb.vc_custom_1472056076653{margin-top: 0px !important;margin-bottom: 10px !important;border-top-width: 0px !important;border-bottom-width: 0px !important;}\u00bb][button t_color=\u00bb#ffffff\u00bb b_color=\u00bb#34a9c6&#8243; t_hover_color=\u00bb#414141&#8243; b_hover_color=\u00bb#ffda8a\u00bb radius=\u00bb5&#8243; font_weight=\u00bb300&#8243; url=\u00bbhttps:\/\/marataonline.com\/pdfs\/paprika\/paprikastemlessspecs.pdf\u00bb target=\u00bbyes\u00bb position=\u00bbta_center\u00bb mb=\u00bb5&#8243;]Specs[\/button][button t_color=\u00bb#ffffff\u00bb b_color=\u00bb#34a9c6&#8243; t_hover_color=\u00bb#414141&#8243; b_hover_color=\u00bb#ffda8a\u00bb radius=\u00bb5&#8243; font_weight=\u00bb300&#8243; url=\u00bbhttps:\/\/marataonline.com\/pdfs\/paprika\/paprikastemlessmsds.pdf\u00bb target=\u00bbyes\u00bb position=\u00bbta_center\u00bb]MSDS[\/button][\/vc_column][vc_column width=\u00bb1\/6&#8243;][vc_single_image image=\u00bb643&#8243; img_size=\u00bb80X80&#8243; alignment=\u00bbcenter\u00bb style=\u00bbvc_box_rounded\u00bb css=\u00bb.vc_custom_1470785639327{margin-top: 20px !important;margin-bottom: 10px !important;border-bottom-width: 0px !important;}\u00bb][vc_custom_heading text=\u00bbHojuelas -4 +8&#8243; font_container=\u00bbtag:h5|text_align:center|color:%23414141&#8243; google_fonts=\u00bbfont_family:Signika%3A300%2Cregular%2C600%2C700|font_style:400%20regular%3A400%3Anormal\u00bb css=\u00bb.vc_custom_1472056084589{margin-top: 0px !important;margin-bottom: 10px !important;border-top-width: 0px !important;border-bottom-width: 0px !important;}\u00bb][button t_color=\u00bb#ffffff\u00bb b_color=\u00bb#34a9c6&#8243; t_hover_color=\u00bb#414141&#8243; b_hover_color=\u00bb#ffda8a\u00bb radius=\u00bb5&#8243; font_weight=\u00bb300&#8243; url=\u00bbhttps:\/\/marataonline.com\/pdfs\/paprika\/paprikaflakesspecs.pdf\u00bb target=\u00bbyes\u00bb position=\u00bbta_center\u00bb mb=\u00bb5&#8243;]Specs[\/button][button t_color=\u00bb#ffffff\u00bb b_color=\u00bb#34a9c6&#8243; t_hover_color=\u00bb#414141&#8243; b_hover_color=\u00bb#ffda8a\u00bb radius=\u00bb5&#8243; font_weight=\u00bb300&#8243; url=\u00bbhttps:\/\/marataonline.com\/pdfs\/paprika\/paprikaflakesmsds.pdf\u00bb target=\u00bbyes\u00bb position=\u00bbta_center\u00bb]MSDS[\/button][\/vc_column][vc_column width=\u00bb1\/6&#8243;][vc_single_image image=\u00bb644&#8243; img_size=\u00bb80X80&#8243; alignment=\u00bbcenter\u00bb style=\u00bbvc_box_rounded\u00bb css=\u00bb.vc_custom_1470785649272{margin-top: 20px !important;margin-bottom: 10px !important;border-bottom-width: 0px !important;}\u00bb][vc_custom_heading text=\u00bbGranulados -8 +20&#8243; font_container=\u00bbtag:h5|text_align:center|color:%23414141&#8243; google_fonts=\u00bbfont_family:Signika%3A300%2Cregular%2C600%2C700|font_style:400%20regular%3A400%3Anormal\u00bb css=\u00bb.vc_custom_1472056094369{margin-top: 0px !important;margin-bottom: 10px !important;border-top-width: 0px !important;border-bottom-width: 0px !important;}\u00bb][button t_color=\u00bb#ffffff\u00bb b_color=\u00bb#34a9c6&#8243; t_hover_color=\u00bb#414141&#8243; b_hover_color=\u00bb#ffda8a\u00bb radius=\u00bb5&#8243; font_weight=\u00bb300&#8243; url=\u00bbhttps:\/\/marataonline.com\/pdfs\/paprika\/paprikagranulesspecs.pdf\u00bb target=\u00bbyes\u00bb position=\u00bbta_center\u00bb mb=\u00bb5&#8243;]Specs[\/button][button t_color=\u00bb#ffffff\u00bb b_color=\u00bb#34a9c6&#8243; t_hover_color=\u00bb#414141&#8243; b_hover_color=\u00bb#ffda8a\u00bb radius=\u00bb5&#8243; font_weight=\u00bb300&#8243; url=\u00bbhttps:\/\/marataonline.com\/pdfs\/paprika\/paprikagranulesmsds.pdf\u00bb target=\u00bbyes\u00bb position=\u00bbta_center\u00bb]MSDS[\/button][\/vc_column][vc_column width=\u00bb1\/6&#8243;][vc_single_image image=\u00bb645&#8243; img_size=\u00bb80X80&#8243; alignment=\u00bbcenter\u00bb style=\u00bbvc_box_rounded\u00bb css=\u00bb.vc_custom_1470785658907{margin-top: 20px !important;margin-bottom: 10px !important;border-bottom-width: 0px !important;}\u00bb][vc_custom_heading text=\u00bbPolvo USS 40&#8243; font_container=\u00bbtag:h5|text_align:center|color:%23414141&#8243; google_fonts=\u00bbfont_family:Signika%3A300%2Cregular%2C600%2C700|font_style:400%20regular%3A400%3Anormal\u00bb css=\u00bb.vc_custom_1472056102895{margin-top: 0px !important;margin-bottom: 10px !important;border-top-width: 0px !important;border-bottom-width: 0px !important;}\u00bb][button t_color=\u00bb#ffffff\u00bb b_color=\u00bb#34a9c6&#8243; t_hover_color=\u00bb#414141&#8243; b_hover_color=\u00bb#ffda8a\u00bb radius=\u00bb5&#8243; font_weight=\u00bb300&#8243; url=\u00bbhttps:\/\/marataonline.com\/pdfs\/paprika\/paprikapowderspecs.pdf\u00bb target=\u00bbyes\u00bb position=\u00bbta_center\u00bb mb=\u00bb5&#8243;]Specs[\/button][button t_color=\u00bb#ffffff\u00bb b_color=\u00bb#34a9c6&#8243; t_hover_color=\u00bb#414141&#8243; b_hover_color=\u00bb#ffda8a\u00bb radius=\u00bb5&#8243; font_weight=\u00bb300&#8243; url=\u00bbhttps:\/\/marataonline.com\/pdfs\/paprika\/paprikapowdermsds.pdf\u00bb target=\u00bbyes\u00bb position=\u00bbta_center\u00bb]MSDS[\/button][\/vc_column][\/vc_row][vc_row css=\u00bb.vc_custom_1470702000839{padding-top: 25px !important;}\u00bb][vc_column][button use_icon=\u00bbyes\u00bb icon_color=\u00bb#ffffff\u00bb t_color=\u00bb#ffffff\u00bb b_color=\u00bb#666666&#8243; radius=\u00bb5&#8243; font_weight=\u00bb500&#8243; url=\u00bbhttps:\/\/www.marataonline.com\/es\/chilies\/\u00bb position=\u00bbta_center\u00bb icon=\u00bbcl-left33&#8243;]REGRESAR[\/button][\/vc_column][\/vc_row]<\/p>\n<\/div>","protected":false},"excerpt":{"rendered":"<p>[vc_row css=\u00bb.vc_custom_1470700463250{margin-top: 0px !important;margin-bottom: 0px !important;border-top-width: 0px !important;border-bottom-width: 0px !important;padding-top: 25px !important;padding-bottom: 10px !important;}\u00bb][vc_column][vc_single_image image=\u00bb465&#8243; img_size=\u00bb170&#215;170&#8243; alignment=\u00bbcenter\u00bb][\/vc_column][\/vc_row][vc_row css=\u00bb.vc_custom_1470700589617{margin-bottom: 0px !important;border-bottom-width: 0px !important;padding-top: 20px !important;padding-bottom: 20px !important;}\u00bb][vc_column css=\u00bb.vc_custom_1470700607924{margin-bottom: 0px !important;border-bottom-width: 0px !important;padding-bottom: 0px !important;}\u00bb][vc_custom_heading text=\u00bbPaprika\u00bb font_container=\u00bbtag:h2|text_align:center|color:%23ffffff\u00bb use_theme_fonts=\u00bbyes\u00bb css=\u00bb.vc_custom_1472574542686{margin-right: 0px !important;margin-bottom: 0px !important;margin-left: 0px !important;border-right-width: 0px !important;border-bottom-width: 0px !important;border-left-width: 0px !important;background-color: rgba(10,10,10,0.5) !important;*background-color: rgb(10,10,10) !important;}\u00bb][\/vc_column][\/vc_row][vc_row css=\u00bb.vc_custom_1470702561349{margin-top: 0px&hellip; <a class=\"more-link\" href=\"https:\/\/marataonline.com\/es\/products\/chilies\/paprika\/\">Continue reading <span class=\"screen-reader-text\">Paprika<\/span><\/a><\/p>\n","protected":false},"author":1,"featured_media":0,"parent":1137,"menu_order":0,"comment_status":"closed","ping_status":"closed","template":"","meta":{"footnotes":""},"class_list":["post-1166","page","type-page","status-publish","hentry","entry"],"aioseo_notices":[],"_links":{"self":[{"href":"https:\/\/marataonline.com\/es\/wp-json\/wp\/v2\/pages\/1166","targetHints":{"allow":["GET"]}}],"collection":[{"href":"https:\/\/marataonline.com\/es\/wp-json\/wp\/v2\/pages"}],"about":[{"href":"https:\/\/marataonline.com\/es\/wp-json\/wp\/v2\/types\/page"}],"author":[{"embeddable":true,"href":"https:\/\/marataonline.com\/es\/wp-json\/wp\/v2\/users\/1"}],"replies":[{"embeddable":true,"href":"https:\/\/marataonline.com\/es\/wp-json\/wp\/v2\/comments?post=1166"}],"version-history":[{"count":0,"href":"https:\/\/marataonline.com\/es\/wp-json\/wp\/v2\/pages\/1166\/revisions"}],"up":[{"embeddable":true,"href":"https:\/\/marataonline.com\/es\/wp-json\/wp\/v2\/pages\/1137"}],"wp:attachment":[{"href":"https:\/\/marataonline.com\/es\/wp-json\/wp\/v2\/media?parent=1166"}],"curies":[{"name":"wp","href":"https:\/\/api.w.org\/{rel}","templated":true}]}}