{"id":1167,"date":"2016-08-19T11:40:24","date_gmt":"2016-08-19T17:40:24","guid":{"rendered":"http:\/\/www.soulmexico.com\/marata\/es\/?page_id=1167"},"modified":"2016-08-24T09:31:11","modified_gmt":"2016-08-24T15:31:11","slug":"pasilla","status":"publish","type":"page","link":"https:\/\/marataonline.com\/es\/products\/chilies\/pasilla\/","title":{"rendered":"Pasilla"},"content":{"rendered":"<div class=\"wpb-content-wrapper\"><p>[vc_row css=\u00bb.vc_custom_1470700463250{margin-top: 0px !important;margin-bottom: 0px !important;border-top-width: 0px !important;border-bottom-width: 0px !important;padding-top: 25px !important;padding-bottom: 10px !important;}\u00bb][vc_column][vc_single_image image=\u00bb447&#8243; img_size=\u00bb170&#215;170&#8243; alignment=\u00bbcenter\u00bb][\/vc_column][\/vc_row][vc_row css=\u00bb.vc_custom_1470700589617{margin-bottom: 0px !important;border-bottom-width: 0px !important;padding-top: 20px !important;padding-bottom: 20px !important;}\u00bb][vc_column css=\u00bb.vc_custom_1470700607924{margin-bottom: 0px !important;border-bottom-width: 0px !important;padding-bottom: 0px !important;}\u00bb][vc_custom_heading text=\u00bbPasilla\u00bb font_container=\u00bbtag:h2|text_align:center|color:%23ffffff\u00bb use_theme_fonts=\u00bbyes\u00bb css=\u00bb.vc_custom_1470705635608{margin-right: 0px !important;margin-bottom: 0px !important;margin-left: 0px !important;border-right-width: 0px !important;border-bottom-width: 0px !important;border-left-width: 0px !important;background-color: rgba(10,10,10,0.5) !important;*background-color: rgb(10,10,10) !important;}\u00bb][\/vc_column][\/vc_row][vc_row css=\u00bb.vc_custom_1470702561349{margin-top: 0px !important;margin-bottom: 0px !important;border-top-width: 0px !important;border-bottom-width: 0px !important;padding-top: 0px !important;padding-bottom: 25px !important;}\u00bb][vc_column css=\u00bb.vc_custom_1470700708882{margin-top: 0px !important;margin-bottom: 0px !important;border-top-width: 0px !important;border-bottom-width: 0px !important;padding-top: 0px !important;}\u00bb][vc_column_text css=\u00bb.vc_custom_1472052606421{margin-top: 0px !important;border-top-width: 0px !important;padding-top: 10px !important;}\u00bb]<\/p>\n<p style=\"text-align: justify;\"><span style=\"color: #666666;\">El nombre del chile pasilla proviene de su color caf\u00e9 obscuro, y su aroma a pasa. Al madurar, este largo y delgado fruto de color verde obscuro y brillante, adquiere un color caf\u00e9 chocolate obscuro y una alta calidad que es uniforme. Cuando se usa fresco, el pasilla se llama chilaca, y agrega un rico sabor a salsas y enchiladas. Este chiles es excelente para secar en vaina o a\u00fan en la planta, y es muy importante para los sabores ricos y complejos del mole. (50 d\u00edas)<\/span><\/p>\n<p style=\"text-align: justify;\"><span style=\"color: #666666;\">De color verde obscuro y brillante, el chile pasilla ofrece un sabor suave pero a la vez complejo. Su sabor combina cualidades suaves y herb\u00e1ceas, con notas de mora y uva. El chile pasilla tiene una carne gruesa y crece hasta tener de 15 a 20cm de largo. Puede variar desde ser suave, hasta llegar a ser bastante picante. Su color obscuro proviene de la mezcla de pigmentos rojos y verdes de la planta. A medida que madura, se torna rojo y desarrolla un sabor dulce.<\/span><\/p>\n<p style=\"text-align: justify;\"><span style=\"color: #666666;\">Estos chiles son una excelente fuente de vitaminas C y B, adem\u00e1s de proveer cantidades significativas de hierro, niacina, tiamina, magnesio y riboflavina. Estos chiles no contienen colesterol ni grasas saturadas, son bajos en calor\u00edas y en sodio, y tienen un alto contenido de fibra. Los chiles ayudan a acelerar el metabolismo y son excelentes para aquellos que cuidan su peso.<\/span><\/p>\n<p style=\"text-align: justify;\"><span style=\"color: #666666;\">El chile pasilla verde siempre se cocina o se asa, en lugar de comerse crudo, para obtener un sabor m\u00e1s robusto y ahumado. Debido a su tama\u00f1o y el grosor de sus paredes, tradicionalmente se utiliza como un chile para rellenar. Se usa com\u00fanmente en la elaboraci\u00f3n de chiles rellenos, y en la preparaci\u00f3n de moles y pipianes; adem\u00e1s, es muy bueno en rajas. Cuando madura y se pone rojo, tambi\u00e9n es utilizado en sopas, guisos, tamales y salsas picantes. El chile pasilla, o \u201cpoblano\u201d, se origin\u00f3 en la regi\u00f3n de Puebla, al sur de la Ciudad de M\u00e9xico. Es uno de los chiles mexicanos m\u00e1s comunes, y en el sur de M\u00e9xico y en la pen\u00ednsula de Yucat\u00e1n se le llama \u201cmiahuateco\u201d.<\/span><\/p>\n<p>[\/vc_column_text][rd_line type=\u00bbrd_line_dashed\u00bb color=\u00bb#666666&#8243; line_pos=\u00bbcenter\u00bb][vc_custom_heading text=\u00bbEsterilizados bajo pedido\u00bb font_container=\u00bbtag:h3|text_align:left\u00bb use_theme_fonts=\u00bbyes\u00bb css=\u00bb.vc_custom_1472052407223{margin-top: 0px !important;margin-bottom: 0px !important;border-top-width: 0px !important;border-bottom-width: 0px !important;padding-top: 20px !important;padding-bottom: 20px !important;}\u00bb][vc_row_inner][vc_column_inner width=\u00bb1\/2&#8243;][vc_column_text]<span style=\"color: #414141;\"><strong>NORTEAM\u00c9RICA<\/strong><\/span><br \/>\n<span style=\"color: #414141;\">-Esterilizaci\u00f3n a vapor (California y Medio Oeste)<\/span><br \/>\n<span style=\"color: #414141;\">-Esterilizaci\u00f3n con \u00f3xido de etileno<\/span><br \/>\n<span style=\"color: #414141;\">-Esterilizaci\u00f3n por radiaci\u00f3n gamma<\/span>[\/vc_column_text][\/vc_column_inner][vc_column_inner width=\u00bb1\/2&#8243;][vc_column_text]<span style=\"color: #414141;\"><strong>EUROPA<\/strong><\/span><br \/>\n<span style=\"color: #414141;\">-Esterilizaci\u00f3n a vapor (Hamburgo)<\/span>[\/vc_column_text][\/vc_column_inner][\/vc_row_inner][rd_line type=\u00bbrd_line_dashed\u00bb color=\u00bb#666666&#8243; line_pos=\u00bbcenter\u00bb][\/vc_column][\/vc_row][vc_row css=\u00bb.vc_custom_1470701737131{margin-top: 0px !important;margin-bottom: 0px !important;border-top-width: 0px !important;border-bottom-width: 0px !important;padding-bottom: 40px !important;}\u00bb][vc_column width=\u00bb1\/6&#8243;][vc_single_image image=\u00bb607&#8243; img_size=\u00bb80X80&#8243; alignment=\u00bbcenter\u00bb style=\u00bbvc_box_rounded\u00bb css=\u00bb.vc_custom_1470705955214{margin-top: 20px !important;margin-bottom: 10px !important;border-bottom-width: 0px !important;}\u00bb][vc_custom_heading text=\u00bbEnteros\u00bb font_container=\u00bbtag:h5|text_align:center|color:%23414141&#8243; google_fonts=\u00bbfont_family:Signika%3A300%2Cregular%2C600%2C700|font_style:400%20regular%3A400%3Anormal\u00bb css=\u00bb.vc_custom_1472052488762{margin-top: 0px !important;margin-bottom: 10px !important;border-top-width: 0px !important;border-bottom-width: 0px !important;}\u00bb][button t_color=\u00bb#ffffff\u00bb b_color=\u00bb#34a9c6&#8243; t_hover_color=\u00bb#414141&#8243; b_hover_color=\u00bb#ffda8a\u00bb radius=\u00bb5&#8243; font_weight=\u00bb300&#8243; url=\u00bbhttps:\/\/marataonline.com\/pdfs\/pasilla\/pasillawholespecs.pdf\u00bb target=\u00bbyes\u00bb position=\u00bbta_center\u00bb mb=\u00bb5&#8243;]Specs[\/button][button t_color=\u00bb#ffffff\u00bb b_color=\u00bb#34a9c6&#8243; t_hover_color=\u00bb#414141&#8243; b_hover_color=\u00bb#ffda8a\u00bb radius=\u00bb5&#8243; font_weight=\u00bb300&#8243; url=\u00bbhttps:\/\/marataonline.com\/pdfs\/pasilla\/pasillawholemsds.pdf\u00bb target=\u00bbyes\u00bb position=\u00bbta_center\u00bb]MSDS[\/button][\/vc_column][vc_column width=\u00bb1\/6&#8243;][vc_single_image image=\u00bb608&#8243; img_size=\u00bb80X80&#8243; alignment=\u00bbcenter\u00bb style=\u00bbvc_box_rounded\u00bb css=\u00bb.vc_custom_1470705966329{margin-top: 20px !important;margin-bottom: 10px !important;border-bottom-width: 0px !important;}\u00bb][vc_custom_heading text=\u00bbEnteros sin tallo\u00bb font_container=\u00bbtag:h5|text_align:center|color:%23414141&#8243; google_fonts=\u00bbfont_family:Signika%3A300%2Cregular%2C600%2C700|font_style:400%20regular%3A400%3Anormal\u00bb css=\u00bb.vc_custom_1472052521870{margin-top: 0px !important;margin-bottom: 10px !important;border-top-width: 0px !important;border-bottom-width: 0px !important;}\u00bb][button t_color=\u00bb#ffffff\u00bb b_color=\u00bb#34a9c6&#8243; t_hover_color=\u00bb#414141&#8243; b_hover_color=\u00bb#ffda8a\u00bb radius=\u00bb5&#8243; font_weight=\u00bb300&#8243; url=\u00bbhttps:\/\/marataonline.com\/pdfs\/pasilla\/pasillastemlessspecs.pdf\u00bb target=\u00bbyes\u00bb position=\u00bbta_center\u00bb mb=\u00bb5&#8243;]Specs[\/button][button t_color=\u00bb#ffffff\u00bb b_color=\u00bb#34a9c6&#8243; t_hover_color=\u00bb#414141&#8243; b_hover_color=\u00bb#ffda8a\u00bb radius=\u00bb5&#8243; font_weight=\u00bb300&#8243; url=\u00bbhttps:\/\/marataonline.com\/pdfs\/pasilla\/pasillastemlessmsds.pdf\u00bb target=\u00bbyes\u00bb position=\u00bbta_center\u00bb]MSDS[\/button][\/vc_column][vc_column width=\u00bb1\/6&#8243;][vc_single_image image=\u00bb609&#8243; img_size=\u00bb80X80&#8243; alignment=\u00bbcenter\u00bb style=\u00bbvc_box_rounded\u00bb css=\u00bb.vc_custom_1470705976794{margin-top: 20px !important;margin-bottom: 10px !important;border-bottom-width: 0px !important;}\u00bb][vc_custom_heading text=\u00bbCubos 6mm sin semilla\u00bb font_container=\u00bbtag:h5|text_align:center|color:%23414141&#8243; google_fonts=\u00bbfont_family:Signika%3A300%2Cregular%2C600%2C700|font_style:400%20regular%3A400%3Anormal\u00bb css=\u00bb.vc_custom_1472052514619{margin-top: 0px !important;margin-bottom: 10px !important;border-top-width: 0px !important;border-bottom-width: 0px !important;}\u00bb][button t_color=\u00bb#ffffff\u00bb b_color=\u00bb#34a9c6&#8243; t_hover_color=\u00bb#414141&#8243; b_hover_color=\u00bb#ffda8a\u00bb radius=\u00bb5&#8243; font_weight=\u00bb300&#8243; url=\u00bbhttps:\/\/marataonline.com\/pdfs\/pasilla\/pasillaseedlessspecs.pdf\u00bb target=\u00bbyes\u00bb position=\u00bbta_center\u00bb mb=\u00bb5&#8243;]Specs[\/button][button t_color=\u00bb#ffffff\u00bb b_color=\u00bb#34a9c6&#8243; t_hover_color=\u00bb#414141&#8243; b_hover_color=\u00bb#ffda8a\u00bb radius=\u00bb5&#8243; font_weight=\u00bb300&#8243; url=\u00bbhttps:\/\/marataonline.com\/pdfs\/pasilla\/pasillaseedlessmsds.pdf\u00bb target=\u00bbyes\u00bb position=\u00bbta_center\u00bb]MSDS[\/button][\/vc_column][vc_column width=\u00bb1\/6&#8243;][vc_single_image image=\u00bb610&#8243; img_size=\u00bb80X80&#8243; alignment=\u00bbcenter\u00bb style=\u00bbvc_box_rounded\u00bb css=\u00bb.vc_custom_1470705986736{margin-top: 20px !important;margin-bottom: 10px !important;border-bottom-width: 0px !important;}\u00bb][vc_custom_heading text=\u00bbHojuelas -4 +8&#8243; font_container=\u00bbtag:h5|text_align:center|color:%23414141&#8243; google_fonts=\u00bbfont_family:Signika%3A300%2Cregular%2C600%2C700|font_style:400%20regular%3A400%3Anormal\u00bb css=\u00bb.vc_custom_1472052533442{margin-top: 0px !important;margin-bottom: 10px !important;border-top-width: 0px !important;border-bottom-width: 0px !important;}\u00bb][button t_color=\u00bb#ffffff\u00bb b_color=\u00bb#34a9c6&#8243; t_hover_color=\u00bb#414141&#8243; b_hover_color=\u00bb#ffda8a\u00bb radius=\u00bb5&#8243; font_weight=\u00bb300&#8243; url=\u00bbhttps:\/\/marataonline.com\/pdfs\/pasilla\/pasillaflakesspecs.pdf\u00bb target=\u00bbyes\u00bb position=\u00bbta_center\u00bb mb=\u00bb5&#8243;]Specs[\/button][button t_color=\u00bb#ffffff\u00bb b_color=\u00bb#34a9c6&#8243; t_hover_color=\u00bb#414141&#8243; b_hover_color=\u00bb#ffda8a\u00bb radius=\u00bb5&#8243; font_weight=\u00bb300&#8243; url=\u00bbhttps:\/\/marataonline.com\/pdfs\/pasilla\/pasillaflakesmsds.pdf\u00bb target=\u00bbyes\u00bb position=\u00bbta_center\u00bb]MSDS[\/button][\/vc_column][vc_column width=\u00bb1\/6&#8243;][vc_single_image image=\u00bb611&#8243; img_size=\u00bb80X80&#8243; alignment=\u00bbcenter\u00bb style=\u00bbvc_box_rounded\u00bb css=\u00bb.vc_custom_1470705998387{margin-top: 20px !important;margin-bottom: 10px !important;border-bottom-width: 0px !important;}\u00bb][vc_custom_heading text=\u00bbGranulados -8 +20&#8243; font_container=\u00bbtag:h5|text_align:center|color:%23414141&#8243; google_fonts=\u00bbfont_family:Signika%3A300%2Cregular%2C600%2C700|font_style:400%20regular%3A400%3Anormal\u00bb css=\u00bb.vc_custom_1472052548477{margin-top: 0px !important;margin-bottom: 10px !important;border-top-width: 0px !important;border-bottom-width: 0px !important;}\u00bb][button t_color=\u00bb#ffffff\u00bb b_color=\u00bb#34a9c6&#8243; t_hover_color=\u00bb#414141&#8243; b_hover_color=\u00bb#ffda8a\u00bb radius=\u00bb5&#8243; font_weight=\u00bb300&#8243; url=\u00bbhttps:\/\/marataonline.com\/pdfs\/pasilla\/pasillagranulesspecs.pdf\u00bb position=\u00bbta_center\u00bb mb=\u00bb5&#8243;]Specs[\/button][button t_color=\u00bb#ffffff\u00bb b_color=\u00bb#34a9c6&#8243; t_hover_color=\u00bb#414141&#8243; b_hover_color=\u00bb#ffda8a\u00bb radius=\u00bb5&#8243; font_weight=\u00bb300&#8243; url=\u00bbhttps:\/\/marataonline.com\/pdfs\/pasilla\/pasillagranulesmsds.pdf\u00bb target=\u00bbyes\u00bb position=\u00bbta_center\u00bb]MSDS[\/button][\/vc_column][vc_column width=\u00bb1\/6&#8243;][vc_single_image image=\u00bb612&#8243; img_size=\u00bb80X80&#8243; alignment=\u00bbcenter\u00bb style=\u00bbvc_box_rounded\u00bb css=\u00bb.vc_custom_1470706007678{margin-top: 20px !important;margin-bottom: 10px !important;border-bottom-width: 0px !important;}\u00bb][vc_custom_heading text=\u00bbPolvo USS 40&#8243; font_container=\u00bbtag:h5|text_align:center|color:%23414141&#8243; google_fonts=\u00bbfont_family:Signika%3A300%2Cregular%2C600%2C700|font_style:400%20regular%3A400%3Anormal\u00bb css=\u00bb.vc_custom_1472052556791{margin-top: 0px !important;margin-bottom: 10px !important;border-top-width: 0px !important;border-bottom-width: 0px !important;}\u00bb][button t_color=\u00bb#ffffff\u00bb b_color=\u00bb#34a9c6&#8243; t_hover_color=\u00bb#414141&#8243; b_hover_color=\u00bb#ffda8a\u00bb radius=\u00bb5&#8243; font_weight=\u00bb300&#8243; url=\u00bbhttps:\/\/marataonline.com\/pdfs\/pasilla\/pasillapowderspecs.pdf\u00bb target=\u00bbyes\u00bb position=\u00bbta_center\u00bb mb=\u00bb5&#8243;]Specs[\/button][button t_color=\u00bb#ffffff\u00bb b_color=\u00bb#34a9c6&#8243; t_hover_color=\u00bb#414141&#8243; b_hover_color=\u00bb#ffda8a\u00bb radius=\u00bb5&#8243; font_weight=\u00bb300&#8243; url=\u00bbhttps:\/\/marataonline.com\/pdfs\/pasilla\/pasillapowdermsds.pdf\u00bb target=\u00bbyes\u00bb position=\u00bbta_center\u00bb]MSDS[\/button][\/vc_column][\/vc_row][vc_row css=\u00bb.vc_custom_1470702000839{padding-top: 25px !important;}\u00bb][vc_column][button use_icon=\u00bbyes\u00bb icon_color=\u00bb#ffffff\u00bb t_color=\u00bb#ffffff\u00bb b_color=\u00bb#666666&#8243; radius=\u00bb5&#8243; font_weight=\u00bb500&#8243; url=\u00bbhttps:\/\/www.marataonline.com\/es\/chilies\/\u00bb position=\u00bbta_center\u00bb icon=\u00bbcl-left33&#8243;]REGRESAR[\/button][\/vc_column][\/vc_row]<\/p>\n<\/div>","protected":false},"excerpt":{"rendered":"<p>[vc_row css=\u00bb.vc_custom_1470700463250{margin-top: 0px !important;margin-bottom: 0px !important;border-top-width: 0px !important;border-bottom-width: 0px !important;padding-top: 25px !important;padding-bottom: 10px !important;}\u00bb][vc_column][vc_single_image image=\u00bb447&#8243; img_size=\u00bb170&#215;170&#8243; alignment=\u00bbcenter\u00bb][\/vc_column][\/vc_row][vc_row css=\u00bb.vc_custom_1470700589617{margin-bottom: 0px !important;border-bottom-width: 0px !important;padding-top: 20px !important;padding-bottom: 20px !important;}\u00bb][vc_column css=\u00bb.vc_custom_1470700607924{margin-bottom: 0px !important;border-bottom-width: 0px !important;padding-bottom: 0px !important;}\u00bb][vc_custom_heading text=\u00bbPasilla\u00bb font_container=\u00bbtag:h2|text_align:center|color:%23ffffff\u00bb use_theme_fonts=\u00bbyes\u00bb css=\u00bb.vc_custom_1470705635608{margin-right: 0px !important;margin-bottom: 0px !important;margin-left: 0px !important;border-right-width: 0px !important;border-bottom-width: 0px !important;border-left-width: 0px !important;background-color: rgba(10,10,10,0.5) !important;*background-color: rgb(10,10,10) !important;}\u00bb][\/vc_column][\/vc_row][vc_row css=\u00bb.vc_custom_1470702561349{margin-top: 0px&hellip; <a class=\"more-link\" href=\"https:\/\/marataonline.com\/es\/products\/chilies\/pasilla\/\">Continue reading <span class=\"screen-reader-text\">Pasilla<\/span><\/a><\/p>\n","protected":false},"author":1,"featured_media":0,"parent":1137,"menu_order":0,"comment_status":"closed","ping_status":"closed","template":"","meta":{"footnotes":""},"class_list":["post-1167","page","type-page","status-publish","hentry","entry"],"aioseo_notices":[],"_links":{"self":[{"href":"https:\/\/marataonline.com\/es\/wp-json\/wp\/v2\/pages\/1167","targetHints":{"allow":["GET"]}}],"collection":[{"href":"https:\/\/marataonline.com\/es\/wp-json\/wp\/v2\/pages"}],"about":[{"href":"https:\/\/marataonline.com\/es\/wp-json\/wp\/v2\/types\/page"}],"author":[{"embeddable":true,"href":"https:\/\/marataonline.com\/es\/wp-json\/wp\/v2\/users\/1"}],"replies":[{"embeddable":true,"href":"https:\/\/marataonline.com\/es\/wp-json\/wp\/v2\/comments?post=1167"}],"version-history":[{"count":0,"href":"https:\/\/marataonline.com\/es\/wp-json\/wp\/v2\/pages\/1167\/revisions"}],"up":[{"embeddable":true,"href":"https:\/\/marataonline.com\/es\/wp-json\/wp\/v2\/pages\/1137"}],"wp:attachment":[{"href":"https:\/\/marataonline.com\/es\/wp-json\/wp\/v2\/media?parent=1167"}],"curies":[{"name":"wp","href":"https:\/\/api.w.org\/{rel}","templated":true}]}}