{"id":1174,"date":"2016-08-19T11:47:29","date_gmt":"2016-08-19T17:47:29","guid":{"rendered":"http:\/\/www.soulmexico.com\/marata\/es\/?page_id=1174"},"modified":"2016-08-30T11:57:24","modified_gmt":"2016-08-30T17:57:24","slug":"puya","status":"publish","type":"page","link":"https:\/\/marataonline.com\/es\/products\/chilies\/puya\/","title":{"rendered":"Puya"},"content":{"rendered":"<div class=\"wpb-content-wrapper\"><p>[vc_row css=\u00bb.vc_custom_1470700463250{margin-top: 0px !important;margin-bottom: 0px !important;border-top-width: 0px !important;border-bottom-width: 0px !important;padding-top: 25px !important;padding-bottom: 10px !important;}\u00bb][vc_column][vc_single_image image=\u00bb474&#8243; img_size=\u00bb170&#215;170&#8243; alignment=\u00bbcenter\u00bb][\/vc_column][\/vc_row][vc_row css=\u00bb.vc_custom_1470700589617{margin-bottom: 0px !important;border-bottom-width: 0px !important;padding-top: 20px !important;padding-bottom: 20px !important;}\u00bb][vc_column css=\u00bb.vc_custom_1470700607924{margin-bottom: 0px !important;border-bottom-width: 0px !important;padding-bottom: 0px !important;}\u00bb][vc_custom_heading text=\u00bbPuya\u00bb font_container=\u00bbtag:h2|text_align:center|color:%23ffffff\u00bb use_theme_fonts=\u00bbyes\u00bb css=\u00bb.vc_custom_1470863385574{margin-right: 0px !important;margin-bottom: 0px !important;margin-left: 0px !important;border-right-width: 0px !important;border-bottom-width: 0px !important;border-left-width: 0px !important;background-color: rgba(10,10,10,0.5) !important;*background-color: rgb(10,10,10) !important;}\u00bb][\/vc_column][\/vc_row][vc_row css=\u00bb.vc_custom_1470702561349{margin-top: 0px !important;margin-bottom: 0px !important;border-top-width: 0px !important;border-bottom-width: 0px !important;padding-top: 0px !important;padding-bottom: 25px !important;}\u00bb][vc_column css=\u00bb.vc_custom_1470700708882{margin-top: 0px !important;margin-bottom: 0px !important;border-top-width: 0px !important;border-bottom-width: 0px !important;padding-top: 0px !important;}\u00bb][vc_column_text css=\u00bb.vc_custom_1472579726255{margin-top: 0px !important;border-top-width: 0px !important;padding-top: 10px !important;}\u00bb]<\/p>\n<p style=\"text-align: justify;\">El chile puya, o pulla, (capsicum annuum) es un peque\u00f1o y potente chile mexicano, similar al chile guajillo, pero m\u00e1s peque\u00f1o y potente. Tiene un sabor frutal. Sus unidades de Scoville est\u00e1n entre 5,000 y 12,000.<\/p>\n<p style=\"text-align: justify;\"><strong>Sugerencia de uso:<\/strong><\/p>\n<p style=\"text-align: justify;\">Primero enjuague el producto en agua tibia, y despu\u00e9s rem\u00f3jelo en caliente por 10 minutos para rehidratarlo; agregue directamente a una receta que se cocinar\u00e1 por al menos 10 minutos. Para obtener m\u00e1s sabor, \u00e1selo en un horno a 250 grados por 2 o 4 minutos. Una vez rehidratado, p\u00edquelo en cubos o h\u00e1galo pur\u00e9 y finalmente agr\u00e9guelo a un platillo.<\/p>\n<p>[\/vc_column_text][rd_line type=\u00bbrd_line_dashed\u00bb color=\u00bb#666666&#8243; line_pos=\u00bbcenter\u00bb][vc_custom_heading text=\u00bbEsterilizados bajo pedido\u00bb font_container=\u00bbtag:h3|text_align:left\u00bb use_theme_fonts=\u00bbyes\u00bb css=\u00bb.vc_custom_1472579738390{margin-top: 0px !important;margin-bottom: 0px !important;border-top-width: 0px !important;border-bottom-width: 0px !important;padding-top: 20px !important;padding-bottom: 20px !important;}\u00bb][vc_row_inner][vc_column_inner width=\u00bb1\/2&#8243;][vc_column_text]<strong>NORTEAM\u00c9RICA<\/strong><br \/>\n-Esterilizaci\u00f3n a vapor (California y Medio Oeste)<br \/>\n-Esterilizaci\u00f3n con \u00f3xido de etileno<br \/>\n-Esterilizaci\u00f3n por radiaci\u00f3n gamma[\/vc_column_text][\/vc_column_inner][vc_column_inner width=\u00bb1\/2&#8243;][vc_column_text]<strong>EUROPA<\/strong><br \/>\n-Esterilizaci\u00f3n a vapor (Hamburgo)[\/vc_column_text][\/vc_column_inner][\/vc_row_inner][rd_line type=\u00bbrd_line_dashed\u00bb color=\u00bb#666666&#8243; line_pos=\u00bbcenter\u00bb][\/vc_column][\/vc_row][vc_row css=\u00bb.vc_custom_1470701737131{margin-top: 0px !important;margin-bottom: 0px !important;border-top-width: 0px !important;border-bottom-width: 0px !important;padding-bottom: 40px !important;}\u00bb][vc_column width=\u00bb1\/6&#8243;][vc_single_image image=\u00bb725&#8243; img_size=\u00bb80X80&#8243; alignment=\u00bbcenter\u00bb style=\u00bbvc_box_rounded\u00bb css=\u00bb.vc_custom_1470863410641{margin-top: 20px !important;margin-bottom: 10px !important;border-bottom-width: 0px !important;}\u00bb][vc_custom_heading text=\u00bbEnteros\u00bb font_container=\u00bbtag:h5|text_align:center|color:%23414141&#8243; google_fonts=\u00bbfont_family:Signika%3A300%2Cregular%2C600%2C700|font_style:400%20regular%3A400%3Anormal\u00bb css=\u00bb.vc_custom_1472579796355{margin-top: 0px !important;margin-bottom: 10px !important;border-top-width: 0px !important;border-bottom-width: 0px !important;}\u00bb][\/vc_column][vc_column width=\u00bb1\/6&#8243;][vc_single_image image=\u00bb725&#8243; img_size=\u00bb80X80&#8243; alignment=\u00bbcenter\u00bb style=\u00bbvc_box_rounded\u00bb css=\u00bb.vc_custom_1470863419561{margin-top: 20px !important;margin-bottom: 10px !important;border-bottom-width: 0px !important;}\u00bb][vc_custom_heading text=\u00bbEnteros sin tallo\u00bb font_container=\u00bbtag:h5|text_align:center|color:%23414141&#8243; google_fonts=\u00bbfont_family:Signika%3A300%2Cregular%2C600%2C700|font_style:400%20regular%3A400%3Anormal\u00bb css=\u00bb.vc_custom_1472579803471{margin-top: 0px !important;margin-bottom: 10px !important;border-top-width: 0px !important;border-bottom-width: 0px !important;}\u00bb][\/vc_column][vc_column width=\u00bb1\/6&#8243;][vc_single_image image=\u00bb725&#8243; img_size=\u00bb80X80&#8243; alignment=\u00bbcenter\u00bb style=\u00bbvc_box_rounded\u00bb css=\u00bb.vc_custom_1470863427777{margin-top: 20px !important;margin-bottom: 10px !important;border-bottom-width: 0px !important;}\u00bb][vc_custom_heading text=\u00bbCubos 6mm sin semilla\u00bb font_container=\u00bbtag:h5|text_align:center|color:%23414141&#8243; google_fonts=\u00bbfont_family:Signika%3A300%2Cregular%2C600%2C700|font_style:400%20regular%3A400%3Anormal\u00bb css=\u00bb.vc_custom_1472579810281{margin-top: 0px !important;margin-bottom: 10px !important;border-top-width: 0px !important;border-bottom-width: 0px !important;}\u00bb][\/vc_column][vc_column width=\u00bb1\/6&#8243;][vc_single_image image=\u00bb725&#8243; img_size=\u00bb80X80&#8243; alignment=\u00bbcenter\u00bb style=\u00bbvc_box_rounded\u00bb css=\u00bb.vc_custom_1470863437348{margin-top: 20px !important;margin-bottom: 10px !important;border-bottom-width: 0px !important;}\u00bb][vc_custom_heading text=\u00bbHojuelas -4 +8&#8243; font_container=\u00bbtag:h5|text_align:center|color:%23414141&#8243; google_fonts=\u00bbfont_family:Signika%3A300%2Cregular%2C600%2C700|font_style:400%20regular%3A400%3Anormal\u00bb css=\u00bb.vc_custom_1472579818697{margin-top: 0px !important;margin-bottom: 10px !important;border-top-width: 0px !important;border-bottom-width: 0px !important;}\u00bb][\/vc_column][vc_column width=\u00bb1\/6&#8243;][vc_single_image image=\u00bb725&#8243; img_size=\u00bb80X80&#8243; alignment=\u00bbcenter\u00bb style=\u00bbvc_box_rounded\u00bb css=\u00bb.vc_custom_1470863453355{margin-top: 20px !important;margin-bottom: 10px !important;border-bottom-width: 0px !important;}\u00bb][vc_custom_heading text=\u00bbGranulados -8 +20&#8243; font_container=\u00bbtag:h5|text_align:center|color:%23414141&#8243; google_fonts=\u00bbfont_family:Signika%3A300%2Cregular%2C600%2C700|font_style:400%20regular%3A400%3Anormal\u00bb css=\u00bb.vc_custom_1472579825703{margin-top: 0px !important;margin-bottom: 10px !important;border-top-width: 0px !important;border-bottom-width: 0px !important;}\u00bb][\/vc_column][vc_column width=\u00bb1\/6&#8243;][vc_single_image image=\u00bb725&#8243; img_size=\u00bb80X80&#8243; alignment=\u00bbcenter\u00bb style=\u00bbvc_box_rounded\u00bb css=\u00bb.vc_custom_1470863463073{margin-top: 20px !important;margin-bottom: 10px !important;border-bottom-width: 0px !important;}\u00bb][vc_custom_heading text=\u00bbPolvo USS 40&#8243; font_container=\u00bbtag:h5|text_align:center|color:%23414141&#8243; google_fonts=\u00bbfont_family:Signika%3A300%2Cregular%2C600%2C700|font_style:400%20regular%3A400%3Anormal\u00bb css=\u00bb.vc_custom_1472579832843{margin-top: 0px !important;margin-bottom: 10px !important;border-top-width: 0px !important;border-bottom-width: 0px !important;}\u00bb][\/vc_column][\/vc_row][vc_row css=\u00bb.vc_custom_1470702000839{padding-top: 25px !important;}\u00bb][vc_column][button use_icon=\u00bbyes\u00bb icon_color=\u00bb#ffffff\u00bb t_color=\u00bb#ffffff\u00bb b_color=\u00bb#666666&#8243; radius=\u00bb5&#8243; font_weight=\u00bb500&#8243; url=\u00bbhttps:\/\/www.marataonline.com\/es\/chilies\/\u00bb position=\u00bbta_center\u00bb icon=\u00bbcl-left33&#8243;]REGRESAR[\/button][\/vc_column][\/vc_row]<\/p>\n<\/div>","protected":false},"excerpt":{"rendered":"<p>[vc_row css=\u00bb.vc_custom_1470700463250{margin-top: 0px !important;margin-bottom: 0px !important;border-top-width: 0px !important;border-bottom-width: 0px !important;padding-top: 25px !important;padding-bottom: 10px !important;}\u00bb][vc_column][vc_single_image image=\u00bb474&#8243; img_size=\u00bb170&#215;170&#8243; alignment=\u00bbcenter\u00bb][\/vc_column][\/vc_row][vc_row css=\u00bb.vc_custom_1470700589617{margin-bottom: 0px !important;border-bottom-width: 0px !important;padding-top: 20px !important;padding-bottom: 20px !important;}\u00bb][vc_column css=\u00bb.vc_custom_1470700607924{margin-bottom: 0px !important;border-bottom-width: 0px !important;padding-bottom: 0px !important;}\u00bb][vc_custom_heading text=\u00bbPuya\u00bb font_container=\u00bbtag:h2|text_align:center|color:%23ffffff\u00bb use_theme_fonts=\u00bbyes\u00bb css=\u00bb.vc_custom_1470863385574{margin-right: 0px !important;margin-bottom: 0px !important;margin-left: 0px !important;border-right-width: 0px !important;border-bottom-width: 0px !important;border-left-width: 0px !important;background-color: rgba(10,10,10,0.5) !important;*background-color: rgb(10,10,10) !important;}\u00bb][\/vc_column][\/vc_row][vc_row css=\u00bb.vc_custom_1470702561349{margin-top: 0px&hellip; <a class=\"more-link\" href=\"https:\/\/marataonline.com\/es\/products\/chilies\/puya\/\">Continue reading <span class=\"screen-reader-text\">Puya<\/span><\/a><\/p>\n","protected":false},"author":1,"featured_media":0,"parent":1137,"menu_order":0,"comment_status":"closed","ping_status":"closed","template":"","meta":{"footnotes":""},"class_list":["post-1174","page","type-page","status-publish","hentry","entry"],"aioseo_notices":[],"_links":{"self":[{"href":"https:\/\/marataonline.com\/es\/wp-json\/wp\/v2\/pages\/1174","targetHints":{"allow":["GET"]}}],"collection":[{"href":"https:\/\/marataonline.com\/es\/wp-json\/wp\/v2\/pages"}],"about":[{"href":"https:\/\/marataonline.com\/es\/wp-json\/wp\/v2\/types\/page"}],"author":[{"embeddable":true,"href":"https:\/\/marataonline.com\/es\/wp-json\/wp\/v2\/users\/1"}],"replies":[{"embeddable":true,"href":"https:\/\/marataonline.com\/es\/wp-json\/wp\/v2\/comments?post=1174"}],"version-history":[{"count":0,"href":"https:\/\/marataonline.com\/es\/wp-json\/wp\/v2\/pages\/1174\/revisions"}],"up":[{"embeddable":true,"href":"https:\/\/marataonline.com\/es\/wp-json\/wp\/v2\/pages\/1137"}],"wp:attachment":[{"href":"https:\/\/marataonline.com\/es\/wp-json\/wp\/v2\/media?parent=1174"}],"curies":[{"name":"wp","href":"https:\/\/api.w.org\/{rel}","templated":true}]}}