{"id":1176,"date":"2016-08-19T11:47:52","date_gmt":"2016-08-19T17:47:52","guid":{"rendered":"http:\/\/www.soulmexico.com\/marata\/es\/?page_id=1176"},"modified":"2016-08-30T13:10:21","modified_gmt":"2016-08-30T19:10:21","slug":"custom-blends","status":"publish","type":"page","link":"https:\/\/marataonline.com\/es\/products\/custom-blends\/","title":{"rendered":"Mezclas"},"content":{"rendered":"<div class=\"wpb-content-wrapper\"><p>[vc_row type=\u00bbfull-width-content\u00bb css=\u00bb.vc_custom_1470935166176{margin-top: 0px !important;margin-bottom: 0px !important;border-top-width: 0px !important;border-bottom-width: 0px !important;padding-top: 25px !important;padding-bottom: 25px !important;background-image: url(https:\/\/www.marataonline.com\/wp-content\/uploads\/2016\/08\/FW-Blends.jpg) !important;background-position: center !important;background-repeat: no-repeat !important;background-size: cover !important;}\u00bb][vc_column css=\u00bb.vc_custom_1470677250820{margin-top: 0px !important;margin-bottom: 0px !important;border-top-width: 0px !important;border-bottom-width: 0px !important;padding-top: 0px !important;padding-bottom: 0px !important;}\u00bb][vc_custom_heading text=\u00bbMezclas\u00bb font_container=\u00bbtag:h1|text_align:center|color:%23ffffff\u00bb google_fonts=\u00bbfont_family:Signika%3A300%2Cregular%2C600%2C700|font_style:300%20light%20regular%3A300%3Anormal\u00bb css=\u00bb.vc_custom_1472584105176{margin-right: 0px !important;margin-bottom: 10px !important;margin-left: 0px !important;border-right-width: 0px !important;border-bottom-width: 10px !important;border-left-width: 0px !important;padding-top: 15px !important;padding-bottom: 15px !important;background-color: rgba(10,10,10,0.5) !important;*background-color: rgb(10,10,10) !important;}\u00bb][\/vc_column][\/vc_row][vc_row type=\u00bbfull-width-section\u00bb css=\u00bb.vc_custom_1470678888025{margin-top: 0px !important;margin-bottom: 0px !important;border-top-width: 0px !important;border-bottom-width: 0px !important;padding-top: 25px !important;padding-bottom: 25px !important;background-color: #efefef !important;}\u00bb][vc_column][vc_column_text css=\u00bb.vc_custom_1472584159779{margin-top: 0px !important;border-top-width: 0px !important;}\u00bb]<\/p>\n<p style=\"text-align: center;\"><span style=\"color: #666666;\">Marata Specialties, LLC es productor y\/o exportador de varias mezclas provenientes de M\u00e9xico. Nuestras mezclas vienen en varias presentaciones, como en polvo y granuladas. Tambi\u00e9n manejamos diferentes calidades, as\u00ed que no deber\u00eda tener problema para encontrar lo que busca. <\/span><\/p>\n<p style=\"text-align: center;\"><span style=\"color: #666666;\">Para conocer m\u00e1s acerca de cada producto, por favor use nuestros\u00a0documentos de especificaci\u00f3n y MSDS.<\/span><\/p>\n<p style=\"text-align: center;\"><span style=\"color: #666666;\">Todos los productos de Marata vienen con una carta de continuidad garantizada, COA y certificado de salubridad. Ofrecemos precios fijos de manera anual en contratos firmados u \u00f3rdenes de compra abiertas, para la mayor\u00eda de nuestros productos.<\/span><\/p>\n<p>[\/vc_column_text][\/vc_column][\/vc_row][vc_row css=\u00bb.vc_custom_1470679151820{margin-top: 0px !important;margin-bottom: 0px !important;border-top-width: 0px !important;border-bottom-width: 0px !important;padding-top: 25px !important;padding-bottom: 10px !important;}\u00bb][vc_column][vc_custom_heading text=\u00bbNuestras mezclas\u00bb font_container=\u00bbtag:h1|text_align:center|color:%23414141&#8243; google_fonts=\u00bbfont_family:Signika%3A300%2Cregular%2C600%2C700|font_style:300%20light%20regular%3A300%3Anormal\u00bb css=\u00bb.vc_custom_1472584115416{margin-right: 0px !important;margin-bottom: 10px !important;margin-left: 0px !important;border-right-width: 0px !important;border-bottom-width: 10px !important;border-left-width: 0px !important;padding-top: 15px !important;padding-bottom: 15px !important;}\u00bb][\/vc_column][\/vc_row][vc_row css=\u00bb.vc_custom_1470679501339{margin-top: 0px !important;border-top-width: 0px !important;padding-top: 5px !important;}\u00bb][vc_column width=\u00bb1\/12&#8243;][vc_empty_space height=\u00bb1px\u00bb][\/vc_column][vc_column width=\u00bb2\/12&#8243;][vc_single_image image=\u00bb834&#8243; img_size=\u00bb150&#215;150&#8243; alignment=\u00bbcenter\u00bb style=\u00bbvc_box_rounded\u00bb css=\u00bb.vc_custom_1470937445470{margin-bottom: 0px !important;border-bottom-width: 0px !important;}\u00bb][vc_custom_heading text=\u00bbAsado\u00bb font_container=\u00bbtag:h4|text_align:center|color:%23414141&#8243; use_theme_fonts=\u00bbyes\u00bb css=\u00bb.vc_custom_1470937519371{margin-top: 0px !important;margin-bottom: 5px !important;border-top-width: 0px !important;border-bottom-width: 0px !important;padding-top: 0px !important;}\u00bb][\/vc_column][vc_column width=\u00bb2\/12&#8243;][vc_single_image image=\u00bb835&#8243; img_size=\u00bb150&#215;150&#8243; alignment=\u00bbcenter\u00bb style=\u00bbvc_box_rounded\u00bb css=\u00bb.vc_custom_1470937460769{margin-bottom: 0px !important;border-bottom-width: 0px !important;}\u00bb][vc_custom_heading text=\u00bbBarbacoa\u00bb font_container=\u00bbtag:h4|text_align:center|color:%23414141&#8243; use_theme_fonts=\u00bbyes\u00bb css=\u00bb.vc_custom_1470937526029{margin-top: 0px !important;margin-bottom: 5px !important;border-top-width: 0px !important;border-bottom-width: 0px !important;padding-top: 0px !important;}\u00bb][\/vc_column][vc_column width=\u00bb2\/12&#8243;][vc_single_image image=\u00bb836&#8243; img_size=\u00bb150&#215;150&#8243; alignment=\u00bbcenter\u00bb style=\u00bbvc_box_rounded\u00bb css=\u00bb.vc_custom_1470937477421{margin-bottom: 0px !important;border-bottom-width: 0px !important;}\u00bb][vc_custom_heading text=\u00bbRed Deshebrada\u00bb font_container=\u00bbtag:h4|text_align:center|color:%23414141&#8243; use_theme_fonts=\u00bbyes\u00bb css=\u00bb.vc_custom_1470937537347{margin-top: 0px !important;margin-bottom: 5px !important;border-top-width: 0px !important;border-bottom-width: 0px !important;padding-top: 0px !important;}\u00bb][\/vc_column][vc_column width=\u00bb2\/12&#8243;][vc_single_image image=\u00bb837&#8243; img_size=\u00bb150&#215;150&#8243; alignment=\u00bbcenter\u00bb style=\u00bbvc_box_rounded\u00bb css=\u00bb.vc_custom_1470937492908{margin-bottom: 0px !important;border-bottom-width: 0px !important;}\u00bb][vc_custom_heading text=\u00bbMexican Mole\u00bb font_container=\u00bbtag:h4|text_align:center|color:%23414141&#8243; use_theme_fonts=\u00bbyes\u00bb css=\u00bb.vc_custom_1470937545559{margin-top: 0px !important;margin-bottom: 5px !important;border-top-width: 0px !important;border-bottom-width: 0px !important;padding-top: 0px !important;}\u00bb][\/vc_column][vc_column width=\u00bb2\/12&#8243;][vc_single_image image=\u00bb838&#8243; img_size=\u00bb150&#215;150&#8243; alignment=\u00bbcenter\u00bb style=\u00bbvc_box_rounded\u00bb css=\u00bb.vc_custom_1470937507993{margin-bottom: 0px !important;border-bottom-width: 0px !important;}\u00bb][vc_custom_heading text=\u00bbPipian\u00bb font_container=\u00bbtag:h4|text_align:center|color:%23414141&#8243; use_theme_fonts=\u00bbyes\u00bb css=\u00bb.vc_custom_1470937551635{margin-top: 0px !important;margin-bottom: 5px !important;border-top-width: 0px !important;border-bottom-width: 0px !important;padding-top: 0px !important;}\u00bb][\/vc_column][vc_column width=\u00bb1\/12&#8243;][vc_empty_space height=\u00bb1px\u00bb][\/vc_column][\/vc_row][vc_row content_placement=\u00bbmiddle\u00bb type=\u00bbfull-width-section\u00bb css=\u00bb.vc_custom_1471644214390{margin-bottom: 0px !important;border-bottom-width: 0px !important;padding-top: 20px !important;padding-bottom: 20px !important;background-color: #ffda8a !important;}\u00bb][vc_column][vc_custom_heading text=\u00bbNuestra flexibilidad y plantas de procesamiento nos permiten hacer muchas cosas, por lo que somos el socio comercial que usted necesita.\u00bb font_container=\u00bbtag:h4|text_align:center|color:%23414141&#8243; google_fonts=\u00bbfont_family:Signika%3A300%2Cregular%2C600%2C700|font_style:300%20light%20regular%3A300%3Anormal\u00bb css=\u00bb.vc_custom_1472584186042{margin-top: 0px !important;margin-bottom: 0px !important;border-top-width: 0px !important;border-bottom-width: 0px !important;padding-top: 10px !important;padding-bottom: 10px !important;}\u00bb][button t_color=\u00bb#ffffff\u00bb b_color=\u00bb#666666&#8243; t_hover_color=\u00bb#ffffff\u00bb b_hover_color=\u00bb#414141&#8243; radius=\u00bb5&#8243; font_weight=\u00bb500&#8243; url=\u00bbhttps:\/\/www.marataonline.com\/es\/products\/specialprojects\/\u00bb position=\u00bbta_center\u00bb mt=\u00bb15&#8243;]PROYECTOS ESPECIALES[\/button][\/vc_column][\/vc_row]<\/p>\n<\/div>","protected":false},"excerpt":{"rendered":"<p>[vc_row type=\u00bbfull-width-content\u00bb css=\u00bb.vc_custom_1470935166176{margin-top: 0px !important;margin-bottom: 0px !important;border-top-width: 0px !important;border-bottom-width: 0px !important;padding-top: 25px !important;padding-bottom: 25px !important;background-image: url(https:\/\/www.marataonline.com\/wp-content\/uploads\/2016\/08\/FW-Blends.jpg) !important;background-position: center !important;background-repeat: no-repeat !important;background-size: cover !important;}\u00bb][vc_column css=\u00bb.vc_custom_1470677250820{margin-top: 0px !important;margin-bottom: 0px !important;border-top-width: 0px !important;border-bottom-width: 0px !important;padding-top: 0px !important;padding-bottom: 0px !important;}\u00bb][vc_custom_heading text=\u00bbMezclas\u00bb font_container=\u00bbtag:h1|text_align:center|color:%23ffffff\u00bb google_fonts=\u00bbfont_family:Signika%3A300%2Cregular%2C600%2C700|font_style:300%20light%20regular%3A300%3Anormal\u00bb css=\u00bb.vc_custom_1472584105176{margin-right: 0px !important;margin-bottom: 10px !important;margin-left: 0px !important;border-right-width: 0px !important;border-bottom-width: 10px !important;border-left-width: 0px !important;padding-top: 15px !important;padding-bottom: 15px&hellip; <a class=\"more-link\" href=\"https:\/\/marataonline.com\/es\/products\/custom-blends\/\">Continue reading <span class=\"screen-reader-text\">Mezclas<\/span><\/a><\/p>\n","protected":false},"author":1,"featured_media":0,"parent":1136,"menu_order":0,"comment_status":"closed","ping_status":"closed","template":"","meta":{"footnotes":""},"class_list":["post-1176","page","type-page","status-publish","hentry","entry"],"aioseo_notices":[],"_links":{"self":[{"href":"https:\/\/marataonline.com\/es\/wp-json\/wp\/v2\/pages\/1176","targetHints":{"allow":["GET"]}}],"collection":[{"href":"https:\/\/marataonline.com\/es\/wp-json\/wp\/v2\/pages"}],"about":[{"href":"https:\/\/marataonline.com\/es\/wp-json\/wp\/v2\/types\/page"}],"author":[{"embeddable":true,"href":"https:\/\/marataonline.com\/es\/wp-json\/wp\/v2\/users\/1"}],"replies":[{"embeddable":true,"href":"https:\/\/marataonline.com\/es\/wp-json\/wp\/v2\/comments?post=1176"}],"version-history":[{"count":0,"href":"https:\/\/marataonline.com\/es\/wp-json\/wp\/v2\/pages\/1176\/revisions"}],"up":[{"embeddable":true,"href":"https:\/\/marataonline.com\/es\/wp-json\/wp\/v2\/pages\/1136"}],"wp:attachment":[{"href":"https:\/\/marataonline.com\/es\/wp-json\/wp\/v2\/media?parent=1176"}],"curies":[{"name":"wp","href":"https:\/\/api.w.org\/{rel}","templated":true}]}}