{"id":1183,"date":"2016-08-19T11:59:05","date_gmt":"2016-08-19T17:59:05","guid":{"rendered":"http:\/\/www.soulmexico.com\/marata\/es\/?page_id=1183"},"modified":"2016-08-30T13:15:18","modified_gmt":"2016-08-30T19:15:18","slug":"oregano","status":"publish","type":"page","link":"https:\/\/marataonline.com\/es\/products\/oregano\/","title":{"rendered":"Or\u00e9gano"},"content":{"rendered":"<div class=\"wpb-content-wrapper\"><p>[vc_row type=\u00bbfull-width-content\u00bb css=\u00bb.vc_custom_1470931628150{margin-top: 0px !important;margin-bottom: 0px !important;border-top-width: 0px !important;border-bottom-width: 0px !important;padding-top: 25px !important;padding-bottom: 25px !important;background-image: url(https:\/\/www.marataonline.com\/wp-content\/uploads\/2016\/08\/FW-Ore.jpg) !important;background-position: center !important;background-repeat: no-repeat !important;background-size: cover !important;}\u00bb][vc_column css=\u00bb.vc_custom_1470677250820{margin-top: 0px !important;margin-bottom: 0px !important;border-top-width: 0px !important;border-bottom-width: 0px !important;padding-top: 0px !important;padding-bottom: 0px !important;}\u00bb][vc_custom_heading text=\u00bbOr\u00e9gano Mexicano\u00bb font_container=\u00bbtag:h1|text_align:center|color:%23ffffff\u00bb google_fonts=\u00bbfont_family:Signika%3A300%2Cregular%2C600%2C700|font_style:300%20light%20regular%3A300%3Anormal\u00bb css=\u00bb.vc_custom_1472584311128{margin-right: 0px !important;margin-bottom: 10px !important;margin-left: 0px !important;border-right-width: 0px !important;border-bottom-width: 10px !important;border-left-width: 0px !important;padding-top: 15px !important;padding-bottom: 15px !important;background-color: rgba(10,10,10,0.5) !important;*background-color: rgb(10,10,10) !important;}\u00bb][\/vc_column][\/vc_row][vc_row type=\u00bbfull-width-section\u00bb css=\u00bb.vc_custom_1471556902933{margin-top: 0px !important;margin-bottom: 0px !important;border-top-width: 0px !important;border-bottom-width: 0px !important;padding-top: 25px !important;padding-bottom: 25px !important;background-color: #ffffff !important;}\u00bb][vc_column][vc_column_text css=\u00bb.vc_custom_1472584393105{margin-top: 0px !important;border-top-width: 0px !important;}\u00bb]<\/p>\n<p style=\"text-align: center;\"><span style=\"color: #666666;\">El or\u00e9gano es una hierba popular que mucha gente piensa que sirve s\u00f3lo para mejorar el sabor de su comida; sin embargo, esta hierba perenne, de nombre cient\u00edfico Origanum vulgare, es rica en beneficios para la salud, cosa que muchos ignoran. Nativo del suroeste de Eurasia y el Mediterr\u00e1neo, el or\u00e9gano ha sido una parte importante tanto en la cocina, como en tratamientos medicinales alternativos, por miles de a\u00f1os. El or\u00e9gano se encuentra estrechamente relacionado con la menta, y su gen\u00e9tica est\u00e1 en la misma familia que la menta.<\/span><br \/>\n<span style=\"color: #666666;\">Marata Specialties, LLC es un exportador de or\u00e9gano mexicano de calidad.<br \/>\n<\/span><br \/>\n<span style=\"color: #666666;\">Manejamos las siguientes presentaciones:<\/span><br \/>\n<span style=\"color: #666666;\">-Entero \/ hoja, corte griego,\u00a0polvo,\u00a0granulado especial y mayoreo.<\/span><\/p>\n<p style=\"text-align: center;\"><span style=\"color: #666666;\">Para conocer m\u00e1s acerca de cada producto, por favor use nuestros\u00a0documentos de especificaci\u00f3n y MSDS.<\/span><\/p>\n<p style=\"text-align: center;\"><span style=\"color: #666666;\">Todos los productos de Marata vienen con una carta de continuidad garantizada, COA y certificado de salubridad. Ofrecemos precios fijos de manera anual en contratos firmados u \u00f3rdenes de compra abiertas, para la mayor\u00eda de nuestros productos.<\/span><\/p>\n<p>[\/vc_column_text][\/vc_column][\/vc_row]<\/p>\n<\/div>","protected":false},"excerpt":{"rendered":"<p>[vc_row type=\u00bbfull-width-content\u00bb css=\u00bb.vc_custom_1470931628150{margin-top: 0px !important;margin-bottom: 0px !important;border-top-width: 0px !important;border-bottom-width: 0px !important;padding-top: 25px !important;padding-bottom: 25px !important;background-image: url(https:\/\/www.marataonline.com\/wp-content\/uploads\/2016\/08\/FW-Ore.jpg) !important;background-position: center !important;background-repeat: no-repeat !important;background-size: cover !important;}\u00bb][vc_column css=\u00bb.vc_custom_1470677250820{margin-top: 0px !important;margin-bottom: 0px !important;border-top-width: 0px !important;border-bottom-width: 0px !important;padding-top: 0px !important;padding-bottom: 0px !important;}\u00bb][vc_custom_heading text=\u00bbOr\u00e9gano Mexicano\u00bb font_container=\u00bbtag:h1|text_align:center|color:%23ffffff\u00bb google_fonts=\u00bbfont_family:Signika%3A300%2Cregular%2C600%2C700|font_style:300%20light%20regular%3A300%3Anormal\u00bb css=\u00bb.vc_custom_1472584311128{margin-right: 0px !important;margin-bottom: 10px !important;margin-left: 0px !important;border-right-width: 0px !important;border-bottom-width: 10px !important;border-left-width: 0px !important;padding-top: 15px !important;padding-bottom:&hellip; <a class=\"more-link\" href=\"https:\/\/marataonline.com\/es\/products\/oregano\/\">Continue reading <span class=\"screen-reader-text\">Or\u00e9gano<\/span><\/a><\/p>\n","protected":false},"author":1,"featured_media":0,"parent":1136,"menu_order":0,"comment_status":"closed","ping_status":"closed","template":"","meta":{"footnotes":""},"class_list":["post-1183","page","type-page","status-publish","hentry","entry"],"aioseo_notices":[],"_links":{"self":[{"href":"https:\/\/marataonline.com\/es\/wp-json\/wp\/v2\/pages\/1183","targetHints":{"allow":["GET"]}}],"collection":[{"href":"https:\/\/marataonline.com\/es\/wp-json\/wp\/v2\/pages"}],"about":[{"href":"https:\/\/marataonline.com\/es\/wp-json\/wp\/v2\/types\/page"}],"author":[{"embeddable":true,"href":"https:\/\/marataonline.com\/es\/wp-json\/wp\/v2\/users\/1"}],"replies":[{"embeddable":true,"href":"https:\/\/marataonline.com\/es\/wp-json\/wp\/v2\/comments?post=1183"}],"version-history":[{"count":0,"href":"https:\/\/marataonline.com\/es\/wp-json\/wp\/v2\/pages\/1183\/revisions"}],"up":[{"embeddable":true,"href":"https:\/\/marataonline.com\/es\/wp-json\/wp\/v2\/pages\/1136"}],"wp:attachment":[{"href":"https:\/\/marataonline.com\/es\/wp-json\/wp\/v2\/media?parent=1183"}],"curies":[{"name":"wp","href":"https:\/\/api.w.org\/{rel}","templated":true}]}}