{"id":1185,"date":"2016-08-19T12:00:05","date_gmt":"2016-08-19T18:00:05","guid":{"rendered":"http:\/\/www.soulmexico.com\/marata\/es\/?page_id=1185"},"modified":"2016-08-30T12:30:40","modified_gmt":"2016-08-30T18:30:40","slug":"salt-and-pepper","status":"publish","type":"page","link":"https:\/\/marataonline.com\/es\/products\/salt-and-pepper\/","title":{"rendered":"Sal y Pimienta"},"content":{"rendered":"<div class=\"wpb-content-wrapper\"><p>[vc_row type=\u00bbfull-width-content\u00bb css=\u00bb.vc_custom_1470681959569{margin-top: 0px !important;margin-bottom: 0px !important;border-top-width: 0px !important;border-bottom-width: 0px !important;padding-top: 25px !important;padding-bottom: 25px !important;background-image: url(https:\/\/www.marataonline.com\/wp-content\/uploads\/2016\/08\/FW-SNP.jpg) !important;background-position: center !important;background-repeat: no-repeat !important;background-size: cover !important;}\u00bb][vc_column css=\u00bb.vc_custom_1470677250820{margin-top: 0px !important;margin-bottom: 0px !important;border-top-width: 0px !important;border-bottom-width: 0px !important;padding-top: 0px !important;padding-bottom: 0px !important;}\u00bb][vc_custom_heading text=\u00bbSal \/ Pimienta Ahumada en Madera de Manzano\u00bb font_container=\u00bbtag:h1|text_align:center|color:%23ffffff\u00bb google_fonts=\u00bbfont_family:Signika%3A300%2Cregular%2C600%2C700|font_style:300%20light%20regular%3A300%3Anormal\u00bb css=\u00bb.vc_custom_1472581514044{margin-right: 0px !important;margin-bottom: 10px !important;margin-left: 0px !important;border-right-width: 0px !important;border-bottom-width: 10px !important;border-left-width: 0px !important;padding-top: 15px !important;padding-bottom: 15px !important;background-color: rgba(10,10,10,0.5) !important;*background-color: rgb(10,10,10) !important;}\u00bb][\/vc_column][\/vc_row][vc_row type=\u00bbfull-width-section\u00bb css=\u00bb.vc_custom_1470678888025{margin-top: 0px !important;margin-bottom: 0px !important;border-top-width: 0px !important;border-bottom-width: 0px !important;padding-top: 25px !important;padding-bottom: 25px !important;background-color: #efefef !important;}\u00bb][vc_column][vc_column_text css=\u00bb.vc_custom_1472581575645{margin-top: 0px !important;border-top-width: 0px !important;}\u00bb]<\/p>\n<p style=\"text-align: center;\"><span style=\"color: #666666;\">El lanzamiento de estos productos ahumados gourmet le da a Marata Specialties, LLC un diferenciador, siendo la \u00fanica compa\u00f1\u00eda que procesa este tipo de productos en Am\u00e9rica Latina, y export\u00e1ndolos y vendi\u00e9ndolos en el mercado NAFTA (EUA, Canad\u00e1 y M\u00e9xico) desde el a\u00f1o 2004.<\/span><\/p>\n<p style=\"text-align: center;\"><span style=\"color: #666666;\">Todos los productos de Marata vienen con una carta de continuidad garantizada, COA y certificado de salubridad. Ofrecemos precios fijos de manera anual en contratos firmados u \u00f3rdenes de compra abiertas, para la mayor\u00eda de nuestros productos.<\/span><\/p>\n<p>[\/vc_column_text][\/vc_column][\/vc_row][vc_row css=\u00bb.vc_custom_1470682937334{padding-top: 25px !important;}\u00bb][vc_column width=\u00bb1\/2&#8243;][vc_custom_heading text=\u00bbSal ahumada en madera de manzano \u00bb font_container=\u00bbtag:h2|text_align:center|color:%23414141&#8243; use_theme_fonts=\u00bbyes\u00bb][vc_single_image image=\u00bb495&#8243; img_size=\u00bb200&#215;200&#8243; alignment=\u00bbcenter\u00bb css=\u00bb.vc_custom_1470683274933{margin-top: 0px !important;margin-bottom: 0px !important;border-top-width: 0px !important;border-bottom-width: 0px !important;padding-top: 0px !important;padding-bottom: 5px !important;}\u00bb][vc_row_inner css=\u00bb.vc_custom_1471479693449{margin-top: 0px !important;border-top-width: 0px !important;padding-top: 25px !important;}\u00bb][vc_column_inner width=\u00bb1\/3&#8243;][vc_empty_space height=\u00bb1px\u00bb][\/vc_column_inner][vc_column_inner width=\u00bb1\/3&#8243;][button t_color=\u00bb#ffffff\u00bb b_color=\u00bb#666666&#8243; t_hover_color=\u00bb#414141&#8243; b_hover_color=\u00bb#ffda8a\u00bb radius=\u00bb5&#8243; font_weight=\u00bb300&#8243; url=\u00bbhttps:\/\/www.marataonline.com\/es\/sea-salt\/\u00bb position=\u00bbta_center\u00bb]Detalles[\/button][\/vc_column_inner][vc_column_inner width=\u00bb1\/3&#8243;][vc_empty_space height=\u00bb1px\u00bb][\/vc_column_inner][\/vc_row_inner][\/vc_column][vc_column width=\u00bb1\/2&#8243;][vc_custom_heading text=\u00bbPimienta\u00a0ahumada en madera de manzano\u00bb font_container=\u00bbtag:h2|text_align:center|color:%23414141&#8243; use_theme_fonts=\u00bbyes\u00bb][vc_single_image image=\u00bb494&#8243; img_size=\u00bb200&#215;200&#8243; alignment=\u00bbcenter\u00bb css=\u00bb.vc_custom_1470683374575{margin-top: 0px !important;margin-bottom: 0px !important;border-top-width: 0px !important;border-bottom-width: 0px !important;padding-top: 0px !important;padding-bottom: 5px !important;}\u00bb][vc_row_inner css=\u00bb.vc_custom_1471479684428{margin-top: 0px !important;border-top-width: 0px !important;padding-top: 25px !important;}\u00bb][vc_column_inner width=\u00bb1\/3&#8243;][vc_empty_space height=\u00bb1px\u00bb][\/vc_column_inner][vc_column_inner width=\u00bb1\/3&#8243;][button t_color=\u00bb#ffffff\u00bb b_color=\u00bb#666666&#8243; t_hover_color=\u00bb#414141&#8243; b_hover_color=\u00bb#ffda8a\u00bb radius=\u00bb5&#8243; font_weight=\u00bb300&#8243; url=\u00bbhttps:\/\/www.marataonline.com\/es\/smoked-pepper\/\u00bb position=\u00bbta_center\u00bb]Detalles[\/button][\/vc_column_inner][vc_column_inner width=\u00bb1\/3&#8243;][vc_empty_space height=\u00bb1px\u00bb][\/vc_column_inner][\/vc_row_inner][\/vc_column][\/vc_row]<\/p>\n<\/div>","protected":false},"excerpt":{"rendered":"<p>[vc_row type=\u00bbfull-width-content\u00bb css=\u00bb.vc_custom_1470681959569{margin-top: 0px !important;margin-bottom: 0px !important;border-top-width: 0px !important;border-bottom-width: 0px !important;padding-top: 25px !important;padding-bottom: 25px !important;background-image: url(https:\/\/www.marataonline.com\/wp-content\/uploads\/2016\/08\/FW-SNP.jpg) !important;background-position: center !important;background-repeat: no-repeat !important;background-size: cover !important;}\u00bb][vc_column css=\u00bb.vc_custom_1470677250820{margin-top: 0px !important;margin-bottom: 0px !important;border-top-width: 0px !important;border-bottom-width: 0px !important;padding-top: 0px !important;padding-bottom: 0px !important;}\u00bb][vc_custom_heading text=\u00bbSal \/ Pimienta Ahumada en Madera de Manzano\u00bb font_container=\u00bbtag:h1|text_align:center|color:%23ffffff\u00bb google_fonts=\u00bbfont_family:Signika%3A300%2Cregular%2C600%2C700|font_style:300%20light%20regular%3A300%3Anormal\u00bb css=\u00bb.vc_custom_1472581514044{margin-right: 0px !important;margin-bottom: 10px !important;margin-left: 0px !important;border-right-width: 0px !important;border-bottom-width:&hellip; <a class=\"more-link\" href=\"https:\/\/marataonline.com\/es\/products\/salt-and-pepper\/\">Continue reading <span class=\"screen-reader-text\">Sal y Pimienta<\/span><\/a><\/p>\n","protected":false},"author":1,"featured_media":0,"parent":1136,"menu_order":0,"comment_status":"closed","ping_status":"closed","template":"","meta":{"footnotes":""},"class_list":["post-1185","page","type-page","status-publish","hentry","entry"],"aioseo_notices":[],"_links":{"self":[{"href":"https:\/\/marataonline.com\/es\/wp-json\/wp\/v2\/pages\/1185","targetHints":{"allow":["GET"]}}],"collection":[{"href":"https:\/\/marataonline.com\/es\/wp-json\/wp\/v2\/pages"}],"about":[{"href":"https:\/\/marataonline.com\/es\/wp-json\/wp\/v2\/types\/page"}],"author":[{"embeddable":true,"href":"https:\/\/marataonline.com\/es\/wp-json\/wp\/v2\/users\/1"}],"replies":[{"embeddable":true,"href":"https:\/\/marataonline.com\/es\/wp-json\/wp\/v2\/comments?post=1185"}],"version-history":[{"count":0,"href":"https:\/\/marataonline.com\/es\/wp-json\/wp\/v2\/pages\/1185\/revisions"}],"up":[{"embeddable":true,"href":"https:\/\/marataonline.com\/es\/wp-json\/wp\/v2\/pages\/1136"}],"wp:attachment":[{"href":"https:\/\/marataonline.com\/es\/wp-json\/wp\/v2\/media?parent=1185"}],"curies":[{"name":"wp","href":"https:\/\/api.w.org\/{rel}","templated":true}]}}