{"id":1194,"date":"2016-08-19T12:01:31","date_gmt":"2016-08-19T18:01:31","guid":{"rendered":"http:\/\/www.soulmexico.com\/marata\/es\/?page_id=1194"},"modified":"2016-08-30T13:05:26","modified_gmt":"2016-08-30T19:05:26","slug":"spices","status":"publish","type":"page","link":"https:\/\/marataonline.com\/es\/products\/spices\/","title":{"rendered":"Especias"},"content":{"rendered":"<div class=\"wpb-content-wrapper\"><p>[vc_row type=\u00bbfull-width-content\u00bb css=\u00bb.vc_custom_1470931803001{margin-top: 0px !important;margin-bottom: 0px !important;border-top-width: 0px !important;border-bottom-width: 0px !important;padding-top: 25px !important;padding-bottom: 25px !important;background-image: url(https:\/\/www.marataonline.com\/wp-content\/uploads\/2016\/08\/FW-Spices.jpg) !important;background-position: center !important;background-repeat: no-repeat !important;background-size: cover !important;}\u00bb][vc_column css=\u00bb.vc_custom_1470677250820{margin-top: 0px !important;margin-bottom: 0px !important;border-top-width: 0px !important;border-bottom-width: 0px !important;padding-top: 0px !important;padding-bottom: 0px !important;}\u00bb][vc_custom_heading text=\u00bbEspecias\u00bb font_container=\u00bbtag:h1|text_align:center|color:%23ffffff\u00bb google_fonts=\u00bbfont_family:Signika%3A300%2Cregular%2C600%2C700|font_style:300%20light%20regular%3A300%3Anormal\u00bb css=\u00bb.vc_custom_1472583235306{margin-right: 0px !important;margin-bottom: 10px !important;margin-left: 0px !important;border-right-width: 0px !important;border-bottom-width: 10px !important;border-left-width: 0px !important;padding-top: 15px !important;padding-bottom: 15px !important;background-color: rgba(10,10,10,0.5) !important;*background-color: rgb(10,10,10) !important;}\u00bb][\/vc_column][\/vc_row][vc_row type=\u00bbfull-width-section\u00bb css=\u00bb.vc_custom_1470678888025{margin-top: 0px !important;margin-bottom: 0px !important;border-top-width: 0px !important;border-bottom-width: 0px !important;padding-top: 25px !important;padding-bottom: 25px !important;background-color: #efefef !important;}\u00bb][vc_column][vc_column_text css=\u00bb.vc_custom_1472583274675{margin-top: 0px !important;border-top-width: 0px !important;}\u00bb]<\/p>\n<p style=\"text-align: center;\"><span style=\"color: #666666;\">Marata Specialties, LLC es productor y\/o exportador de especias provenientes de todo el mundo. Nuestras especias vienen en varias presentaciones, como grano, hojuelas y en polvo. Tambi\u00e9n manejamos diferentes calidades, as\u00ed que no deber\u00eda tener problema para encontrar lo que busca. <\/span><\/p>\n<p style=\"text-align: center;\"><span style=\"color: #666666;\">Para conocer m\u00e1s acerca de cada producto, por favor use nuestros\u00a0documentos de especificaci\u00f3n y MSDS.<\/span><\/p>\n<p style=\"text-align: center;\"><span style=\"color: #666666;\">Todos los productos de Marata vienen con una carta de continuidad garantizada, COA y certificado de salubridad. Ofrecemos precios fijos de manera anual en contratos firmados u \u00f3rdenes de compra abiertas, para la mayor\u00eda de nuestros productos.<\/span><\/p>\n<p>[\/vc_column_text][\/vc_column][\/vc_row][vc_row css=\u00bb.vc_custom_1470679151820{margin-top: 0px !important;margin-bottom: 0px !important;border-top-width: 0px !important;border-bottom-width: 0px !important;padding-top: 25px !important;padding-bottom: 10px !important;}\u00bb][vc_column][vc_custom_heading text=\u00bbNuestras especias\u00bb font_container=\u00bbtag:h1|text_align:center|color:%23414141&#8243; google_fonts=\u00bbfont_family:Signika%3A300%2Cregular%2C600%2C700|font_style:300%20light%20regular%3A300%3Anormal\u00bb css=\u00bb.vc_custom_1472583291078{margin-right: 0px !important;margin-bottom: 10px !important;margin-left: 0px !important;border-right-width: 0px !important;border-bottom-width: 10px !important;border-left-width: 0px !important;padding-top: 15px !important;padding-bottom: 15px !important;}\u00bb][\/vc_column][\/vc_row][vc_row css=\u00bb.vc_custom_1470679501339{margin-top: 0px !important;border-top-width: 0px !important;padding-top: 5px !important;}\u00bb][vc_column width=\u00bb1\/4&#8243;][vc_single_image image=\u00bb816&#8243; img_size=\u00bb150&#215;150&#8243; alignment=\u00bbcenter\u00bb css=\u00bb.vc_custom_1470933351419{margin-bottom: 0px !important;border-bottom-width: 0px !important;}\u00bb][vc_custom_heading text=\u00bbPimienta de Jamaica\u00bb font_container=\u00bbtag:h4|text_align:center|color:%23414141&#8243; use_theme_fonts=\u00bbyes\u00bb css=\u00bb.vc_custom_1472583735058{margin-top: 0px !important;margin-bottom: 5px !important;border-top-width: 0px !important;border-bottom-width: 0px !important;padding-top: 0px !important;}\u00bb][\/vc_column][vc_column width=\u00bb1\/4&#8243;][vc_single_image image=\u00bb817&#8243; img_size=\u00bb150&#215;150&#8243; alignment=\u00bbcenter\u00bb css=\u00bb.vc_custom_1470933363009{margin-bottom: 0px !important;border-bottom-width: 0px !important;}\u00bb][vc_custom_heading text=\u00bbAchiote\u00bb font_container=\u00bbtag:h4|text_align:center|color:%23414141&#8243; use_theme_fonts=\u00bbyes\u00bb css=\u00bb.vc_custom_1472583758709{margin-top: 0px !important;margin-bottom: 5px !important;border-top-width: 0px !important;border-bottom-width: 0px !important;padding-top: 0px !important;}\u00bb][\/vc_column][vc_column width=\u00bb1\/4&#8243;][vc_single_image image=\u00bb819&#8243; img_size=\u00bb150&#215;150&#8243; alignment=\u00bbcenter\u00bb css=\u00bb.vc_custom_1470933383788{margin-bottom: 0px !important;border-bottom-width: 0px !important;}\u00bb][vc_custom_heading text=\u00bbEpazote\u00bb font_container=\u00bbtag:h4|text_align:center|color:%23414141&#8243; use_theme_fonts=\u00bbyes\u00bb css=\u00bb.vc_custom_1470934565112{margin-top: 0px !important;margin-bottom: 5px !important;border-top-width: 0px !important;border-bottom-width: 0px !important;padding-top: 0px !important;}\u00bb][\/vc_column][vc_column width=\u00bb1\/4&#8243;][vc_single_image image=\u00bb820&#8243; img_size=\u00bb150&#215;150&#8243; alignment=\u00bbcenter\u00bb css=\u00bb.vc_custom_1470933397090{margin-bottom: 0px !important;border-bottom-width: 0px !important;}\u00bb][vc_custom_heading text=\u00bbAjo\u00bb font_container=\u00bbtag:h4|text_align:center|color:%23414141&#8243; use_theme_fonts=\u00bbyes\u00bb css=\u00bb.vc_custom_1472583767592{margin-top: 0px !important;margin-bottom: 5px !important;border-top-width: 0px !important;border-bottom-width: 0px !important;padding-top: 0px !important;}\u00bb][\/vc_column][\/vc_row][vc_row css=\u00bb.vc_custom_1470679501339{margin-top: 0px !important;border-top-width: 0px !important;padding-top: 5px !important;}\u00bb][vc_column width=\u00bb1\/3&#8243;][vc_single_image image=\u00bb821&#8243; img_size=\u00bb150&#215;150&#8243; alignment=\u00bbcenter\u00bb css=\u00bb.vc_custom_1470933451067{margin-bottom: 0px !important;border-bottom-width: 0px !important;}\u00bb][vc_custom_heading text=\u00bbLaurel\u00bb font_container=\u00bbtag:h4|text_align:center|color:%23414141&#8243; use_theme_fonts=\u00bbyes\u00bb css=\u00bb.vc_custom_1470934579546{margin-top: 0px !important;margin-bottom: 5px !important;border-top-width: 0px !important;border-bottom-width: 0px !important;padding-top: 0px !important;}\u00bb][\/vc_column][vc_column width=\u00bb1\/3&#8243;][vc_single_image image=\u00bb822&#8243; img_size=\u00bb150&#215;150&#8243; alignment=\u00bbcenter\u00bb css=\u00bb.vc_custom_1470933464991{margin-bottom: 0px !important;border-bottom-width: 0px !important;}\u00bb][vc_custom_heading text=\u00bbCebolla\u00bb font_container=\u00bbtag:h4|text_align:center|color:%23414141&#8243; use_theme_fonts=\u00bbyes\u00bb css=\u00bb.vc_custom_1472583775973{margin-top: 0px !important;margin-bottom: 5px !important;border-top-width: 0px !important;border-bottom-width: 0px !important;padding-top: 0px !important;}\u00bb][\/vc_column][vc_column width=\u00bb1\/3&#8243;][vc_single_image image=\u00bb823&#8243; img_size=\u00bb150&#215;150&#8243; alignment=\u00bbcenter\u00bb css=\u00bb.vc_custom_1470933473964{margin-bottom: 0px !important;border-bottom-width: 0px !important;}\u00bb][vc_custom_heading text=\u00bbOregano\u00bb font_container=\u00bbtag:h4|text_align:center|color:%23414141&#8243; use_theme_fonts=\u00bbyes\u00bb css=\u00bb.vc_custom_1470934674202{margin-top: 0px !important;margin-bottom: 5px !important;border-top-width: 0px !important;border-bottom-width: 0px !important;padding-top: 0px !important;}\u00bb][\/vc_column][\/vc_row]<\/p>\n<\/div>","protected":false},"excerpt":{"rendered":"<p>[vc_row type=\u00bbfull-width-content\u00bb css=\u00bb.vc_custom_1470931803001{margin-top: 0px !important;margin-bottom: 0px !important;border-top-width: 0px !important;border-bottom-width: 0px !important;padding-top: 25px !important;padding-bottom: 25px !important;background-image: url(https:\/\/www.marataonline.com\/wp-content\/uploads\/2016\/08\/FW-Spices.jpg) !important;background-position: center !important;background-repeat: no-repeat !important;background-size: cover !important;}\u00bb][vc_column css=\u00bb.vc_custom_1470677250820{margin-top: 0px !important;margin-bottom: 0px !important;border-top-width: 0px !important;border-bottom-width: 0px !important;padding-top: 0px !important;padding-bottom: 0px !important;}\u00bb][vc_custom_heading text=\u00bbEspecias\u00bb font_container=\u00bbtag:h1|text_align:center|color:%23ffffff\u00bb google_fonts=\u00bbfont_family:Signika%3A300%2Cregular%2C600%2C700|font_style:300%20light%20regular%3A300%3Anormal\u00bb css=\u00bb.vc_custom_1472583235306{margin-right: 0px !important;margin-bottom: 10px !important;margin-left: 0px !important;border-right-width: 0px !important;border-bottom-width: 10px !important;border-left-width: 0px !important;padding-top: 15px !important;padding-bottom: 15px&hellip; <a class=\"more-link\" href=\"https:\/\/marataonline.com\/es\/products\/spices\/\">Continue reading <span class=\"screen-reader-text\">Especias<\/span><\/a><\/p>\n","protected":false},"author":1,"featured_media":0,"parent":1136,"menu_order":0,"comment_status":"closed","ping_status":"closed","template":"","meta":{"footnotes":""},"class_list":["post-1194","page","type-page","status-publish","hentry","entry"],"aioseo_notices":[],"_links":{"self":[{"href":"https:\/\/marataonline.com\/es\/wp-json\/wp\/v2\/pages\/1194","targetHints":{"allow":["GET"]}}],"collection":[{"href":"https:\/\/marataonline.com\/es\/wp-json\/wp\/v2\/pages"}],"about":[{"href":"https:\/\/marataonline.com\/es\/wp-json\/wp\/v2\/types\/page"}],"author":[{"embeddable":true,"href":"https:\/\/marataonline.com\/es\/wp-json\/wp\/v2\/users\/1"}],"replies":[{"embeddable":true,"href":"https:\/\/marataonline.com\/es\/wp-json\/wp\/v2\/comments?post=1194"}],"version-history":[{"count":0,"href":"https:\/\/marataonline.com\/es\/wp-json\/wp\/v2\/pages\/1194\/revisions"}],"up":[{"embeddable":true,"href":"https:\/\/marataonline.com\/es\/wp-json\/wp\/v2\/pages\/1136"}],"wp:attachment":[{"href":"https:\/\/marataonline.com\/es\/wp-json\/wp\/v2\/media?parent=1194"}],"curies":[{"name":"wp","href":"https:\/\/api.w.org\/{rel}","templated":true}]}}