{"id":1195,"date":"2016-08-19T12:01:41","date_gmt":"2016-08-19T18:01:41","guid":{"rendered":"http:\/\/www.soulmexico.com\/marata\/es\/?page_id=1195"},"modified":"2016-08-31T10:05:58","modified_gmt":"2016-08-31T16:05:58","slug":"quality","status":"publish","type":"page","link":"https:\/\/marataonline.com\/es\/quality\/","title":{"rendered":"Calidad"},"content":{"rendered":"<div class=\"wpb-content-wrapper\"><p>[vc_row content_placement=\u00bbmiddle\u00bb type=\u00bbfull-width-section\u00bb css=\u00bb.vc_custom_1471484211856{margin-bottom: 0px !important;border-bottom-width: 0px !important;padding-top: 20px !important;padding-bottom: 20px !important;border-radius: 5px !important;}\u00bb][vc_column width=\u00bb7\/12&#8243; css=\u00bb.vc_custom_1470947729377{padding-top: 20px !important;padding-right: 20px !important;padding-bottom: 20px !important;padding-left: 20px !important;border-radius: 5px !important;}\u00bb][vc_single_image image=\u00bb855&#8243; img_size=\u00bbfull\u00bb alignment=\u00bbcenter\u00bb css=\u00bb.vc_custom_1470947603886{padding-top: 20px !important;padding-right: 20px !important;padding-bottom: 20px !important;padding-left: 20px !important;border-radius: 5px !important;}\u00bb][\/vc_column][vc_column width=\u00bb5\/12&#8243;][vc_custom_heading text=\u00bbCalidad\u00bb font_container=\u00bbtag:h1|text_align:center|color:%23414141&#8243; google_fonts=\u00bbfont_family:Signika%3A300%2Cregular%2C600%2C700|font_style:300%20light%20regular%3A300%3Anormal\u00bb css=\u00bb.vc_custom_1472659472307{margin-bottom: 0px !important;border-bottom-width: 0px !important;padding-top: 25px !important;}\u00bb][vc_row_inner css=\u00bb.vc_custom_1470947712458{padding-top: 20px !important;padding-right: 20px !important;padding-bottom: 20px !important;padding-left: 20px !important;}\u00bb][vc_column_inner width=\u00bb1\/2&#8243;][button size=\u00bbsmallmedium_rd_bt\u00bb t_color=\u00bb#ffffff\u00bb b_color=\u00bb#666666&#8243; t_hover_color=\u00bb#ffffff\u00bb b_hover_color=\u00bb#414141&#8243; radius=\u00bb5&#8243; font_weight=\u00bb300&#8243; url=\u00bbhttps:\/\/www.marataonline.com\/es\/quality\/mission\/\u00bb position=\u00bbta_center\u00bb]Misi\u00f3n[\/button][\/vc_column_inner][vc_column_inner width=\u00bb1\/2&#8243;][button size=\u00bbsmallmedium_rd_bt\u00bb t_color=\u00bb#ffffff\u00bb b_color=\u00bb#666666&#8243; t_hover_color=\u00bb#ffffff\u00bb b_hover_color=\u00bb#414141&#8243; radius=\u00bb5&#8243; font_weight=\u00bb300&#8243; url=\u00bbhttps:\/\/www.marataonline.com\/es\/quality\/vision\/\u00bb position=\u00bbta_center\u00bb]Visi\u00f3n[\/button][\/vc_column_inner][\/vc_row_inner][vc_row_inner css=\u00bb.vc_custom_1470948518918{padding-top: 10px !important;padding-right: 10px !important;padding-bottom: 10px !important;padding-left: 10px !important;background-color: #ffffff !important;border-radius: 10px !important;}\u00bb][vc_column_inner][vc_custom_heading text=\u00bbCalidad m\u00e1s all\u00e1 de la norma\u00bb font_container=\u00bbtag:h3|text_align:left|color:%23414141&#8243; use_theme_fonts=\u00bbyes\u00bb css=\u00bb.vc_custom_1472659481957{padding-right: 10px !important;padding-bottom: 0px !important;padding-left: 10px !important;}\u00bb][vc_column_text css=\u00bb.vc_custom_1472659496810{padding-right: 10px !important;padding-left: 10px !important;}\u00bb]<\/p>\n<p style=\"text-align: justify;\"><span style=\"color: #666666;\">La calidad es la base de todo lo que hacemos. Comenzamos seleccionando ingredientes primera calidad, en estrecha colaboraci\u00f3n con nuestros socios comerciales y sus plantas de materia prima. Los costos financieros y ambientales bien administrados garantizan producto fresco y de alta calidad:<\/span><\/p>\n<p style=\"text-align: justify;\"><span style=\"color: #666666;\">Desde la siembra hasta la cosecha, nuestro equipo de expertos en control de calidad monitorea cuidadosamente cada procedimiento de la agricultura, incluyendo la aplicaci\u00f3n de pesticidas, control de malezas, fertilizado, y cultivo mecanizado, para cumplir con los estrictos requerimientos de la calidad de exportaci\u00f3n.<\/span><\/p>\n<p style=\"text-align: justify;\"><span style=\"color: #666666;\">Constantemente estamos haciendo mejoras e introduciendo nuevos controles de calidad, a medida que se presentan nuevos riesgos. Marata Specialties se encuentra estructurado de manera \u00fanica, para traer un alto nivel de control de calidad, tanto en el cultivo de las cosechas, como en la manufactura de estos ingredientes.<\/span><\/p>\n<p>[\/vc_column_text][\/vc_column_inner][\/vc_row_inner][\/vc_column][\/vc_row][vc_row css=\u00bb.vc_custom_1470948588036{margin-top: 0px !important;margin-bottom: 25px !important;border-top-width: 0px !important;border-bottom-width: 20px !important;padding-top: 10px !important;padding-right: 10px !important;padding-bottom: 10px !important;padding-left: 10px !important;border-radius: 10px !important;}\u00bb][vc_column][vc_custom_heading text=\u00bbCalidad certificada\u00bb font_container=\u00bbtag:h3|text_align:left|color:%23414141&#8243; use_theme_fonts=\u00bbyes\u00bb css=\u00bb.vc_custom_1472659504419{padding-right: 10px !important;padding-bottom: 0px !important;padding-left: 10px !important;}\u00bb][vc_column_text css=\u00bb.vc_custom_1472659519819{padding-right: 10px !important;padding-left: 10px !important;}\u00bb]<\/p>\n<p style=\"text-align: justify;\"><span style=\"color: #666666;\">En cumplimiento con los m\u00e1s altos est\u00e1ndares de calidad, todos los ingredientes Marata est\u00e1n certificados kosher y cumplen con las regulaciones APPCC, BPF, FDA y USDA. Revisiones de calidad habituales son efectuadas a lo largo del a\u00f1o, incluyendo inspecciones de la norma BRC (British Retail Consortium). Estos estrictos controles permiten asegurar consistencia en la calidad e ingredientes seguros que cumples con nuestros altos est\u00e1ndares de calidad.<\/span><\/p>\n<p>[\/vc_column_text][\/vc_column][\/vc_row]<\/p>\n<\/div>","protected":false},"excerpt":{"rendered":"<p>[vc_row content_placement=\u00bbmiddle\u00bb type=\u00bbfull-width-section\u00bb css=\u00bb.vc_custom_1471484211856{margin-bottom: 0px !important;border-bottom-width: 0px !important;padding-top: 20px !important;padding-bottom: 20px !important;border-radius: 5px !important;}\u00bb][vc_column width=\u00bb7\/12&#8243; css=\u00bb.vc_custom_1470947729377{padding-top: 20px !important;padding-right: 20px !important;padding-bottom: 20px !important;padding-left: 20px !important;border-radius: 5px !important;}\u00bb][vc_single_image image=\u00bb855&#8243; img_size=\u00bbfull\u00bb alignment=\u00bbcenter\u00bb css=\u00bb.vc_custom_1470947603886{padding-top: 20px !important;padding-right: 20px !important;padding-bottom: 20px !important;padding-left: 20px !important;border-radius: 5px !important;}\u00bb][\/vc_column][vc_column width=\u00bb5\/12&#8243;][vc_custom_heading text=\u00bbCalidad\u00bb font_container=\u00bbtag:h1|text_align:center|color:%23414141&#8243; google_fonts=\u00bbfont_family:Signika%3A300%2Cregular%2C600%2C700|font_style:300%20light%20regular%3A300%3Anormal\u00bb css=\u00bb.vc_custom_1472659472307{margin-bottom: 0px !important;border-bottom-width: 0px !important;padding-top: 25px !important;}\u00bb][vc_row_inner css=\u00bb.vc_custom_1470947712458{padding-top: 20px !important;padding-right: 20px&hellip; <a class=\"more-link\" href=\"https:\/\/marataonline.com\/es\/quality\/\">Continue reading <span class=\"screen-reader-text\">Calidad<\/span><\/a><\/p>\n","protected":false},"author":1,"featured_media":0,"parent":0,"menu_order":0,"comment_status":"closed","ping_status":"closed","template":"","meta":{"footnotes":""},"class_list":["post-1195","page","type-page","status-publish","hentry","entry"],"aioseo_notices":[],"_links":{"self":[{"href":"https:\/\/marataonline.com\/es\/wp-json\/wp\/v2\/pages\/1195","targetHints":{"allow":["GET"]}}],"collection":[{"href":"https:\/\/marataonline.com\/es\/wp-json\/wp\/v2\/pages"}],"about":[{"href":"https:\/\/marataonline.com\/es\/wp-json\/wp\/v2\/types\/page"}],"author":[{"embeddable":true,"href":"https:\/\/marataonline.com\/es\/wp-json\/wp\/v2\/users\/1"}],"replies":[{"embeddable":true,"href":"https:\/\/marataonline.com\/es\/wp-json\/wp\/v2\/comments?post=1195"}],"version-history":[{"count":0,"href":"https:\/\/marataonline.com\/es\/wp-json\/wp\/v2\/pages\/1195\/revisions"}],"wp:attachment":[{"href":"https:\/\/marataonline.com\/es\/wp-json\/wp\/v2\/media?parent=1195"}],"curies":[{"name":"wp","href":"https:\/\/api.w.org\/{rel}","templated":true}]}}