{"id":2110,"date":"2016-09-23T14:48:43","date_gmt":"2016-09-23T20:48:43","guid":{"rendered":"https:\/\/marataonline.com\/es\/?page_id=2110"},"modified":"2016-09-23T14:49:09","modified_gmt":"2016-09-23T20:49:09","slug":"informacion-legal","status":"publish","type":"page","link":"https:\/\/marataonline.com\/es\/informacion-legal\/","title":{"rendered":"Informaci\u00f3n Legal"},"content":{"rendered":"<div class=\"wpb-content-wrapper\"><p>[vc_row css=\u00bb.vc_custom_1474662804752{margin-top: 0px !important;margin-bottom: 0px !important;border-top-width: 0px !important;border-bottom-width: 0px !important;padding-top: 40px !important;padding-bottom: 40px !important;}\u00bb][vc_column][vc_custom_heading text=\u00bbInformaci\u00f3n Legal\u00bb font_container=\u00bbtag:h1|text_align:left|color:%23414141&#8243; google_fonts=\u00bbfont_family:Signika%3A300%2Cregular%2C600%2C700|font_style:300%20light%20regular%3A300%3Anormal\u00bb][vc_column_text]<\/p>\n<p style=\"text-align: justify;\"><strong>Condiciones de uso<\/strong><br \/>\nTodos los contenidos de nuestra p\u00e1gina web est\u00e1n protegidos por derechos de autor. Permitimos expresamente el uso de todos los datos para el uso privado, no comercial. En caso de reproducci\u00f3n se debe hacer referencia expresa a los derechos de autor y de propiedad de la empresa MARATA SPECIALTIES, LLC. Los contenidos no se pueden modificar de ning\u00fan modo y, sin una autorizaci\u00f3n por escrito, no se pueden utilizar en otras p\u00e1ginas de Internet ni en ordenadores conectados en red. Todo uso para fines p\u00fablicos o comerciales requiere la autorizaci\u00f3n de MARATA SPECIALTIES, LLC. Una infracci\u00f3n de estas condiciones obliga a destruir inmediatamente todos los contenidos. Se reserva el derecho a hacer valer otros derechos de indemnizaci\u00f3n de los da\u00f1os y perjuicios.<\/p>\n<p><strong>Protecci\u00f3n de datos<\/strong><br \/>\nQueremos informar de que, teniendo en cuenta las normativas nacionales y mexicanas\u00a0sobre la protecci\u00f3n de datos, sus datos se procesar\u00e1n y se utilizar\u00e1n para gestionar sus consultas. La empresa MARATA SPECIALTIES, LLC garantiza la confidencialidad de sus datos y no los vender\u00e1, alquilar\u00e1 o facilitar\u00e1 a terceros.<\/p>\n<p><strong>Servicios de Internet<\/strong><br \/>\nNuestras p\u00e1ginas web tambi\u00e9n contienen referencias cruzadas (ENLACES) a p\u00e1ginas web de otros proveedores. La empresa MARATA SPECIALTIES, LLC no se responsabiliza de los contenidos a los que se pueda acceder a trav\u00e9s de este tipo de referencias cruzadas (ENLACES). En el momento de vincular por primera vez la p\u00e1gina externa se comprob\u00f3 la legalidad de sus contenidos. Si constatamos o se nos indica que una p\u00e1gina presenta contenidos ilegales, esta referencia cruzada (ENLACE) se eliminar\u00e1 siempre que sea t\u00e9cnicamente posible y exigible. En nuestras p\u00e1ginas web utilizamos cookies y una gesti\u00f3n de sesiones que facilita el uso de nuestra p\u00e1gina web. Nuestros cookies no contienen ninguna informaci\u00f3n espec\u00edfica de la persona, ni su direcci\u00f3n de correo electr\u00f3nico ni nos indica qui\u00e9n es usted.<\/p>\n<p style=\"text-align: justify;\"><strong>Garant\u00eda<\/strong><br \/>\nLa informaci\u00f3n de nuestras p\u00e1ginas de Internet se elabora con el m\u00e1ximo cuidado. No obstante, la empresa MARATA SPECIALTIES, LLC no asume ninguna responsabilidad sobre su integridad o idoneidad para determinados fines. El uso de los contenidos puestos a disposici\u00f3n en las p\u00e1ginas de Internet corre por cuenta y riesgo del usuario.<\/p>\n<p style=\"text-align: justify;\"><strong>Google Disclaimer<\/strong><br \/>\nEsta p\u00e1gina web utiliza Google Analytics, un servicio de an\u00e1lisis de p\u00e1ginas web de la empresa Google Inc. (\u00abGoogle\u00bb). Google Analytics utiliza los llamados \u00abcookies\u00bb, archivos de texto que se almacenan en su ordenador y permiten analizar el uso que usted hace de la p\u00e1gina web. La informaci\u00f3n generada por el cookie sobre el uso que usted hace de esta p\u00e1gina web (incluida su direcci\u00f3n IP) se env\u00eda a un servidor de Google situado en EE.\u00a0UU. y se almacena all\u00ed. Google utilizar\u00e1 esta informaci\u00f3n para evaluar el uso que usted hace de esta p\u00e1gina web, con el fin de elaborar informes sobre las actividades de la p\u00e1gina para el propietario de la misma y para ofrecer otros servicios relacionados con el uso de los sitios web y de Internet. Google tambi\u00e9n facilitar\u00e1 esta informaci\u00f3n a terceros siempre que sea legal o en el caso de que los terceros procesen estos datos por encargo de Google. De ning\u00fan modo Google relacionar\u00e1 su direcci\u00f3n IP con otros datos de Google. Puede evitar la instalaci\u00f3n de los cookies mediante el correspondiente ajuste del software de su navegador; de todas formas, le indicamos que en este caso es posible que no pueda utilizar por completo todas las funciones de esta p\u00e1gina web. Utilizando esta p\u00e1gina web se declara conforme con el procesamiento por parte de Google de los datos obtenidos sobre usted en el modo anteriormente descrito y para el fin mencionado previamente. La obtenci\u00f3n y almacenamiento de datos se puede contradecir en cualquier momento con efecto para el futuro. Con respecto a la discusi\u00f3n sobre el uso de herramientas de an\u00e1lisis con direcciones IP completas, queremos indicar que esta p\u00e1gina web utiliza Google Analytics con la ampliaci\u00f3n \u00ab_anonymizeIp()\u00bb y, por lo tanto, las direcciones IP se procesan \u00fanicamente acortadas para descartar una posible relaci\u00f3n directa con la persona.<\/p>\n<p>[\/vc_column_text][\/vc_column][\/vc_row]<\/p>\n<\/div>","protected":false},"excerpt":{"rendered":"<p>[vc_row css=\u00bb.vc_custom_1474662804752{margin-top: 0px !important;margin-bottom: 0px !important;border-top-width: 0px !important;border-bottom-width: 0px !important;padding-top: 40px !important;padding-bottom: 40px !important;}\u00bb][vc_column][vc_custom_heading text=\u00bbInformaci\u00f3n Legal\u00bb font_container=\u00bbtag:h1|text_align:left|color:%23414141&#8243; google_fonts=\u00bbfont_family:Signika%3A300%2Cregular%2C600%2C700|font_style:300%20light%20regular%3A300%3Anormal\u00bb][vc_column_text] Condiciones de uso Todos los contenidos de nuestra p\u00e1gina web est\u00e1n protegidos por derechos de autor. Permitimos expresamente el uso de todos los datos para el uso privado, no comercial. En caso de reproducci\u00f3n se debe hacer&hellip; <a class=\"more-link\" href=\"https:\/\/marataonline.com\/es\/informacion-legal\/\">Continue reading <span class=\"screen-reader-text\">Informaci\u00f3n Legal<\/span><\/a><\/p>\n","protected":false},"author":1,"featured_media":0,"parent":0,"menu_order":0,"comment_status":"closed","ping_status":"closed","template":"","meta":{"footnotes":""},"class_list":["post-2110","page","type-page","status-publish","hentry","entry"],"aioseo_notices":[],"_links":{"self":[{"href":"https:\/\/marataonline.com\/es\/wp-json\/wp\/v2\/pages\/2110","targetHints":{"allow":["GET"]}}],"collection":[{"href":"https:\/\/marataonline.com\/es\/wp-json\/wp\/v2\/pages"}],"about":[{"href":"https:\/\/marataonline.com\/es\/wp-json\/wp\/v2\/types\/page"}],"author":[{"embeddable":true,"href":"https:\/\/marataonline.com\/es\/wp-json\/wp\/v2\/users\/1"}],"replies":[{"embeddable":true,"href":"https:\/\/marataonline.com\/es\/wp-json\/wp\/v2\/comments?post=2110"}],"version-history":[{"count":1,"href":"https:\/\/marataonline.com\/es\/wp-json\/wp\/v2\/pages\/2110\/revisions"}],"predecessor-version":[{"id":2111,"href":"https:\/\/marataonline.com\/es\/wp-json\/wp\/v2\/pages\/2110\/revisions\/2111"}],"wp:attachment":[{"href":"https:\/\/marataonline.com\/es\/wp-json\/wp\/v2\/media?parent=2110"}],"curies":[{"name":"wp","href":"https:\/\/api.w.org\/{rel}","templated":true}]}}