{"id":1122,"date":"2016-08-19T10:25:37","date_gmt":"2016-08-19T16:25:37","guid":{"rendered":"http:\/\/www.soulmexico.com\/marata\/fr\/?page_id=1122"},"modified":"2016-08-31T12:20:43","modified_gmt":"2016-08-31T18:20:43","slug":"home","status":"publish","type":"page","link":"https:\/\/marataonline.com\/fr\/","title":{"rendered":"Accueil"},"content":{"rendered":"<div class=\"wpb-content-wrapper\"><p>[vc_row type=\u00a0\u00bbfull-width-content\u00a0\u00bb css=\u00a0\u00bb.vc_custom_1470324061345{margin-top: 0px !important;margin-bottom: 0px !important;border-top-width: 0px !important;border-bottom-width: 0px !important;padding-top: 2px !important;padding-bottom: 2px !important;background-color: #ffda8a !important;}\u00a0\u00bb][vc_column][\/vc_column][\/vc_row][vc_row type=\u00a0\u00bbfull-width-content\u00a0\u00bb css=\u00a0\u00bb.vc_custom_1470587752507{margin-top: 0px !important;margin-bottom: 0px !important;border-top-width: 0px !important;border-bottom-width: 0px !important;}\u00a0\u00bb][vc_column width=\u00a0\u00bb1\/4&Prime; css=\u00a0\u00bb.vc_custom_1470501332294{margin-top: 0px !important;margin-right: 5px !important;margin-bottom: 5px !important;margin-left: 5px !important;border-top-width: 0px !important;background-image: url(https:\/\/www.marataonline.com\/wp-content\/uploads\/2016\/08\/FWChilis.jpg?id=353) !important;background-position: center !important;background-repeat: no-repeat !important;background-size: cover !important;}\u00a0\u00bb][vc_custom_heading text=\u00a0\u00bbPIMENTS\u00a0\u00bb font_container=\u00a0\u00bbtag:h3|text_align:center|color:%23ffffff\u00a0\u00bb google_fonts=\u00a0\u00bbfont_family:Signika%3A300%2Cregular%2C600%2C700|font_style:300%20light%20regular%3A300%3Anormal\u00a0\u00bb link=\u00a0\u00bburl:http%3A%2F%2Fwww.marataonline.com%2Ffr%2Fchilies%2F|||\u00a0\u00bb css=\u00a0\u00bb.vc_custom_1470673407183{margin-right: 0px !important;margin-left: 0px !important;border-right-width: 0px !important;border-left-width: 0px !important;background-color: rgba(10,10,10,0.4) !important;*background-color: rgb(10,10,10) !important;border-radius: 4px !important;}\u00a0\u00bb el_class=\u00a0\u00bbtitulito\u00a0\u00bb][\/vc_column][vc_column width=\u00a0\u00bb1\/4&Prime; css=\u00a0\u00bb.vc_custom_1470501346424{margin-top: 0px !important;margin-right: 5px !important;margin-bottom: 5px !important;margin-left: 5px !important;border-top-width: 0px !important;background-image: url(https:\/\/www.marataonline.com\/wp-content\/uploads\/2016\/08\/FWSaltNPepper.jpg?id=356) !important;background-position: center !important;background-repeat: no-repeat !important;background-size: cover !important;}\u00a0\u00bb][vc_custom_heading text=\u00a0\u00bbFUM\u00c9 SEL \/ POIVRE\u00a0\u00bb font_container=\u00a0\u00bbtag:h3|text_align:center|color:%23ffffff\u00a0\u00bb google_fonts=\u00a0\u00bbfont_family:Signika%3A300%2Cregular%2C600%2C700|font_style:300%20light%20regular%3A300%3Anormal\u00a0\u00bb link=\u00a0\u00bburl:http%3A%2F%2Fwww.marataonline.com%2Ffr%2Fsaltandpepper%2F|||\u00a0\u00bb css=\u00a0\u00bb.vc_custom_1470684987724{margin-right: 0px !important;margin-left: 0px !important;border-right-width: 0px !important;border-left-width: 0px !important;background-color: rgba(10,10,10,0.4) !important;*background-color: rgb(10,10,10) !important;border-radius: 4px !important;}\u00a0\u00bb el_class=\u00a0\u00bbtitulito\u00a0\u00bb][\/vc_column][vc_column width=\u00a0\u00bb1\/4&Prime; css=\u00a0\u00bb.vc_custom_1470501359438{margin-top: 0px !important;margin-right: 5px !important;margin-bottom: 5px !important;margin-left: 5px !important;border-top-width: 0px !important;background-image: url(https:\/\/www.marataonline.com\/wp-content\/uploads\/2016\/08\/FWOregano.jpg?id=354) !important;background-position: center !important;background-repeat: no-repeat !important;background-size: cover !important;}\u00a0\u00bb][vc_custom_heading text=\u00a0\u00bbORIGAN\u00a0\u00bb font_container=\u00a0\u00bbtag:h3|text_align:center|color:%23ffffff\u00a0\u00bb google_fonts=\u00a0\u00bbfont_family:Signika%3A300%2Cregular%2C600%2C700|font_style:300%20light%20regular%3A300%3Anormal\u00a0\u00bb link=\u00a0\u00bburl:http%3A%2F%2Fwww.marataonline.com%2Ffr%2Foregano%2F|||\u00a0\u00bb css=\u00a0\u00bb.vc_custom_1470673494521{margin-right: 0px !important;margin-left: 0px !important;border-right-width: 0px !important;border-left-width: 0px !important;background-color: rgba(10,10,10,0.4) !important;*background-color: rgb(10,10,10) !important;border-radius: 4px !important;}\u00a0\u00bb el_class=\u00a0\u00bbtitulito\u00a0\u00bb][\/vc_column][vc_column width=\u00a0\u00bb1\/4&Prime; css=\u00a0\u00bb.vc_custom_1470501212708{margin-top: 0px !important;margin-right: 5px !important;margin-bottom: 5px !important;margin-left: 5px !important;border-top-width: 0px !important;background-image: url(https:\/\/www.marataonline.com\/wp-content\/uploads\/2016\/08\/FWVegetables.jpg?id=341) !important;background-position: center !important;background-repeat: no-repeat !important;background-size: cover !important;}\u00a0\u00bb][vc_custom_heading text=\u00a0\u00bbL\u00c9GUMES\u00a0\u00bb font_container=\u00a0\u00bbtag:h3|text_align:center|color:%23ffffff\u00a0\u00bb google_fonts=\u00a0\u00bbfont_family:Signika%3A300%2Cregular%2C600%2C700|font_style:300%20light%20regular%3A300%3Anormal\u00a0\u00bb link=\u00a0\u00bburl:http%3A%2F%2Fwww.marataonline.com%2Ffr%2Fvegetables%2F|||\u00a0\u00bb css=\u00a0\u00bb.vc_custom_1470673506947{margin-right: 0px !important;margin-left: 0px !important;border-right-width: 0px !important;border-left-width: 0px !important;background-color: rgba(10,10,10,0.4) !important;*background-color: rgb(10,10,10) !important;border-radius: 4px !important;}\u00a0\u00bb el_class=\u00a0\u00bbtitulito\u00a0\u00bb][\/vc_column][\/vc_row][vc_row type=\u00a0\u00bbfull-width-content\u00a0\u00bb css=\u00a0\u00bb.vc_custom_1470501708810{margin-top: 0px !important;margin-bottom: 0px !important;border-top-width: 0px !important;border-bottom-width: 0px !important;}\u00a0\u00bb][vc_column width=\u00a0\u00bb1\/4&Prime; css=\u00a0\u00bb.vc_custom_1470501873144{margin-top: 5px !important;margin-right: 5px !important;margin-bottom: 0px !important;margin-left: 5px !important;border-bottom-width: 0px !important;background-image: url(https:\/\/www.marataonline.com\/wp-content\/uploads\/2016\/08\/FWSpices.jpg?id=358) !important;background-position: center !important;background-repeat: no-repeat !important;background-size: cover !important;}\u00a0\u00bb][vc_custom_heading text=\u00a0\u00bb\u00c9PICES\u00a0\u00bb font_container=\u00a0\u00bbtag:h3|text_align:center|color:%23ffffff\u00a0\u00bb google_fonts=\u00a0\u00bbfont_family:Signika%3A300%2Cregular%2C600%2C700|font_style:300%20light%20regular%3A300%3Anormal\u00a0\u00bb link=\u00a0\u00bburl:http%3A%2F%2Fwww.marataonline.com%2Ffr%2Fspices%2F|||\u00a0\u00bb css=\u00a0\u00bb.vc_custom_1470673514574{margin-right: 0px !important;margin-left: 0px !important;border-right-width: 0px !important;border-left-width: 0px !important;background-color: rgba(10,10,10,0.4) !important;*background-color: rgb(10,10,10) !important;border-radius: 4px !important;}\u00a0\u00bb el_class=\u00a0\u00bbtitulito\u00a0\u00bb][\/vc_column][vc_column width=\u00a0\u00bb1\/4&Prime; css=\u00a0\u00bb.vc_custom_1470501915698{margin-top: 5px !important;margin-right: 5px !important;margin-bottom: 0px !important;margin-left: 5px !important;border-bottom-width: 0px !important;background-image: url(https:\/\/www.marataonline.com\/wp-content\/uploads\/2016\/08\/FWBlends.jpg?id=352) !important;background-position: center !important;background-repeat: no-repeat !important;background-size: cover !important;}\u00a0\u00bb][vc_custom_heading text=\u00a0\u00bbM\u00c9LANGES\u00a0\u00bb font_container=\u00a0\u00bbtag:h3|text_align:center|color:%23ffffff\u00a0\u00bb google_fonts=\u00a0\u00bbfont_family:Signika%3A300%2Cregular%2C600%2C700|font_style:300%20light%20regular%3A300%3Anormal\u00a0\u00bb link=\u00a0\u00bburl:http%3A%2F%2Fwww.marataonline.com%2Ffr%2Fblends%2F|||\u00a0\u00bb css=\u00a0\u00bb.vc_custom_1470673524077{margin-right: 0px !important;margin-left: 0px !important;border-right-width: 0px !important;border-left-width: 0px !important;background-color: rgba(10,10,10,0.4) !important;*background-color: rgb(10,10,10) !important;border-radius: 4px !important;}\u00a0\u00bb el_class=\u00a0\u00bbtitulito\u00a0\u00bb][\/vc_column][vc_column width=\u00a0\u00bb1\/4&Prime; css=\u00a0\u00bb.vc_custom_1470501968518{margin-top: 5px !important;margin-right: 5px !important;margin-bottom: 0px !important;margin-left: 5px !important;border-bottom-width: 0px !important;background-image: url(https:\/\/www.marataonline.com\/wp-content\/uploads\/2016\/08\/FWPecans.jpg?id=355) !important;background-position: center !important;background-repeat: no-repeat !important;background-size: cover !important;}\u00a0\u00bb][vc_custom_heading text=\u00a0\u00bbNOIX DE P\u00c9CAN\u00a0\u00bb font_container=\u00a0\u00bbtag:h3|text_align:center|color:%23ffffff\u00a0\u00bb google_fonts=\u00a0\u00bbfont_family:Signika%3A300%2Cregular%2C600%2C700|font_style:300%20light%20regular%3A300%3Anormal\u00a0\u00bb link=\u00a0\u00bburl:http%3A%2F%2Fwww.marataonline.com%2Ffr%2Fpecans%2F|||\u00a0\u00bb css=\u00a0\u00bb.vc_custom_1470673530378{margin-right: 0px !important;margin-left: 0px !important;border-right-width: 0px !important;border-left-width: 0px !important;background-color: rgba(10,10,10,0.4) !important;*background-color: rgb(10,10,10) !important;border-radius: 4px !important;}\u00a0\u00bb el_class=\u00a0\u00bbtitulito\u00a0\u00bb][\/vc_column][vc_column width=\u00a0\u00bb1\/4&Prime; css=\u00a0\u00bb.vc_custom_1470501997100{margin-top: 5px !important;margin-right: 5px !important;margin-bottom: 0px !important;margin-left: 5px !important;border-bottom-width: 0px !important;background-image: url(https:\/\/www.marataonline.com\/wp-content\/uploads\/2016\/08\/FWSpecial.jpg?id=357) !important;background-position: center !important;background-repeat: no-repeat !important;background-size: cover !important;}\u00a0\u00bb][vc_custom_heading text=\u00a0\u00bbPROJETS SP\u00c9CIAUX\u00a0\u00bb font_container=\u00a0\u00bbtag:h3|text_align:center|color:%23ffffff\u00a0\u00bb google_fonts=\u00a0\u00bbfont_family:Signika%3A300%2Cregular%2C600%2C700|font_style:300%20light%20regular%3A300%3Anormal\u00a0\u00bb link=\u00a0\u00bburl:http%3A%2F%2Fwww.marataonline.com%2Ffr%2Fspecialprojects%2F|||\u00a0\u00bb css=\u00a0\u00bb.vc_custom_1470673538404{margin-right: 0px !important;margin-left: 0px !important;border-right-width: 0px !important;border-left-width: 0px !important;background-color: rgba(10,10,10,0.4) !important;*background-color: rgb(10,10,10) !important;border-radius: 4px !important;}\u00a0\u00bb el_class=\u00a0\u00bbtitulito\u00a0\u00bb][\/vc_column][\/vc_row][vc_row type=\u00a0\u00bbfull-width-content\u00a0\u00bb css=\u00a0\u00bb.vc_custom_1470674974447{margin-top: 0px !important;margin-bottom: 0px !important;border-top-width: 0px !important;border-bottom-width: 0px !important;padding-top: 2px !important;padding-bottom: 2px !important;background-color: #ffda8a !important;}\u00a0\u00bb][vc_column css=\u00a0\u00bb.vc_custom_1470674841045{margin-bottom: 0px !important;border-bottom-width: 0px !important;}\u00a0\u00bb][\/vc_column][\/vc_row][vc_row type=\u00a0\u00bbfull-width-content\u00a0\u00bb css=\u00a0\u00bb.vc_custom_1470674776734{margin-top: 0px !important;margin-bottom: 0px !important;border-top-width: 0px !important;border-bottom-width: 0px !important;padding-top: 0px !important;}\u00a0\u00bb][vc_column css=\u00a0\u00bb.vc_custom_1470674674097{margin-top: 0px !important;border-top-width: 0px !important;padding-top: 0px !important;}\u00a0\u00bb][rev_slider_vc alias=\u00a0\u00bbHomeFR\u00a0\u00bb][\/vc_column][\/vc_row][vc_row type=\u00a0\u00bbfull-width-section\u00a0\u00bb css=\u00a0\u00bb.vc_custom_1470587951473{margin-top: 0px !important;margin-bottom: 0px !important;border-top-width: 0px !important;border-bottom-width: 0px !important;padding-top: 40px !important;padding-bottom: 40px !important;background-color: #efefef !important;}\u00a0\u00bb][vc_column][vc_custom_heading text=\u00a0\u00bbSatisfaction Garantie\u00a0\u00bb font_container=\u00a0\u00bbtag:h2|text_align:center|color:%23414141&Prime; use_theme_fonts=\u00a0\u00bbyes\u00a0\u00bb css=\u00a0\u00bb.vc_custom_1472667464471{margin-bottom: 0px !important;border-bottom-width: 0px !important;}\u00a0\u00bb][vc_column_text]<\/p>\n<p style=\"text-align: center;\"><span style=\"color: #414141;\">Tous les produits de Marata viennent avec une lettre de garantie de continuit\u00e9, COA et certifi\u00e9 de d\u00e9sinfection. Nous offrons des prix fixes sur une base d\u2019exercice complet sur les contrats sign\u00e9s et ouvrir les bons de commande, pour la plupart de nos produits transform\u00e9s.<\/span><\/p>\n<p>[\/vc_column_text][button size=\u00a0\u00bbmedium_rd_bt\u00a0\u00bb t_color=\u00a0\u00bb#ffffff\u00a0\u00bb b_color=\u00a0\u00bb#34a9c6&Prime; t_hover_color=\u00a0\u00bb#414141&Prime; b_hover_color=\u00a0\u00bb#ffda8a\u00a0\u00bb radius=\u00a0\u00bb3&Prime; font_weight=\u00a0\u00bb500&Prime; url=\u00a0\u00bbhttps:\/\/www.marataonline.com\/fr\/about\/\u00a0\u00bb position=\u00a0\u00bbta_center\u00a0\u00bb]\u00c0-PROPOS[\/button][\/vc_column][\/vc_row][vc_row type=\u00a0\u00bbfull-width-section\u00a0\u00bb css=\u00a0\u00bb.vc_custom_1470587998873{margin-top: 0px !important;margin-bottom: 0px !important;border-top-width: 0px !important;border-bottom-width: 0px !important;padding-top: 60px !important;padding-bottom: 60px !important;background-image: url(https:\/\/www.marataonline.com\/wp-content\/uploads\/2016\/08\/spices_chili_peppers_2560x1600fw-1.jpg?id=288) !important;}\u00a0\u00bb][vc_column css=\u00a0\u00bb.vc_custom_1470253957865{margin-right: 0px !important;border-right-width: 0px !important;}\u00a0\u00bb][vc_custom_heading text=\u00a0\u00bbAmenant des produits de qualit\u00e9 directement \u00e0 vous\u00a0\u00bb font_container=\u00a0\u00bbtag:h2|text_align:center|color:%23ffffff\u00a0\u00bb use_theme_fonts=\u00a0\u00bbyes\u00a0\u00bb css=\u00a0\u00bb.vc_custom_1472667553017{margin-bottom: 0px !important;border-bottom-width: 0px !important;}\u00a0\u00bb][vc_custom_heading text=\u00a0\u00bbNous avons plusieurs ann\u00e9es d\u2019exp\u00e9rience et des centaines de clients satisfaits dans le monde entier.\u00a0\u00bb font_container=\u00a0\u00bbtag:h4|text_align:center|color:%23ffffff\u00a0\u00bb use_theme_fonts=\u00a0\u00bbyes\u00a0\u00bb css=\u00a0\u00bb.vc_custom_1472667564180{margin-top: 0px !important;border-top-width: 0px !important;}\u00a0\u00bb][vc_column_text]<\/p>\n<p style=\"text-align: center;\"><span style=\"color: #ffffff;\">La qualit\u00e9 est le fondement de toutes nos activit\u00e9s. Nous commen\u00e7ons par la s\u00e9lection d\u2019ingr\u00e9dients de premi\u00e8re qualit\u00e9, en collaboration et en \u00e9troite collaboration avec les entreprises partenaires et de leurs installations de mati\u00e8re premi\u00e8re. Les co\u00fbts financiers et environnementaux g\u00e9r\u00e9s garantissent des produits frais et de qualit\u00e9 :<\/span><\/p>\n<p style=\"text-align: center;\"><span style=\"color: #ffffff;\">De la plantation \u00e0 la r\u00e9colte, notre \u00e9quipe d\u2019experts du contr\u00f4le de la qualit\u00e9 surveillent attentivement toutes les m\u00e9thodes de l\u2019agriculture, y compris l\u2019\u00e9pandage de pesticides, d\u00e9sherbage, engrais et culture m\u00e9canis\u00e9e pour r\u00e9pondre \u00e0 des exigences strictes de qualit\u00e9 d\u2019exportation.<\/span><\/p>\n<p>[\/vc_column_text][button size=\u00a0\u00bbmedium_rd_bt\u00a0\u00bb t_color=\u00a0\u00bb#ffffff\u00a0\u00bb b_color=\u00a0\u00bb#34a9c6&Prime; t_hover_color=\u00a0\u00bb#414141&Prime; b_hover_color=\u00a0\u00bb#ffda8a\u00a0\u00bb radius=\u00a0\u00bb3&Prime; font_weight=\u00a0\u00bb500&Prime; url=\u00a0\u00bbhttps:\/\/www.marataonline.com\/fr\/products\u00a0\u00bb position=\u00a0\u00bbta_center\u00a0\u00bb]PRODUITS[\/button][\/vc_column][\/vc_row][vc_row type=\u00a0\u00bbfull-width-section\u00a0\u00bb css=\u00a0\u00bb.vc_custom_1470269844463{margin-top: 0px !important;margin-bottom: 0px !important;border-top-width: 0px !important;border-bottom-width: 0px !important;padding-top: 0px !important;padding-bottom: 0px !important;}\u00a0\u00bb][vc_column css=\u00a0\u00bb.vc_custom_1470588082865{margin-top: 0px !important;border-top-width: 0px !important;padding-top: 0px !important;}\u00a0\u00bb][vc_custom_heading text=\u00a0\u00bbTous nos produits sont certifi\u00e9s et\/ou approuv\u00e9s\u00a0\u00bb font_container=\u00a0\u00bbtag:h2|text_align:center|color:%23414141&Prime; use_theme_fonts=\u00a0\u00bbyes\u00a0\u00bb css=\u00a0\u00bb.vc_custom_1472667619844{margin-bottom: 0px !important;border-bottom-width: 0px !important;padding-top: 25px !important;}\u00a0\u00bb][vc_row_inner css=\u00a0\u00bb.vc_custom_1470497000925{margin-bottom: 0px !important;border-bottom-width: 0px !important;padding-top: 15px !important;padding-bottom: 10px !important;}\u00a0\u00bb][vc_column_inner width=\u00a0\u00bb1\/12&Prime;][vc_empty_space height=\u00a0\u00bb1px\u00a0\u00bb][\/vc_column_inner][vc_column_inner width=\u00a0\u00bb2\/12&Prime;][vc_single_image image=\u00a0\u00bb293&Prime; img_size=\u00a0\u00bb80&#215;80&Prime; alignment=\u00a0\u00bbcenter\u00a0\u00bb][\/vc_column_inner][vc_column_inner width=\u00a0\u00bb2\/12&Prime;][vc_single_image image=\u00a0\u00bb294&Prime; img_size=\u00a0\u00bb80&#215;80&Prime; alignment=\u00a0\u00bbcenter\u00a0\u00bb][\/vc_column_inner][vc_column_inner width=\u00a0\u00bb2\/12&Prime;][vc_single_image image=\u00a0\u00bb338&Prime; img_size=\u00a0\u00bb80&#215;80&Prime; alignment=\u00a0\u00bbcenter\u00a0\u00bb][\/vc_column_inner][vc_column_inner width=\u00a0\u00bb2\/12&Prime;][vc_single_image image=\u00a0\u00bb292&Prime; img_size=\u00a0\u00bb80&#215;80&Prime; alignment=\u00a0\u00bbcenter\u00a0\u00bb][\/vc_column_inner][vc_column_inner width=\u00a0\u00bb2\/12&Prime;][vc_single_image image=\u00a0\u00bb291&Prime; img_size=\u00a0\u00bb80&#215;80&Prime; alignment=\u00a0\u00bbcenter\u00a0\u00bb][\/vc_column_inner][vc_column_inner width=\u00a0\u00bb1\/12&Prime;][vc_empty_space height=\u00a0\u00bb1px\u00a0\u00bb][\/vc_column_inner][\/vc_row_inner][\/vc_column][\/vc_row][vc_row][vc_column][vc_column_text]<\/p>\n<p>[\/vc_column_text][\/vc_column][\/vc_row]<\/p>\n<\/div>","protected":false},"excerpt":{"rendered":"<p>[vc_row type=\u00a0\u00bbfull-width-content\u00a0\u00bb css=\u00a0\u00bb.vc_custom_1470324061345{margin-top: 0px !important;margin-bottom: 0px !important;border-top-width: 0px !important;border-bottom-width: 0px !important;padding-top: 2px !important;padding-bottom: 2px !important;background-color: #ffda8a !important;}\u00a0\u00bb][vc_column][\/vc_column][\/vc_row][vc_row type=\u00a0\u00bbfull-width-content\u00a0\u00bb css=\u00a0\u00bb.vc_custom_1470587752507{margin-top: 0px !important;margin-bottom: 0px !important;border-top-width: 0px !important;border-bottom-width: 0px !important;}\u00a0\u00bb][vc_column width=\u00a0\u00bb1\/4&Prime; css=\u00a0\u00bb.vc_custom_1470501332294{margin-top: 0px !important;margin-right: 5px !important;margin-bottom: 5px !important;margin-left: 5px !important;border-top-width: 0px !important;background-image: url(https:\/\/www.marataonline.com\/wp-content\/uploads\/2016\/08\/FWChilis.jpg?id=353) !important;background-position: center !important;background-repeat: no-repeat !important;background-size: cover !important;}\u00a0\u00bb][vc_custom_heading text=\u00a0\u00bbPIMENTS\u00a0\u00bb font_container=\u00a0\u00bbtag:h3|text_align:center|color:%23ffffff\u00a0\u00bb google_fonts=\u00a0\u00bbfont_family:Signika%3A300%2Cregular%2C600%2C700|font_style:300%20light%20regular%3A300%3Anormal\u00a0\u00bb link=\u00a0\u00bburl:http%3A%2F%2Fwww.marataonline.com%2Ffr%2Fchilies%2F|||\u00a0\u00bb css=\u00a0\u00bb.vc_custom_1470673407183{margin-right: 0px !important;margin-left: 0px&hellip; <a class=\"more-link\" href=\"https:\/\/marataonline.com\/fr\/\">Continue reading <span class=\"screen-reader-text\">Accueil<\/span><\/a><\/p>\n","protected":false},"author":1,"featured_media":0,"parent":0,"menu_order":0,"comment_status":"closed","ping_status":"closed","template":"","meta":{"footnotes":""},"class_list":["post-1122","page","type-page","status-publish","hentry","entry"],"aioseo_notices":[],"_links":{"self":[{"href":"https:\/\/marataonline.com\/fr\/wp-json\/wp\/v2\/pages\/1122","targetHints":{"allow":["GET"]}}],"collection":[{"href":"https:\/\/marataonline.com\/fr\/wp-json\/wp\/v2\/pages"}],"about":[{"href":"https:\/\/marataonline.com\/fr\/wp-json\/wp\/v2\/types\/page"}],"author":[{"embeddable":true,"href":"https:\/\/marataonline.com\/fr\/wp-json\/wp\/v2\/users\/1"}],"replies":[{"embeddable":true,"href":"https:\/\/marataonline.com\/fr\/wp-json\/wp\/v2\/comments?post=1122"}],"version-history":[{"count":0,"href":"https:\/\/marataonline.com\/fr\/wp-json\/wp\/v2\/pages\/1122\/revisions"}],"wp:attachment":[{"href":"https:\/\/marataonline.com\/fr\/wp-json\/wp\/v2\/media?parent=1122"}],"curies":[{"name":"wp","href":"https:\/\/api.w.org\/{rel}","templated":true}]}}