{"id":1842,"date":"2016-08-31T11:23:29","date_gmt":"2016-08-31T17:23:29","guid":{"rendered":"https:\/\/marataonline.com\/fr\/?page_id=1842"},"modified":"2016-08-31T12:41:58","modified_gmt":"2016-08-31T18:41:58","slug":"about-us","status":"publish","type":"page","link":"https:\/\/marataonline.com\/fr\/about-us\/","title":{"rendered":"\u00c0-Propos"},"content":{"rendered":"<div class=\"wpb-content-wrapper\"><p>[vc_row type=\u00a0\u00bbfull-width-section\u00a0\u00bb css=\u00a0\u00bb.vc_custom_1472095262535{margin-top: 0px !important;margin-bottom: 0px !important;border-top-width: 0px !important;border-bottom-width: 0px !important;padding-top: 20px !important;background-image: url(https:\/\/marataonline.com\/wp-content\/uploads\/2016\/08\/FWBGAU1.jpg?id=777) !important;}\u00a0\u00bb][vc_column][vc_custom_heading text=\u00a0\u00bb\u00c0-Propos Marata Specialties\u00a0\u00bb font_container=\u00a0\u00bbtag:h2|text_align:center|color:%23ffffff\u00a0\u00bb google_fonts=\u00a0\u00bbfont_family:Signika%3A300%2Cregular%2C600%2C700|font_style:300%20light%20regular%3A300%3Anormal\u00a0\u00bb css=\u00a0\u00bb.vc_custom_1472668861954{padding-top: 10px !important;padding-bottom: 10px !important;background-color: rgba(10,10,10,0.5) !important;*background-color: rgb(10,10,10) !important;border-radius: 5px !important;}\u00a0\u00bb][\/vc_column][\/vc_row][vc_row type=\u00a0\u00bbfull-width-section\u00a0\u00bb css=\u00a0\u00bb.vc_custom_1470871058240{padding-top: 20px !important;padding-bottom: 20px !important;background-position: center !important;background-repeat: no-repeat !important;background-size: cover !important;}\u00a0\u00bb][vc_column][vc_column_text css=\u00a0\u00bb.vc_custom_1472668890723{padding-top: 20px !important;padding-right: 20px !important;padding-bottom: 20px !important;padding-left: 20px !important;border-radius: 5px !important;}\u00a0\u00bb]<\/p>\n<p style=\"text-align: justify;\"><span style=\"color: #666666;\">Marata Specialties, LLC est une soci\u00e9t\u00e9 partenaire de DeshidratadoraMarata S.A. DeC.V.<\/span><\/p>\n<p style=\"text-align: justify;\"><span style=\"color: #666666;\">Ces entreprises se consacrent \u00e0 la recherche et le d\u00e9veloppement de nouvelles technologies et de produits pour l\u2019industrie alimentaire.<\/span><\/p>\n<p style=\"text-align: justify;\"><span style=\"color: #666666;\">L\u2019introduction de gourmet fum\u00e9 donne aux produits des sp\u00e9cialit\u00e9s Marata, LLC, un facteur de diff\u00e9renciation unique, \u00e9tant la seule entreprise de cette gamme de produits en Am\u00e9rique latine, de transformation et d\u2019exportation et de les vendre sur le march\u00e9 de l\u2019ALENA (USA, Canada et Mexique) depuis l\u2019ann\u00e9e 2004. Tous les produits de Marata viennent avec une lettre de garantie de continuit\u00e9, COA et certifi\u00e9 de d\u00e9sinfection. Nous offrons des prix fixes sur une base d\u2019exercice complet sur les contrats sign\u00e9s et ouvrir les bons de commande, pour la plupart de nos produits transform\u00e9s.<\/span><\/p>\n<p>[\/vc_column_text][vc_row_inner][vc_column_inner width=\u00a0\u00bb1\/4&Prime;][vc_single_image image=\u00a0\u00bb701&Prime; img_size=\u00a0\u00bbmedium\u00a0\u00bb][\/vc_column_inner][vc_column_inner width=\u00a0\u00bb3\/4&Prime;][vc_column_text css=\u00a0\u00bb.vc_custom_1472668907597{padding-top: 20px !important;padding-right: 20px !important;padding-bottom: 20px !important;padding-left: 20px !important;border-radius: 5px !important;}\u00a0\u00bb]<\/p>\n<p style=\"text-align: justify;\"><span style=\"color: #666666;\">Nous avons Profit\u00e9 des avantages d\u2019\u00eatre un exportateur direct, processeur et importateur, fabricant de produits au Mexique et aux \u00c9tats-Unis avec une versatilit\u00e9 d\u2019un \u00e9quipement non stationnaires (c.-\u00e0-d. l\u2019usine mobile). Nous op\u00e9rons :<\/span><\/p>\n<ul style=\"text-align: justify;\">\n<li><span style=\"color: #666666;\">4 niveaux ceintures s\u00e8ches, 48 carr\u00e9s situ\u00e9s dans la ceinture de longitude et 150 pi<\/span><\/li>\n<li><span style=\"color: #666666;\">Un HCCP conforme facilit\u00e9 de meulage. Avec aimants en plusieurs points de contr\u00f4le critiques, y compris des d\u00e9tecteurs de m\u00e9taux avant l\u2019emballage<\/span><\/li>\n<\/ul>\n<p style=\"text-align: justify;\"><span style=\"color: #666666;\">Plusieurs ann\u00e9es d\u2019exp\u00e9rience et des centaines de clients dans le monde sont la preuve, nous constituons l\u2019option la meilleure et la plus s\u00fbre pour les produits de sp\u00e9cialit\u00e9.<\/span><\/p>\n<p>[\/vc_column_text][\/vc_column_inner][\/vc_row_inner][\/vc_column][\/vc_row]<\/p>\n<\/div>","protected":false},"excerpt":{"rendered":"<p>[vc_row type=\u00a0\u00bbfull-width-section\u00a0\u00bb css=\u00a0\u00bb.vc_custom_1472095262535{margin-top: 0px !important;margin-bottom: 0px !important;border-top-width: 0px !important;border-bottom-width: 0px !important;padding-top: 20px !important;background-image: url(https:\/\/marataonline.com\/wp-content\/uploads\/2016\/08\/FWBGAU1.jpg?id=777) !important;}\u00a0\u00bb][vc_column][vc_custom_heading text=\u00a0\u00bb\u00c0-Propos Marata Specialties\u00a0\u00bb font_container=\u00a0\u00bbtag:h2|text_align:center|color:%23ffffff\u00a0\u00bb google_fonts=\u00a0\u00bbfont_family:Signika%3A300%2Cregular%2C600%2C700|font_style:300%20light%20regular%3A300%3Anormal\u00a0\u00bb css=\u00a0\u00bb.vc_custom_1472668861954{padding-top: 10px !important;padding-bottom: 10px !important;background-color: rgba(10,10,10,0.5) !important;*background-color: rgb(10,10,10) !important;border-radius: 5px !important;}\u00a0\u00bb][\/vc_column][\/vc_row][vc_row type=\u00a0\u00bbfull-width-section\u00a0\u00bb css=\u00a0\u00bb.vc_custom_1470871058240{padding-top: 20px !important;padding-bottom: 20px !important;background-position: center !important;background-repeat: no-repeat !important;background-size: cover !important;}\u00a0\u00bb][vc_column][vc_column_text css=\u00a0\u00bb.vc_custom_1472668890723{padding-top: 20px !important;padding-right: 20px !important;padding-bottom: 20px !important;padding-left: 20px !important;border-radius: 5px !important;}\u00a0\u00bb] Marata&hellip; <a class=\"more-link\" href=\"https:\/\/marataonline.com\/fr\/about-us\/\">Continue reading <span class=\"screen-reader-text\">\u00c0-Propos<\/span><\/a><\/p>\n","protected":false},"author":1,"featured_media":0,"parent":0,"menu_order":0,"comment_status":"closed","ping_status":"closed","template":"","meta":{"footnotes":""},"class_list":["post-1842","page","type-page","status-publish","hentry","entry"],"aioseo_notices":[],"_links":{"self":[{"href":"https:\/\/marataonline.com\/fr\/wp-json\/wp\/v2\/pages\/1842","targetHints":{"allow":["GET"]}}],"collection":[{"href":"https:\/\/marataonline.com\/fr\/wp-json\/wp\/v2\/pages"}],"about":[{"href":"https:\/\/marataonline.com\/fr\/wp-json\/wp\/v2\/types\/page"}],"author":[{"embeddable":true,"href":"https:\/\/marataonline.com\/fr\/wp-json\/wp\/v2\/users\/1"}],"replies":[{"embeddable":true,"href":"https:\/\/marataonline.com\/fr\/wp-json\/wp\/v2\/comments?post=1842"}],"version-history":[{"count":0,"href":"https:\/\/marataonline.com\/fr\/wp-json\/wp\/v2\/pages\/1842\/revisions"}],"wp:attachment":[{"href":"https:\/\/marataonline.com\/fr\/wp-json\/wp\/v2\/media?parent=1842"}],"curies":[{"name":"wp","href":"https:\/\/api.w.org\/{rel}","templated":true}]}}