{"id":1843,"date":"2016-08-31T11:23:33","date_gmt":"2016-08-31T17:23:33","guid":{"rendered":"https:\/\/marataonline.com\/fr\/?page_id=1843"},"modified":"2016-09-01T12:15:43","modified_gmt":"2016-09-01T18:15:43","slug":"contact-us","status":"publish","type":"page","link":"https:\/\/marataonline.com\/fr\/contact-us\/","title":{"rendered":"Contactez-Nous"},"content":{"rendered":"<div class=\"wpb-content-wrapper\"><p>[vc_row type=\u00a0\u00bbfull-width-section\u00a0\u00bb css=\u00a0\u00bb.vc_custom_1471532612542{padding-top: 30px !important;padding-bottom: 30px !important;background-image: url(https:\/\/www.marataonline.com\/wp-content\/uploads\/2016\/08\/FWCt.jpg) !important;background-position: center !important;background-repeat: no-repeat !important;background-size: cover !important;}\u00a0\u00bb el_class=\u00a0\u00bbstage\u00a0\u00bb][vc_column width=\u00a0\u00bb5\/12&Prime; el_class=\u00a0\u00bbcontact-card\u00a0\u00bb][vc_custom_heading text=\u00a0\u00bbOffres d\u2019emploi\u00a0\u00bb font_container=\u00a0\u00bbtag:h2|text_align:left|color:%23ffffff\u00a0\u00bb use_theme_fonts=\u00a0\u00bbyes\u00a0\u00bb][vc_column_text]<\/p>\n<p style=\"text-align: justify;\"><span style=\"color: #ffffff;\">Marata cherche \u00e0 temps plein, des vendeurs ind\u00e9pendants, pour repr\u00e9senter nos produits dans votre r\u00e9gion.<\/span><br \/>\n<span style=\"color: #ffffff;\">Pour plus d\u2019informations sur la fa\u00e7on de gagner de l\u2019argent en travaillant \u00e0 temps partiel dans des festivals et \u00e9v\u00e9nements de la r\u00e9gion, veuillez nous contacter \u00e0 info@marataonline.com<\/span><\/p>\n<p>[\/vc_column_text][vc_empty_space height=\u00a0\u00bb10px\u00a0\u00bb][\/vc_column][vc_column width=\u00a0\u00bb1\/12&Prime; offset=\u00a0\u00bbvc_hidden-sm vc_hidden-xs\u00a0\u00bb][rd_vline color=\u00a0\u00bb#ffffff\u00a0\u00bb][\/vc_column][vc_column width=\u00a0\u00bb5\/12&Prime;][vc_custom_heading text=\u00a0\u00bbCourtiers en &amp; distributeurs\u00a0\u00bb font_container=\u00a0\u00bbtag:h2|text_align:left|color:%23ffffff\u00a0\u00bb use_theme_fonts=\u00a0\u00bbyes\u00a0\u00bb][vc_column_text]<\/p>\n<p style=\"text-align: justify;\"><span style=\"color: #ffffff;\">Courtier &amp; distributeur r\u00e9sum\u00e9s accept\u00e9s ici si votre maison de courtage ou de la distribution entreprise emploie un personnel de vente qui est enthousiasm\u00e9 par le d\u00e9barquement des nouveaux comptes. Si votre entreprise veut \u00eatre le facteur de stimulation derri\u00e8re notre croissance, si votre entreprise est \u00e0 la recherche du prochain produit qui fera sensation sur le march\u00e9, alors, envoyez le CV de votre entreprise \u00e0 info@marataonline.com<\/span><\/p>\n<p>[\/vc_column_text][\/vc_column][\/vc_row][vc_row][vc_column][vc_custom_heading text=\u00a0\u00bbContactez-Nous\u00a0\u00bb font_container=\u00a0\u00bbtag:h2|text_align:left|color:%23414141&Prime; use_theme_fonts=\u00a0\u00bbyes\u00a0\u00bb][rd_cf7 animation=\u00a0\u00bbrda_flipInY\u00a0\u00bb text_color=\u00a0\u00bb#414141&Prime; id=\u00a0\u00bb933&Prime;][\/vc_column][\/vc_row][vc_row][vc_column][vc_column_text]<!-- Google Code for ENG - Contacto Marata Conversion Page\nIn your html page, add the snippet and call\ngoog_report_conversion when someone clicks on the\nchosen link or button. --><br \/>\n<script type=\"text\/javascript\">\n  \/* <![CDATA[ *\/\n  goog_snippet_vars = function() {\n    var w = window;\n    w.google_conversion_id = 985430491;\n    w.google_conversion_label = \"8X0ZCKz84GkQ2_Px1QM\";\n    w.google_remarketing_only = false;\n  }\n  \/\/ DO NOT CHANGE THE CODE BELOW.\n  goog_report_conversion = function(url) {\n    goog_snippet_vars();\n    window.google_conversion_format = \"3\";\n    var opt = new Object();\n    opt.onload_callback = function() {\n    if (typeof(url) != 'undefined') {\n      window.location = url;\n    }\n  }\n  var conv_handler = window['google_trackConversion'];\n  if (typeof(conv_handler) == 'function') {\n    conv_handler(opt);\n  }\n}\n\/* ]]> *\/\n<\/script><br \/>\n<script type=\"text\/javascript\"\n  src=\"\/\/www.googleadservices.com\/pagead\/conversion_async.js\">\n<\/script>[\/vc_column_text][\/vc_column][\/vc_row]<\/p>\n<\/div>","protected":false},"excerpt":{"rendered":"<p>[vc_row type=\u00a0\u00bbfull-width-section\u00a0\u00bb css=\u00a0\u00bb.vc_custom_1471532612542{padding-top: 30px !important;padding-bottom: 30px !important;background-image: url(https:\/\/www.marataonline.com\/wp-content\/uploads\/2016\/08\/FWCt.jpg) !important;background-position: center !important;background-repeat: no-repeat !important;background-size: cover !important;}\u00a0\u00bb el_class=\u00a0\u00bbstage\u00a0\u00bb][vc_column width=\u00a0\u00bb5\/12&Prime; el_class=\u00a0\u00bbcontact-card\u00a0\u00bb][vc_custom_heading text=\u00a0\u00bbOffres d\u2019emploi\u00a0\u00bb font_container=\u00a0\u00bbtag:h2|text_align:left|color:%23ffffff\u00a0\u00bb use_theme_fonts=\u00a0\u00bbyes\u00a0\u00bb][vc_column_text] Marata cherche \u00e0 temps plein, des vendeurs ind\u00e9pendants, pour repr\u00e9senter nos produits dans votre r\u00e9gion. Pour plus d\u2019informations sur la fa\u00e7on de gagner de l\u2019argent en travaillant \u00e0 temps partiel dans des festivals&hellip; <a class=\"more-link\" href=\"https:\/\/marataonline.com\/fr\/contact-us\/\">Continue reading <span class=\"screen-reader-text\">Contactez-Nous<\/span><\/a><\/p>\n","protected":false},"author":1,"featured_media":0,"parent":0,"menu_order":0,"comment_status":"closed","ping_status":"closed","template":"","meta":{"footnotes":""},"class_list":["post-1843","page","type-page","status-publish","hentry","entry"],"aioseo_notices":[],"_links":{"self":[{"href":"https:\/\/marataonline.com\/fr\/wp-json\/wp\/v2\/pages\/1843","targetHints":{"allow":["GET"]}}],"collection":[{"href":"https:\/\/marataonline.com\/fr\/wp-json\/wp\/v2\/pages"}],"about":[{"href":"https:\/\/marataonline.com\/fr\/wp-json\/wp\/v2\/types\/page"}],"author":[{"embeddable":true,"href":"https:\/\/marataonline.com\/fr\/wp-json\/wp\/v2\/users\/1"}],"replies":[{"embeddable":true,"href":"https:\/\/marataonline.com\/fr\/wp-json\/wp\/v2\/comments?post=1843"}],"version-history":[{"count":0,"href":"https:\/\/marataonline.com\/fr\/wp-json\/wp\/v2\/pages\/1843\/revisions"}],"wp:attachment":[{"href":"https:\/\/marataonline.com\/fr\/wp-json\/wp\/v2\/media?parent=1843"}],"curies":[{"name":"wp","href":"https:\/\/api.w.org\/{rel}","templated":true}]}}