{"id":1844,"date":"2016-08-31T11:23:35","date_gmt":"2016-08-31T17:23:35","guid":{"rendered":"https:\/\/marataonline.com\/fr\/?page_id=1844"},"modified":"2016-08-31T12:32:32","modified_gmt":"2016-08-31T18:32:32","slug":"process","status":"publish","type":"page","link":"https:\/\/marataonline.com\/fr\/process\/","title":{"rendered":"Processus"},"content":{"rendered":"<div class=\"wpb-content-wrapper\"><p>[vc_row type=\u00a0\u00bbfull-width-section\u00a0\u00bb css=\u00a0\u00bb.vc_custom_1471365329112{margin-top: 0px !important;margin-bottom: 0px !important;border-top-width: 0px !important;border-bottom-width: 0px !important;padding-top: 50px !important;padding-bottom: 100px !important;background-image: url(https:\/\/www.marataonline.com\/wp-content\/uploads\/2016\/08\/FWFarm.jpg) !important;}\u00a0\u00bb][vc_column][vc_custom_heading text=\u00a0\u00bbProcessus\u00a0\u00bb font_container=\u00a0\u00bbtag:h2|text_align:center|color:%23414141&Prime; use_theme_fonts=\u00a0\u00bbyes\u00a0\u00bb css=\u00a0\u00bb.vc_custom_1472668239426{margin-top: 0px !important;margin-right: 0px !important;margin-bottom: 0px !important;margin-left: 0px !important;border-top-width: 0px !important;border-right-width: 0px !important;border-bottom-width: 0px !important;border-left-width: 0px !important;padding-top: 10px !important;padding-right: 10px !important;padding-bottom: 10px !important;padding-left: 10px !important;background-color: rgba(255,255,255,0.85) !important;*background-color: rgb(255,255,255) !important;border-radius: 10px !important;}\u00a0\u00bb][vc_row_inner css=\u00a0\u00bb.vc_custom_1471365183283{margin-top: 0px !important;margin-bottom: 0px !important;border-top-width: 0px !important;border-bottom-width: 0px !important;padding-top: 40px !important;padding-bottom: 40px !important;}\u00a0\u00bb][vc_column_inner width=\u00a0\u00bb1\/4&Prime;][vc_empty_space height=\u00a0\u00bb1px\u00a0\u00bb][\/vc_column_inner][vc_column_inner width=\u00a0\u00bb1\/4&Prime;][button size=\u00a0\u00bbmedium_rd_bt\u00a0\u00bb use_icon=\u00a0\u00bbyes\u00a0\u00bb icon_color=\u00a0\u00bb#ffffff\u00a0\u00bb t_color=\u00a0\u00bb#ffffff\u00a0\u00bb b_color=\u00a0\u00bb#666666&Prime; t_hover_color=\u00a0\u00bb#ffffff\u00a0\u00bb b_hover_color=\u00a0\u00bb#34a9c6&Prime; radius=\u00a0\u00bb5&Prime; font_weight=\u00a0\u00bb300&Prime; url=\u00a0\u00bbhttps:\/\/www.marataonline.com\/fr\/process\/sustainability\/\u00a0\u00bb position=\u00a0\u00bbta_center\u00a0\u00bb icon=\u00a0\u00bbbk-sun\u00a0\u00bb]D\u00e9veloppement Durable[\/button][\/vc_column_inner][vc_column_inner width=\u00a0\u00bb1\/4&Prime;][button size=\u00a0\u00bbmedium_rd_bt\u00a0\u00bb use_icon=\u00a0\u00bbyes\u00a0\u00bb icon_color=\u00a0\u00bb#ffffff\u00a0\u00bb t_color=\u00a0\u00bb#ffffff\u00a0\u00bb b_color=\u00a0\u00bb#666666&Prime; t_hover_color=\u00a0\u00bb#ffffff\u00a0\u00bb b_hover_color=\u00a0\u00bb#34a9c6&Prime; radius=\u00a0\u00bb5&Prime; font_weight=\u00a0\u00bb300&Prime; url=\u00a0\u00bbhttps:\/\/www.marataonline.com\/fr\/process\/technology\/\u00a0\u00bb position=\u00a0\u00bbta_center\u00a0\u00bb icon=\u00a0\u00bbbk-cog-2&Prime;]Technologie[\/button][\/vc_column_inner][vc_column_inner width=\u00a0\u00bb1\/4&Prime;][vc_empty_space height=\u00a0\u00bb1px\u00a0\u00bb][\/vc_column_inner][\/vc_row_inner][vc_column_text css=\u00a0\u00bb.vc_custom_1472668347193{margin-top: 0px !important;margin-right: 0px !important;margin-bottom: 0px !important;margin-left: 0px !important;border-top-width: 0px !important;border-right-width: 0px !important;border-bottom-width: 0px !important;border-left-width: 0px !important;padding-top: 30px !important;padding-right: 30px !important;padding-bottom: 30px !important;padding-left: 30px !important;background-color: rgba(255,255,255,0.85) !important;*background-color: rgb(255,255,255) !important;border-radius: 10px !important;}\u00a0\u00bb]<\/p>\n<p style=\"text-align: justify;\"><span style=\"color: #666666;\">Notre installation de traitement avanc\u00e9 \u00e0 Chihuahua, au Mexique, nous donne le genre de flexibilit\u00e9 qui nous distingue et contr\u00f4le de la qualit\u00e9 qui est \u00e0 nulle autre pareille. De Nombreuses lignes de traitement ont \u00e9t\u00e9 construites au fil des ans pour continuer \u00e0 satisfaire la demande croissante de nos clients. Nos diverses capacit\u00e9s de traitement incluent meulage, fraisage, d\u00e9coupe et m\u00e9langer. Notre installation de traitement de pointe nous permet \u00e9galement d\u2019avoir la souplesse n\u00e9cessaire pour fournir les ingr\u00e9dients sp\u00e9cialis\u00e9s et personnalis\u00e9s des coupes optimales pour les d\u00e9veloppements de nouveaux produits et formulations uniques.<\/span><\/p>\n<p style=\"text-align: justify;\"><span style=\"color: #666666;\">Mais elle commence seulement. Un engagement constant pour le contr\u00f4le de la qualit\u00e9 et la salubrit\u00e9 des aliments est d\u00e9montr\u00e9 tout au long de notre processus. La Technologie de pointe nous permet d\u2019effectuer l\u2019assurance de la qualit\u00e9 suppl\u00e9mentaires y compris la d\u00e9tection de m\u00e9taux et l\u2019enl\u00e8vement des terres rares agents, s\u00e9paration d\u2019air, la lapidation, fumigation, st\u00e9rilisation de l\u2019\u00e9quipement, s\u00e9paration par gravit\u00e9 tamis, laser sp\u00e9cialis\u00e9 tri et d\u00e9tection de rayons x.<\/span><\/p>\n<p>[\/vc_column_text][\/vc_column][\/vc_row]<\/p>\n<\/div>","protected":false},"excerpt":{"rendered":"<p>[vc_row type=\u00a0\u00bbfull-width-section\u00a0\u00bb css=\u00a0\u00bb.vc_custom_1471365329112{margin-top: 0px !important;margin-bottom: 0px !important;border-top-width: 0px !important;border-bottom-width: 0px !important;padding-top: 50px !important;padding-bottom: 100px !important;background-image: url(https:\/\/www.marataonline.com\/wp-content\/uploads\/2016\/08\/FWFarm.jpg) !important;}\u00a0\u00bb][vc_column][vc_custom_heading text=\u00a0\u00bbProcessus\u00a0\u00bb font_container=\u00a0\u00bbtag:h2|text_align:center|color:%23414141&Prime; use_theme_fonts=\u00a0\u00bbyes\u00a0\u00bb css=\u00a0\u00bb.vc_custom_1472668239426{margin-top: 0px !important;margin-right: 0px !important;margin-bottom: 0px !important;margin-left: 0px !important;border-top-width: 0px !important;border-right-width: 0px !important;border-bottom-width: 0px !important;border-left-width: 0px !important;padding-top: 10px !important;padding-right: 10px !important;padding-bottom: 10px !important;padding-left: 10px !important;background-color: rgba(255,255,255,0.85) !important;*background-color: rgb(255,255,255) !important;border-radius: 10px !important;}\u00a0\u00bb][vc_row_inner css=\u00a0\u00bb.vc_custom_1471365183283{margin-top: 0px !important;margin-bottom: 0px&hellip; <a class=\"more-link\" href=\"https:\/\/marataonline.com\/fr\/process\/\">Continue reading <span class=\"screen-reader-text\">Processus<\/span><\/a><\/p>\n","protected":false},"author":1,"featured_media":0,"parent":0,"menu_order":0,"comment_status":"closed","ping_status":"closed","template":"","meta":{"footnotes":""},"class_list":["post-1844","page","type-page","status-publish","hentry","entry"],"aioseo_notices":[],"_links":{"self":[{"href":"https:\/\/marataonline.com\/fr\/wp-json\/wp\/v2\/pages\/1844","targetHints":{"allow":["GET"]}}],"collection":[{"href":"https:\/\/marataonline.com\/fr\/wp-json\/wp\/v2\/pages"}],"about":[{"href":"https:\/\/marataonline.com\/fr\/wp-json\/wp\/v2\/types\/page"}],"author":[{"embeddable":true,"href":"https:\/\/marataonline.com\/fr\/wp-json\/wp\/v2\/users\/1"}],"replies":[{"embeddable":true,"href":"https:\/\/marataonline.com\/fr\/wp-json\/wp\/v2\/comments?post=1844"}],"version-history":[{"count":0,"href":"https:\/\/marataonline.com\/fr\/wp-json\/wp\/v2\/pages\/1844\/revisions"}],"wp:attachment":[{"href":"https:\/\/marataonline.com\/fr\/wp-json\/wp\/v2\/media?parent=1844"}],"curies":[{"name":"wp","href":"https:\/\/api.w.org\/{rel}","templated":true}]}}