{"id":1856,"date":"2016-08-31T11:25:56","date_gmt":"2016-08-31T17:25:56","guid":{"rendered":"https:\/\/marataonline.com\/fr\/?page_id=1856"},"modified":"2016-08-31T16:07:59","modified_gmt":"2016-08-31T22:07:59","slug":"anaheim","status":"publish","type":"page","link":"https:\/\/marataonline.com\/fr\/products\/chilies\/anaheim\/","title":{"rendered":"Anaheim"},"content":{"rendered":"<div class=\"wpb-content-wrapper\"><p>[vc_row css=\u00a0\u00bb.vc_custom_1470700463250{margin-top: 0px !important;margin-bottom: 0px !important;border-top-width: 0px !important;border-bottom-width: 0px !important;padding-top: 25px !important;padding-bottom: 10px !important;}\u00a0\u00bb][vc_column][vc_single_image image=\u00a0\u00bb466&Prime; img_size=\u00a0\u00bb170&#215;170&Prime; alignment=\u00a0\u00bbcenter\u00a0\u00bb][\/vc_column][\/vc_row][vc_row css=\u00a0\u00bb.vc_custom_1470700589617{margin-bottom: 0px !important;border-bottom-width: 0px !important;padding-top: 20px !important;padding-bottom: 20px !important;}\u00a0\u00bb][vc_column css=\u00a0\u00bb.vc_custom_1470700607924{margin-bottom: 0px !important;border-bottom-width: 0px !important;padding-bottom: 0px !important;}\u00a0\u00bb][vc_custom_heading text=\u00a0\u00bbAnaheim (New Mexico)\u00a0\u00bb font_container=\u00a0\u00bbtag:h2|text_align:center|color:%23ffffff\u00a0\u00bb use_theme_fonts=\u00a0\u00bbyes\u00a0\u00bb css=\u00a0\u00bb.vc_custom_1470785757102{margin-right: 0px !important;margin-bottom: 0px !important;margin-left: 0px !important;border-right-width: 0px !important;border-bottom-width: 0px !important;border-left-width: 0px !important;background-color: rgba(10,10,10,0.5) !important;*background-color: rgb(10,10,10) !important;}\u00a0\u00bb][\/vc_column][\/vc_row][vc_row css=\u00a0\u00bb.vc_custom_1470702561349{margin-top: 0px !important;margin-bottom: 0px !important;border-top-width: 0px !important;border-bottom-width: 0px !important;padding-top: 0px !important;padding-bottom: 25px !important;}\u00a0\u00bb][vc_column css=\u00a0\u00bb.vc_custom_1470700708882{margin-top: 0px !important;margin-bottom: 0px !important;border-top-width: 0px !important;border-bottom-width: 0px !important;padding-top: 0px !important;}\u00a0\u00bb][vc_column_text css=\u00a0\u00bb.vc_custom_1472681124986{margin-top: 0px !important;border-top-width: 0px !important;padding-top: 10px !important;}\u00a0\u00bb]<\/p>\n<p style=\"text-align: justify;\"><span style=\"color: #666666;\">Est l\u2019un des piments plus populaires dans la cuisine tex-mex du Sud. Cultiv\u00e9 principalement dans le sud des USA et nord du Mexique, il appartient \u00e0 la famille \u00ab capsicum annuum \u00bb et est une plante \u00e0 tige multiples. Un piment anaheim est une\u00a0 vari\u00e9t\u00e9 de piment. Ils sont aussi appel\u00e9s piment de Californie ou de la Magdalena et s\u00e9ch\u00e9s comme \u00ab Chili seco del norte \u00bb. Puisque les piments anaheim originaire du Nouveau-Mexique, ils sont aussi parfois appel\u00e9s poivrons au Nouveau-Mexique. En outre, au Nouveau-Mexique ils sont souvent d\u00e9nomm\u00e9s simplement piments carils sont autant de vari\u00e9t\u00e9s du piment cultiv\u00e9 au Nouveau-Mexique, et ils ont tendance \u00e0 \u00eatre plus chaud que celles cultiv\u00e9es en Californie. <\/span><\/p>\n<p style=\"text-align: justify;\"><span style=\"color: #666666;\">Le chili \u00ab chaleur \u00bb d\u2019anaheim varie g\u00e9n\u00e9ralement entre 500 et 2 500 sur l\u2019\u00e9chelle de Scoville cependant, beaucoup de vari\u00e9t\u00e9s cultiv\u00e9es au Nouveau-Mexique peuvent atteindre 4 500 \u00e0 5 000 unit\u00e9s de Scoville. La taille et la forme des gousses de piment Anaheim ordinaires est de 7 \u00e0 10 pouces de long et 1-2 pouces de large. Le piment peut \u00eatre utilis\u00e9 en couleur verte et rouge, avec le profil de saveur diff\u00e9rente et chaleur allant de faible \u00e0 doux. Ce piment est utilis\u00e9 dans de nombreux plats mexicains et Nouveau-Mexique.<\/span><\/p>\n<p>[\/vc_column_text][rd_line type=\u00a0\u00bbrd_line_dashed\u00a0\u00bb color=\u00a0\u00bb#666666&Prime; line_pos=\u00a0\u00bbcenter\u00a0\u00bb][vc_custom_heading text=\u00a0\u00bbSt\u00e9rilis\u00e9 \u00e0 la demande\u00a0\u00bb font_container=\u00a0\u00bbtag:h3|text_align:left\u00a0\u00bb use_theme_fonts=\u00a0\u00bbyes\u00a0\u00bb css=\u00a0\u00bb.vc_custom_1472681137421{margin-top: 0px !important;margin-bottom: 0px !important;border-top-width: 0px !important;border-bottom-width: 0px !important;padding-top: 20px !important;padding-bottom: 20px !important;}\u00a0\u00bb][vc_row_inner][vc_column_inner width=\u00a0\u00bb1\/2&Prime;][vc_column_text]<strong>Am\u00e9rique du Nord<\/strong><br \/>\n&#8211; Trait\u00e9 \u00e0 la vapeur (Californie &amp; Mid-West)<br \/>\n&#8211; Trait\u00e9 par ETO<br \/>\n-Trait\u00e9 par Gamma[\/vc_column_text][\/vc_column_inner][vc_column_inner width=\u00a0\u00bb1\/2&Prime;][vc_column_text]<strong>L\u2019Europe<\/strong><br \/>\n-Trait\u00e9 \u00e0 la vapeur (Hambourg)[\/vc_column_text][\/vc_column_inner][\/vc_row_inner][rd_line type=\u00a0\u00bbrd_line_dashed\u00a0\u00bb color=\u00a0\u00bb#666666&Prime; line_pos=\u00a0\u00bbcenter\u00a0\u00bb][\/vc_column][\/vc_row][vc_row css=\u00a0\u00bb.vc_custom_1470701737131{margin-top: 0px !important;margin-bottom: 0px !important;border-top-width: 0px !important;border-bottom-width: 0px !important;padding-bottom: 40px !important;}\u00a0\u00bb][vc_column width=\u00a0\u00bb1\/6&Prime;][vc_single_image image=\u00a0\u00bb648&Prime; img_size=\u00a0\u00bb80X80&Prime; alignment=\u00a0\u00bbcenter\u00a0\u00bb style=\u00a0\u00bbvc_box_rounded\u00a0\u00bb css=\u00a0\u00bb.vc_custom_1470785797271{margin-top: 20px !important;margin-bottom: 10px !important;border-bottom-width: 0px !important;}\u00a0\u00bb][vc_custom_heading text=\u00a0\u00bbEntiers\u00a0\u00bb font_container=\u00a0\u00bbtag:h5|text_align:center|color:%23414141&Prime; google_fonts=\u00a0\u00bbfont_family:Signika%3A300%2Cregular%2C600%2C700|font_style:400%20regular%3A400%3Anormal\u00a0\u00bb css=\u00a0\u00bb.vc_custom_1472681171095{margin-top: 0px !important;margin-bottom: 10px !important;border-top-width: 0px !important;border-bottom-width: 0px !important;}\u00a0\u00bb][button t_color=\u00a0\u00bb#ffffff\u00a0\u00bb b_color=\u00a0\u00bb#34a9c6&Prime; t_hover_color=\u00a0\u00bb#414141&Prime; b_hover_color=\u00a0\u00bb#ffda8a\u00a0\u00bb radius=\u00a0\u00bb5&Prime; font_weight=\u00a0\u00bb300&Prime; url=\u00a0\u00bbhttps:\/\/marataonline.com\/pdfs\/anaheim\/anaheimrwholespecs.pdf\u00a0\u00bb target=\u00a0\u00bbyes\u00a0\u00bb position=\u00a0\u00bbta_center\u00a0\u00bb mb=\u00a0\u00bb5&Prime;]Specs[\/button][button t_color=\u00a0\u00bb#ffffff\u00a0\u00bb b_color=\u00a0\u00bb#34a9c6&Prime; t_hover_color=\u00a0\u00bb#414141&Prime; b_hover_color=\u00a0\u00bb#ffda8a\u00a0\u00bb radius=\u00a0\u00bb5&Prime; font_weight=\u00a0\u00bb300&Prime; url=\u00a0\u00bbhttps:\/\/marataonline.com\/pdfs\/anaheim\/anaheimrwholemsds.pdf\u00a0\u00bb target=\u00a0\u00bbyes\u00a0\u00bb position=\u00a0\u00bbta_center\u00a0\u00bb]MSDS[\/button][\/vc_column][vc_column width=\u00a0\u00bb1\/6&Prime;][vc_single_image image=\u00a0\u00bb649&Prime; img_size=\u00a0\u00bb80X80&Prime; alignment=\u00a0\u00bbcenter\u00a0\u00bb style=\u00a0\u00bbvc_box_rounded\u00a0\u00bb css=\u00a0\u00bb.vc_custom_1470785808848{margin-top: 20px !important;margin-bottom: 10px !important;border-bottom-width: 0px !important;}\u00a0\u00bb][vc_custom_heading text=\u00a0\u00bbEntiers sans tige\u00a0\u00bb font_container=\u00a0\u00bbtag:h5|text_align:center|color:%23414141&Prime; google_fonts=\u00a0\u00bbfont_family:Signika%3A300%2Cregular%2C600%2C700|font_style:400%20regular%3A400%3Anormal\u00a0\u00bb css=\u00a0\u00bb.vc_custom_1472681182700{margin-top: 0px !important;margin-bottom: 10px !important;border-top-width: 0px !important;border-bottom-width: 0px !important;}\u00a0\u00bb][button t_color=\u00a0\u00bb#ffffff\u00a0\u00bb b_color=\u00a0\u00bb#34a9c6&Prime; t_hover_color=\u00a0\u00bb#414141&Prime; b_hover_color=\u00a0\u00bb#ffda8a\u00a0\u00bb radius=\u00a0\u00bb5&Prime; font_weight=\u00a0\u00bb300&Prime; url=\u00a0\u00bbhttps:\/\/marataonline.com\/pdfs\/anaheim\/anaheimrstemlessspecs.pdf\u00a0\u00bb target=\u00a0\u00bbyes\u00a0\u00bb position=\u00a0\u00bbta_center\u00a0\u00bb mb=\u00a0\u00bb5&Prime;]Specs[\/button][button t_color=\u00a0\u00bb#ffffff\u00a0\u00bb b_color=\u00a0\u00bb#34a9c6&Prime; t_hover_color=\u00a0\u00bb#414141&Prime; b_hover_color=\u00a0\u00bb#ffda8a\u00a0\u00bb radius=\u00a0\u00bb5&Prime; font_weight=\u00a0\u00bb300&Prime; url=\u00a0\u00bbhttps:\/\/marataonline.com\/pdfs\/anaheim\/anaheimrstemlessmsds.pdf\u00a0\u00bb target=\u00a0\u00bbyes\u00a0\u00bb position=\u00a0\u00bbta_center\u00a0\u00bb]MSDS[\/button][\/vc_column][vc_column width=\u00a0\u00bb1\/6&Prime;][vc_single_image image=\u00a0\u00bb650&Prime; img_size=\u00a0\u00bb80X80&Prime; alignment=\u00a0\u00bbcenter\u00a0\u00bb style=\u00a0\u00bbvc_box_rounded\u00a0\u00bb css=\u00a0\u00bb.vc_custom_1470785825512{margin-top: 20px !important;margin-bottom: 10px !important;border-bottom-width: 0px !important;}\u00a0\u00bb][vc_custom_heading text=\u00a0\u00bbD\u00e9s 6mm sans p\u00e9pins\u00a0\u00bb font_container=\u00a0\u00bbtag:h5|text_align:center|color:%23414141&Prime; google_fonts=\u00a0\u00bbfont_family:Signika%3A300%2Cregular%2C600%2C700|font_style:400%20regular%3A400%3Anormal\u00a0\u00bb css=\u00a0\u00bb.vc_custom_1472681197044{margin-top: 0px !important;margin-bottom: 10px !important;border-top-width: 0px !important;border-bottom-width: 0px !important;}\u00a0\u00bb][button t_color=\u00a0\u00bb#ffffff\u00a0\u00bb b_color=\u00a0\u00bb#34a9c6&Prime; t_hover_color=\u00a0\u00bb#414141&Prime; b_hover_color=\u00a0\u00bb#ffda8a\u00a0\u00bb radius=\u00a0\u00bb5&Prime; font_weight=\u00a0\u00bb300&Prime; url=\u00a0\u00bbhttps:\/\/marataonline.com\/pdfs\/anaheim\/anaheimrdicesspecs.pdf\u00a0\u00bb target=\u00a0\u00bbyes\u00a0\u00bb position=\u00a0\u00bbta_center\u00a0\u00bb mb=\u00a0\u00bb5&Prime;]Specs[\/button][\/vc_column][vc_column width=\u00a0\u00bb1\/6&Prime;][vc_single_image image=\u00a0\u00bb651&Prime; img_size=\u00a0\u00bb80X80&Prime; alignment=\u00a0\u00bbcenter\u00a0\u00bb style=\u00a0\u00bbvc_box_rounded\u00a0\u00bb css=\u00a0\u00bb.vc_custom_1470785835154{margin-top: 20px !important;margin-bottom: 10px !important;border-bottom-width: 0px !important;}\u00a0\u00bb][vc_custom_heading text=\u00a0\u00bbFlocons -4 +8&Prime; font_container=\u00a0\u00bbtag:h5|text_align:center|color:%23414141&Prime; google_fonts=\u00a0\u00bbfont_family:Signika%3A300%2Cregular%2C600%2C700|font_style:400%20regular%3A400%3Anormal\u00a0\u00bb css=\u00a0\u00bb.vc_custom_1472681203753{margin-top: 0px !important;margin-bottom: 10px !important;border-top-width: 0px !important;border-bottom-width: 0px !important;}\u00a0\u00bb][button t_color=\u00a0\u00bb#ffffff\u00a0\u00bb b_color=\u00a0\u00bb#34a9c6&Prime; t_hover_color=\u00a0\u00bb#414141&Prime; b_hover_color=\u00a0\u00bb#ffda8a\u00a0\u00bb radius=\u00a0\u00bb5&Prime; font_weight=\u00a0\u00bb300&Prime; url=\u00a0\u00bbhttps:\/\/marataonline.com\/pdfs\/anaheim\/anaheimrflakesspecs.pdf\u00a0\u00bb target=\u00a0\u00bbyes\u00a0\u00bb position=\u00a0\u00bbta_center\u00a0\u00bb mb=\u00a0\u00bb5&Prime;]Specs[\/button][button t_color=\u00a0\u00bb#ffffff\u00a0\u00bb b_color=\u00a0\u00bb#34a9c6&Prime; t_hover_color=\u00a0\u00bb#414141&Prime; b_hover_color=\u00a0\u00bb#ffda8a\u00a0\u00bb radius=\u00a0\u00bb5&Prime; font_weight=\u00a0\u00bb300&Prime; url=\u00a0\u00bbhttps:\/\/marataonline.com\/pdfs\/anaheim\/anaheimrflakesmsds.pdf\u00a0\u00bb target=\u00a0\u00bbyes\u00a0\u00bb position=\u00a0\u00bbta_center\u00a0\u00bb]MSDS[\/button][\/vc_column][vc_column width=\u00a0\u00bb1\/6&Prime;][vc_single_image image=\u00a0\u00bb651&Prime; img_size=\u00a0\u00bb80X80&Prime; alignment=\u00a0\u00bbcenter\u00a0\u00bb style=\u00a0\u00bbvc_box_rounded\u00a0\u00bb css=\u00a0\u00bb.vc_custom_1470785876814{margin-top: 20px !important;margin-bottom: 10px !important;border-bottom-width: 0px !important;}\u00a0\u00bb][vc_custom_heading text=\u00a0\u00bbGranul\u00e9s -8 +20&Prime; font_container=\u00a0\u00bbtag:h5|text_align:center|color:%23414141&Prime; google_fonts=\u00a0\u00bbfont_family:Signika%3A300%2Cregular%2C600%2C700|font_style:400%20regular%3A400%3Anormal\u00a0\u00bb css=\u00a0\u00bb.vc_custom_1472681209796{margin-top: 0px !important;margin-bottom: 10px !important;border-top-width: 0px !important;border-bottom-width: 0px !important;}\u00a0\u00bb][button t_color=\u00a0\u00bb#ffffff\u00a0\u00bb b_color=\u00a0\u00bb#34a9c6&Prime; t_hover_color=\u00a0\u00bb#414141&Prime; b_hover_color=\u00a0\u00bb#ffda8a\u00a0\u00bb radius=\u00a0\u00bb5&Prime; font_weight=\u00a0\u00bb300&Prime; url=\u00a0\u00bbhttps:\/\/marataonline.com\/pdfs\/anaheim\/anaheimrgranulesspecs.pdf\u00a0\u00bb target=\u00a0\u00bbyes\u00a0\u00bb position=\u00a0\u00bbta_center\u00a0\u00bb mb=\u00a0\u00bb5&Prime;]Specs[\/button][button t_color=\u00a0\u00bb#ffffff\u00a0\u00bb b_color=\u00a0\u00bb#34a9c6&Prime; t_hover_color=\u00a0\u00bb#414141&Prime; b_hover_color=\u00a0\u00bb#ffda8a\u00a0\u00bb radius=\u00a0\u00bb5&Prime; font_weight=\u00a0\u00bb300&Prime; url=\u00a0\u00bbhttps:\/\/marataonline.com\/pdfs\/anaheim\/anaheimrgranulesmsds.pdf\u00a0\u00bb target=\u00a0\u00bbyes\u00a0\u00bb position=\u00a0\u00bbta_center\u00a0\u00bb]MSDS[\/button][\/vc_column][vc_column width=\u00a0\u00bb1\/6&Prime;][vc_single_image image=\u00a0\u00bb653&Prime; img_size=\u00a0\u00bb80X80&Prime; alignment=\u00a0\u00bbcenter\u00a0\u00bb style=\u00a0\u00bbvc_box_rounded\u00a0\u00bb css=\u00a0\u00bb.vc_custom_1470785887805{margin-top: 20px !important;margin-bottom: 10px !important;border-bottom-width: 0px !important;}\u00a0\u00bb][vc_custom_heading text=\u00a0\u00bbPoudres USS 40&Prime; font_container=\u00a0\u00bbtag:h5|text_align:center|color:%23414141&Prime; google_fonts=\u00a0\u00bbfont_family:Signika%3A300%2Cregular%2C600%2C700|font_style:400%20regular%3A400%3Anormal\u00a0\u00bb css=\u00a0\u00bb.vc_custom_1472681221586{margin-top: 0px !important;margin-bottom: 10px !important;border-top-width: 0px !important;border-bottom-width: 0px !important;}\u00a0\u00bb][button t_color=\u00a0\u00bb#ffffff\u00a0\u00bb b_color=\u00a0\u00bb#34a9c6&Prime; t_hover_color=\u00a0\u00bb#414141&Prime; b_hover_color=\u00a0\u00bb#ffda8a\u00a0\u00bb radius=\u00a0\u00bb5&Prime; font_weight=\u00a0\u00bb300&Prime; url=\u00a0\u00bbhttps:\/\/marataonline.com\/pdfs\/anaheim\/anaheimrpowderspecs.pdf\u00a0\u00bb target=\u00a0\u00bbyes\u00a0\u00bb position=\u00a0\u00bbta_center\u00a0\u00bb mb=\u00a0\u00bb5&Prime;]Specs[\/button][button t_color=\u00a0\u00bb#ffffff\u00a0\u00bb b_color=\u00a0\u00bb#34a9c6&Prime; t_hover_color=\u00a0\u00bb#414141&Prime; b_hover_color=\u00a0\u00bb#ffda8a\u00a0\u00bb radius=\u00a0\u00bb5&Prime; font_weight=\u00a0\u00bb300&Prime; url=\u00a0\u00bbhttps:\/\/marataonline.com\/pdfs\/anaheim\/anaheimrpowdermsds.pdf\u00a0\u00bb target=\u00a0\u00bbyes\u00a0\u00bb position=\u00a0\u00bbta_center\u00a0\u00bb]MSDS[\/button][\/vc_column][\/vc_row][vc_row css=\u00a0\u00bb.vc_custom_1470701737131{margin-top: 0px !important;margin-bottom: 0px !important;border-top-width: 0px !important;border-bottom-width: 0px !important;padding-bottom: 40px !important;}\u00a0\u00bb][vc_column width=\u00a0\u00bb1\/6&Prime;][vc_empty_space height=\u00a0\u00bb1px\u00a0\u00bb][\/vc_column][vc_column width=\u00a0\u00bb1\/6&Prime;][vc_single_image image=\u00a0\u00bb654&Prime; img_size=\u00a0\u00bb80X80&Prime; alignment=\u00a0\u00bbcenter\u00a0\u00bb style=\u00a0\u00bbvc_box_rounded\u00a0\u00bb css=\u00a0\u00bb.vc_custom_1470786002734{margin-top: 20px !important;margin-bottom: 10px !important;border-bottom-width: 0px !important;}\u00a0\u00bb][vc_custom_heading text=\u00a0\u00bbD\u00e9s 6mm sans p\u00e9pins\u00a0\u00bb font_container=\u00a0\u00bbtag:h5|text_align:center|color:%23414141&Prime; google_fonts=\u00a0\u00bbfont_family:Signika%3A300%2Cregular%2C600%2C700|font_style:400%20regular%3A400%3Anormal\u00a0\u00bb css=\u00a0\u00bb.vc_custom_1472681230676{margin-top: 0px !important;margin-bottom: 10px !important;border-top-width: 0px !important;border-bottom-width: 0px !important;}\u00a0\u00bb][button t_color=\u00a0\u00bb#ffffff\u00a0\u00bb b_color=\u00a0\u00bb#34a9c6&Prime; t_hover_color=\u00a0\u00bb#414141&Prime; b_hover_color=\u00a0\u00bb#ffda8a\u00a0\u00bb radius=\u00a0\u00bb5&Prime; font_weight=\u00a0\u00bb300&Prime; url=\u00a0\u00bbhttps:\/\/marataonline.com\/pdfs\/anaheim\/anaheimgdicesspecs.pdf\u00a0\u00bb target=\u00a0\u00bbyes\u00a0\u00bb position=\u00a0\u00bbta_center\u00a0\u00bb mb=\u00a0\u00bb5&Prime;]Specs[\/button][button t_color=\u00a0\u00bb#ffffff\u00a0\u00bb b_color=\u00a0\u00bb#34a9c6&Prime; t_hover_color=\u00a0\u00bb#414141&Prime; b_hover_color=\u00a0\u00bb#ffda8a\u00a0\u00bb radius=\u00a0\u00bb5&Prime; font_weight=\u00a0\u00bb300&Prime; url=\u00a0\u00bbhttps:\/\/marataonline.com\/pdfs\/anaheim\/anaheimgdicesmsds.pdf\u00a0\u00bb target=\u00a0\u00bbyes\u00a0\u00bb position=\u00a0\u00bbta_center\u00a0\u00bb]MSDS[\/button][\/vc_column][vc_column width=\u00a0\u00bb1\/6&Prime;][vc_single_image image=\u00a0\u00bb655&Prime; img_size=\u00a0\u00bb80X80&Prime; alignment=\u00a0\u00bbcenter\u00a0\u00bb style=\u00a0\u00bbvc_box_rounded\u00a0\u00bb css=\u00a0\u00bb.vc_custom_1470786026160{margin-top: 20px !important;margin-bottom: 10px !important;border-bottom-width: 0px !important;}\u00a0\u00bb][vc_custom_heading text=\u00a0\u00bbFlocons -4 +8&Prime; font_container=\u00a0\u00bbtag:h5|text_align:center|color:%23414141&Prime; google_fonts=\u00a0\u00bbfont_family:Signika%3A300%2Cregular%2C600%2C700|font_style:400%20regular%3A400%3Anormal\u00a0\u00bb css=\u00a0\u00bb.vc_custom_1472681236058{margin-top: 0px !important;margin-bottom: 10px !important;border-top-width: 0px !important;border-bottom-width: 0px !important;}\u00a0\u00bb][\/vc_column][vc_column width=\u00a0\u00bb1\/6&Prime;][vc_single_image image=\u00a0\u00bb656&Prime; img_size=\u00a0\u00bb80X80&Prime; alignment=\u00a0\u00bbcenter\u00a0\u00bb style=\u00a0\u00bbvc_box_rounded\u00a0\u00bb css=\u00a0\u00bb.vc_custom_1470786035016{margin-top: 20px !important;margin-bottom: 10px !important;border-bottom-width: 0px !important;}\u00a0\u00bb][vc_custom_heading text=\u00a0\u00bbGranul\u00e9s -8 +20&Prime; font_container=\u00a0\u00bbtag:h5|text_align:center|color:%23414141&Prime; google_fonts=\u00a0\u00bbfont_family:Signika%3A300%2Cregular%2C600%2C700|font_style:400%20regular%3A400%3Anormal\u00a0\u00bb css=\u00a0\u00bb.vc_custom_1472681242615{margin-top: 0px !important;margin-bottom: 10px !important;border-top-width: 0px !important;border-bottom-width: 0px !important;}\u00a0\u00bb][button t_color=\u00a0\u00bb#ffffff\u00a0\u00bb b_color=\u00a0\u00bb#34a9c6&Prime; t_hover_color=\u00a0\u00bb#414141&Prime; b_hover_color=\u00a0\u00bb#ffda8a\u00a0\u00bb radius=\u00a0\u00bb5&Prime; font_weight=\u00a0\u00bb300&Prime; url=\u00a0\u00bbhttps:\/\/marataonline.com\/pdfs\/anaheim\/anaheimggranulesmsds.pdf\u00a0\u00bb target=\u00a0\u00bbyes\u00a0\u00bb position=\u00a0\u00bbta_center\u00a0\u00bb]MSDS[\/button][\/vc_column][vc_column width=\u00a0\u00bb1\/6&Prime;][vc_single_image image=\u00a0\u00bb657&Prime; img_size=\u00a0\u00bb80X80&Prime; alignment=\u00a0\u00bbcenter\u00a0\u00bb style=\u00a0\u00bbvc_box_rounded\u00a0\u00bb css=\u00a0\u00bb.vc_custom_1470786045331{margin-top: 20px !important;margin-bottom: 10px !important;border-bottom-width: 0px !important;}\u00a0\u00bb][vc_custom_heading text=\u00a0\u00bbPoudres USS 40&Prime; font_container=\u00a0\u00bbtag:h5|text_align:center|color:%23414141&Prime; google_fonts=\u00a0\u00bbfont_family:Signika%3A300%2Cregular%2C600%2C700|font_style:400%20regular%3A400%3Anormal\u00a0\u00bb css=\u00a0\u00bb.vc_custom_1472681250756{margin-top: 0px !important;margin-bottom: 10px !important;border-top-width: 0px !important;border-bottom-width: 0px !important;}\u00a0\u00bb][button t_color=\u00a0\u00bb#ffffff\u00a0\u00bb b_color=\u00a0\u00bb#34a9c6&Prime; t_hover_color=\u00a0\u00bb#414141&Prime; b_hover_color=\u00a0\u00bb#ffda8a\u00a0\u00bb radius=\u00a0\u00bb5&Prime; font_weight=\u00a0\u00bb300&Prime; url=\u00a0\u00bbhttps:\/\/marataonline.com\/pdfs\/anaheim\/anaheimgpowdermsds.pdf\u00a0\u00bb target=\u00a0\u00bbyes\u00a0\u00bb position=\u00a0\u00bbta_center\u00a0\u00bb]MSDS[\/button][\/vc_column][vc_column width=\u00a0\u00bb1\/6&Prime;][vc_empty_space height=\u00a0\u00bb1px\u00a0\u00bb][\/vc_column][\/vc_row][vc_row css=\u00a0\u00bb.vc_custom_1470702000839{padding-top: 25px !important;}\u00a0\u00bb][vc_column][button use_icon=\u00a0\u00bbyes\u00a0\u00bb icon_color=\u00a0\u00bb#ffffff\u00a0\u00bb t_color=\u00a0\u00bb#ffffff\u00a0\u00bb b_color=\u00a0\u00bb#666666&Prime; radius=\u00a0\u00bb5&Prime; font_weight=\u00a0\u00bb500&Prime; url=\u00a0\u00bbhttps:\/\/www.marataonline.com\/fr\/chilies\/\u00a0\u00bb position=\u00a0\u00bbta_center\u00a0\u00bb icon=\u00a0\u00bbcl-left33&Prime;]RETOURNER[\/button][\/vc_column][\/vc_row]<\/p>\n<\/div>","protected":false},"excerpt":{"rendered":"<p>[vc_row css=\u00a0\u00bb.vc_custom_1470700463250{margin-top: 0px !important;margin-bottom: 0px !important;border-top-width: 0px !important;border-bottom-width: 0px !important;padding-top: 25px !important;padding-bottom: 10px !important;}\u00a0\u00bb][vc_column][vc_single_image image=\u00a0\u00bb466&Prime; img_size=\u00a0\u00bb170&#215;170&Prime; alignment=\u00a0\u00bbcenter\u00a0\u00bb][\/vc_column][\/vc_row][vc_row css=\u00a0\u00bb.vc_custom_1470700589617{margin-bottom: 0px !important;border-bottom-width: 0px !important;padding-top: 20px !important;padding-bottom: 20px !important;}\u00a0\u00bb][vc_column css=\u00a0\u00bb.vc_custom_1470700607924{margin-bottom: 0px !important;border-bottom-width: 0px !important;padding-bottom: 0px !important;}\u00a0\u00bb][vc_custom_heading text=\u00a0\u00bbAnaheim (New Mexico)\u00a0\u00bb font_container=\u00a0\u00bbtag:h2|text_align:center|color:%23ffffff\u00a0\u00bb use_theme_fonts=\u00a0\u00bbyes\u00a0\u00bb css=\u00a0\u00bb.vc_custom_1470785757102{margin-right: 0px !important;margin-bottom: 0px !important;margin-left: 0px !important;border-right-width: 0px !important;border-bottom-width: 0px !important;border-left-width: 0px !important;background-color: rgba(10,10,10,0.5) !important;*background-color: rgb(10,10,10) !important;}\u00a0\u00bb][\/vc_column][\/vc_row][vc_row&hellip; <a class=\"more-link\" href=\"https:\/\/marataonline.com\/fr\/products\/chilies\/anaheim\/\">Continue reading <span class=\"screen-reader-text\">Anaheim<\/span><\/a><\/p>\n","protected":false},"author":1,"featured_media":0,"parent":1851,"menu_order":0,"comment_status":"closed","ping_status":"closed","template":"","meta":{"footnotes":""},"class_list":["post-1856","page","type-page","status-publish","hentry","entry"],"aioseo_notices":[],"_links":{"self":[{"href":"https:\/\/marataonline.com\/fr\/wp-json\/wp\/v2\/pages\/1856","targetHints":{"allow":["GET"]}}],"collection":[{"href":"https:\/\/marataonline.com\/fr\/wp-json\/wp\/v2\/pages"}],"about":[{"href":"https:\/\/marataonline.com\/fr\/wp-json\/wp\/v2\/types\/page"}],"author":[{"embeddable":true,"href":"https:\/\/marataonline.com\/fr\/wp-json\/wp\/v2\/users\/1"}],"replies":[{"embeddable":true,"href":"https:\/\/marataonline.com\/fr\/wp-json\/wp\/v2\/comments?post=1856"}],"version-history":[{"count":0,"href":"https:\/\/marataonline.com\/fr\/wp-json\/wp\/v2\/pages\/1856\/revisions"}],"up":[{"embeddable":true,"href":"https:\/\/marataonline.com\/fr\/wp-json\/wp\/v2\/pages\/1851"}],"wp:attachment":[{"href":"https:\/\/marataonline.com\/fr\/wp-json\/wp\/v2\/media?parent=1856"}],"curies":[{"name":"wp","href":"https:\/\/api.w.org\/{rel}","templated":true}]}}