{"id":1857,"date":"2016-08-31T11:26:34","date_gmt":"2016-08-31T17:26:34","guid":{"rendered":"https:\/\/marataonline.com\/fr\/?page_id=1857"},"modified":"2016-08-31T16:10:19","modified_gmt":"2016-08-31T22:10:19","slug":"ancho","status":"publish","type":"page","link":"https:\/\/marataonline.com\/fr\/products\/chilies\/ancho\/","title":{"rendered":"Ancho"},"content":{"rendered":"<div class=\"wpb-content-wrapper\"><p>[vc_row css=\u00a0\u00bb.vc_custom_1470700463250{margin-top: 0px !important;margin-bottom: 0px !important;border-top-width: 0px !important;border-bottom-width: 0px !important;padding-top: 25px !important;padding-bottom: 10px !important;}\u00a0\u00bb][vc_column][vc_single_image image=\u00a0\u00bb467&Prime; img_size=\u00a0\u00bb170&#215;170&Prime; alignment=\u00a0\u00bbcenter\u00a0\u00bb][\/vc_column][\/vc_row][vc_row css=\u00a0\u00bb.vc_custom_1470700589617{margin-bottom: 0px !important;border-bottom-width: 0px !important;padding-top: 20px !important;padding-bottom: 20px !important;}\u00a0\u00bb][vc_column css=\u00a0\u00bb.vc_custom_1470700607924{margin-bottom: 0px !important;border-bottom-width: 0px !important;padding-bottom: 0px !important;}\u00a0\u00bb][vc_custom_heading text=\u00a0\u00bbAncho\u00a0\u00bb font_container=\u00a0\u00bbtag:h2|text_align:center|color:%23ffffff\u00a0\u00bb use_theme_fonts=\u00a0\u00bbyes\u00a0\u00bb css=\u00a0\u00bb.vc_custom_1470786671079{margin-right: 0px !important;margin-bottom: 0px !important;margin-left: 0px !important;border-right-width: 0px !important;border-bottom-width: 0px !important;border-left-width: 0px !important;background-color: rgba(10,10,10,0.5) !important;*background-color: rgb(10,10,10) !important;}\u00a0\u00bb][\/vc_column][\/vc_row][vc_row css=\u00a0\u00bb.vc_custom_1470702561349{margin-top: 0px !important;margin-bottom: 0px !important;border-top-width: 0px !important;border-bottom-width: 0px !important;padding-top: 0px !important;padding-bottom: 25px !important;}\u00a0\u00bb][vc_column css=\u00a0\u00bb.vc_custom_1470700708882{margin-top: 0px !important;margin-bottom: 0px !important;border-top-width: 0px !important;border-bottom-width: 0px !important;padding-top: 0px !important;}\u00a0\u00bb][vc_column_text css=\u00a0\u00bb.vc_custom_1472681315345{margin-top: 0px !important;border-top-width: 0px !important;padding-top: 10px !important;}\u00a0\u00bb]<\/p>\n<p style=\"text-align: justify;\"><span style=\"color: #666666;\">Au Mexique, l\u2019ancho est commercialis\u00e9 en trois grades de qualit\u00e9. \u00ab Primero \u00bb est le plus haut grade, consistant en les chair plus \u00e9paisse et plus gros piments. \u00ab Mediano \u00bb est la qualit\u00e9 moyenne et \u00ab Ancho \u00bb est la note de base. De la cr\u00e8me ancho s\u00e9ch\u00e9s, environ 15 % est march\u00e9 comme colorant alimentaire et de la poudre.Le reste est achet\u00e9 par le consommateur dans son ensemble et utilis\u00e9 principalement dans les sauces. Les piments Ancho comptent pour pr\u00e8s de 1\/5 de tous les piments consomm\u00e9s au Mexique.<\/span><\/p>\n<p style=\"text-align: justify;\"><span style=\"color: #666666;\">Variant en couleur et forme, rouge brique fonc\u00e9 \u00e0 acajou profond, piments ancho s\u00e9ch\u00e9s r\u00e9v\u00e8lent une teinte rouge\u00e2tre-orange Cordouan lorsque fix\u00e9 \u00e0 la lumi\u00e8re. L\u00e9g\u00e8rement aromatiques, plat, tr\u00e8s rid\u00e9e et apparaissant presque en forme de coeur, l\u2019ancho est un piment poblano s\u00e9ch\u00e9 et est le plus doux piment s\u00e9ch\u00e9. \u00c0 son meilleur, lorsque aromatiques et souples, il a une chair d\u2019\u00e9paisseur moyenne qui offre une saveur l\u00e9g\u00e8rement fruit\u00e9e-sucr\u00e9e-bois\u00e9 avec des tons de prune s\u00e9ch\u00e9e, de caf\u00e9, de tabac, de r\u00e9glisse et de raisin. Il donne une saveur douce de prune-\u00e9lev\u00e9es-comme auxplats. Nomm\u00e9 pour ses\u00a0 caract\u00e9ristiques, \u00ab Ancho \u00bb, prononc\u00e9 AHN-CHOH, signifie large en espagnol.<\/span><\/p>\n<p style=\"text-align: justify;\"><span style=\"color: #666666;\">les piments contiennent plus de vitamine A que toute autre plante alimentaire, ainsi que fournissent une excellente source de vitamine C et B, ainsi que des quantit\u00e9s importantes de fer, thiamine, niacine, riboflavine et de magn\u00e9sium. Conformes \u00e0 la prise de conscience nutritionnelle d\u2019aujourd&rsquo;hui, les piments sont sans cholest\u00e9rol, sans graisses satur\u00e9es, faible en calories, faible en sodium et riche en fibres.<\/span><\/p>\n<p style=\"text-align: justify;\"><span style=\"color: #666666;\">Ajoutez leur douce saveur aux sauces cuites. Utiliser comme les tomates s\u00e9ch\u00e9es au soleil. Utilis\u00e9 en combinaison avec d\u2019autres piments s\u00e9ch\u00e9s, la douceur riche de ce poivre a un effet murissant. Saupoudrer les piments hach\u00e9s ou \u00e9minc\u00e9s sur les denr\u00e9es alimentaires destin\u00e9es \u00e0 une saveur exquise et la couleur. Am\u00e9liorer les viandes et volailles, l\u00e9gumes, plats mijot\u00e9s, trempettes, soupes et rago\u00fbts. Ajouter une fermeture \u00e9clair au chili con carne, enchiladas, adobados, ou toutes les viandes pr\u00e9par\u00e9es avec une p\u00e2te d\u2019assaisonnement. Commercialement, les anchos sont hach\u00e9s.<\/span><\/p>\n<p style=\"text-align: justify;\"><span style=\"color: #666666;\">Selon les r\u00e9gions, ce piment est connu sous plusieurs noms. Il existe aux \u00c9tats-Unis connu sur le nom correct de l\u2019ancho. Les Cultivateurs appellent par erreur les deux formes fra\u00eeches et s\u00e9ch\u00e9es \u00ab ancho \u00bb. Au Mexique, le poivron vert est\u00a0 d\u00e9nomm\u00e9 \u00ab ancho \u00bb. En Californie, il est souvent confondu avec la chile pasilla.les\u00a0 Anchos sont effectivement des\u00a0 piments\u00a0 s\u00e9ch\u00e9s, ce qui signifie renvoit aux piments \u00ab People \u00bb.L\u2019ancho s\u00e9ch\u00e9, le mulato ainsi les piments pasilla real, forment la \u00ab Sainte Trinit\u00e9 \u00bb des piments utilis\u00e9s en sauce mole mexicain traditionnel.<\/span><\/p>\n<p>[\/vc_column_text][rd_line type=\u00a0\u00bbrd_line_dashed\u00a0\u00bb color=\u00a0\u00bb#666666&Prime; line_pos=\u00a0\u00bbcenter\u00a0\u00bb][vc_custom_heading text=\u00a0\u00bbSt\u00e9rilis\u00e9 \u00e0 la demande\u00a0\u00bb font_container=\u00a0\u00bbtag:h3|text_align:left\u00a0\u00bb use_theme_fonts=\u00a0\u00bbyes\u00a0\u00bb css=\u00a0\u00bb.vc_custom_1472681330179{margin-top: 0px !important;margin-bottom: 0px !important;border-top-width: 0px !important;border-bottom-width: 0px !important;padding-top: 20px !important;padding-bottom: 20px !important;}\u00a0\u00bb][vc_row_inner][vc_column_inner width=\u00a0\u00bb1\/2&Prime;][vc_column_text]<strong>Am\u00e9rique du Nord<\/strong><br \/>\n&#8211; Trait\u00e9 \u00e0 la vapeur (Californie &amp; Mid-West)<br \/>\n&#8211; Trait\u00e9 par ETO<br \/>\n-Trait\u00e9 par Gamma[\/vc_column_text][\/vc_column_inner][vc_column_inner width=\u00a0\u00bb1\/2&Prime;][vc_column_text]<strong>L\u2019Europe<\/strong><br \/>\n-Trait\u00e9 \u00e0 la vapeur (Hambourg)[\/vc_column_text][\/vc_column_inner][\/vc_row_inner][rd_line type=\u00a0\u00bbrd_line_dashed\u00a0\u00bb color=\u00a0\u00bb#666666&Prime; line_pos=\u00a0\u00bbcenter\u00a0\u00bb][\/vc_column][\/vc_row][vc_row css=\u00a0\u00bb.vc_custom_1470701737131{margin-top: 0px !important;margin-bottom: 0px !important;border-top-width: 0px !important;border-bottom-width: 0px !important;padding-bottom: 40px !important;}\u00a0\u00bb][vc_column width=\u00a0\u00bb1\/6&Prime;][vc_single_image image=\u00a0\u00bb661&Prime; img_size=\u00a0\u00bb80X80&Prime; alignment=\u00a0\u00bbcenter\u00a0\u00bb style=\u00a0\u00bbvc_box_rounded\u00a0\u00bb css=\u00a0\u00bb.vc_custom_1470786720115{margin-top: 20px !important;margin-bottom: 10px !important;border-bottom-width: 0px !important;}\u00a0\u00bb][vc_custom_heading text=\u00a0\u00bbEntiers\u00a0\u00bb font_container=\u00a0\u00bbtag:h5|text_align:center|color:%23414141&Prime; google_fonts=\u00a0\u00bbfont_family:Signika%3A300%2Cregular%2C600%2C700|font_style:400%20regular%3A400%3Anormal\u00a0\u00bb css=\u00a0\u00bb.vc_custom_1472681365734{margin-top: 0px !important;margin-bottom: 10px !important;border-top-width: 0px !important;border-bottom-width: 0px !important;}\u00a0\u00bb][button t_color=\u00a0\u00bb#ffffff\u00a0\u00bb b_color=\u00a0\u00bb#34a9c6&Prime; t_hover_color=\u00a0\u00bb#414141&Prime; b_hover_color=\u00a0\u00bb#ffda8a\u00a0\u00bb radius=\u00a0\u00bb5&Prime; font_weight=\u00a0\u00bb300&Prime; url=\u00a0\u00bbhttps:\/\/marataonline.com\/pdfs\/ancho\/anchowholespecs.pdf\u00a0\u00bb target=\u00a0\u00bbyes\u00a0\u00bb position=\u00a0\u00bbta_center\u00a0\u00bb mb=\u00a0\u00bb5&Prime;]Specs[\/button][button t_color=\u00a0\u00bb#ffffff\u00a0\u00bb b_color=\u00a0\u00bb#34a9c6&Prime; t_hover_color=\u00a0\u00bb#414141&Prime; b_hover_color=\u00a0\u00bb#ffda8a\u00a0\u00bb radius=\u00a0\u00bb5&Prime; font_weight=\u00a0\u00bb300&Prime; url=\u00a0\u00bbhttps:\/\/marataonline.com\/pdfs\/ancho\/anchowholemsds.pdf\u00a0\u00bb target=\u00a0\u00bbyes\u00a0\u00bb position=\u00a0\u00bbta_center\u00a0\u00bb]MSDS[\/button][\/vc_column][vc_column width=\u00a0\u00bb1\/6&Prime;][vc_single_image image=\u00a0\u00bb662&Prime; img_size=\u00a0\u00bb80X80&Prime; alignment=\u00a0\u00bbcenter\u00a0\u00bb style=\u00a0\u00bbvc_box_rounded\u00a0\u00bb css=\u00a0\u00bb.vc_custom_1470786748471{margin-top: 20px !important;margin-bottom: 10px !important;border-bottom-width: 0px !important;}\u00a0\u00bb][vc_custom_heading text=\u00a0\u00bbEntiers sans tige\u00a0\u00bb font_container=\u00a0\u00bbtag:h5|text_align:center|color:%23414141&Prime; google_fonts=\u00a0\u00bbfont_family:Signika%3A300%2Cregular%2C600%2C700|font_style:400%20regular%3A400%3Anormal\u00a0\u00bb css=\u00a0\u00bb.vc_custom_1472681373657{margin-top: 0px !important;margin-bottom: 10px !important;border-top-width: 0px !important;border-bottom-width: 0px !important;}\u00a0\u00bb][button t_color=\u00a0\u00bb#ffffff\u00a0\u00bb b_color=\u00a0\u00bb#34a9c6&Prime; t_hover_color=\u00a0\u00bb#414141&Prime; b_hover_color=\u00a0\u00bb#ffda8a\u00a0\u00bb radius=\u00a0\u00bb5&Prime; font_weight=\u00a0\u00bb300&Prime; url=\u00a0\u00bbhttps:\/\/marataonline.com\/pdfs\/ancho\/anchostemlessspecs.pdf\u00a0\u00bb target=\u00a0\u00bbyes\u00a0\u00bb position=\u00a0\u00bbta_center\u00a0\u00bb mb=\u00a0\u00bb5&Prime;]Specs[\/button][button t_color=\u00a0\u00bb#ffffff\u00a0\u00bb b_color=\u00a0\u00bb#34a9c6&Prime; t_hover_color=\u00a0\u00bb#414141&Prime; b_hover_color=\u00a0\u00bb#ffda8a\u00a0\u00bb radius=\u00a0\u00bb5&Prime; font_weight=\u00a0\u00bb300&Prime; url=\u00a0\u00bbhttps:\/\/marataonline.com\/pdfs\/ancho\/anchostemlessmsds.pdf\u00a0\u00bb target=\u00a0\u00bbyes\u00a0\u00bb position=\u00a0\u00bbta_center\u00a0\u00bb]MSDS[\/button][\/vc_column][vc_column width=\u00a0\u00bb1\/6&Prime;][vc_single_image image=\u00a0\u00bb663&Prime; img_size=\u00a0\u00bb80X80&Prime; alignment=\u00a0\u00bbcenter\u00a0\u00bb style=\u00a0\u00bbvc_box_rounded\u00a0\u00bb css=\u00a0\u00bb.vc_custom_1470786758009{margin-top: 20px !important;margin-bottom: 10px !important;border-bottom-width: 0px !important;}\u00a0\u00bb][vc_custom_heading text=\u00a0\u00bbD\u00e9s 6mm sans p\u00e9pins\u00a0\u00bb font_container=\u00a0\u00bbtag:h5|text_align:center|color:%23414141&Prime; google_fonts=\u00a0\u00bbfont_family:Signika%3A300%2Cregular%2C600%2C700|font_style:400%20regular%3A400%3Anormal\u00a0\u00bb css=\u00a0\u00bb.vc_custom_1472681379349{margin-top: 0px !important;margin-bottom: 10px !important;border-top-width: 0px !important;border-bottom-width: 0px !important;}\u00a0\u00bb][\/vc_column][vc_column width=\u00a0\u00bb1\/6&Prime;][vc_single_image image=\u00a0\u00bb664&Prime; img_size=\u00a0\u00bb80X80&Prime; alignment=\u00a0\u00bbcenter\u00a0\u00bb style=\u00a0\u00bbvc_box_rounded\u00a0\u00bb css=\u00a0\u00bb.vc_custom_1470786769294{margin-top: 20px !important;margin-bottom: 10px !important;border-bottom-width: 0px !important;}\u00a0\u00bb][vc_custom_heading text=\u00a0\u00bbFlocons -4 +8&Prime; font_container=\u00a0\u00bbtag:h5|text_align:center|color:%23414141&Prime; google_fonts=\u00a0\u00bbfont_family:Signika%3A300%2Cregular%2C600%2C700|font_style:400%20regular%3A400%3Anormal\u00a0\u00bb css=\u00a0\u00bb.vc_custom_1472681386127{margin-top: 0px !important;margin-bottom: 10px !important;border-top-width: 0px !important;border-bottom-width: 0px !important;}\u00a0\u00bb][button t_color=\u00a0\u00bb#ffffff\u00a0\u00bb b_color=\u00a0\u00bb#34a9c6&Prime; t_hover_color=\u00a0\u00bb#414141&Prime; b_hover_color=\u00a0\u00bb#ffda8a\u00a0\u00bb radius=\u00a0\u00bb5&Prime; font_weight=\u00a0\u00bb300&Prime; url=\u00a0\u00bbhttps:\/\/marataonline.com\/pdfs\/ancho\/anchoflakesspecs.pdf\u00a0\u00bb target=\u00a0\u00bbyes\u00a0\u00bb position=\u00a0\u00bbta_center\u00a0\u00bb mb=\u00a0\u00bb5&Prime;]Specs[\/button][button t_color=\u00a0\u00bb#ffffff\u00a0\u00bb b_color=\u00a0\u00bb#34a9c6&Prime; t_hover_color=\u00a0\u00bb#414141&Prime; b_hover_color=\u00a0\u00bb#ffda8a\u00a0\u00bb radius=\u00a0\u00bb5&Prime; font_weight=\u00a0\u00bb300&Prime; url=\u00a0\u00bbhttps:\/\/marataonline.com\/pdfs\/ancho\/anchoflakesmsds.pdf\u00a0\u00bb target=\u00a0\u00bbyes\u00a0\u00bb position=\u00a0\u00bbta_center\u00a0\u00bb]MSDS[\/button][\/vc_column][vc_column width=\u00a0\u00bb1\/6&Prime;][vc_single_image image=\u00a0\u00bb665&Prime; img_size=\u00a0\u00bb80X80&Prime; alignment=\u00a0\u00bbcenter\u00a0\u00bb style=\u00a0\u00bbvc_box_rounded\u00a0\u00bb css=\u00a0\u00bb.vc_custom_1470786781274{margin-top: 20px !important;margin-bottom: 10px !important;border-bottom-width: 0px !important;}\u00a0\u00bb][vc_custom_heading text=\u00a0\u00bbGranul\u00e9s -8 +20&Prime; font_container=\u00a0\u00bbtag:h5|text_align:center|color:%23414141&Prime; google_fonts=\u00a0\u00bbfont_family:Signika%3A300%2Cregular%2C600%2C700|font_style:400%20regular%3A400%3Anormal\u00a0\u00bb css=\u00a0\u00bb.vc_custom_1472681392532{margin-top: 0px !important;margin-bottom: 10px !important;border-top-width: 0px !important;border-bottom-width: 0px !important;}\u00a0\u00bb][button t_color=\u00a0\u00bb#ffffff\u00a0\u00bb b_color=\u00a0\u00bb#34a9c6&Prime; t_hover_color=\u00a0\u00bb#414141&Prime; b_hover_color=\u00a0\u00bb#ffda8a\u00a0\u00bb radius=\u00a0\u00bb5&Prime; font_weight=\u00a0\u00bb300&Prime; url=\u00a0\u00bbhttps:\/\/marataonline.com\/pdfs\/ancho\/anchogranulesspecs.pdf\u00a0\u00bb target=\u00a0\u00bbyes\u00a0\u00bb position=\u00a0\u00bbta_center\u00a0\u00bb mb=\u00a0\u00bb5&Prime;]Specs[\/button][button t_color=\u00a0\u00bb#ffffff\u00a0\u00bb b_color=\u00a0\u00bb#34a9c6&Prime; t_hover_color=\u00a0\u00bb#414141&Prime; b_hover_color=\u00a0\u00bb#ffda8a\u00a0\u00bb radius=\u00a0\u00bb5&Prime; font_weight=\u00a0\u00bb300&Prime; url=\u00a0\u00bbhttps:\/\/marataonline.com\/pdfs\/ancho\/anchogranulesmsds.pdf\u00a0\u00bb target=\u00a0\u00bbyes\u00a0\u00bb position=\u00a0\u00bbta_center\u00a0\u00bb]MSDS[\/button][\/vc_column][vc_column width=\u00a0\u00bb1\/6&Prime;][vc_single_image image=\u00a0\u00bb666&Prime; img_size=\u00a0\u00bb80X80&Prime; alignment=\u00a0\u00bbcenter\u00a0\u00bb style=\u00a0\u00bbvc_box_rounded\u00a0\u00bb css=\u00a0\u00bb.vc_custom_1470786797332{margin-top: 20px !important;margin-bottom: 10px !important;border-bottom-width: 0px !important;}\u00a0\u00bb][vc_custom_heading text=\u00a0\u00bbPoudres USS 40&Prime; font_container=\u00a0\u00bbtag:h5|text_align:center|color:%23414141&Prime; google_fonts=\u00a0\u00bbfont_family:Signika%3A300%2Cregular%2C600%2C700|font_style:400%20regular%3A400%3Anormal\u00a0\u00bb css=\u00a0\u00bb.vc_custom_1472681398473{margin-top: 0px !important;margin-bottom: 10px !important;border-top-width: 0px !important;border-bottom-width: 0px !important;}\u00a0\u00bb][button t_color=\u00a0\u00bb#ffffff\u00a0\u00bb b_color=\u00a0\u00bb#34a9c6&Prime; t_hover_color=\u00a0\u00bb#414141&Prime; b_hover_color=\u00a0\u00bb#ffda8a\u00a0\u00bb radius=\u00a0\u00bb5&Prime; font_weight=\u00a0\u00bb300&Prime; url=\u00a0\u00bbhttps:\/\/marataonline.com\/pdfs\/ancho\/anchopowderspecs.pdf\u00a0\u00bb target=\u00a0\u00bbyes\u00a0\u00bb position=\u00a0\u00bbta_center\u00a0\u00bb mb=\u00a0\u00bb5&Prime;]Specs[\/button][button t_color=\u00a0\u00bb#ffffff\u00a0\u00bb b_color=\u00a0\u00bb#34a9c6&Prime; t_hover_color=\u00a0\u00bb#414141&Prime; b_hover_color=\u00a0\u00bb#ffda8a\u00a0\u00bb radius=\u00a0\u00bb5&Prime; font_weight=\u00a0\u00bb300&Prime; url=\u00a0\u00bbhttps:\/\/marataonline.com\/pdfs\/ancho\/anchopowdermsds.pdf\u00a0\u00bb target=\u00a0\u00bbyes\u00a0\u00bb position=\u00a0\u00bbta_center\u00a0\u00bb]MSDS[\/button][\/vc_column][\/vc_row][vc_row css=\u00a0\u00bb.vc_custom_1470702000839{padding-top: 25px !important;}\u00a0\u00bb][vc_column][button use_icon=\u00a0\u00bbyes\u00a0\u00bb icon_color=\u00a0\u00bb#ffffff\u00a0\u00bb t_color=\u00a0\u00bb#ffffff\u00a0\u00bb b_color=\u00a0\u00bb#666666&Prime; radius=\u00a0\u00bb5&Prime; font_weight=\u00a0\u00bb500&Prime; url=\u00a0\u00bbhttps:\/\/www.marataonline.com\/fr\/chilies\/\u00a0\u00bb position=\u00a0\u00bbta_center\u00a0\u00bb icon=\u00a0\u00bbcl-left33&Prime;]RETOURNER[\/button][\/vc_column][\/vc_row]<\/p>\n<\/div>","protected":false},"excerpt":{"rendered":"<p>[vc_row css=\u00a0\u00bb.vc_custom_1470700463250{margin-top: 0px !important;margin-bottom: 0px !important;border-top-width: 0px !important;border-bottom-width: 0px !important;padding-top: 25px !important;padding-bottom: 10px !important;}\u00a0\u00bb][vc_column][vc_single_image image=\u00a0\u00bb467&Prime; img_size=\u00a0\u00bb170&#215;170&Prime; alignment=\u00a0\u00bbcenter\u00a0\u00bb][\/vc_column][\/vc_row][vc_row css=\u00a0\u00bb.vc_custom_1470700589617{margin-bottom: 0px !important;border-bottom-width: 0px !important;padding-top: 20px !important;padding-bottom: 20px !important;}\u00a0\u00bb][vc_column css=\u00a0\u00bb.vc_custom_1470700607924{margin-bottom: 0px !important;border-bottom-width: 0px !important;padding-bottom: 0px !important;}\u00a0\u00bb][vc_custom_heading text=\u00a0\u00bbAncho\u00a0\u00bb font_container=\u00a0\u00bbtag:h2|text_align:center|color:%23ffffff\u00a0\u00bb use_theme_fonts=\u00a0\u00bbyes\u00a0\u00bb css=\u00a0\u00bb.vc_custom_1470786671079{margin-right: 0px !important;margin-bottom: 0px !important;margin-left: 0px !important;border-right-width: 0px !important;border-bottom-width: 0px !important;border-left-width: 0px !important;background-color: rgba(10,10,10,0.5) !important;*background-color: rgb(10,10,10) !important;}\u00a0\u00bb][\/vc_column][\/vc_row][vc_row css=\u00a0\u00bb.vc_custom_1470702561349{margin-top: 0px&hellip; <a class=\"more-link\" href=\"https:\/\/marataonline.com\/fr\/products\/chilies\/ancho\/\">Continue reading <span class=\"screen-reader-text\">Ancho<\/span><\/a><\/p>\n","protected":false},"author":1,"featured_media":0,"parent":1851,"menu_order":0,"comment_status":"closed","ping_status":"closed","template":"","meta":{"footnotes":""},"class_list":["post-1857","page","type-page","status-publish","hentry","entry"],"aioseo_notices":[],"_links":{"self":[{"href":"https:\/\/marataonline.com\/fr\/wp-json\/wp\/v2\/pages\/1857","targetHints":{"allow":["GET"]}}],"collection":[{"href":"https:\/\/marataonline.com\/fr\/wp-json\/wp\/v2\/pages"}],"about":[{"href":"https:\/\/marataonline.com\/fr\/wp-json\/wp\/v2\/types\/page"}],"author":[{"embeddable":true,"href":"https:\/\/marataonline.com\/fr\/wp-json\/wp\/v2\/users\/1"}],"replies":[{"embeddable":true,"href":"https:\/\/marataonline.com\/fr\/wp-json\/wp\/v2\/comments?post=1857"}],"version-history":[{"count":0,"href":"https:\/\/marataonline.com\/fr\/wp-json\/wp\/v2\/pages\/1857\/revisions"}],"up":[{"embeddable":true,"href":"https:\/\/marataonline.com\/fr\/wp-json\/wp\/v2\/pages\/1851"}],"wp:attachment":[{"href":"https:\/\/marataonline.com\/fr\/wp-json\/wp\/v2\/media?parent=1857"}],"curies":[{"name":"wp","href":"https:\/\/api.w.org\/{rel}","templated":true}]}}