{"id":1876,"date":"2016-08-31T11:28:57","date_gmt":"2016-08-31T17:28:57","guid":{"rendered":"https:\/\/marataonline.com\/fr\/?page_id=1876"},"modified":"2016-08-31T15:37:59","modified_gmt":"2016-08-31T21:37:59","slug":"chipotle-mora","status":"publish","type":"page","link":"https:\/\/marataonline.com\/fr\/products\/chilies\/chipotle-mora\/","title":{"rendered":"Chipotle Mora"},"content":{"rendered":"<div class=\"wpb-content-wrapper\"><p>[vc_row css=\u00a0\u00bb.vc_custom_1470700463250{margin-top: 0px !important;margin-bottom: 0px !important;border-top-width: 0px !important;border-bottom-width: 0px !important;padding-top: 25px !important;padding-bottom: 10px !important;}\u00a0\u00bb][vc_column][vc_single_image image=\u00a0\u00bb445&Prime; img_size=\u00a0\u00bb170&#215;170&Prime; alignment=\u00a0\u00bbcenter\u00a0\u00bb][\/vc_column][\/vc_row][vc_row css=\u00a0\u00bb.vc_custom_1470700589617{margin-bottom: 0px !important;border-bottom-width: 0px !important;padding-top: 20px !important;padding-bottom: 20px !important;}\u00a0\u00bb][vc_column css=\u00a0\u00bb.vc_custom_1470700607924{margin-bottom: 0px !important;border-bottom-width: 0px !important;padding-bottom: 0px !important;}\u00a0\u00bb][vc_custom_heading text=\u00a0\u00bbChipotle Mora (Piments Serrano)\u00a0\u00bb font_container=\u00a0\u00bbtag:h2|text_align:center|color:%23ffffff\u00a0\u00bb use_theme_fonts=\u00a0\u00bbyes\u00a0\u00bb css=\u00a0\u00bb.vc_custom_1472678929612{margin-right: 0px !important;margin-bottom: 0px !important;margin-left: 0px !important;border-right-width: 0px !important;border-bottom-width: 0px !important;border-left-width: 0px !important;background-color: rgba(10,10,10,0.5) !important;*background-color: rgb(10,10,10) !important;}\u00a0\u00bb][\/vc_column][\/vc_row][vc_row css=\u00a0\u00bb.vc_custom_1470702561349{margin-top: 0px !important;margin-bottom: 0px !important;border-top-width: 0px !important;border-bottom-width: 0px !important;padding-top: 0px !important;padding-bottom: 25px !important;}\u00a0\u00bb][vc_column css=\u00a0\u00bb.vc_custom_1470700708882{margin-top: 0px !important;margin-bottom: 0px !important;border-top-width: 0px !important;border-bottom-width: 0px !important;padding-top: 0px !important;}\u00a0\u00bb][vc_column_text css=\u00a0\u00bb.vc_custom_1472678954784{margin-top: 0px !important;border-top-width: 0px !important;padding-top: 10px !important;}\u00a0\u00bb]<\/p>\n<p style=\"text-align: justify;\"><span style=\"color: #666666;\">Les poivres Chipotle Mora sont fum\u00e9s, s\u00e9ch\u00e9s piments serrano. Les Piments Serrano sont verts pendant la majeure partie de la saison de croissance, mais deviennent\u00a0 rouge \u00e0 l\u2019automne. Pour chipotle mora, les poivrons sont autoris\u00e9s \u00e0 rester sur le plant jusqu&rsquo;\u00e0 ce qu\u2019ils deviennent\u00a0 enti\u00e8rement rouges et commencent \u00e0 s\u00e9cher. Ces serranos rouges profonds sont fum\u00e9s pendant des jours jusqu&rsquo;\u00e0 ce qu\u2019il devienne\u00a0 compl\u00e8tement sec. Il faut environ 5 Kg de serranos pour produire 500 grammes de chipotle mora.<\/span><\/p>\n<p style=\"text-align: justify;\"><span style=\"color: #666666;\">Les Azt\u00e8ques savaient que certaines sortes de piments charnues, aujourd&rsquo;hui connues comme serranos, ne pourraient pas \u00eatre pr\u00e9serv\u00e9s par s\u00e9chage. \u00c0 cause de cela, ils ont essay\u00e9 la m\u00eame m\u00e9thode qui a \u00e9t\u00e9 utilis\u00e9e avec succ\u00e8s sur la viande et le poisson : ils ont s\u00e9ch\u00e9 les piments \u00e0 l\u2019aide de la\u00a0 fum\u00e9e. Dans de nombreuses r\u00e9gions du Mexique, la fum\u00e9e est g\u00e9r\u00e9e comme cette m\u00e9thode ancestrale fiable : les\u00a0 puits sont creus\u00e9s, et sont reli\u00e9s par un tunnel sous terrain. Dans l\u2019une de ces fosses un feu est allum\u00e9, dans l\u2019autre on a les piments se trouvant sur un support m\u00e9tallique.on laisse la\u00a0 fum\u00e9e aller sur les flocons de piments forts, donc ils sont s\u00e9ch\u00e9s et fum\u00e9s en m\u00eame temps. Pour les fumeurs, ils utilisent le bois des arbres de noix de p\u00e9can, ce qui lui donne son go\u00fbt unique typique.<\/span><\/p>\n<p style=\"text-align: justify;\"><span style=\"color: #666666;\">Aujourd&rsquo;hui encore, la m\u00eame proc\u00e9dure est utilis\u00e9e mais avec fum\u00e9e fours 50x50M, au lieu de fosses, qui s\u2019\u00e9tendent au-dessus de la zone de r\u00e9colte enti\u00e8re.<\/span><\/p>\n<p style=\"text-align: justify;\"><span style=\"color: #666666;\">Les Piments de chipotleMora sont fabriqu\u00e9s principalement \u00e0 Chihuahua, au Mexique. Chipotle mora est le nom donn\u00e9 \u00e0 des poivrons produits \u00e0 Chihuahua. Par cons\u00e9quent, notre partenaire de production est situ\u00e9 \u00e0 Chihuahua. Les Poivrons produits dans d\u2019autres endroits ont des couleurs diff\u00e9rentes. Mora signifie \u00ab Purple One \u00bb en espagnol et se r\u00e9f\u00e8re \u00e0 la mora chipotle rouge profond, presque violet qui est la vari\u00e9t\u00e9 commune. Les Autres piments peuvent \u00eatre fum\u00e9s et s\u00e9ch\u00e9s mais seulement fum\u00e9s, les\u00a0 serranos rouges sont appel\u00e9s chipotle mora.<\/span><\/p>\n<p>[\/vc_column_text][rd_line type=\u00a0\u00bbrd_line_dashed\u00a0\u00bb color=\u00a0\u00bb#666666&Prime; line_pos=\u00a0\u00bbcenter\u00a0\u00bb][vc_custom_heading text=\u00a0\u00bbSt\u00e9rilis\u00e9 \u00e0 la demande\u00a0\u00bb font_container=\u00a0\u00bbtag:h3|text_align:left\u00a0\u00bb use_theme_fonts=\u00a0\u00bbyes\u00a0\u00bb css=\u00a0\u00bb.vc_custom_1472678968904{margin-top: 0px !important;margin-bottom: 0px !important;border-top-width: 0px !important;border-bottom-width: 0px !important;padding-top: 20px !important;padding-bottom: 20px !important;}\u00a0\u00bb][vc_row_inner][vc_column_inner width=\u00a0\u00bb1\/2&Prime;][vc_column_text]<strong>Am\u00e9rique du Nord<\/strong><br \/>\n&#8211; Trait\u00e9 \u00e0 la vapeur (Californie &amp; Mid-West)<br \/>\n&#8211; Trait\u00e9 par ETO<br \/>\n-Trait\u00e9 par Gamma[\/vc_column_text][\/vc_column_inner][vc_column_inner width=\u00a0\u00bb1\/2&Prime;][vc_column_text]<strong>L\u2019Europe<\/strong><br \/>\n-Trait\u00e9 \u00e0 la vapeur (Hambourg)[\/vc_column_text][\/vc_column_inner][\/vc_row_inner][rd_line type=\u00a0\u00bbrd_line_dashed\u00a0\u00bb color=\u00a0\u00bb#666666&Prime; line_pos=\u00a0\u00bbcenter\u00a0\u00bb][\/vc_column][\/vc_row][vc_row css=\u00a0\u00bb.vc_custom_1470701737131{margin-top: 0px !important;margin-bottom: 0px !important;border-top-width: 0px !important;border-bottom-width: 0px !important;padding-bottom: 40px !important;}\u00a0\u00bb][vc_column width=\u00a0\u00bb1\/6&Prime;][vc_single_image image=\u00a0\u00bb571&Prime; img_size=\u00a0\u00bb80X80&Prime; alignment=\u00a0\u00bbcenter\u00a0\u00bb style=\u00a0\u00bbvc_box_rounded\u00a0\u00bb css=\u00a0\u00bb.vc_custom_1470704274285{margin-top: 20px !important;margin-bottom: 10px !important;border-bottom-width: 0px !important;}\u00a0\u00bb][vc_custom_heading text=\u00a0\u00bbEntiers\u00a0\u00bb font_container=\u00a0\u00bbtag:h5|text_align:center|color:%23414141&Prime; google_fonts=\u00a0\u00bbfont_family:Signika%3A300%2Cregular%2C600%2C700|font_style:400%20regular%3A400%3Anormal\u00a0\u00bb css=\u00a0\u00bb.vc_custom_1472678994748{margin-top: 0px !important;margin-bottom: 10px !important;border-top-width: 0px !important;border-bottom-width: 0px !important;}\u00a0\u00bb][button t_color=\u00a0\u00bb#ffffff\u00a0\u00bb b_color=\u00a0\u00bb#34a9c6&Prime; t_hover_color=\u00a0\u00bb#414141&Prime; b_hover_color=\u00a0\u00bb#ffda8a\u00a0\u00bb radius=\u00a0\u00bb5&Prime; font_weight=\u00a0\u00bb300&Prime; url=\u00a0\u00bbhttps:\/\/marataonline.com\/pdfs\/chipotlemora\/chipotlemorawholespecs.pdf\u00a0\u00bb target=\u00a0\u00bbyes\u00a0\u00bb position=\u00a0\u00bbta_center\u00a0\u00bb mb=\u00a0\u00bb5&Prime;]Specs[\/button][button t_color=\u00a0\u00bb#ffffff\u00a0\u00bb b_color=\u00a0\u00bb#34a9c6&Prime; t_hover_color=\u00a0\u00bb#414141&Prime; b_hover_color=\u00a0\u00bb#ffda8a\u00a0\u00bb radius=\u00a0\u00bb5&Prime; font_weight=\u00a0\u00bb300&Prime; url=\u00a0\u00bbhttps:\/\/marataonline.com\/pdfs\/chipotlemora\/chipotlemorawholemsds.pdf\u00a0\u00bb target=\u00a0\u00bbyes\u00a0\u00bb position=\u00a0\u00bbta_center\u00a0\u00bb]MSDS[\/button][\/vc_column][vc_column width=\u00a0\u00bb1\/6&Prime;][vc_single_image image=\u00a0\u00bb572&Prime; img_size=\u00a0\u00bb80X80&Prime; alignment=\u00a0\u00bbcenter\u00a0\u00bb style=\u00a0\u00bbvc_box_rounded\u00a0\u00bb css=\u00a0\u00bb.vc_custom_1470704286747{margin-top: 20px !important;margin-bottom: 10px !important;border-bottom-width: 0px !important;}\u00a0\u00bb][vc_custom_heading text=\u00a0\u00bbEntiers sans tige\u00a0\u00bb font_container=\u00a0\u00bbtag:h5|text_align:center|color:%23414141&Prime; google_fonts=\u00a0\u00bbfont_family:Signika%3A300%2Cregular%2C600%2C700|font_style:400%20regular%3A400%3Anormal\u00a0\u00bb css=\u00a0\u00bb.vc_custom_1472679002542{margin-top: 0px !important;margin-bottom: 10px !important;border-top-width: 0px !important;border-bottom-width: 0px !important;}\u00a0\u00bb][button t_color=\u00a0\u00bb#ffffff\u00a0\u00bb b_color=\u00a0\u00bb#34a9c6&Prime; t_hover_color=\u00a0\u00bb#414141&Prime; b_hover_color=\u00a0\u00bb#ffda8a\u00a0\u00bb radius=\u00a0\u00bb5&Prime; font_weight=\u00a0\u00bb300&Prime; url=\u00a0\u00bbhttps:\/\/marataonline.com\/pdfs\/chipotlemora\/chipotlemorastemlessspecs.pdf\u00a0\u00bb target=\u00a0\u00bbyes\u00a0\u00bb position=\u00a0\u00bbta_center\u00a0\u00bb mb=\u00a0\u00bb5&Prime;]Specs[\/button][button t_color=\u00a0\u00bb#ffffff\u00a0\u00bb b_color=\u00a0\u00bb#34a9c6&Prime; t_hover_color=\u00a0\u00bb#414141&Prime; b_hover_color=\u00a0\u00bb#ffda8a\u00a0\u00bb radius=\u00a0\u00bb5&Prime; font_weight=\u00a0\u00bb300&Prime; url=\u00a0\u00bbhttps:\/\/marataonline.com\/pdfs\/chipotlemora\/chipotlemorastemlessmsds.pdf\u00a0\u00bb target=\u00a0\u00bbyes\u00a0\u00bb position=\u00a0\u00bbta_center\u00a0\u00bb]MSDS[\/button][\/vc_column][vc_column width=\u00a0\u00bb1\/6&Prime;][vc_single_image image=\u00a0\u00bb573&Prime; img_size=\u00a0\u00bb80X80&Prime; alignment=\u00a0\u00bbcenter\u00a0\u00bb style=\u00a0\u00bbvc_box_rounded\u00a0\u00bb css=\u00a0\u00bb.vc_custom_1470704300588{margin-top: 20px !important;margin-bottom: 10px !important;border-bottom-width: 0px !important;}\u00a0\u00bb][vc_custom_heading text=\u00a0\u00bbD\u00e9s 6mm sans p\u00e9pins\u00a0\u00bb font_container=\u00a0\u00bbtag:h5|text_align:center|color:%23414141&Prime; google_fonts=\u00a0\u00bbfont_family:Signika%3A300%2Cregular%2C600%2C700|font_style:400%20regular%3A400%3Anormal\u00a0\u00bb css=\u00a0\u00bb.vc_custom_1472679023940{margin-top: 0px !important;margin-bottom: 10px !important;border-top-width: 0px !important;border-bottom-width: 0px !important;}\u00a0\u00bb][button t_color=\u00a0\u00bb#ffffff\u00a0\u00bb b_color=\u00a0\u00bb#34a9c6&Prime; t_hover_color=\u00a0\u00bb#414141&Prime; b_hover_color=\u00a0\u00bb#ffda8a\u00a0\u00bb radius=\u00a0\u00bb5&Prime; font_weight=\u00a0\u00bb300&Prime; url=\u00a0\u00bbhttps:\/\/marataonline.com\/pdfs\/chipotlemora\/chipotlemoraseedlessspecs.pdf\u00a0\u00bb target=\u00a0\u00bbyes\u00a0\u00bb position=\u00a0\u00bbta_center\u00a0\u00bb mb=\u00a0\u00bb5&Prime;]Specs[\/button][button t_color=\u00a0\u00bb#ffffff\u00a0\u00bb b_color=\u00a0\u00bb#34a9c6&Prime; t_hover_color=\u00a0\u00bb#414141&Prime; b_hover_color=\u00a0\u00bb#ffda8a\u00a0\u00bb radius=\u00a0\u00bb5&Prime; font_weight=\u00a0\u00bb300&Prime; url=\u00a0\u00bbhttps:\/\/marataonline.com\/pdfs\/chipotlemora\/chipotlemoraseedlessmsds.pdf\u00a0\u00bb target=\u00a0\u00bbyes\u00a0\u00bb position=\u00a0\u00bbta_center\u00a0\u00bb]MSDS[\/button][\/vc_column][vc_column width=\u00a0\u00bb1\/6&Prime;][vc_single_image image=\u00a0\u00bb581&Prime; img_size=\u00a0\u00bb80X80&Prime; alignment=\u00a0\u00bbcenter\u00a0\u00bb style=\u00a0\u00bbvc_box_rounded\u00a0\u00bb css=\u00a0\u00bb.vc_custom_1470704545276{margin-top: 20px !important;margin-bottom: 10px !important;border-bottom-width: 0px !important;}\u00a0\u00bb][vc_custom_heading text=\u00a0\u00bbFlocons -4 +8&Prime; font_container=\u00a0\u00bbtag:h5|text_align:center|color:%23414141&Prime; google_fonts=\u00a0\u00bbfont_family:Signika%3A300%2Cregular%2C600%2C700|font_style:400%20regular%3A400%3Anormal\u00a0\u00bb css=\u00a0\u00bb.vc_custom_1472679147017{margin-top: 0px !important;margin-bottom: 10px !important;border-top-width: 0px !important;border-bottom-width: 0px !important;}\u00a0\u00bb][button t_color=\u00a0\u00bb#ffffff\u00a0\u00bb b_color=\u00a0\u00bb#34a9c6&Prime; t_hover_color=\u00a0\u00bb#414141&Prime; b_hover_color=\u00a0\u00bb#ffda8a\u00a0\u00bb radius=\u00a0\u00bb5&Prime; font_weight=\u00a0\u00bb300&Prime; url=\u00a0\u00bbhttps:\/\/marataonline.com\/pdfs\/chipotlemora\/chipotlemoraflakesspecs.pdf\u00a0\u00bb target=\u00a0\u00bbyes\u00a0\u00bb position=\u00a0\u00bbta_center\u00a0\u00bb mb=\u00a0\u00bb5&Prime;]Specs[\/button][button t_color=\u00a0\u00bb#ffffff\u00a0\u00bb b_color=\u00a0\u00bb#34a9c6&Prime; t_hover_color=\u00a0\u00bb#414141&Prime; b_hover_color=\u00a0\u00bb#ffda8a\u00a0\u00bb radius=\u00a0\u00bb5&Prime; font_weight=\u00a0\u00bb300&Prime; url=\u00a0\u00bbhttps:\/\/marataonline.com\/pdfs\/chipotlemora\/chipotlemoraflakesmsds.pdf\u00a0\u00bb target=\u00a0\u00bbyes\u00a0\u00bb position=\u00a0\u00bbta_center\u00a0\u00bb]MSDS[\/button][\/vc_column][vc_column width=\u00a0\u00bb1\/6&Prime;][vc_single_image image=\u00a0\u00bb575&Prime; img_size=\u00a0\u00bb80X80&Prime; alignment=\u00a0\u00bbcenter\u00a0\u00bb style=\u00a0\u00bbvc_box_rounded\u00a0\u00bb css=\u00a0\u00bb.vc_custom_1470704318810{margin-top: 20px !important;margin-bottom: 10px !important;border-bottom-width: 0px !important;}\u00a0\u00bb][vc_custom_heading text=\u00a0\u00bbGranul\u00e9s -8 +20&Prime; font_container=\u00a0\u00bbtag:h5|text_align:center|color:%23414141&Prime; google_fonts=\u00a0\u00bbfont_family:Signika%3A300%2Cregular%2C600%2C700|font_style:400%20regular%3A400%3Anormal\u00a0\u00bb css=\u00a0\u00bb.vc_custom_1472679045754{margin-top: 0px !important;margin-bottom: 10px !important;border-top-width: 0px !important;border-bottom-width: 0px !important;}\u00a0\u00bb][button t_color=\u00a0\u00bb#ffffff\u00a0\u00bb b_color=\u00a0\u00bb#34a9c6&Prime; t_hover_color=\u00a0\u00bb#414141&Prime; b_hover_color=\u00a0\u00bb#ffda8a\u00a0\u00bb radius=\u00a0\u00bb5&Prime; font_weight=\u00a0\u00bb300&Prime; url=\u00a0\u00bbhttps:\/\/marataonline.com\/pdfs\/chipotlemora\/chipotlemoragranulesspecs.pdf\u00a0\u00bb target=\u00a0\u00bbyes\u00a0\u00bb position=\u00a0\u00bbta_center\u00a0\u00bb mb=\u00a0\u00bb5&Prime;]Specs[\/button][\/vc_column][vc_column width=\u00a0\u00bb1\/6&Prime;][vc_single_image image=\u00a0\u00bb576&Prime; img_size=\u00a0\u00bb80X80&Prime; alignment=\u00a0\u00bbcenter\u00a0\u00bb style=\u00a0\u00bbvc_box_rounded\u00a0\u00bb css=\u00a0\u00bb.vc_custom_1470704327881{margin-top: 20px !important;margin-bottom: 10px !important;border-bottom-width: 0px !important;}\u00a0\u00bb][vc_custom_heading text=\u00a0\u00bbPoudres USS 40&Prime; font_container=\u00a0\u00bbtag:h5|text_align:center|color:%23414141&Prime; google_fonts=\u00a0\u00bbfont_family:Signika%3A300%2Cregular%2C600%2C700|font_style:400%20regular%3A400%3Anormal\u00a0\u00bb css=\u00a0\u00bb.vc_custom_1472679052740{margin-top: 0px !important;margin-bottom: 10px !important;border-top-width: 0px !important;border-bottom-width: 0px !important;}\u00a0\u00bb][button t_color=\u00a0\u00bb#ffffff\u00a0\u00bb b_color=\u00a0\u00bb#34a9c6&Prime; t_hover_color=\u00a0\u00bb#414141&Prime; b_hover_color=\u00a0\u00bb#ffda8a\u00a0\u00bb radius=\u00a0\u00bb5&Prime; font_weight=\u00a0\u00bb300&Prime; url=\u00a0\u00bbhttps:\/\/marataonline.com\/pdfs\/chipotlemora\/chipotlemorapowderspecs.pdf\u00a0\u00bb target=\u00a0\u00bbyes\u00a0\u00bb position=\u00a0\u00bbta_center\u00a0\u00bb mb=\u00a0\u00bb5&Prime;]Specs[\/button][\/vc_column][\/vc_row][vc_row css=\u00a0\u00bb.vc_custom_1470702000839{padding-top: 25px !important;}\u00a0\u00bb][vc_column][button use_icon=\u00a0\u00bbyes\u00a0\u00bb icon_color=\u00a0\u00bb#ffffff\u00a0\u00bb t_color=\u00a0\u00bb#ffffff\u00a0\u00bb b_color=\u00a0\u00bb#666666&Prime; radius=\u00a0\u00bb5&Prime; font_weight=\u00a0\u00bb500&Prime; url=\u00a0\u00bbhttps:\/\/www.marataonline.com\/fr\/chilies\/\u00a0\u00bb position=\u00a0\u00bbta_center\u00a0\u00bb icon=\u00a0\u00bbcl-left33&Prime;]RETOURNER[\/button][\/vc_column][\/vc_row]<\/p>\n<\/div>","protected":false},"excerpt":{"rendered":"<p>[vc_row css=\u00a0\u00bb.vc_custom_1470700463250{margin-top: 0px !important;margin-bottom: 0px !important;border-top-width: 0px !important;border-bottom-width: 0px !important;padding-top: 25px !important;padding-bottom: 10px !important;}\u00a0\u00bb][vc_column][vc_single_image image=\u00a0\u00bb445&Prime; img_size=\u00a0\u00bb170&#215;170&Prime; alignment=\u00a0\u00bbcenter\u00a0\u00bb][\/vc_column][\/vc_row][vc_row css=\u00a0\u00bb.vc_custom_1470700589617{margin-bottom: 0px !important;border-bottom-width: 0px !important;padding-top: 20px !important;padding-bottom: 20px !important;}\u00a0\u00bb][vc_column css=\u00a0\u00bb.vc_custom_1470700607924{margin-bottom: 0px !important;border-bottom-width: 0px !important;padding-bottom: 0px !important;}\u00a0\u00bb][vc_custom_heading text=\u00a0\u00bbChipotle Mora (Piments Serrano)\u00a0\u00bb font_container=\u00a0\u00bbtag:h2|text_align:center|color:%23ffffff\u00a0\u00bb use_theme_fonts=\u00a0\u00bbyes\u00a0\u00bb css=\u00a0\u00bb.vc_custom_1472678929612{margin-right: 0px !important;margin-bottom: 0px !important;margin-left: 0px !important;border-right-width: 0px !important;border-bottom-width: 0px !important;border-left-width: 0px !important;background-color: rgba(10,10,10,0.5) !important;*background-color: rgb(10,10,10)&hellip; <a class=\"more-link\" href=\"https:\/\/marataonline.com\/fr\/products\/chilies\/chipotle-mora\/\">Continue reading <span class=\"screen-reader-text\">Chipotle Mora<\/span><\/a><\/p>\n","protected":false},"author":1,"featured_media":0,"parent":1851,"menu_order":0,"comment_status":"closed","ping_status":"closed","template":"","meta":{"footnotes":""},"class_list":["post-1876","page","type-page","status-publish","hentry","entry"],"aioseo_notices":[],"_links":{"self":[{"href":"https:\/\/marataonline.com\/fr\/wp-json\/wp\/v2\/pages\/1876","targetHints":{"allow":["GET"]}}],"collection":[{"href":"https:\/\/marataonline.com\/fr\/wp-json\/wp\/v2\/pages"}],"about":[{"href":"https:\/\/marataonline.com\/fr\/wp-json\/wp\/v2\/types\/page"}],"author":[{"embeddable":true,"href":"https:\/\/marataonline.com\/fr\/wp-json\/wp\/v2\/users\/1"}],"replies":[{"embeddable":true,"href":"https:\/\/marataonline.com\/fr\/wp-json\/wp\/v2\/comments?post=1876"}],"version-history":[{"count":0,"href":"https:\/\/marataonline.com\/fr\/wp-json\/wp\/v2\/pages\/1876\/revisions"}],"up":[{"embeddable":true,"href":"https:\/\/marataonline.com\/fr\/wp-json\/wp\/v2\/pages\/1851"}],"wp:attachment":[{"href":"https:\/\/marataonline.com\/fr\/wp-json\/wp\/v2\/media?parent=1876"}],"curies":[{"name":"wp","href":"https:\/\/api.w.org\/{rel}","templated":true}]}}