{"id":1885,"date":"2016-08-31T11:31:27","date_gmt":"2016-08-31T17:31:27","guid":{"rendered":"https:\/\/marataonline.com\/fr\/?page_id=1885"},"modified":"2016-08-31T16:04:40","modified_gmt":"2016-08-31T22:04:40","slug":"paprika","status":"publish","type":"page","link":"https:\/\/marataonline.com\/fr\/products\/chilies\/paprika\/","title":{"rendered":"Paprika"},"content":{"rendered":"<div class=\"wpb-content-wrapper\"><p>[vc_row css=\u00a0\u00bb.vc_custom_1470700463250{margin-top: 0px !important;margin-bottom: 0px !important;border-top-width: 0px !important;border-bottom-width: 0px !important;padding-top: 25px !important;padding-bottom: 10px !important;}\u00a0\u00bb][vc_column][vc_single_image image=\u00a0\u00bb465&Prime; img_size=\u00a0\u00bb170&#215;170&Prime; alignment=\u00a0\u00bbcenter\u00a0\u00bb][\/vc_column][\/vc_row][vc_row css=\u00a0\u00bb.vc_custom_1470700589617{margin-bottom: 0px !important;border-bottom-width: 0px !important;padding-top: 20px !important;padding-bottom: 20px !important;}\u00a0\u00bb][vc_column css=\u00a0\u00bb.vc_custom_1470700607924{margin-bottom: 0px !important;border-bottom-width: 0px !important;padding-bottom: 0px !important;}\u00a0\u00bb][vc_custom_heading text=\u00a0\u00bbPaprika\u00a0\u00bb font_container=\u00a0\u00bbtag:h2|text_align:center|color:%23ffffff\u00a0\u00bb use_theme_fonts=\u00a0\u00bbyes\u00a0\u00bb css=\u00a0\u00bb.vc_custom_1470785557969{margin-right: 0px !important;margin-bottom: 0px !important;margin-left: 0px !important;border-right-width: 0px !important;border-bottom-width: 0px !important;border-left-width: 0px !important;background-color: rgba(10,10,10,0.5) !important;*background-color: rgb(10,10,10) !important;}\u00a0\u00bb][\/vc_column][\/vc_row][vc_row css=\u00a0\u00bb.vc_custom_1470702561349{margin-top: 0px !important;margin-bottom: 0px !important;border-top-width: 0px !important;border-bottom-width: 0px !important;padding-top: 0px !important;padding-bottom: 25px !important;}\u00a0\u00bb][vc_column css=\u00a0\u00bb.vc_custom_1470700708882{margin-top: 0px !important;margin-bottom: 0px !important;border-top-width: 0px !important;border-bottom-width: 0px !important;padding-top: 0px !important;}\u00a0\u00bb][vc_column_text css=\u00a0\u00bb.vc_custom_1472680977193{margin-top: 0px !important;border-top-width: 0px !important;padding-top: 10px !important;}\u00a0\u00bb]Est un piment doux avec une large gamme de couleurs, allant du 70-200(Asta). Paprika est produit dans un certain nombre d\u2019endroits, y compris la Hongrie, la Serbie, l\u2019Espagne, le P\u00e9rou, le Mexique et en Californie. Paprika est principalement utilis\u00e9 pour\u00a0 les riz de couleur, les rago\u00fbts et les soupes, comme le goulasch et dans la pr\u00e9paration de saucisses comme ingr\u00e9dient qui est m\u00e9lang\u00e9e avec les viandes et autres \u00e9pices. Aux \u00c9tats-Unis, paprika est souvent saupoudr\u00e9 sur les aliments comme garniture, mais la saveur est plus efficacement obtenue en chauffant doucement dans l\u2019huile. Paprika espagnol (pimenton) est disponible en trois versions, l\u00e9g\u00e8re (pimenton dulce), moyennement \u00e9pic\u00e9 (piment\u00f3n agridulce) et tr\u00e8s \u00e9pic\u00e9 (piment\u00f3n picante). Certains paprikas espagnols, y compris les \u00ab Piment\u00f3n de la Vera \u00bb ont une saveur de\u00a0 smokey\u00a0 et l\u2019ar\u00f4me comme il est s\u00e9ch\u00e9 par le tabagisme, g\u00e9n\u00e9ralement \u00e0 l\u2019aide de bois de ch\u00eane.[\/vc_column_text][rd_line type=\u00a0\u00bbrd_line_dashed\u00a0\u00bb color=\u00a0\u00bb#666666&Prime; line_pos=\u00a0\u00bbcenter\u00a0\u00bb][vc_custom_heading text=\u00a0\u00bbSt\u00e9rilis\u00e9 \u00e0 la demande\u00a0\u00bb font_container=\u00a0\u00bbtag:h3|text_align:left\u00a0\u00bb use_theme_fonts=\u00a0\u00bbyes\u00a0\u00bb css=\u00a0\u00bb.vc_custom_1472681002865{margin-top: 0px !important;margin-bottom: 0px !important;border-top-width: 0px !important;border-bottom-width: 0px !important;padding-top: 20px !important;padding-bottom: 20px !important;}\u00a0\u00bb][vc_row_inner][vc_column_inner width=\u00a0\u00bb1\/2&Prime;][vc_column_text]<strong>Am\u00e9rique du Nord<\/strong><br \/>\n&#8211; Trait\u00e9 \u00e0 la vapeur (Californie &amp; Mid-West)<br \/>\n&#8211; Trait\u00e9 par ETO<br \/>\n-Trait\u00e9 par Gamma[\/vc_column_text][\/vc_column_inner][vc_column_inner width=\u00a0\u00bb1\/2&Prime;][vc_column_text]<strong>L\u2019Europe<\/strong><br \/>\n-Trait\u00e9 \u00e0 la vapeur (Hambourg)[\/vc_column_text][\/vc_column_inner][\/vc_row_inner][rd_line type=\u00a0\u00bbrd_line_dashed\u00a0\u00bb color=\u00a0\u00bb#666666&Prime; line_pos=\u00a0\u00bbcenter\u00a0\u00bb][\/vc_column][\/vc_row][vc_row css=\u00a0\u00bb.vc_custom_1470701737131{margin-top: 0px !important;margin-bottom: 0px !important;border-top-width: 0px !important;border-bottom-width: 0px !important;padding-bottom: 40px !important;}\u00a0\u00bb][vc_column width=\u00a0\u00bb1\/6&Prime;][vc_single_image image=\u00a0\u00bb641&Prime; img_size=\u00a0\u00bb80X80&Prime; alignment=\u00a0\u00bbcenter\u00a0\u00bb style=\u00a0\u00bbvc_box_rounded\u00a0\u00bb css=\u00a0\u00bb.vc_custom_1470785612816{margin-top: 20px !important;margin-bottom: 10px !important;border-bottom-width: 0px !important;}\u00a0\u00bb][vc_custom_heading text=\u00a0\u00bbEntiers\u00a0\u00bb font_container=\u00a0\u00bbtag:h5|text_align:center|color:%23414141&Prime; google_fonts=\u00a0\u00bbfont_family:Signika%3A300%2Cregular%2C600%2C700|font_style:400%20regular%3A400%3Anormal\u00a0\u00bb css=\u00a0\u00bb.vc_custom_1472681034000{margin-top: 0px !important;margin-bottom: 10px !important;border-top-width: 0px !important;border-bottom-width: 0px !important;}\u00a0\u00bb][button t_color=\u00a0\u00bb#ffffff\u00a0\u00bb b_color=\u00a0\u00bb#34a9c6&Prime; t_hover_color=\u00a0\u00bb#414141&Prime; b_hover_color=\u00a0\u00bb#ffda8a\u00a0\u00bb radius=\u00a0\u00bb5&Prime; font_weight=\u00a0\u00bb300&Prime; url=\u00a0\u00bbhttps:\/\/marataonline.com\/pdfs\/paprika\/paprikawholespecs.pdf\u00a0\u00bb target=\u00a0\u00bbyes\u00a0\u00bb position=\u00a0\u00bbta_center\u00a0\u00bb mb=\u00a0\u00bb5&Prime;]Specs[\/button][button t_color=\u00a0\u00bb#ffffff\u00a0\u00bb b_color=\u00a0\u00bb#34a9c6&Prime; t_hover_color=\u00a0\u00bb#414141&Prime; b_hover_color=\u00a0\u00bb#ffda8a\u00a0\u00bb radius=\u00a0\u00bb5&Prime; font_weight=\u00a0\u00bb300&Prime; url=\u00a0\u00bbhttps:\/\/marataonline.com\/pdfs\/paprika\/paprikawholemsds.pdf\u00a0\u00bb target=\u00a0\u00bbyes\u00a0\u00bb position=\u00a0\u00bbta_center\u00a0\u00bb]MSDS[\/button][\/vc_column][vc_column width=\u00a0\u00bb1\/6&Prime;][vc_single_image image=\u00a0\u00bb642&Prime; img_size=\u00a0\u00bb80X80&Prime; alignment=\u00a0\u00bbcenter\u00a0\u00bb style=\u00a0\u00bbvc_box_rounded\u00a0\u00bb css=\u00a0\u00bb.vc_custom_1470785626514{margin-top: 20px !important;margin-bottom: 10px !important;border-bottom-width: 0px !important;}\u00a0\u00bb][vc_custom_heading text=\u00a0\u00bbEntiers sans tige\u00a0\u00bb font_container=\u00a0\u00bbtag:h5|text_align:center|color:%23414141&Prime; google_fonts=\u00a0\u00bbfont_family:Signika%3A300%2Cregular%2C600%2C700|font_style:400%20regular%3A400%3Anormal\u00a0\u00bb css=\u00a0\u00bb.vc_custom_1472681039712{margin-top: 0px !important;margin-bottom: 10px !important;border-top-width: 0px !important;border-bottom-width: 0px !important;}\u00a0\u00bb][button t_color=\u00a0\u00bb#ffffff\u00a0\u00bb b_color=\u00a0\u00bb#34a9c6&Prime; t_hover_color=\u00a0\u00bb#414141&Prime; b_hover_color=\u00a0\u00bb#ffda8a\u00a0\u00bb radius=\u00a0\u00bb5&Prime; font_weight=\u00a0\u00bb300&Prime; url=\u00a0\u00bbhttps:\/\/marataonline.com\/pdfs\/paprika\/paprikastemlessspecs.pdf\u00a0\u00bb target=\u00a0\u00bbyes\u00a0\u00bb position=\u00a0\u00bbta_center\u00a0\u00bb mb=\u00a0\u00bb5&Prime;]Specs[\/button][button t_color=\u00a0\u00bb#ffffff\u00a0\u00bb b_color=\u00a0\u00bb#34a9c6&Prime; t_hover_color=\u00a0\u00bb#414141&Prime; b_hover_color=\u00a0\u00bb#ffda8a\u00a0\u00bb radius=\u00a0\u00bb5&Prime; font_weight=\u00a0\u00bb300&Prime; url=\u00a0\u00bbhttps:\/\/marataonline.com\/pdfs\/paprika\/paprikastemlessmsds.pdf\u00a0\u00bb target=\u00a0\u00bbyes\u00a0\u00bb position=\u00a0\u00bbta_center\u00a0\u00bb]MSDS[\/button][\/vc_column][vc_column width=\u00a0\u00bb1\/6&Prime;][vc_single_image image=\u00a0\u00bb643&Prime; img_size=\u00a0\u00bb80X80&Prime; alignment=\u00a0\u00bbcenter\u00a0\u00bb style=\u00a0\u00bbvc_box_rounded\u00a0\u00bb css=\u00a0\u00bb.vc_custom_1470785639327{margin-top: 20px !important;margin-bottom: 10px !important;border-bottom-width: 0px !important;}\u00a0\u00bb][vc_custom_heading text=\u00a0\u00bbFlocons -4 +8&Prime; font_container=\u00a0\u00bbtag:h5|text_align:center|color:%23414141&Prime; google_fonts=\u00a0\u00bbfont_family:Signika%3A300%2Cregular%2C600%2C700|font_style:400%20regular%3A400%3Anormal\u00a0\u00bb css=\u00a0\u00bb.vc_custom_1472681047964{margin-top: 0px !important;margin-bottom: 10px !important;border-top-width: 0px !important;border-bottom-width: 0px !important;}\u00a0\u00bb][button t_color=\u00a0\u00bb#ffffff\u00a0\u00bb b_color=\u00a0\u00bb#34a9c6&Prime; t_hover_color=\u00a0\u00bb#414141&Prime; b_hover_color=\u00a0\u00bb#ffda8a\u00a0\u00bb radius=\u00a0\u00bb5&Prime; font_weight=\u00a0\u00bb300&Prime; url=\u00a0\u00bbhttps:\/\/marataonline.com\/pdfs\/paprika\/paprikaflakesspecs.pdf\u00a0\u00bb target=\u00a0\u00bbyes\u00a0\u00bb position=\u00a0\u00bbta_center\u00a0\u00bb mb=\u00a0\u00bb5&Prime;]Specs[\/button][button t_color=\u00a0\u00bb#ffffff\u00a0\u00bb b_color=\u00a0\u00bb#34a9c6&Prime; t_hover_color=\u00a0\u00bb#414141&Prime; b_hover_color=\u00a0\u00bb#ffda8a\u00a0\u00bb radius=\u00a0\u00bb5&Prime; font_weight=\u00a0\u00bb300&Prime; url=\u00a0\u00bbhttps:\/\/marataonline.com\/pdfs\/paprika\/paprikaflakesmsds.pdf\u00a0\u00bb target=\u00a0\u00bbyes\u00a0\u00bb position=\u00a0\u00bbta_center\u00a0\u00bb]MSDS[\/button][\/vc_column][vc_column width=\u00a0\u00bb1\/6&Prime;][vc_single_image image=\u00a0\u00bb644&Prime; img_size=\u00a0\u00bb80X80&Prime; alignment=\u00a0\u00bbcenter\u00a0\u00bb style=\u00a0\u00bbvc_box_rounded\u00a0\u00bb css=\u00a0\u00bb.vc_custom_1470785649272{margin-top: 20px !important;margin-bottom: 10px !important;border-bottom-width: 0px !important;}\u00a0\u00bb][vc_custom_heading text=\u00a0\u00bbGranul\u00e9s -8 +20&Prime; font_container=\u00a0\u00bbtag:h5|text_align:center|color:%23414141&Prime; google_fonts=\u00a0\u00bbfont_family:Signika%3A300%2Cregular%2C600%2C700|font_style:400%20regular%3A400%3Anormal\u00a0\u00bb css=\u00a0\u00bb.vc_custom_1472681064493{margin-top: 0px !important;margin-bottom: 10px !important;border-top-width: 0px !important;border-bottom-width: 0px !important;}\u00a0\u00bb][button t_color=\u00a0\u00bb#ffffff\u00a0\u00bb b_color=\u00a0\u00bb#34a9c6&Prime; t_hover_color=\u00a0\u00bb#414141&Prime; b_hover_color=\u00a0\u00bb#ffda8a\u00a0\u00bb radius=\u00a0\u00bb5&Prime; font_weight=\u00a0\u00bb300&Prime; url=\u00a0\u00bbhttps:\/\/marataonline.com\/pdfs\/paprika\/paprikagranulesspecs.pdf\u00a0\u00bb target=\u00a0\u00bbyes\u00a0\u00bb position=\u00a0\u00bbta_center\u00a0\u00bb mb=\u00a0\u00bb5&Prime;]Specs[\/button][button t_color=\u00a0\u00bb#ffffff\u00a0\u00bb b_color=\u00a0\u00bb#34a9c6&Prime; t_hover_color=\u00a0\u00bb#414141&Prime; b_hover_color=\u00a0\u00bb#ffda8a\u00a0\u00bb radius=\u00a0\u00bb5&Prime; font_weight=\u00a0\u00bb300&Prime; url=\u00a0\u00bbhttps:\/\/marataonline.com\/pdfs\/paprika\/paprikagranulesmsds.pdf\u00a0\u00bb target=\u00a0\u00bbyes\u00a0\u00bb position=\u00a0\u00bbta_center\u00a0\u00bb]MSDS[\/button][\/vc_column][vc_column width=\u00a0\u00bb1\/6&Prime;][vc_single_image image=\u00a0\u00bb645&Prime; img_size=\u00a0\u00bb80X80&Prime; alignment=\u00a0\u00bbcenter\u00a0\u00bb style=\u00a0\u00bbvc_box_rounded\u00a0\u00bb css=\u00a0\u00bb.vc_custom_1470785658907{margin-top: 20px !important;margin-bottom: 10px !important;border-bottom-width: 0px !important;}\u00a0\u00bb][vc_custom_heading text=\u00a0\u00bbPoudres USS 40&Prime; font_container=\u00a0\u00bbtag:h5|text_align:center|color:%23414141&Prime; google_fonts=\u00a0\u00bbfont_family:Signika%3A300%2Cregular%2C600%2C700|font_style:400%20regular%3A400%3Anormal\u00a0\u00bb css=\u00a0\u00bb.vc_custom_1472681072457{margin-top: 0px !important;margin-bottom: 10px !important;border-top-width: 0px !important;border-bottom-width: 0px !important;}\u00a0\u00bb][button t_color=\u00a0\u00bb#ffffff\u00a0\u00bb b_color=\u00a0\u00bb#34a9c6&Prime; t_hover_color=\u00a0\u00bb#414141&Prime; b_hover_color=\u00a0\u00bb#ffda8a\u00a0\u00bb radius=\u00a0\u00bb5&Prime; font_weight=\u00a0\u00bb300&Prime; url=\u00a0\u00bbhttps:\/\/marataonline.com\/pdfs\/paprika\/paprikapowderspecs.pdf\u00a0\u00bb target=\u00a0\u00bbyes\u00a0\u00bb position=\u00a0\u00bbta_center\u00a0\u00bb mb=\u00a0\u00bb5&Prime;]Specs[\/button][button t_color=\u00a0\u00bb#ffffff\u00a0\u00bb b_color=\u00a0\u00bb#34a9c6&Prime; t_hover_color=\u00a0\u00bb#414141&Prime; b_hover_color=\u00a0\u00bb#ffda8a\u00a0\u00bb radius=\u00a0\u00bb5&Prime; font_weight=\u00a0\u00bb300&Prime; url=\u00a0\u00bbhttps:\/\/marataonline.com\/pdfs\/paprika\/paprikapowdermsds.pdf\u00a0\u00bb target=\u00a0\u00bbyes\u00a0\u00bb position=\u00a0\u00bbta_center\u00a0\u00bb]MSDS[\/button][\/vc_column][\/vc_row][vc_row css=\u00a0\u00bb.vc_custom_1470702000839{padding-top: 25px !important;}\u00a0\u00bb][vc_column][button use_icon=\u00a0\u00bbyes\u00a0\u00bb icon_color=\u00a0\u00bb#ffffff\u00a0\u00bb t_color=\u00a0\u00bb#ffffff\u00a0\u00bb b_color=\u00a0\u00bb#666666&Prime; radius=\u00a0\u00bb5&Prime; font_weight=\u00a0\u00bb500&Prime; url=\u00a0\u00bbhttps:\/\/www.marataonline.com\/fr\/chilies\/\u00a0\u00bb position=\u00a0\u00bbta_center\u00a0\u00bb icon=\u00a0\u00bbcl-left33&Prime;]RETOURNER[\/button][\/vc_column][\/vc_row]<\/p>\n<\/div>","protected":false},"excerpt":{"rendered":"<p>[vc_row css=\u00a0\u00bb.vc_custom_1470700463250{margin-top: 0px !important;margin-bottom: 0px !important;border-top-width: 0px !important;border-bottom-width: 0px !important;padding-top: 25px !important;padding-bottom: 10px !important;}\u00a0\u00bb][vc_column][vc_single_image image=\u00a0\u00bb465&Prime; img_size=\u00a0\u00bb170&#215;170&Prime; alignment=\u00a0\u00bbcenter\u00a0\u00bb][\/vc_column][\/vc_row][vc_row css=\u00a0\u00bb.vc_custom_1470700589617{margin-bottom: 0px !important;border-bottom-width: 0px !important;padding-top: 20px !important;padding-bottom: 20px !important;}\u00a0\u00bb][vc_column css=\u00a0\u00bb.vc_custom_1470700607924{margin-bottom: 0px !important;border-bottom-width: 0px !important;padding-bottom: 0px !important;}\u00a0\u00bb][vc_custom_heading text=\u00a0\u00bbPaprika\u00a0\u00bb font_container=\u00a0\u00bbtag:h2|text_align:center|color:%23ffffff\u00a0\u00bb use_theme_fonts=\u00a0\u00bbyes\u00a0\u00bb css=\u00a0\u00bb.vc_custom_1470785557969{margin-right: 0px !important;margin-bottom: 0px !important;margin-left: 0px !important;border-right-width: 0px !important;border-bottom-width: 0px !important;border-left-width: 0px !important;background-color: rgba(10,10,10,0.5) !important;*background-color: rgb(10,10,10) !important;}\u00a0\u00bb][\/vc_column][\/vc_row][vc_row css=\u00a0\u00bb.vc_custom_1470702561349{margin-top: 0px&hellip; <a class=\"more-link\" href=\"https:\/\/marataonline.com\/fr\/products\/chilies\/paprika\/\">Continue reading <span class=\"screen-reader-text\">Paprika<\/span><\/a><\/p>\n","protected":false},"author":1,"featured_media":0,"parent":1851,"menu_order":0,"comment_status":"closed","ping_status":"closed","template":"","meta":{"footnotes":""},"class_list":["post-1885","page","type-page","status-publish","hentry","entry"],"aioseo_notices":[],"_links":{"self":[{"href":"https:\/\/marataonline.com\/fr\/wp-json\/wp\/v2\/pages\/1885","targetHints":{"allow":["GET"]}}],"collection":[{"href":"https:\/\/marataonline.com\/fr\/wp-json\/wp\/v2\/pages"}],"about":[{"href":"https:\/\/marataonline.com\/fr\/wp-json\/wp\/v2\/types\/page"}],"author":[{"embeddable":true,"href":"https:\/\/marataonline.com\/fr\/wp-json\/wp\/v2\/users\/1"}],"replies":[{"embeddable":true,"href":"https:\/\/marataonline.com\/fr\/wp-json\/wp\/v2\/comments?post=1885"}],"version-history":[{"count":0,"href":"https:\/\/marataonline.com\/fr\/wp-json\/wp\/v2\/pages\/1885\/revisions"}],"up":[{"embeddable":true,"href":"https:\/\/marataonline.com\/fr\/wp-json\/wp\/v2\/pages\/1851"}],"wp:attachment":[{"href":"https:\/\/marataonline.com\/fr\/wp-json\/wp\/v2\/media?parent=1885"}],"curies":[{"name":"wp","href":"https:\/\/api.w.org\/{rel}","templated":true}]}}