{"id":1893,"date":"2016-08-31T11:33:52","date_gmt":"2016-08-31T17:33:52","guid":{"rendered":"https:\/\/marataonline.com\/fr\/?page_id=1893"},"modified":"2016-08-31T16:34:53","modified_gmt":"2016-08-31T22:34:53","slug":"puya","status":"publish","type":"page","link":"https:\/\/marataonline.com\/fr\/products\/chilies\/puya\/","title":{"rendered":"Puya"},"content":{"rendered":"<div class=\"wpb-content-wrapper\"><p>[vc_row css=\u00a0\u00bb.vc_custom_1470700463250{margin-top: 0px !important;margin-bottom: 0px !important;border-top-width: 0px !important;border-bottom-width: 0px !important;padding-top: 25px !important;padding-bottom: 10px !important;}\u00a0\u00bb][vc_column][vc_single_image image=\u00a0\u00bb474&Prime; img_size=\u00a0\u00bb170&#215;170&Prime; alignment=\u00a0\u00bbcenter\u00a0\u00bb][\/vc_column][\/vc_row][vc_row css=\u00a0\u00bb.vc_custom_1470700589617{margin-bottom: 0px !important;border-bottom-width: 0px !important;padding-top: 20px !important;padding-bottom: 20px !important;}\u00a0\u00bb][vc_column css=\u00a0\u00bb.vc_custom_1470700607924{margin-bottom: 0px !important;border-bottom-width: 0px !important;padding-bottom: 0px !important;}\u00a0\u00bb][vc_custom_heading text=\u00a0\u00bbPuya\u00a0\u00bb font_container=\u00a0\u00bbtag:h2|text_align:center|color:%23ffffff\u00a0\u00bb use_theme_fonts=\u00a0\u00bbyes\u00a0\u00bb css=\u00a0\u00bb.vc_custom_1470863385574{margin-right: 0px !important;margin-bottom: 0px !important;margin-left: 0px !important;border-right-width: 0px !important;border-bottom-width: 0px !important;border-left-width: 0px !important;background-color: rgba(10,10,10,0.5) !important;*background-color: rgb(10,10,10) !important;}\u00a0\u00bb][\/vc_column][\/vc_row][vc_row css=\u00a0\u00bb.vc_custom_1470702561349{margin-top: 0px !important;margin-bottom: 0px !important;border-top-width: 0px !important;border-bottom-width: 0px !important;padding-top: 0px !important;padding-bottom: 25px !important;}\u00a0\u00bb][vc_column css=\u00a0\u00bb.vc_custom_1470700708882{margin-top: 0px !important;margin-bottom: 0px !important;border-top-width: 0px !important;border-bottom-width: 0px !important;padding-top: 0px !important;}\u00a0\u00bb][vc_column_text css=\u00a0\u00bb.vc_custom_1472682808051{margin-top: 0px !important;border-top-width: 0px !important;padding-top: 10px !important;}\u00a0\u00bb]<\/p>\n<p style=\"text-align: justify;\"><span style=\"color: #666666;\">Puya ou pulla piment (capsicum annuum) est un petit et puissant piment mexicain, semblable \u00e0 du piment guajillo, mais plus petit et plus puissant. Il a une saveur fruit\u00e9e. Son d\u00e9gr\u00e9 de chaleur est estim\u00e9 entre 5 000 \u00e0 12 000 Unit\u00e9s de Scoville.<\/span><\/p>\n<p style=\"text-align: justify;\"><span style=\"color: #666666;\">Utilisation sugg\u00e9r\u00e9e :<\/span><\/p>\n<p style=\"text-align: justify;\"><span style=\"color: #666666;\">Commencer par rincer \u00e0 l\u2019eau ti\u00e8de, puis tremper dans de\u00a0 l\u2019eau chaude pendant 10 minutes pour\u00a0 r\u00e9hydrater ou ajouter directement \u00e0 une recette qui va cuire pendant au moins 10 minutes. Pour lib\u00e9rer plus de saveur, faire r\u00f4tir dans un four \u00e0 250 degr\u00e9s pendant 3 ou 4 minutes. Une fois r\u00e9hydrat\u00e9s, couper en d\u00e9s ou pur\u00e9e et enfin ajouter \u00e0 la recette.<\/span><\/p>\n<p>[\/vc_column_text][rd_line type=\u00a0\u00bbrd_line_dashed\u00a0\u00bb color=\u00a0\u00bb#666666&Prime; line_pos=\u00a0\u00bbcenter\u00a0\u00bb][vc_custom_heading text=\u00a0\u00bbSt\u00e9rilis\u00e9 \u00e0 la demande\u00a0\u00bb font_container=\u00a0\u00bbtag:h3|text_align:left\u00a0\u00bb use_theme_fonts=\u00a0\u00bbyes\u00a0\u00bb css=\u00a0\u00bb.vc_custom_1472682816401{margin-top: 0px !important;margin-bottom: 0px !important;border-top-width: 0px !important;border-bottom-width: 0px !important;padding-top: 20px !important;padding-bottom: 20px !important;}\u00a0\u00bb][vc_row_inner][vc_column_inner width=\u00a0\u00bb1\/2&Prime;][vc_column_text]<strong>Am\u00e9rique du Nord<\/strong><br \/>\n&#8211; Trait\u00e9 \u00e0 la vapeur (Californie &amp; Mid-West)<br \/>\n&#8211; Trait\u00e9 par ETO<br \/>\n-Trait\u00e9 par Gamma[\/vc_column_text][\/vc_column_inner][vc_column_inner width=\u00a0\u00bb1\/2&Prime;][vc_column_text]<strong>L\u2019Europe<\/strong><br \/>\n-Trait\u00e9 \u00e0 la vapeur (Hambourg)[\/vc_column_text][\/vc_column_inner][\/vc_row_inner][rd_line type=\u00a0\u00bbrd_line_dashed\u00a0\u00bb color=\u00a0\u00bb#666666&Prime; line_pos=\u00a0\u00bbcenter\u00a0\u00bb][\/vc_column][\/vc_row][vc_row css=\u00a0\u00bb.vc_custom_1470701737131{margin-top: 0px !important;margin-bottom: 0px !important;border-top-width: 0px !important;border-bottom-width: 0px !important;padding-bottom: 40px !important;}\u00a0\u00bb][vc_column width=\u00a0\u00bb1\/6&Prime;][vc_single_image image=\u00a0\u00bb725&Prime; img_size=\u00a0\u00bb80X80&Prime; alignment=\u00a0\u00bbcenter\u00a0\u00bb style=\u00a0\u00bbvc_box_rounded\u00a0\u00bb css=\u00a0\u00bb.vc_custom_1470863410641{margin-top: 20px !important;margin-bottom: 10px !important;border-bottom-width: 0px !important;}\u00a0\u00bb][vc_custom_heading text=\u00a0\u00bbEntiers\u00a0\u00bb font_container=\u00a0\u00bbtag:h5|text_align:center|color:%23414141&Prime; google_fonts=\u00a0\u00bbfont_family:Signika%3A300%2Cregular%2C600%2C700|font_style:400%20regular%3A400%3Anormal\u00a0\u00bb css=\u00a0\u00bb.vc_custom_1472682845352{margin-top: 0px !important;margin-bottom: 10px !important;border-top-width: 0px !important;border-bottom-width: 0px !important;}\u00a0\u00bb][\/vc_column][vc_column width=\u00a0\u00bb1\/6&Prime;][vc_single_image image=\u00a0\u00bb725&Prime; img_size=\u00a0\u00bb80X80&Prime; alignment=\u00a0\u00bbcenter\u00a0\u00bb style=\u00a0\u00bbvc_box_rounded\u00a0\u00bb css=\u00a0\u00bb.vc_custom_1470863419561{margin-top: 20px !important;margin-bottom: 10px !important;border-bottom-width: 0px !important;}\u00a0\u00bb][vc_custom_heading text=\u00a0\u00bbEntiers sans tige\u00a0\u00bb font_container=\u00a0\u00bbtag:h5|text_align:center|color:%23414141&Prime; google_fonts=\u00a0\u00bbfont_family:Signika%3A300%2Cregular%2C600%2C700|font_style:400%20regular%3A400%3Anormal\u00a0\u00bb css=\u00a0\u00bb.vc_custom_1472682859065{margin-top: 0px !important;margin-bottom: 10px !important;border-top-width: 0px !important;border-bottom-width: 0px !important;}\u00a0\u00bb][\/vc_column][vc_column width=\u00a0\u00bb1\/6&Prime;][vc_single_image image=\u00a0\u00bb725&Prime; img_size=\u00a0\u00bb80X80&Prime; alignment=\u00a0\u00bbcenter\u00a0\u00bb style=\u00a0\u00bbvc_box_rounded\u00a0\u00bb css=\u00a0\u00bb.vc_custom_1470863427777{margin-top: 20px !important;margin-bottom: 10px !important;border-bottom-width: 0px !important;}\u00a0\u00bb][vc_custom_heading text=\u00a0\u00bbD\u00e9s 6mm sans p\u00e9pins\u00a0\u00bb font_container=\u00a0\u00bbtag:h5|text_align:center|color:%23414141&Prime; google_fonts=\u00a0\u00bbfont_family:Signika%3A300%2Cregular%2C600%2C700|font_style:400%20regular%3A400%3Anormal\u00a0\u00bb css=\u00a0\u00bb.vc_custom_1472682865425{margin-top: 0px !important;margin-bottom: 10px !important;border-top-width: 0px !important;border-bottom-width: 0px !important;}\u00a0\u00bb][\/vc_column][vc_column width=\u00a0\u00bb1\/6&Prime;][vc_single_image image=\u00a0\u00bb725&Prime; img_size=\u00a0\u00bb80X80&Prime; alignment=\u00a0\u00bbcenter\u00a0\u00bb style=\u00a0\u00bbvc_box_rounded\u00a0\u00bb css=\u00a0\u00bb.vc_custom_1470863437348{margin-top: 20px !important;margin-bottom: 10px !important;border-bottom-width: 0px !important;}\u00a0\u00bb][vc_custom_heading text=\u00a0\u00bbFlocons -4 +8&Prime; font_container=\u00a0\u00bbtag:h5|text_align:center|color:%23414141&Prime; google_fonts=\u00a0\u00bbfont_family:Signika%3A300%2Cregular%2C600%2C700|font_style:400%20regular%3A400%3Anormal\u00a0\u00bb css=\u00a0\u00bb.vc_custom_1472682872399{margin-top: 0px !important;margin-bottom: 10px !important;border-top-width: 0px !important;border-bottom-width: 0px !important;}\u00a0\u00bb][\/vc_column][vc_column width=\u00a0\u00bb1\/6&Prime;][vc_single_image image=\u00a0\u00bb725&Prime; img_size=\u00a0\u00bb80X80&Prime; alignment=\u00a0\u00bbcenter\u00a0\u00bb style=\u00a0\u00bbvc_box_rounded\u00a0\u00bb css=\u00a0\u00bb.vc_custom_1470863453355{margin-top: 20px !important;margin-bottom: 10px !important;border-bottom-width: 0px !important;}\u00a0\u00bb][vc_custom_heading text=\u00a0\u00bbGranul\u00e9s -8 +20&Prime; font_container=\u00a0\u00bbtag:h5|text_align:center|color:%23414141&Prime; google_fonts=\u00a0\u00bbfont_family:Signika%3A300%2Cregular%2C600%2C700|font_style:400%20regular%3A400%3Anormal\u00a0\u00bb css=\u00a0\u00bb.vc_custom_1472682879022{margin-top: 0px !important;margin-bottom: 10px !important;border-top-width: 0px !important;border-bottom-width: 0px !important;}\u00a0\u00bb][\/vc_column][vc_column width=\u00a0\u00bb1\/6&Prime;][vc_single_image image=\u00a0\u00bb725&Prime; img_size=\u00a0\u00bb80X80&Prime; alignment=\u00a0\u00bbcenter\u00a0\u00bb style=\u00a0\u00bbvc_box_rounded\u00a0\u00bb css=\u00a0\u00bb.vc_custom_1470863463073{margin-top: 20px !important;margin-bottom: 10px !important;border-bottom-width: 0px !important;}\u00a0\u00bb][vc_custom_heading text=\u00a0\u00bbPoudres USS 40&Prime; font_container=\u00a0\u00bbtag:h5|text_align:center|color:%23414141&Prime; google_fonts=\u00a0\u00bbfont_family:Signika%3A300%2Cregular%2C600%2C700|font_style:400%20regular%3A400%3Anormal\u00a0\u00bb css=\u00a0\u00bb.vc_custom_1472682885330{margin-top: 0px !important;margin-bottom: 10px !important;border-top-width: 0px !important;border-bottom-width: 0px !important;}\u00a0\u00bb][\/vc_column][\/vc_row][vc_row css=\u00a0\u00bb.vc_custom_1470702000839{padding-top: 25px !important;}\u00a0\u00bb][vc_column][button use_icon=\u00a0\u00bbyes\u00a0\u00bb icon_color=\u00a0\u00bb#ffffff\u00a0\u00bb t_color=\u00a0\u00bb#ffffff\u00a0\u00bb b_color=\u00a0\u00bb#666666&Prime; radius=\u00a0\u00bb5&Prime; font_weight=\u00a0\u00bb500&Prime; url=\u00a0\u00bbhttps:\/\/www.marataonline.com\/fr\/chilies\/\u00a0\u00bb position=\u00a0\u00bbta_center\u00a0\u00bb icon=\u00a0\u00bbcl-left33&Prime;]RETOURNER[\/button][\/vc_column][\/vc_row]<\/p>\n<\/div>","protected":false},"excerpt":{"rendered":"<p>[vc_row css=\u00a0\u00bb.vc_custom_1470700463250{margin-top: 0px !important;margin-bottom: 0px !important;border-top-width: 0px !important;border-bottom-width: 0px !important;padding-top: 25px !important;padding-bottom: 10px !important;}\u00a0\u00bb][vc_column][vc_single_image image=\u00a0\u00bb474&Prime; img_size=\u00a0\u00bb170&#215;170&Prime; alignment=\u00a0\u00bbcenter\u00a0\u00bb][\/vc_column][\/vc_row][vc_row css=\u00a0\u00bb.vc_custom_1470700589617{margin-bottom: 0px !important;border-bottom-width: 0px !important;padding-top: 20px !important;padding-bottom: 20px !important;}\u00a0\u00bb][vc_column css=\u00a0\u00bb.vc_custom_1470700607924{margin-bottom: 0px !important;border-bottom-width: 0px !important;padding-bottom: 0px !important;}\u00a0\u00bb][vc_custom_heading text=\u00a0\u00bbPuya\u00a0\u00bb font_container=\u00a0\u00bbtag:h2|text_align:center|color:%23ffffff\u00a0\u00bb use_theme_fonts=\u00a0\u00bbyes\u00a0\u00bb css=\u00a0\u00bb.vc_custom_1470863385574{margin-right: 0px !important;margin-bottom: 0px !important;margin-left: 0px !important;border-right-width: 0px !important;border-bottom-width: 0px !important;border-left-width: 0px !important;background-color: rgba(10,10,10,0.5) !important;*background-color: rgb(10,10,10) !important;}\u00a0\u00bb][\/vc_column][\/vc_row][vc_row css=\u00a0\u00bb.vc_custom_1470702561349{margin-top: 0px&hellip; <a class=\"more-link\" href=\"https:\/\/marataonline.com\/fr\/products\/chilies\/puya\/\">Continue reading <span class=\"screen-reader-text\">Puya<\/span><\/a><\/p>\n","protected":false},"author":1,"featured_media":0,"parent":1851,"menu_order":0,"comment_status":"closed","ping_status":"closed","template":"","meta":{"footnotes":""},"class_list":["post-1893","page","type-page","status-publish","hentry","entry"],"aioseo_notices":[],"_links":{"self":[{"href":"https:\/\/marataonline.com\/fr\/wp-json\/wp\/v2\/pages\/1893","targetHints":{"allow":["GET"]}}],"collection":[{"href":"https:\/\/marataonline.com\/fr\/wp-json\/wp\/v2\/pages"}],"about":[{"href":"https:\/\/marataonline.com\/fr\/wp-json\/wp\/v2\/types\/page"}],"author":[{"embeddable":true,"href":"https:\/\/marataonline.com\/fr\/wp-json\/wp\/v2\/users\/1"}],"replies":[{"embeddable":true,"href":"https:\/\/marataonline.com\/fr\/wp-json\/wp\/v2\/comments?post=1893"}],"version-history":[{"count":0,"href":"https:\/\/marataonline.com\/fr\/wp-json\/wp\/v2\/pages\/1893\/revisions"}],"up":[{"embeddable":true,"href":"https:\/\/marataonline.com\/fr\/wp-json\/wp\/v2\/pages\/1851"}],"wp:attachment":[{"href":"https:\/\/marataonline.com\/fr\/wp-json\/wp\/v2\/media?parent=1893"}],"curies":[{"name":"wp","href":"https:\/\/api.w.org\/{rel}","templated":true}]}}