{"id":1898,"date":"2016-08-31T11:34:59","date_gmt":"2016-08-31T17:34:59","guid":{"rendered":"https:\/\/marataonline.com\/fr\/?page_id=1898"},"modified":"2016-08-31T13:29:54","modified_gmt":"2016-08-31T19:29:54","slug":"oregano","status":"publish","type":"page","link":"https:\/\/marataonline.com\/fr\/products\/oregano\/","title":{"rendered":"Origan"},"content":{"rendered":"<div class=\"wpb-content-wrapper\"><p>[vc_row type=\u00a0\u00bbfull-width-content\u00a0\u00bb css=\u00a0\u00bb.vc_custom_1470931628150{margin-top: 0px !important;margin-bottom: 0px !important;border-top-width: 0px !important;border-bottom-width: 0px !important;padding-top: 25px !important;padding-bottom: 25px !important;background-image: url(https:\/\/www.marataonline.com\/wp-content\/uploads\/2016\/08\/FW-Ore.jpg) !important;background-position: center !important;background-repeat: no-repeat !important;background-size: cover !important;}\u00a0\u00bb][vc_column css=\u00a0\u00bb.vc_custom_1470677250820{margin-top: 0px !important;margin-bottom: 0px !important;border-top-width: 0px !important;border-bottom-width: 0px !important;padding-top: 0px !important;padding-bottom: 0px !important;}\u00a0\u00bb][vc_custom_heading text=\u00a0\u00bbOrigan Mexicain\u00a0\u00bb font_container=\u00a0\u00bbtag:h1|text_align:center|color:%23ffffff\u00a0\u00bb google_fonts=\u00a0\u00bbfont_family:Signika%3A300%2Cregular%2C600%2C700|font_style:300%20light%20regular%3A300%3Anormal\u00a0\u00bb css=\u00a0\u00bb.vc_custom_1472671730782{margin-right: 0px !important;margin-bottom: 10px !important;margin-left: 0px !important;border-right-width: 0px !important;border-bottom-width: 10px !important;border-left-width: 0px !important;padding-top: 15px !important;padding-bottom: 15px !important;background-color: rgba(10,10,10,0.5) !important;*background-color: rgb(10,10,10) !important;}\u00a0\u00bb][\/vc_column][\/vc_row][vc_row type=\u00a0\u00bbfull-width-section\u00a0\u00bb css=\u00a0\u00bb.vc_custom_1471556902933{margin-top: 0px !important;margin-bottom: 0px !important;border-top-width: 0px !important;border-bottom-width: 0px !important;padding-top: 25px !important;padding-bottom: 25px !important;background-color: #ffffff !important;}\u00a0\u00bb][vc_column][vc_column_text css=\u00a0\u00bb.vc_custom_1472671783571{margin-top: 0px !important;border-top-width: 0px !important;}\u00a0\u00bb]<\/p>\n<p style=\"text-align: center;\"><span style=\"color: #666666;\">L\u2019origan est une plante populaire que beaucoup de gens pr\u00e9sentent comme une\u00a0 \u00e9pice simplement servant \u00e0 am\u00e9liorer ou \u00e0 rehausser la saveur de leur nourriture, mais en v\u00e9rit\u00e9, cette plante herbac\u00e9e vivace, qui a le nom scientifique de \u2018\u2019Origanumvulgare\u2019\u2019, contient une multitude de bienfaits pour la sant\u00e9 que la plupart des gens ne connaissent pas du tout. Originaire du sud-ouest de l\u2019Eurasie et de l\u2019espace m\u00e9diterran\u00e9en, origan a \u00e9t\u00e9 un \u00e9l\u00e9ment pr\u00e9cieux de\u00a0 traitements en m\u00e9decine alternative et culinaire depuis\u00a0 des milliers d\u2019ann\u00e9es. Origan est en fait \u00e9troitement li\u00e9 \u00e0 la menthe, il est en fait de la m\u00eame famille que Mentha.<\/span><\/p>\n<p style=\"text-align: center;\"><span style=\"color: #666666;\">Marata Specialties, LLC est un exportateur d\u2019origan mexicain de qualit\u00e9.<\/span><\/p>\n<p style=\"text-align: center;\"><span style=\"color: #666666;\">Nous r\u00e9alisons les pr\u00e9sentations suivantes :<\/span><\/p>\n<p style=\"text-align: center;\"><span style=\"color: #666666;\">Ensemble,\u00a0Coupe grec,\u00a0Poudre,\u00a0Granulation sp\u00e9ciale et index en vrac.<\/span><\/p>\n<p style=\"text-align: center;\"><span style=\"color: #666666;\">Tous les produits de Marata viennent avec une lettre de garantie de continuit\u00e9, COA et certifi\u00e9 de d\u00e9sinfection. Nous offrons des prix fixes sur une base d\u2019exercice complet sur les contrats sign\u00e9s et ouvrir les bons de commande, pour la plupart de nos produits transform\u00e9s.<\/span><\/p>\n<p>[\/vc_column_text][\/vc_column][\/vc_row]<\/p>\n<\/div>","protected":false},"excerpt":{"rendered":"<p>[vc_row type=\u00a0\u00bbfull-width-content\u00a0\u00bb css=\u00a0\u00bb.vc_custom_1470931628150{margin-top: 0px !important;margin-bottom: 0px !important;border-top-width: 0px !important;border-bottom-width: 0px !important;padding-top: 25px !important;padding-bottom: 25px !important;background-image: url(https:\/\/www.marataonline.com\/wp-content\/uploads\/2016\/08\/FW-Ore.jpg) !important;background-position: center !important;background-repeat: no-repeat !important;background-size: cover !important;}\u00a0\u00bb][vc_column css=\u00a0\u00bb.vc_custom_1470677250820{margin-top: 0px !important;margin-bottom: 0px !important;border-top-width: 0px !important;border-bottom-width: 0px !important;padding-top: 0px !important;padding-bottom: 0px !important;}\u00a0\u00bb][vc_custom_heading text=\u00a0\u00bbOrigan Mexicain\u00a0\u00bb font_container=\u00a0\u00bbtag:h1|text_align:center|color:%23ffffff\u00a0\u00bb google_fonts=\u00a0\u00bbfont_family:Signika%3A300%2Cregular%2C600%2C700|font_style:300%20light%20regular%3A300%3Anormal\u00a0\u00bb css=\u00a0\u00bb.vc_custom_1472671730782{margin-right: 0px !important;margin-bottom: 10px !important;margin-left: 0px !important;border-right-width: 0px !important;border-bottom-width: 10px !important;border-left-width: 0px !important;padding-top: 15px !important;padding-bottom:&hellip; <a class=\"more-link\" href=\"https:\/\/marataonline.com\/fr\/products\/oregano\/\">Continue reading <span class=\"screen-reader-text\">Origan<\/span><\/a><\/p>\n","protected":false},"author":1,"featured_media":0,"parent":1850,"menu_order":0,"comment_status":"closed","ping_status":"closed","template":"","meta":{"footnotes":""},"class_list":["post-1898","page","type-page","status-publish","hentry","entry"],"aioseo_notices":[],"_links":{"self":[{"href":"https:\/\/marataonline.com\/fr\/wp-json\/wp\/v2\/pages\/1898","targetHints":{"allow":["GET"]}}],"collection":[{"href":"https:\/\/marataonline.com\/fr\/wp-json\/wp\/v2\/pages"}],"about":[{"href":"https:\/\/marataonline.com\/fr\/wp-json\/wp\/v2\/types\/page"}],"author":[{"embeddable":true,"href":"https:\/\/marataonline.com\/fr\/wp-json\/wp\/v2\/users\/1"}],"replies":[{"embeddable":true,"href":"https:\/\/marataonline.com\/fr\/wp-json\/wp\/v2\/comments?post=1898"}],"version-history":[{"count":0,"href":"https:\/\/marataonline.com\/fr\/wp-json\/wp\/v2\/pages\/1898\/revisions"}],"up":[{"embeddable":true,"href":"https:\/\/marataonline.com\/fr\/wp-json\/wp\/v2\/pages\/1850"}],"wp:attachment":[{"href":"https:\/\/marataonline.com\/fr\/wp-json\/wp\/v2\/media?parent=1898"}],"curies":[{"name":"wp","href":"https:\/\/api.w.org\/{rel}","templated":true}]}}