{"id":1900,"date":"2016-08-31T11:34:38","date_gmt":"2016-08-31T17:34:38","guid":{"rendered":"https:\/\/marataonline.com\/fr\/?page_id=1900"},"modified":"2016-08-31T13:46:25","modified_gmt":"2016-08-31T19:46:25","slug":"custom-blends","status":"publish","type":"page","link":"https:\/\/marataonline.com\/fr\/products\/custom-blends\/","title":{"rendered":"M\u00e9langes"},"content":{"rendered":"<div class=\"wpb-content-wrapper\"><p>[vc_row type=\u00a0\u00bbfull-width-content\u00a0\u00bb css=\u00a0\u00bb.vc_custom_1470935166176{margin-top: 0px !important;margin-bottom: 0px !important;border-top-width: 0px !important;border-bottom-width: 0px !important;padding-top: 25px !important;padding-bottom: 25px !important;background-image: url(https:\/\/www.marataonline.com\/wp-content\/uploads\/2016\/08\/FW-Blends.jpg) !important;background-position: center !important;background-repeat: no-repeat !important;background-size: cover !important;}\u00a0\u00bb][vc_column css=\u00a0\u00bb.vc_custom_1470677250820{margin-top: 0px !important;margin-bottom: 0px !important;border-top-width: 0px !important;border-bottom-width: 0px !important;padding-top: 0px !important;padding-bottom: 0px !important;}\u00a0\u00bb][vc_custom_heading text=\u00a0\u00bbM\u00e9langes Personnalis\u00e9s\u00a0\u00bb font_container=\u00a0\u00bbtag:h1|text_align:center|color:%23ffffff\u00a0\u00bb google_fonts=\u00a0\u00bbfont_family:Signika%3A300%2Cregular%2C600%2C700|font_style:300%20light%20regular%3A300%3Anormal\u00a0\u00bb css=\u00a0\u00bb.vc_custom_1472672603806{margin-right: 0px !important;margin-bottom: 10px !important;margin-left: 0px !important;border-right-width: 0px !important;border-bottom-width: 10px !important;border-left-width: 0px !important;padding-top: 15px !important;padding-bottom: 15px !important;background-color: rgba(10,10,10,0.5) !important;*background-color: rgb(10,10,10) !important;}\u00a0\u00bb][\/vc_column][\/vc_row][vc_row type=\u00a0\u00bbfull-width-section\u00a0\u00bb css=\u00a0\u00bb.vc_custom_1470678888025{margin-top: 0px !important;margin-bottom: 0px !important;border-top-width: 0px !important;border-bottom-width: 0px !important;padding-top: 25px !important;padding-bottom: 25px !important;background-color: #efefef !important;}\u00a0\u00bb][vc_column][vc_column_text css=\u00a0\u00bb.vc_custom_1472672659490{margin-top: 0px !important;border-top-width: 0px !important;}\u00a0\u00bb]<\/p>\n<p style=\"text-align: center;\"><span style=\"color: #666666;\">Marata Specialties, LLC est un fabricant ou l\u2019exportateur de nombreux m\u00e9langes du Mexique. Nos m\u00e9langes existent sous diff\u00e9rentes pr\u00e9sentations tels que poudre ou en granul\u00e9s. Nous g\u00e9rons \u00e9galement des qualit\u00e9s diff\u00e9rentes, donc vous n\u2019aurez aucun probl\u00e8me \u00e0 obtenir ce que vous cherchez.<\/span><\/p>\n<p style=\"text-align: center;\"><span style=\"color: #666666;\">Tous les produits de Marata viennent avec une lettre de garantie de continuit\u00e9, COA et certifi\u00e9 de d\u00e9sinfection. Nous offrons des prix fixes sur une base d\u2019exercice complet sur les contrats sign\u00e9s et ouvrir les bons de commande, pour la plupart de nos produits transform\u00e9s.<\/span><\/p>\n<p>[\/vc_column_text][\/vc_column][\/vc_row][vc_row css=\u00a0\u00bb.vc_custom_1470679151820{margin-top: 0px !important;margin-bottom: 0px !important;border-top-width: 0px !important;border-bottom-width: 0px !important;padding-top: 25px !important;padding-bottom: 10px !important;}\u00a0\u00bb][vc_column][vc_custom_heading text=\u00a0\u00bbM\u00e9langes\u00a0\u00bb font_container=\u00a0\u00bbtag:h1|text_align:center|color:%23414141&Prime; google_fonts=\u00a0\u00bbfont_family:Signika%3A300%2Cregular%2C600%2C700|font_style:300%20light%20regular%3A300%3Anormal\u00a0\u00bb css=\u00a0\u00bb.vc_custom_1472672612723{margin-right: 0px !important;margin-bottom: 10px !important;margin-left: 0px !important;border-right-width: 0px !important;border-bottom-width: 10px !important;border-left-width: 0px !important;padding-top: 15px !important;padding-bottom: 15px !important;}\u00a0\u00bb][\/vc_column][\/vc_row][vc_row css=\u00a0\u00bb.vc_custom_1470679501339{margin-top: 0px !important;border-top-width: 0px !important;padding-top: 5px !important;}\u00a0\u00bb][vc_column width=\u00a0\u00bb1\/12&Prime;][vc_empty_space height=\u00a0\u00bb1px\u00a0\u00bb][\/vc_column][vc_column width=\u00a0\u00bb2\/12&Prime;][vc_single_image image=\u00a0\u00bb834&Prime; img_size=\u00a0\u00bb150&#215;150&Prime; alignment=\u00a0\u00bbcenter\u00a0\u00bb style=\u00a0\u00bbvc_box_rounded\u00a0\u00bb css=\u00a0\u00bb.vc_custom_1470937445470{margin-bottom: 0px !important;border-bottom-width: 0px !important;}\u00a0\u00bb][vc_custom_heading text=\u00a0\u00bbAsado\u00a0\u00bb font_container=\u00a0\u00bbtag:h4|text_align:center|color:%23414141&Prime; use_theme_fonts=\u00a0\u00bbyes\u00a0\u00bb css=\u00a0\u00bb.vc_custom_1470937519371{margin-top: 0px !important;margin-bottom: 5px !important;border-top-width: 0px !important;border-bottom-width: 0px !important;padding-top: 0px !important;}\u00a0\u00bb][\/vc_column][vc_column width=\u00a0\u00bb2\/12&Prime;][vc_single_image image=\u00a0\u00bb835&Prime; img_size=\u00a0\u00bb150&#215;150&Prime; alignment=\u00a0\u00bbcenter\u00a0\u00bb style=\u00a0\u00bbvc_box_rounded\u00a0\u00bb css=\u00a0\u00bb.vc_custom_1470937460769{margin-bottom: 0px !important;border-bottom-width: 0px !important;}\u00a0\u00bb][vc_custom_heading text=\u00a0\u00bbBarbacoa\u00a0\u00bb font_container=\u00a0\u00bbtag:h4|text_align:center|color:%23414141&Prime; use_theme_fonts=\u00a0\u00bbyes\u00a0\u00bb css=\u00a0\u00bb.vc_custom_1470937526029{margin-top: 0px !important;margin-bottom: 5px !important;border-top-width: 0px !important;border-bottom-width: 0px !important;padding-top: 0px !important;}\u00a0\u00bb][\/vc_column][vc_column width=\u00a0\u00bb2\/12&Prime;][vc_single_image image=\u00a0\u00bb836&Prime; img_size=\u00a0\u00bb150&#215;150&Prime; alignment=\u00a0\u00bbcenter\u00a0\u00bb style=\u00a0\u00bbvc_box_rounded\u00a0\u00bb css=\u00a0\u00bb.vc_custom_1470937477421{margin-bottom: 0px !important;border-bottom-width: 0px !important;}\u00a0\u00bb][vc_custom_heading text=\u00a0\u00bbRed Deshebrada\u00a0\u00bb font_container=\u00a0\u00bbtag:h4|text_align:center|color:%23414141&Prime; use_theme_fonts=\u00a0\u00bbyes\u00a0\u00bb css=\u00a0\u00bb.vc_custom_1470937537347{margin-top: 0px !important;margin-bottom: 5px !important;border-top-width: 0px !important;border-bottom-width: 0px !important;padding-top: 0px !important;}\u00a0\u00bb][\/vc_column][vc_column width=\u00a0\u00bb2\/12&Prime;][vc_single_image image=\u00a0\u00bb837&Prime; img_size=\u00a0\u00bb150&#215;150&Prime; alignment=\u00a0\u00bbcenter\u00a0\u00bb style=\u00a0\u00bbvc_box_rounded\u00a0\u00bb css=\u00a0\u00bb.vc_custom_1470937492908{margin-bottom: 0px !important;border-bottom-width: 0px !important;}\u00a0\u00bb][vc_custom_heading text=\u00a0\u00bbMexican Mole\u00a0\u00bb font_container=\u00a0\u00bbtag:h4|text_align:center|color:%23414141&Prime; use_theme_fonts=\u00a0\u00bbyes\u00a0\u00bb css=\u00a0\u00bb.vc_custom_1470937545559{margin-top: 0px !important;margin-bottom: 5px !important;border-top-width: 0px !important;border-bottom-width: 0px !important;padding-top: 0px !important;}\u00a0\u00bb][\/vc_column][vc_column width=\u00a0\u00bb2\/12&Prime;][vc_single_image image=\u00a0\u00bb838&Prime; img_size=\u00a0\u00bb150&#215;150&Prime; alignment=\u00a0\u00bbcenter\u00a0\u00bb style=\u00a0\u00bbvc_box_rounded\u00a0\u00bb css=\u00a0\u00bb.vc_custom_1470937507993{margin-bottom: 0px !important;border-bottom-width: 0px !important;}\u00a0\u00bb][vc_custom_heading text=\u00a0\u00bbPipian\u00a0\u00bb font_container=\u00a0\u00bbtag:h4|text_align:center|color:%23414141&Prime; use_theme_fonts=\u00a0\u00bbyes\u00a0\u00bb css=\u00a0\u00bb.vc_custom_1470937551635{margin-top: 0px !important;margin-bottom: 5px !important;border-top-width: 0px !important;border-bottom-width: 0px !important;padding-top: 0px !important;}\u00a0\u00bb][\/vc_column][vc_column width=\u00a0\u00bb1\/12&Prime;][vc_empty_space height=\u00a0\u00bb1px\u00a0\u00bb][\/vc_column][\/vc_row][vc_row content_placement=\u00a0\u00bbmiddle\u00a0\u00bb type=\u00a0\u00bbfull-width-section\u00a0\u00bb css=\u00a0\u00bb.vc_custom_1471644197163{margin-bottom: 0px !important;border-bottom-width: 0px !important;padding-top: 20px !important;padding-bottom: 20px !important;background-color: #ffda8a !important;}\u00a0\u00bb][vc_column][vc_custom_heading text=\u00a0\u00bbNos usines de flexibilit\u00e9 et de transformation nous permettent de faire beaucoup de choses, nous pouvons juste \u00eatre le partenaire dont vous avez besoin.\u00a0\u00bb font_container=\u00a0\u00bbtag:h4|text_align:center|color:%23414141&Prime; google_fonts=\u00a0\u00bbfont_family:Signika%3A300%2Cregular%2C600%2C700|font_style:300%20light%20regular%3A300%3Anormal\u00a0\u00bb css=\u00a0\u00bb.vc_custom_1472672779664{margin-top: 0px !important;margin-bottom: 0px !important;border-top-width: 0px !important;border-bottom-width: 0px !important;padding-top: 10px !important;padding-bottom: 10px !important;}\u00a0\u00bb][button t_color=\u00a0\u00bb#ffffff\u00a0\u00bb b_color=\u00a0\u00bb#666666&Prime; t_hover_color=\u00a0\u00bb#ffffff\u00a0\u00bb b_hover_color=\u00a0\u00bb#414141&Prime; radius=\u00a0\u00bb5&Prime; font_weight=\u00a0\u00bb500&Prime; url=\u00a0\u00bbhttps:\/\/www.marataonline.com\/fr\/products\/specialprojects\/\u00a0\u00bb position=\u00a0\u00bbta_center\u00a0\u00bb mt=\u00a0\u00bb15&Prime;]PROJETS SP\u00c9CIAUX[\/button][\/vc_column][\/vc_row]<\/p>\n<\/div>","protected":false},"excerpt":{"rendered":"<p>[vc_row type=\u00a0\u00bbfull-width-content\u00a0\u00bb css=\u00a0\u00bb.vc_custom_1470935166176{margin-top: 0px !important;margin-bottom: 0px !important;border-top-width: 0px !important;border-bottom-width: 0px !important;padding-top: 25px !important;padding-bottom: 25px !important;background-image: url(https:\/\/www.marataonline.com\/wp-content\/uploads\/2016\/08\/FW-Blends.jpg) !important;background-position: center !important;background-repeat: no-repeat !important;background-size: cover !important;}\u00a0\u00bb][vc_column css=\u00a0\u00bb.vc_custom_1470677250820{margin-top: 0px !important;margin-bottom: 0px !important;border-top-width: 0px !important;border-bottom-width: 0px !important;padding-top: 0px !important;padding-bottom: 0px !important;}\u00a0\u00bb][vc_custom_heading text=\u00a0\u00bbM\u00e9langes Personnalis\u00e9s\u00a0\u00bb font_container=\u00a0\u00bbtag:h1|text_align:center|color:%23ffffff\u00a0\u00bb google_fonts=\u00a0\u00bbfont_family:Signika%3A300%2Cregular%2C600%2C700|font_style:300%20light%20regular%3A300%3Anormal\u00a0\u00bb css=\u00a0\u00bb.vc_custom_1472672603806{margin-right: 0px !important;margin-bottom: 10px !important;margin-left: 0px !important;border-right-width: 0px !important;border-bottom-width: 10px !important;border-left-width: 0px !important;padding-top: 15px !important;padding-bottom:&hellip; <a class=\"more-link\" href=\"https:\/\/marataonline.com\/fr\/products\/custom-blends\/\">Continue reading <span class=\"screen-reader-text\">M\u00e9langes<\/span><\/a><\/p>\n","protected":false},"author":1,"featured_media":0,"parent":1850,"menu_order":0,"comment_status":"closed","ping_status":"closed","template":"","meta":{"footnotes":""},"class_list":["post-1900","page","type-page","status-publish","hentry","entry"],"aioseo_notices":[],"_links":{"self":[{"href":"https:\/\/marataonline.com\/fr\/wp-json\/wp\/v2\/pages\/1900","targetHints":{"allow":["GET"]}}],"collection":[{"href":"https:\/\/marataonline.com\/fr\/wp-json\/wp\/v2\/pages"}],"about":[{"href":"https:\/\/marataonline.com\/fr\/wp-json\/wp\/v2\/types\/page"}],"author":[{"embeddable":true,"href":"https:\/\/marataonline.com\/fr\/wp-json\/wp\/v2\/users\/1"}],"replies":[{"embeddable":true,"href":"https:\/\/marataonline.com\/fr\/wp-json\/wp\/v2\/comments?post=1900"}],"version-history":[{"count":0,"href":"https:\/\/marataonline.com\/fr\/wp-json\/wp\/v2\/pages\/1900\/revisions"}],"up":[{"embeddable":true,"href":"https:\/\/marataonline.com\/fr\/wp-json\/wp\/v2\/pages\/1850"}],"wp:attachment":[{"href":"https:\/\/marataonline.com\/fr\/wp-json\/wp\/v2\/media?parent=1900"}],"curies":[{"name":"wp","href":"https:\/\/api.w.org\/{rel}","templated":true}]}}