{"id":1911,"date":"2016-08-31T11:37:02","date_gmt":"2016-08-31T17:37:02","guid":{"rendered":"https:\/\/marataonline.com\/fr\/?page_id=1911"},"modified":"2016-08-31T14:12:56","modified_gmt":"2016-08-31T20:12:56","slug":"smoked-sea-salt","status":"publish","type":"page","link":"https:\/\/marataonline.com\/fr\/products\/smoked-salt-and-pepper\/smoked-sea-salt\/","title":{"rendered":"Fum\u00e9 Sel de Mer"},"content":{"rendered":"<div class=\"wpb-content-wrapper\"><p>[vc_row css=\u00a0\u00bb.vc_custom_1470700463250{margin-top: 0px !important;margin-bottom: 0px !important;border-top-width: 0px !important;border-bottom-width: 0px !important;padding-top: 25px !important;padding-bottom: 10px !important;}\u00a0\u00bb][vc_column][vc_single_image image=\u00a0\u00bb495&Prime; img_size=\u00a0\u00bb170&#215;170&Prime; alignment=\u00a0\u00bbcenter\u00a0\u00bb][\/vc_column][\/vc_row][vc_row css=\u00a0\u00bb.vc_custom_1470700589617{margin-bottom: 0px !important;border-bottom-width: 0px !important;padding-top: 20px !important;padding-bottom: 20px !important;}\u00a0\u00bb][vc_column css=\u00a0\u00bb.vc_custom_1470700607924{margin-bottom: 0px !important;border-bottom-width: 0px !important;padding-bottom: 0px !important;}\u00a0\u00bb][vc_custom_heading text=\u00a0\u00bbSel de Mer fum\u00e9 au bois de pommier\u00a0\u00bb font_container=\u00a0\u00bbtag:h2|text_align:center|color:%23ffffff\u00a0\u00bb use_theme_fonts=\u00a0\u00bbyes\u00a0\u00bb css=\u00a0\u00bb.vc_custom_1472674255933{margin-right: 0px !important;margin-bottom: 0px !important;margin-left: 0px !important;border-right-width: 0px !important;border-bottom-width: 0px !important;border-left-width: 0px !important;background-color: rgba(10,10,10,0.5) !important;*background-color: rgb(10,10,10) !important;}\u00a0\u00bb][\/vc_column][\/vc_row][vc_row css=\u00a0\u00bb.vc_custom_1470702561349{margin-top: 0px !important;margin-bottom: 0px !important;border-top-width: 0px !important;border-bottom-width: 0px !important;padding-top: 0px !important;padding-bottom: 25px !important;}\u00a0\u00bb][vc_column css=\u00a0\u00bb.vc_custom_1470700708882{margin-top: 0px !important;margin-bottom: 0px !important;border-top-width: 0px !important;border-bottom-width: 0px !important;padding-top: 0px !important;}\u00a0\u00bb][vc_column_text css=\u00a0\u00bb.vc_custom_1472670990112{margin-top: 0px !important;border-top-width: 0px !important;padding-top: 10px !important;}\u00a0\u00bb]<\/p>\n<p style=\"text-align: justify;\"><span style=\"color: #666666;\">Le sel de mer \u00e0 saveur de bois de pommier est une fusion de produits ethniques \u00e9tonnants : sel de mer provenant la mer de Cortez, sur la c\u00f4te nord-ouest du Mexique (bien connu pour le voyage de la baleine grise qui allait donner naissance), Le bois des pommiers\u00a0 de montagnes de la Sierra de\u00a0 Chihuahua et les m\u00e9thodes ethniques de la conservation des aliments depuis les Am\u00e9rindiens (peuple Maya &amp; azt\u00e8que) en Am\u00e9rique centrale et du Sud.<\/span><\/p>\n<p style=\"text-align: justify;\"><span style=\"color: #666666;\">Le processus de fumage est \u00e0\u00a0 100 % naturel avec la m\u00eame m\u00e9thode utilis\u00e9e par les Am\u00e9rindiens qui a \u00e9t\u00e9 un succ\u00e8s pour viandes et poissons. Les\u00a0 Puits sont creus\u00e9s dehors et sont reli\u00e9s par un tunnel sous terre dans une des fosses que le feu de bois de pommier\u00a0 est allum\u00e9. Dans l\u2019autre se trouve le sel de mer, vers\u00e9 sur un treillis m\u00e9tallique en acier inoxydable. On\u00a0 laisse la fum\u00e9e aller sur le sel de mer, jsqu\u2019\u00e0 ce qu\u2019il soit\u00a0 enfum\u00e9. Ce processus se fait pendant pr\u00e8s de 10 jours jusqu&rsquo;\u00e0 ce que la saveur et la couleur soit\u00a0 remplies.<\/span><\/p>\n<p style=\"text-align: justify;\"><span style=\"color: #666666;\">Les M\u00e9langes uniques de saveur cr\u00e9\u00e9s\u00a0 par notre personnel de R&amp;D, qui ravira vos sens culinaires. Notre magnifique gourmet de sel fum\u00e9\u00a0 est un sel de trois tons (noir, blanc et rose), attractif pour n\u2019importe quel poisson, salade de viande ou des boissons et id\u00e9al pour les c\u00f4tes lev\u00e9es de barbecues\u00a0 et marinades. Le sel de mer au gout de bois de\u00a0 pomme\u00a0 est une fusion de saveurs entre un go\u00fbt de fum\u00e9 et de la chaleur douce de poivrons. Ou, vous pouvez essayer la forte chaleur du sel de mer fum\u00e9 au bois de pomme de la poudrerie habanero.<\/span><\/p>\n<p>[\/vc_column_text][rd_line type=\u00a0\u00bbrd_line_dashed\u00a0\u00bb color=\u00a0\u00bb#666666&Prime; line_pos=\u00a0\u00bbcenter\u00a0\u00bb][vc_custom_heading text=\u00a0\u00bbSt\u00e9rilis\u00e9 \u00e0 la demande\u00a0\u00bb font_container=\u00a0\u00bbtag:h3|text_align:left\u00a0\u00bb use_theme_fonts=\u00a0\u00bbyes\u00a0\u00bb css=\u00a0\u00bb.vc_custom_1472671004849{margin-top: 0px !important;margin-bottom: 0px !important;border-top-width: 0px !important;border-bottom-width: 0px !important;padding-top: 20px !important;padding-bottom: 20px !important;}\u00a0\u00bb][vc_row_inner][vc_column_inner width=\u00a0\u00bb1\/2&Prime;][vc_column_text]<strong>Am\u00e9rique du Nord<\/strong><br \/>\n&#8211; Trait\u00e9 \u00e0 la vapeur (Californie &amp; Mid-West)<br \/>\n&#8211; Trait\u00e9 par ETO<br \/>\n-Trait\u00e9 par Gamma[\/vc_column_text][\/vc_column_inner][vc_column_inner width=\u00a0\u00bb1\/2&Prime;][vc_column_text]<strong>L\u2019Europe<\/strong><br \/>\n-Trait\u00e9 \u00e0 la vapeur (Hambourg)[\/vc_column_text][\/vc_column_inner][\/vc_row_inner][rd_line type=\u00a0\u00bbrd_line_dashed\u00a0\u00bb color=\u00a0\u00bb#666666&Prime; line_pos=\u00a0\u00bbcenter\u00a0\u00bb][\/vc_column][\/vc_row][vc_row css=\u00a0\u00bb.vc_custom_1470701737131{margin-top: 0px !important;margin-bottom: 0px !important;border-top-width: 0px !important;border-bottom-width: 0px !important;padding-bottom: 40px !important;}\u00a0\u00bb][vc_column width=\u00a0\u00bb1\/6&Prime;][vc_single_image image=\u00a0\u00bb535&Prime; img_size=\u00a0\u00bb80X80&Prime; alignment=\u00a0\u00bbcenter\u00a0\u00bb style=\u00a0\u00bbvc_box_rounded\u00a0\u00bb css=\u00a0\u00bb.vc_custom_1470702090075{margin-top: 20px !important;margin-bottom: 10px !important;border-bottom-width: 0px !important;}\u00a0\u00bb][vc_custom_heading text=\u00a0\u00bbSel de Mer fum\u00e9 au bois de pommier\u00a0\u00bb font_container=\u00a0\u00bbtag:h5|text_align:center|color:%23414141&Prime; google_fonts=\u00a0\u00bbfont_family:Signika%3A300%2Cregular%2C600%2C700|font_style:400%20regular%3A400%3Anormal\u00a0\u00bb css=\u00a0\u00bb.vc_custom_1472674266203{margin-top: 0px !important;margin-bottom: 10px !important;border-top-width: 0px !important;border-bottom-width: 0px !important;}\u00a0\u00bb][button t_color=\u00a0\u00bb#ffffff\u00a0\u00bb b_color=\u00a0\u00bb#34a9c6&Prime; t_hover_color=\u00a0\u00bb#414141&Prime; b_hover_color=\u00a0\u00bb#ffda8a\u00a0\u00bb radius=\u00a0\u00bb5&Prime; font_weight=\u00a0\u00bb300&Prime; url=\u00a0\u00bbhttps:\/\/marataonline.com\/pdfs\/salt\/coarsemsds.pdf\u00a0\u00bb target=\u00a0\u00bbyes\u00a0\u00bb position=\u00a0\u00bbta_center\u00a0\u00bb]MSDS[\/button][\/vc_column][vc_column width=\u00a0\u00bb1\/6&Prime;][vc_single_image image=\u00a0\u00bb544&Prime; img_size=\u00a0\u00bb80X80&Prime; alignment=\u00a0\u00bbcenter\u00a0\u00bb style=\u00a0\u00bbvc_box_rounded\u00a0\u00bb css=\u00a0\u00bb.vc_custom_1470702136164{margin-top: 20px !important;margin-bottom: 10px !important;border-bottom-width: 0px !important;}\u00a0\u00bb][vc_custom_heading text=\u00a0\u00bbSel de Mer fum\u00e9 au bois de pommier Uniforme\u00a0\u00bb font_container=\u00a0\u00bbtag:h5|text_align:center|color:%23414141&Prime; google_fonts=\u00a0\u00bbfont_family:Signika%3A300%2Cregular%2C600%2C700|font_style:400%20regular%3A400%3Anormal\u00a0\u00bb css=\u00a0\u00bb.vc_custom_1472674301928{margin-top: 0px !important;margin-bottom: 10px !important;border-top-width: 0px !important;border-bottom-width: 0px !important;}\u00a0\u00bb][button t_color=\u00a0\u00bb#ffffff\u00a0\u00bb b_color=\u00a0\u00bb#34a9c6&Prime; t_hover_color=\u00a0\u00bb#414141&Prime; b_hover_color=\u00a0\u00bb#ffda8a\u00a0\u00bb radius=\u00a0\u00bb5&Prime; font_weight=\u00a0\u00bb300&Prime; url=\u00a0\u00bbhttps:\/\/marataonline.com\/pdfs\/salt\/blendmsds.pdf\u00a0\u00bb target=\u00a0\u00bbyes\u00a0\u00bb position=\u00a0\u00bbta_center\u00a0\u00bb]MSDS[\/button][\/vc_column][vc_column width=\u00a0\u00bb1\/6&Prime;][vc_single_image image=\u00a0\u00bb545&Prime; img_size=\u00a0\u00bb80X80&Prime; alignment=\u00a0\u00bbcenter\u00a0\u00bb style=\u00a0\u00bbvc_box_rounded\u00a0\u00bb css=\u00a0\u00bb.vc_custom_1470702130534{margin-top: 20px !important;margin-bottom: 10px !important;border-bottom-width: 0px !important;}\u00a0\u00bb][vc_custom_heading text=\u00a0\u00bbSel de Mer fum\u00e9 au bois de pommier &#8211; Chipotle\u00a0\u00bb font_container=\u00a0\u00bbtag:h5|text_align:center|color:%23414141&Prime; google_fonts=\u00a0\u00bbfont_family:Signika%3A300%2Cregular%2C600%2C700|font_style:400%20regular%3A400%3Anormal\u00a0\u00bb css=\u00a0\u00bb.vc_custom_1472674358288{margin-top: 0px !important;margin-bottom: 10px !important;border-top-width: 0px !important;border-bottom-width: 0px !important;}\u00a0\u00bb][button t_color=\u00a0\u00bb#ffffff\u00a0\u00bb b_color=\u00a0\u00bb#34a9c6&Prime; t_hover_color=\u00a0\u00bb#414141&Prime; b_hover_color=\u00a0\u00bb#ffda8a\u00a0\u00bb radius=\u00a0\u00bb5&Prime; font_weight=\u00a0\u00bb300&Prime; url=\u00a0\u00bbhttps:\/\/marataonline.com\/pdfs\/salt\/chipotlespecs.pdf\u00a0\u00bb target=\u00a0\u00bbyes\u00a0\u00bb position=\u00a0\u00bbta_center\u00a0\u00bb mb=\u00a0\u00bb5&Prime;]Specs[\/button][button t_color=\u00a0\u00bb#ffffff\u00a0\u00bb b_color=\u00a0\u00bb#34a9c6&Prime; t_hover_color=\u00a0\u00bb#414141&Prime; b_hover_color=\u00a0\u00bb#ffda8a\u00a0\u00bb radius=\u00a0\u00bb5&Prime; font_weight=\u00a0\u00bb300&Prime; url=\u00a0\u00bbhttps:\/\/marataonline.com\/pdfs\/salt\/chipotlemsds.pdf\u00a0\u00bb target=\u00a0\u00bbyes\u00a0\u00bb position=\u00a0\u00bbta_center\u00a0\u00bb]MSDS[\/button][\/vc_column][vc_column width=\u00a0\u00bb1\/6&Prime;][vc_single_image image=\u00a0\u00bb546&Prime; img_size=\u00a0\u00bb80X80&Prime; alignment=\u00a0\u00bbcenter\u00a0\u00bb style=\u00a0\u00bbvc_box_rounded\u00a0\u00bb css=\u00a0\u00bb.vc_custom_1470702124330{margin-top: 20px !important;margin-bottom: 10px !important;border-bottom-width: 0px !important;}\u00a0\u00bb][vc_custom_heading text=\u00a0\u00bbSel de Mer fum\u00e9 au bois de pommier Fantaisie\u00a0\u00bb font_container=\u00a0\u00bbtag:h5|text_align:center|color:%23414141&Prime; google_fonts=\u00a0\u00bbfont_family:Signika%3A300%2Cregular%2C600%2C700|font_style:400%20regular%3A400%3Anormal\u00a0\u00bb css=\u00a0\u00bb.vc_custom_1472674327201{margin-top: 0px !important;margin-bottom: 10px !important;border-top-width: 0px !important;border-bottom-width: 0px !important;}\u00a0\u00bb][button t_color=\u00a0\u00bb#ffffff\u00a0\u00bb b_color=\u00a0\u00bb#34a9c6&Prime; t_hover_color=\u00a0\u00bb#414141&Prime; b_hover_color=\u00a0\u00bb#ffda8a\u00a0\u00bb radius=\u00a0\u00bb5&Prime; font_weight=\u00a0\u00bb300&Prime; url=\u00a0\u00bbhttps:\/\/marataonline.com\/pdfs\/salt\/fancymsds.pdf\u00a0\u00bb target=\u00a0\u00bbyes\u00a0\u00bb position=\u00a0\u00bbta_center\u00a0\u00bb]MSDS[\/button][\/vc_column][vc_column width=\u00a0\u00bb1\/6&Prime;][vc_single_image image=\u00a0\u00bb547&Prime; img_size=\u00a0\u00bb80X80&Prime; alignment=\u00a0\u00bbcenter\u00a0\u00bb style=\u00a0\u00bbvc_box_rounded\u00a0\u00bb css=\u00a0\u00bb.vc_custom_1470702143570{margin-top: 20px !important;margin-bottom: 10px !important;border-bottom-width: 0px !important;}\u00a0\u00bb][vc_custom_heading text=\u00a0\u00bbSel de Mer fum\u00e9 au bois de pommier &#8211; Habanero\u00a0\u00bb font_container=\u00a0\u00bbtag:h5|text_align:center|color:%23414141&Prime; google_fonts=\u00a0\u00bbfont_family:Signika%3A300%2Cregular%2C600%2C700|font_style:400%20regular%3A400%3Anormal\u00a0\u00bb css=\u00a0\u00bb.vc_custom_1472674369158{margin-top: 0px !important;margin-bottom: 10px !important;border-top-width: 0px !important;border-bottom-width: 0px !important;}\u00a0\u00bb][button t_color=\u00a0\u00bb#ffffff\u00a0\u00bb b_color=\u00a0\u00bb#34a9c6&Prime; t_hover_color=\u00a0\u00bb#414141&Prime; b_hover_color=\u00a0\u00bb#ffda8a\u00a0\u00bb radius=\u00a0\u00bb5&Prime; font_weight=\u00a0\u00bb300&Prime; url=\u00a0\u00bbhttps:\/\/marataonline.com\/pdfs\/salt\/habaneromsds.pdf\u00a0\u00bb target=\u00a0\u00bbyes\u00a0\u00bb position=\u00a0\u00bbta_center\u00a0\u00bb]MSDS[\/button][\/vc_column][vc_column width=\u00a0\u00bb1\/6&Prime;][vc_single_image image=\u00a0\u00bb548&Prime; img_size=\u00a0\u00bb80X80&Prime; alignment=\u00a0\u00bbcenter\u00a0\u00bb style=\u00a0\u00bbvc_box_rounded\u00a0\u00bb css=\u00a0\u00bb.vc_custom_1470702149687{margin-top: 20px !important;margin-bottom: 10px !important;border-bottom-width: 0px !important;}\u00a0\u00bb][vc_custom_heading text=\u00a0\u00bbSel de Mer fum\u00e9 au bois de pommier Poudres\u00a0\u00bb font_container=\u00a0\u00bbtag:h5|text_align:center|color:%23414141&Prime; google_fonts=\u00a0\u00bbfont_family:Signika%3A300%2Cregular%2C600%2C700|font_style:400%20regular%3A400%3Anormal\u00a0\u00bb css=\u00a0\u00bb.vc_custom_1472674342521{margin-top: 0px !important;margin-bottom: 10px !important;border-top-width: 0px !important;border-bottom-width: 0px !important;}\u00a0\u00bb][button t_color=\u00a0\u00bb#ffffff\u00a0\u00bb b_color=\u00a0\u00bb#34a9c6&Prime; t_hover_color=\u00a0\u00bb#414141&Prime; b_hover_color=\u00a0\u00bb#ffda8a\u00a0\u00bb radius=\u00a0\u00bb5&Prime; font_weight=\u00a0\u00bb300&Prime; url=\u00a0\u00bbhttps:\/\/marataonline.com\/pdfs\/salt\/finespecs.pdf\u00a0\u00bb target=\u00a0\u00bbyes\u00a0\u00bb position=\u00a0\u00bbta_center\u00a0\u00bb mb=\u00a0\u00bb5&Prime;]Specs[\/button][button t_color=\u00a0\u00bb#ffffff\u00a0\u00bb b_color=\u00a0\u00bb#34a9c6&Prime; t_hover_color=\u00a0\u00bb#414141&Prime; b_hover_color=\u00a0\u00bb#ffda8a\u00a0\u00bb radius=\u00a0\u00bb5&Prime; font_weight=\u00a0\u00bb300&Prime; url=\u00a0\u00bbhttps:\/\/marataonline.com\/pdfs\/salt\/finemsds.pdf\u00a0\u00bb target=\u00a0\u00bbyes\u00a0\u00bb position=\u00a0\u00bbta_center\u00a0\u00bb]MSDS[\/button][\/vc_column][\/vc_row][vc_row css=\u00a0\u00bb.vc_custom_1470702000839{padding-top: 25px !important;}\u00a0\u00bb][vc_column][button use_icon=\u00a0\u00bbyes\u00a0\u00bb icon_color=\u00a0\u00bb#ffffff\u00a0\u00bb t_color=\u00a0\u00bb#ffffff\u00a0\u00bb b_color=\u00a0\u00bb#666666&Prime; radius=\u00a0\u00bb5&Prime; font_weight=\u00a0\u00bb500&Prime; url=\u00a0\u00bbhttps:\/\/www.marataonline.com\/fr\/saltandpepper\/\u00a0\u00bb position=\u00a0\u00bbta_center\u00a0\u00bb icon=\u00a0\u00bbcl-left33&Prime;]RETOURNER[\/button][\/vc_column][\/vc_row]<\/p>\n<\/div>","protected":false},"excerpt":{"rendered":"<p>[vc_row css=\u00a0\u00bb.vc_custom_1470700463250{margin-top: 0px !important;margin-bottom: 0px !important;border-top-width: 0px !important;border-bottom-width: 0px !important;padding-top: 25px !important;padding-bottom: 10px !important;}\u00a0\u00bb][vc_column][vc_single_image image=\u00a0\u00bb495&Prime; img_size=\u00a0\u00bb170&#215;170&Prime; alignment=\u00a0\u00bbcenter\u00a0\u00bb][\/vc_column][\/vc_row][vc_row css=\u00a0\u00bb.vc_custom_1470700589617{margin-bottom: 0px !important;border-bottom-width: 0px !important;padding-top: 20px !important;padding-bottom: 20px !important;}\u00a0\u00bb][vc_column css=\u00a0\u00bb.vc_custom_1470700607924{margin-bottom: 0px !important;border-bottom-width: 0px !important;padding-bottom: 0px !important;}\u00a0\u00bb][vc_custom_heading text=\u00a0\u00bbSel de Mer fum\u00e9 au bois de pommier\u00a0\u00bb font_container=\u00a0\u00bbtag:h2|text_align:center|color:%23ffffff\u00a0\u00bb use_theme_fonts=\u00a0\u00bbyes\u00a0\u00bb css=\u00a0\u00bb.vc_custom_1472674255933{margin-right: 0px !important;margin-bottom: 0px !important;margin-left: 0px !important;border-right-width: 0px !important;border-bottom-width: 0px !important;border-left-width: 0px&hellip; <a class=\"more-link\" href=\"https:\/\/marataonline.com\/fr\/products\/smoked-salt-and-pepper\/smoked-sea-salt\/\">Continue reading <span class=\"screen-reader-text\">Fum\u00e9 Sel de Mer<\/span><\/a><\/p>\n","protected":false},"author":1,"featured_media":0,"parent":1910,"menu_order":0,"comment_status":"closed","ping_status":"closed","template":"","meta":{"footnotes":""},"class_list":["post-1911","page","type-page","status-publish","hentry","entry"],"aioseo_notices":[],"_links":{"self":[{"href":"https:\/\/marataonline.com\/fr\/wp-json\/wp\/v2\/pages\/1911","targetHints":{"allow":["GET"]}}],"collection":[{"href":"https:\/\/marataonline.com\/fr\/wp-json\/wp\/v2\/pages"}],"about":[{"href":"https:\/\/marataonline.com\/fr\/wp-json\/wp\/v2\/types\/page"}],"author":[{"embeddable":true,"href":"https:\/\/marataonline.com\/fr\/wp-json\/wp\/v2\/users\/1"}],"replies":[{"embeddable":true,"href":"https:\/\/marataonline.com\/fr\/wp-json\/wp\/v2\/comments?post=1911"}],"version-history":[{"count":0,"href":"https:\/\/marataonline.com\/fr\/wp-json\/wp\/v2\/pages\/1911\/revisions"}],"up":[{"embeddable":true,"href":"https:\/\/marataonline.com\/fr\/wp-json\/wp\/v2\/pages\/1910"}],"wp:attachment":[{"href":"https:\/\/marataonline.com\/fr\/wp-json\/wp\/v2\/media?parent=1911"}],"curies":[{"name":"wp","href":"https:\/\/api.w.org\/{rel}","templated":true}]}}