{"id":1916,"date":"2016-08-31T11:38:15","date_gmt":"2016-08-31T17:38:15","guid":{"rendered":"https:\/\/marataonline.com\/fr\/?page_id=1916"},"modified":"2016-08-31T13:54:18","modified_gmt":"2016-08-31T19:54:18","slug":"special-projects","status":"publish","type":"page","link":"https:\/\/marataonline.com\/fr\/products\/special-projects\/","title":{"rendered":"Projets Sp\u00e9ciaux"},"content":{"rendered":"<div class=\"wpb-content-wrapper\"><p>[vc_row type=\u00a0\u00bbfull-width-content\u00a0\u00bb css=\u00a0\u00bb.vc_custom_1470940552150{margin-top: 0px !important;margin-bottom: 0px !important;border-top-width: 0px !important;border-bottom-width: 0px !important;padding-top: 25px !important;padding-bottom: 25px !important;background-image: url(https:\/\/www.marataonline.com\/wp-content\/uploads\/2016\/08\/FW-sP3.jpg) !important;background-position: center !important;background-repeat: no-repeat !important;background-size: cover !important;}\u00a0\u00bb][vc_column css=\u00a0\u00bb.vc_custom_1470677250820{margin-top: 0px !important;margin-bottom: 0px !important;border-top-width: 0px !important;border-bottom-width: 0px !important;padding-top: 0px !important;padding-bottom: 0px !important;}\u00a0\u00bb][vc_custom_heading text=\u00a0\u00bbProjets Sp\u00e9ciaux\u00a0\u00bb font_container=\u00a0\u00bbtag:h1|text_align:center|color:%23ffffff\u00a0\u00bb google_fonts=\u00a0\u00bbfont_family:Signika%3A300%2Cregular%2C600%2C700|font_style:300%20light%20regular%3A300%3Anormal\u00a0\u00bb css=\u00a0\u00bb.vc_custom_1472673198344{margin-right: 0px !important;margin-bottom: 10px !important;margin-left: 0px !important;border-right-width: 0px !important;border-bottom-width: 10px !important;border-left-width: 0px !important;padding-top: 15px !important;padding-bottom: 15px !important;background-color: rgba(10,10,10,0.5) !important;*background-color: rgb(10,10,10) !important;}\u00a0\u00bb][\/vc_column][\/vc_row][vc_row type=\u00a0\u00bbfull-width-section\u00a0\u00bb css=\u00a0\u00bb.vc_custom_1471556919499{margin-top: 0px !important;margin-bottom: 0px !important;border-top-width: 0px !important;border-bottom-width: 0px !important;padding-top: 25px !important;padding-bottom: 25px !important;background-color: #ffffff !important;}\u00a0\u00bb][vc_column][vc_column_text css=\u00a0\u00bb.vc_custom_1472673221844{margin-top: 0px !important;border-top-width: 0px !important;}\u00a0\u00bb]<\/p>\n<p style=\"text-align: center;\"><span style=\"color: #666666;\">Actuellement, nous travaillons \u00e9troitement avec nos clients pour nous assurer qu\u2019ils obtiennent le meilleur de ce\u00a0 que nous avons \u00e0 offrir. Nos usines de flexibilit\u00e9 et de transformation nous permettent de faire beaucoup de choses, nous pouvons juste \u00eatre le partenaire dont vous avez besoin. <\/span><\/p>\n<p style=\"text-align: center;\"><span style=\"color: #666666;\">N\u2019h\u00e9sitez pas \u00e0 nous contacter si vous avez un projet sp\u00e9cial en t\u00eate, nous serons heureux de vous aider \u00e0 d\u00e9velopper un produit, n\u2019h\u00e9sitez pas \u00e0 nous contacter et nous vous r\u00e9pondrons\u00a0 aussit\u00f4t que possible.<\/span><\/p>\n<p>[\/vc_column_text][button t_color=\u00a0\u00bb#ffffff\u00a0\u00bb b_color=\u00a0\u00bb#666666&Prime; t_hover_color=\u00a0\u00bb#ffffff\u00a0\u00bb b_hover_color=\u00a0\u00bb#414141&Prime; radius=\u00a0\u00bb5&Prime; font_weight=\u00a0\u00bb500&Prime; url=\u00a0\u00bbhttps:\/\/www.marataonline.com\/fr\/contact\/\u00a0\u00bb position=\u00a0\u00bbta_center\u00a0\u00bb]Contactez-Nous[\/button][\/vc_column][\/vc_row]<\/p>\n<\/div>","protected":false},"excerpt":{"rendered":"<p>[vc_row type=\u00a0\u00bbfull-width-content\u00a0\u00bb css=\u00a0\u00bb.vc_custom_1470940552150{margin-top: 0px !important;margin-bottom: 0px !important;border-top-width: 0px !important;border-bottom-width: 0px !important;padding-top: 25px !important;padding-bottom: 25px !important;background-image: url(https:\/\/www.marataonline.com\/wp-content\/uploads\/2016\/08\/FW-sP3.jpg) !important;background-position: center !important;background-repeat: no-repeat !important;background-size: cover !important;}\u00a0\u00bb][vc_column css=\u00a0\u00bb.vc_custom_1470677250820{margin-top: 0px !important;margin-bottom: 0px !important;border-top-width: 0px !important;border-bottom-width: 0px !important;padding-top: 0px !important;padding-bottom: 0px !important;}\u00a0\u00bb][vc_custom_heading text=\u00a0\u00bbProjets Sp\u00e9ciaux\u00a0\u00bb font_container=\u00a0\u00bbtag:h1|text_align:center|color:%23ffffff\u00a0\u00bb google_fonts=\u00a0\u00bbfont_family:Signika%3A300%2Cregular%2C600%2C700|font_style:300%20light%20regular%3A300%3Anormal\u00a0\u00bb css=\u00a0\u00bb.vc_custom_1472673198344{margin-right: 0px !important;margin-bottom: 10px !important;margin-left: 0px !important;border-right-width: 0px !important;border-bottom-width: 10px !important;border-left-width: 0px !important;padding-top: 15px !important;padding-bottom:&hellip; <a class=\"more-link\" href=\"https:\/\/marataonline.com\/fr\/products\/special-projects\/\">Continue reading <span class=\"screen-reader-text\">Projets Sp\u00e9ciaux<\/span><\/a><\/p>\n","protected":false},"author":1,"featured_media":0,"parent":1850,"menu_order":0,"comment_status":"closed","ping_status":"closed","template":"","meta":{"footnotes":""},"class_list":["post-1916","page","type-page","status-publish","hentry","entry"],"aioseo_notices":[],"_links":{"self":[{"href":"https:\/\/marataonline.com\/fr\/wp-json\/wp\/v2\/pages\/1916","targetHints":{"allow":["GET"]}}],"collection":[{"href":"https:\/\/marataonline.com\/fr\/wp-json\/wp\/v2\/pages"}],"about":[{"href":"https:\/\/marataonline.com\/fr\/wp-json\/wp\/v2\/types\/page"}],"author":[{"embeddable":true,"href":"https:\/\/marataonline.com\/fr\/wp-json\/wp\/v2\/users\/1"}],"replies":[{"embeddable":true,"href":"https:\/\/marataonline.com\/fr\/wp-json\/wp\/v2\/comments?post=1916"}],"version-history":[{"count":0,"href":"https:\/\/marataonline.com\/fr\/wp-json\/wp\/v2\/pages\/1916\/revisions"}],"up":[{"embeddable":true,"href":"https:\/\/marataonline.com\/fr\/wp-json\/wp\/v2\/pages\/1850"}],"wp:attachment":[{"href":"https:\/\/marataonline.com\/fr\/wp-json\/wp\/v2\/media?parent=1916"}],"curies":[{"name":"wp","href":"https:\/\/api.w.org\/{rel}","templated":true}]}}