{"id":1919,"date":"2016-08-31T11:39:06","date_gmt":"2016-08-31T17:39:06","guid":{"rendered":"https:\/\/marataonline.com\/fr\/?page_id=1919"},"modified":"2016-08-31T12:39:07","modified_gmt":"2016-08-31T18:39:07","slug":"quality","status":"publish","type":"page","link":"https:\/\/marataonline.com\/fr\/quality\/","title":{"rendered":"Qualit\u00e9"},"content":{"rendered":"<div class=\"wpb-content-wrapper\"><p>[vc_row content_placement=\u00a0\u00bbmiddle\u00a0\u00bb type=\u00a0\u00bbfull-width-section\u00a0\u00bb css=\u00a0\u00bb.vc_custom_1471484211856{margin-bottom: 0px !important;border-bottom-width: 0px !important;padding-top: 20px !important;padding-bottom: 20px !important;border-radius: 5px !important;}\u00a0\u00bb][vc_column width=\u00a0\u00bb7\/12&Prime; css=\u00a0\u00bb.vc_custom_1470947729377{padding-top: 20px !important;padding-right: 20px !important;padding-bottom: 20px !important;padding-left: 20px !important;border-radius: 5px !important;}\u00a0\u00bb][vc_single_image image=\u00a0\u00bb855&Prime; img_size=\u00a0\u00bbfull\u00a0\u00bb alignment=\u00a0\u00bbcenter\u00a0\u00bb css=\u00a0\u00bb.vc_custom_1470947603886{padding-top: 20px !important;padding-right: 20px !important;padding-bottom: 20px !important;padding-left: 20px !important;border-radius: 5px !important;}\u00a0\u00bb][\/vc_column][vc_column width=\u00a0\u00bb5\/12&Prime;][vc_custom_heading text=\u00a0\u00bbQualit\u00e9\u00a0\u00bb font_container=\u00a0\u00bbtag:h1|text_align:center|color:%23414141&Prime; google_fonts=\u00a0\u00bbfont_family:Signika%3A300%2Cregular%2C600%2C700|font_style:300%20light%20regular%3A300%3Anormal\u00a0\u00bb css=\u00a0\u00bb.vc_custom_1472668546153{margin-bottom: 0px !important;border-bottom-width: 0px !important;padding-top: 25px !important;}\u00a0\u00bb][vc_row_inner css=\u00a0\u00bb.vc_custom_1470947712458{padding-top: 20px !important;padding-right: 20px !important;padding-bottom: 20px !important;padding-left: 20px !important;}\u00a0\u00bb][vc_column_inner width=\u00a0\u00bb1\/2&Prime;][button size=\u00a0\u00bbsmallmedium_rd_bt\u00a0\u00bb t_color=\u00a0\u00bb#ffffff\u00a0\u00bb b_color=\u00a0\u00bb#666666&Prime; t_hover_color=\u00a0\u00bb#ffffff\u00a0\u00bb b_hover_color=\u00a0\u00bb#414141&Prime; radius=\u00a0\u00bb5&Prime; font_weight=\u00a0\u00bb300&Prime; url=\u00a0\u00bbhttps:\/\/www.marataonline.com\/fr\/quality\/mission\/\u00a0\u00bb position=\u00a0\u00bbta_center\u00a0\u00bb]Mission[\/button][\/vc_column_inner][vc_column_inner width=\u00a0\u00bb1\/2&Prime;][button size=\u00a0\u00bbsmallmedium_rd_bt\u00a0\u00bb t_color=\u00a0\u00bb#ffffff\u00a0\u00bb b_color=\u00a0\u00bb#666666&Prime; t_hover_color=\u00a0\u00bb#ffffff\u00a0\u00bb b_hover_color=\u00a0\u00bb#414141&Prime; radius=\u00a0\u00bb5&Prime; font_weight=\u00a0\u00bb300&Prime; url=\u00a0\u00bbhttps:\/\/www.marataonline.com\/fr\/quality\/vision\/\u00a0\u00bb position=\u00a0\u00bbta_center\u00a0\u00bb]Vision[\/button][\/vc_column_inner][\/vc_row_inner][vc_row_inner css=\u00a0\u00bb.vc_custom_1470948518918{padding-top: 10px !important;padding-right: 10px !important;padding-bottom: 10px !important;padding-left: 10px !important;background-color: #ffffff !important;border-radius: 10px !important;}\u00a0\u00bb][vc_column_inner][vc_custom_heading text=\u00a0\u00bbQualit\u00e9 hors assurance\u00a0\u00bb font_container=\u00a0\u00bbtag:h3|text_align:left|color:%23414141&Prime; use_theme_fonts=\u00a0\u00bbyes\u00a0\u00bb css=\u00a0\u00bb.vc_custom_1472668618935{padding-right: 10px !important;padding-bottom: 0px !important;padding-left: 10px !important;}\u00a0\u00bb][vc_column_text css=\u00a0\u00bb.vc_custom_1472668609748{padding-right: 10px !important;padding-left: 10px !important;}\u00a0\u00bb]<\/p>\n<p style=\"text-align: justify;\"><span style=\"color: #666666;\">La qualit\u00e9 est le fondement de toutes nos activit\u00e9s. Nous commen\u00e7ons par la s\u00e9lection d\u2019ingr\u00e9dients de premi\u00e8re qualit\u00e9,\u00a0 en \u00e9troite collaboration avec les entreprises partenaires et de leurs installations de mati\u00e8re premi\u00e8re. Les co\u00fbts financiers et environnementaux g\u00e9r\u00e9s garantissent des produits frais et de qualit\u00e9 :<\/span><\/p>\n<p style=\"text-align: justify;\"><span style=\"color: #666666;\">De la plantation \u00e0 la r\u00e9colte, notre \u00e9quipe d\u2019experts du contr\u00f4le de la qualit\u00e9 surveillent\u00a0 attentivement toutes les m\u00e9thodes de l\u2019agriculture, y compris l\u2019\u00e9pandage de pesticides, d\u00e9sherbants, engrais et cultures m\u00e9canis\u00e9es pour r\u00e9pondre \u00e0 des exigences strictes de qualit\u00e9 d\u2019exportation.<\/span><\/p>\n<p style=\"text-align: justify;\"><span style=\"color: #666666;\">Encore et encore, nous apportons des am\u00e9liorations et initions de nouvelles proc\u00e9dures de contr\u00f4le de qualit\u00e9, que les nouveaux risques se d\u00e9roulent. Marata sp\u00e9cialities est structur\u00e9e de fa\u00e7on unique afin d\u2019apporter un niveau \u00e9lev\u00e9 de contr\u00f4le de la qualit\u00e9, tant au sein de la culture, des cultures que\u00a0 dans la fabrication de ces ingr\u00e9dients.<\/span><\/p>\n<p style=\"text-align: justify;\">\n<p>[\/vc_column_text][\/vc_column_inner][\/vc_row_inner][\/vc_column][\/vc_row][vc_row css=\u00a0\u00bb.vc_custom_1470948588036{margin-top: 0px !important;margin-bottom: 25px !important;border-top-width: 0px !important;border-bottom-width: 20px !important;padding-top: 10px !important;padding-right: 10px !important;padding-bottom: 10px !important;padding-left: 10px !important;border-radius: 10px !important;}\u00a0\u00bb][vc_column][vc_custom_heading text=\u00a0\u00bbQualit\u00e9 certifi\u00e9e\u00a0\u00bb font_container=\u00a0\u00bbtag:h3|text_align:left|color:%23414141&Prime; use_theme_fonts=\u00a0\u00bbyes\u00a0\u00bb css=\u00a0\u00bb.vc_custom_1472668629689{padding-right: 10px !important;padding-bottom: 0px !important;padding-left: 10px !important;}\u00a0\u00bb][vc_column_text css=\u00a0\u00bb.vc_custom_1472668643031{padding-right: 10px !important;padding-left: 10px !important;}\u00a0\u00bb]<\/p>\n<p style=\"text-align: justify;\"><span style=\"color: #666666;\">Dans le respect des normes de qualit\u00e9 les plus \u00e9lev\u00e9es, tous les ingr\u00e9dients Marata sont certifi\u00e9s casher et HACCP, GMP, FDA, USDA conforme. Des\u00a0 Audits de qualit\u00e9 sont r\u00e9guli\u00e8rement\u00a0 effectu\u00e9s tout au long de l\u2019ann\u00e9e et incluent des inspections de v\u00e9rification BRC.Ces contr\u00f4les stricts assurent\u00a0 l\u2019uniformit\u00e9 des ingr\u00e9dients de qualit\u00e9, nourriture-s\u00fbre qui r\u00e9pondent \u00e0 nos normes de qualit\u00e9.<\/span><\/p>\n<p>[\/vc_column_text][\/vc_column][\/vc_row]<\/p>\n<\/div>","protected":false},"excerpt":{"rendered":"<p>[vc_row content_placement=\u00a0\u00bbmiddle\u00a0\u00bb type=\u00a0\u00bbfull-width-section\u00a0\u00bb css=\u00a0\u00bb.vc_custom_1471484211856{margin-bottom: 0px !important;border-bottom-width: 0px !important;padding-top: 20px !important;padding-bottom: 20px !important;border-radius: 5px !important;}\u00a0\u00bb][vc_column width=\u00a0\u00bb7\/12&Prime; css=\u00a0\u00bb.vc_custom_1470947729377{padding-top: 20px !important;padding-right: 20px !important;padding-bottom: 20px !important;padding-left: 20px !important;border-radius: 5px !important;}\u00a0\u00bb][vc_single_image image=\u00a0\u00bb855&Prime; img_size=\u00a0\u00bbfull\u00a0\u00bb alignment=\u00a0\u00bbcenter\u00a0\u00bb css=\u00a0\u00bb.vc_custom_1470947603886{padding-top: 20px !important;padding-right: 20px !important;padding-bottom: 20px !important;padding-left: 20px !important;border-radius: 5px !important;}\u00a0\u00bb][\/vc_column][vc_column width=\u00a0\u00bb5\/12&Prime;][vc_custom_heading text=\u00a0\u00bbQualit\u00e9\u00a0\u00bb font_container=\u00a0\u00bbtag:h1|text_align:center|color:%23414141&Prime; google_fonts=\u00a0\u00bbfont_family:Signika%3A300%2Cregular%2C600%2C700|font_style:300%20light%20regular%3A300%3Anormal\u00a0\u00bb css=\u00a0\u00bb.vc_custom_1472668546153{margin-bottom: 0px !important;border-bottom-width: 0px !important;padding-top: 25px !important;}\u00a0\u00bb][vc_row_inner css=\u00a0\u00bb.vc_custom_1470947712458{padding-top: 20px !important;padding-right: 20px&hellip; <a class=\"more-link\" href=\"https:\/\/marataonline.com\/fr\/quality\/\">Continue reading <span class=\"screen-reader-text\">Qualit\u00e9<\/span><\/a><\/p>\n","protected":false},"author":1,"featured_media":0,"parent":0,"menu_order":0,"comment_status":"closed","ping_status":"closed","template":"","meta":{"footnotes":""},"class_list":["post-1919","page","type-page","status-publish","hentry","entry"],"aioseo_notices":[],"_links":{"self":[{"href":"https:\/\/marataonline.com\/fr\/wp-json\/wp\/v2\/pages\/1919","targetHints":{"allow":["GET"]}}],"collection":[{"href":"https:\/\/marataonline.com\/fr\/wp-json\/wp\/v2\/pages"}],"about":[{"href":"https:\/\/marataonline.com\/fr\/wp-json\/wp\/v2\/types\/page"}],"author":[{"embeddable":true,"href":"https:\/\/marataonline.com\/fr\/wp-json\/wp\/v2\/users\/1"}],"replies":[{"embeddable":true,"href":"https:\/\/marataonline.com\/fr\/wp-json\/wp\/v2\/comments?post=1919"}],"version-history":[{"count":0,"href":"https:\/\/marataonline.com\/fr\/wp-json\/wp\/v2\/pages\/1919\/revisions"}],"wp:attachment":[{"href":"https:\/\/marataonline.com\/fr\/wp-json\/wp\/v2\/media?parent=1919"}],"curies":[{"name":"wp","href":"https:\/\/api.w.org\/{rel}","templated":true}]}}